{"id":954,"date":"2021-02-28T19:06:14","date_gmt":"2021-02-28T18:06:14","guid":{"rendered":"https:\/\/priroda-uvadi.cz\/beauty\/?post_type=product&#038;p=954"},"modified":"2026-04-15T00:00:24","modified_gmt":"2026-04-14T22:00:24","slug":"toaletni-voda-joyce-jade","status":"publish","type":"product","link":"https:\/\/priroda-uvadi.cz\/beauty\/produkt\/toaletni-voda-joyce-jade\/","title":{"rendered":"Toaletn\u00ed voda Joyce Jade W EDT 50ml"},"content":{"rendered":"<div class=\"active-ingredients\">\n<p><span style=\"font-family: arial, helvetica, sans-serif; color: #000000;\">Prozkoumejte tajupln\u00e9 cesty k inspiraci a tv\u016fr\u010d\u00edmu napln\u011bn\u00ed s jisk\u0159ivou toaletn\u00ed vodou Joyce Jade.<\/span><\/p>\n<p><span style=\"font-family: arial, helvetica, sans-serif; color: #000000;\">Srdce t\u00e9to energick\u00e9 a sv\u011b\u017e\u00ed v\u016fn\u011b tvo\u0159\u00ed kv\u011bty divok\u00fdch orchidej\u00ed, kter\u00e9 p\u0159ipom\u00ednaj\u00ed proslun\u011bn\u00e9 dny a \u017eivot pln\u00fd vzru\u0161en\u00ed a barev.<\/span><\/p>\n<p><span style=\"font-family: arial, helvetica, sans-serif; color: #000000;\">Vychutnejte si \u010distou radost z p\u0159\u00edtomn\u00e9ho okam\u017eiku.<\/span><\/p>\n<p><span style=\"font-family: arial, helvetica, sans-serif; color: #000000;\">50ml<\/span><\/p>\n<p><span style=\"font-family: arial, helvetica, sans-serif; color: #000000;\">K\u0159upav\u00e9 zelen\u00e9 jablko a \u0161umiv\u00fd n\u00e1dech citr\u00f3nu s m\u00eds\u00ed s osv\u011b\u017euj\u00edc\u00edm vodn\u00edm akordem a vytv\u00e1\u0159\u00ed radostn\u00fd prvn\u00ed dojem. Srdce tvo\u0159\u00ed proslun\u011bn\u00e9 kv\u011bty divok\u00fdch orchidej\u00ed, kter\u00e9 dopl\u0148uje p\u0159epychov\u00e1 kombinace jasm\u00ednu a magn\u00f3lie. V\u016fn\u011b dozn\u00edv\u00e1 t\u00f3ny n\u011b\u017en\u00e9 vanilky, zlatav\u00e9ho jantaru a v\u0159el\u00e9ho santalov\u00e9ho d\u0159eva.<\/span><\/p>\n<p><span style=\"font-family: arial, helvetica, sans-serif; color: #000000;\">Tato okouzluj\u00edc\u00ed v\u016fn\u011b s boh\u00e9msk\u00fdm n\u00e1dechem vyza\u0159uj\u00edc\u00ed radost ze \u017eivota je inspirov\u00e1na kr\u00e1sou divok\u00fdch orchidej\u00ed. Jej\u00ed p\u016fvab a sv\u011b\u017eest odr\u00e1\u017eej\u00ed n\u00e1ladu \u0161\u0165astn\u00fdch dn\u016f pln\u00fdch slunce a p\u0159\u00e1tel. H\u0159ejiv\u00e9, bezstarostn\u00e9 a povzbuzuj\u00edc\u00ed t\u00f3ny jsou energickou inspirac\u00ed pro ka\u017ed\u00fd den.<\/span><\/p>\n<p><strong><span style=\"font-family: arial, helvetica, sans-serif; color: #000000;\">Kl\u00ed\u010dov\u00e9 t\u00f3ny<\/span><\/strong><\/p>\n<p><span style=\"font-family: arial, helvetica, sans-serif; color: #000000;\">\u00davodn\u00ed t\u00f3ny: citr\u00f3n, zelen\u00e9 jablko, vodn\u00ed akord<\/span><\/p>\n<p><span style=\"font-family: arial, helvetica, sans-serif; color: #000000;\">Srdce v\u016fn\u011b: magn\u00f3lie, divok\u00e1 orchidej, jasm\u00edn<\/span><\/p>\n<p><span style=\"font-family: arial, helvetica, sans-serif; color: #000000;\">Dozn\u011bn\u00ed: vanilka, jantar, santalov\u00e9 d\u0159evo<\/span><\/p>\n<\/div>\n","protected":false},"excerpt":{"rendered":"<div class=\"tab g-center g12 active show-more-wrap\" data-rwd=\"{&quot;cssClass&quot;:{&quot;-1&quot;:&quot;g12&quot;,&quot;0&quot;:&quot;g9&quot;,&quot;1&quot;:&quot;g14&quot;,&quot;2&quot;:&quot;g18&quot;}}\">\n<div class=\"Y3BBE\" data-sfc-cp=\"\" data-sfc-root=\"c\" data-sfc-cb=\"\" data-hveid=\"CAEIBxAB\" data-complete=\"true\"><span style=\"font-family: arial, helvetica, sans-serif; color: #000000;\"><strong class=\"Yjhzub\" data-sfc-root=\"c\" data-sfc-cb=\"\" data-complete=\"true\">Mrz\u00ed n\u00e1s to, ale produkt je zde moment\u00e1ln\u011b vyprodan\u00fd.<\/strong><\/span><\/div>\n<div class=\"Y3BBE\" data-sfc-cp=\"\" data-sfc-root=\"c\" data-sfc-cb=\"\" data-hveid=\"CAEIBxAD\" data-complete=\"true\"><span style=\"font-family: arial, helvetica, sans-serif;\"><span style=\"color: #000000;\">Pokud na produkt sp\u011bch\u00e1te, doporu\u010dujeme objednat p\u0159\u00edmo p\u0159es<\/span> \ud83d\udc49\u00a0<em><a title=\"Toaletn\u00ed voda Joyce Jade\" href=\"https:\/\/cz.oriflame.com\/products\/product?code=37772&amp;query=37772&amp;store=CZ-beautyobchod\" target=\"_blank\" rel=\"nofollow noopener noreferrer\"><strong>ORIFLAME<\/strong><\/a><\/em>.<\/span><\/div>\n<div data-sfc-cp=\"\" data-sfc-root=\"c\" data-sfc-cb=\"\" data-hveid=\"CAEIBxAD\" data-complete=\"true\"><\/div>\n<div class=\"Y3BBE\" data-sfc-cp=\"\" data-sfc-root=\"c\" data-sfc-cb=\"\" data-hveid=\"CAEIBxAD\" data-complete=\"true\"><span style=\"font-family: arial, helvetica, sans-serif; color: #000000;\"><em>Pro nov\u00e9 z\u00e1kazn\u00edky je te\u010f p\u0159ipraven\u00a0bal\u00ed\u010dek v\u00fdhod<\/em>:<\/span><\/div>\n<div class=\"Y3BBE\" data-sfc-cp=\"\" data-sfc-root=\"c\" data-sfc-cb=\"\" data-hveid=\"CAEIDBAA\" data-complete=\"true\" data-processed=\"true\"><span style=\"font-family: arial, helvetica, sans-serif;\"><code class=\"KDcb0c\" dir=\"ltr\" data-sfc-root=\"c\" data-sfc-cb=\"\" data-processed=\"true\">\u2705<\/code>\u00a0 <span style=\"color: #000000;\"><strong class=\"Yjhzub\" data-sfc-root=\"c\" data-sfc-cb=\"\" data-complete=\"true\" data-processed=\"true\">15% UV\u00cdTAC\u00cd SLEVA<\/strong>\u00a0na prvn\u00ed n\u00e1kup<\/span><\/span><\/div>\n<div data-sfc-cp=\"\" data-sfc-root=\"c\" data-sfc-cb=\"\" data-hveid=\"CAEIDBAA\" data-complete=\"true\" data-processed=\"true\">\ud83d\udc47\ud83d\udc47\ud83d\udc47\ud83d\udc47<\/div>\n<div class=\"Y3BBE\" data-sfc-cp=\"\" data-sfc-root=\"c\" data-sfc-cb=\"\" data-hveid=\"CAEIDBAA\" data-complete=\"true\" data-processed=\"true\"><span style=\"font-family: arial, helvetica, sans-serif;\"><code class=\"KDcb0c\" dir=\"ltr\" data-sfc-root=\"c\" data-sfc-cb=\"\" data-processed=\"true\">\u2705<\/code>\u00a0<span style=\"color: #000000;\">Sta\u010d\u00ed vlo\u017eit produkt do ko\u0161\u00edku \ud83d\uded2 a sleva se v\u00e1m okam\u017eit\u011b ode\u010dte.<\/span><\/span><br data-sfc-root=\"c\" data-sfc-pl=\"|[]\" data-sfc-cb=\"\" data-complete=\"true\" data-processed=\"true\" \/><span style=\"font-family: arial, helvetica, sans-serif;\"><span style=\"color: #000000;\"> <code class=\"KDcb0c\" dir=\"ltr\" data-sfc-root=\"c\" data-sfc-cb=\"\" data-processed=\"true\">\u2705<\/code>\u00a0<\/span><span style=\"color: #000000;\"><strong class=\"Yjhzub\" data-sfc-root=\"c\" data-sfc-cb=\"\" data-complete=\"true\" data-processed=\"true\">15% CASHBACK<\/strong>\u00a0z ka\u017ed\u00e9 objedn\u00e1vky<\/span><\/span><br data-sfc-root=\"c\" data-sfc-pl=\"|[]\" data-sfc-cb=\"\" data-complete=\"true\" data-processed=\"true\" \/><span style=\"font-family: arial, helvetica, sans-serif;\"><code class=\"KDcb0c\" dir=\"ltr\" data-sfc-root=\"c\" data-sfc-cb=\"\" data-processed=\"true\">\u2705<\/code>\u00a0 <span style=\"color: #000000;\"><strong class=\"Yjhzub\" data-sfc-root=\"c\" data-sfc-cb=\"\" data-complete=\"true\" data-processed=\"true\">DOPRAVA ZDARMA<\/strong>\u00a0nad 750 K\u010d<\/span><\/span><\/div>\n<div class=\"woocommerce-product-details__short-description\">\n<div class=\"products-app-emotion-1dv05e4\" data-testid=\"Presentation-product-detail-info-and-benefits\">\n<div class=\"MuiTypography-root MuiTypography-body1 products-app-emotion-fifwsr\">\n<div class=\"woocommerce-product-details__short-description\">\n<div class=\"MuiTypography-root MuiTypography-body1 products-app-emotion-fifwsr\">\n<div class=\"woocommerce-product-details__short-description\">\n<div class=\"woocommerce-product-details__short-description\">\n<div class=\"woocommerce-product-details__short-description\">\n<div>\n<div class=\"woocommerce-product-details__short-description\">\n<div class=\"woocommerce-product-details__short-description\">\n<p><span style=\"font-family: arial, helvetica, sans-serif; font-size: 10pt;\">Nejni\u017e\u0161\u00ed cena platn\u00e1 ve 30 dnech p\u0159ed platnost\u00ed sou\u010dasn\u00e9 ceny byla 199 K\u010d.<\/span><\/p>\n<\/div>\n<\/div>\n<\/div>\n<\/div>\n<\/div>\n<\/div>\n<\/div>\n<\/div>\n<\/div>\n<\/div>\n<\/div>\n<\/div>\n","protected":false},"featured_media":955,"comment_status":"closed","ping_status":"closed","template":"","meta":[],"pwb-brand":[27],"product_brand":[91],"product_cat":[17],"product_tag":[],"class_list":{"0":"post-954","1":"product","2":"type-product","3":"status-publish","4":"has-post-thumbnail","6":"pwb-brand-https-cz-oriflame-com-cataloguesstorebeautyobchod","7":"product_brand-oriflame","8":"product_cat-vune-zeny","10":"first","11":"outofstock","12":"taxable","13":"shipping-taxable","14":"purchasable","15":"product-type-simple"},"brands":[{"id":27,"name":"Oriflame","slug":"https-cz-oriflame-com-cataloguesstorebeautyobchod"}],"_links":{"self":[{"href":"https:\/\/priroda-uvadi.cz\/beauty\/wp-json\/wp\/v2\/product\/954","targetHints":{"allow":["GET"]}}],"collection":[{"href":"https:\/\/priroda-uvadi.cz\/beauty\/wp-json\/wp\/v2\/product"}],"about":[{"href":"https:\/\/priroda-uvadi.cz\/beauty\/wp-json\/wp\/v2\/types\/product"}],"replies":[{"embeddable":true,"href":"https:\/\/priroda-uvadi.cz\/beauty\/wp-json\/wp\/v2\/comments?post=954"}],"wp:featuredmedia":[{"embeddable":true,"href":"https:\/\/priroda-uvadi.cz\/beauty\/wp-json\/wp\/v2\/media\/955"}],"wp:attachment":[{"href":"https:\/\/priroda-uvadi.cz\/beauty\/wp-json\/wp\/v2\/media?parent=954"}],"wp:term":[{"taxonomy":"pwb-brand","embeddable":true,"href":"https:\/\/priroda-uvadi.cz\/beauty\/wp-json\/wp\/v2\/pwb-brand?post=954"},{"taxonomy":"product_brand","embeddable":true,"href":"https:\/\/priroda-uvadi.cz\/beauty\/wp-json\/wp\/v2\/product_brand?post=954"},{"taxonomy":"product_cat","embeddable":true,"href":"https:\/\/priroda-uvadi.cz\/beauty\/wp-json\/wp\/v2\/product_cat?post=954"},{"taxonomy":"product_tag","embeddable":true,"href":"https:\/\/priroda-uvadi.cz\/beauty\/wp-json\/wp\/v2\/product_tag?post=954"}],"curies":[{"name":"wp","href":"https:\/\/api.w.org\/{rel}","templated":true}]}}