{"id":872,"date":"2021-02-08T16:49:46","date_gmt":"2021-02-08T15:49:46","guid":{"rendered":"https:\/\/priroda-uvadi.cz\/beauty\/?post_type=product&#038;p=872"},"modified":"2026-04-15T00:00:26","modified_gmt":"2026-04-14T22:00:26","slug":"sampon-pro-mastne-vlasy-s-koprivou-a-citronem-love-nature","status":"publish","type":"product","link":"https:\/\/priroda-uvadi.cz\/beauty\/produkt\/sampon-pro-mastne-vlasy-s-koprivou-a-citronem-love-nature\/","title":{"rendered":"\u0160ampon na mastn\u00e9 vlasy s bio citr\u00f3nem a m\u00e1tou Love Nature"},"content":{"rendered":"<p><span style=\"font-family: arial, helvetica, sans-serif; color: #000000;\">Dop\u0159ejte sv\u00fdm vlas\u016fm o\u010distnou p\u00e9\u010di \u0161amponu s p\u0159\u00edrodn\u00edmi bio v\u00fdta\u017eky z citr\u00f3nu a m\u00e1ty. Speci\u00e1ln\u00ed slo\u017een\u00ed pro mastn\u00e9 vlasy pom\u00e1h\u00e1 vlasy pro\u010distit, osv\u011b\u017eit a zbavit je mastnoty a prop\u016fj\u010duje jim sv\u011b\u017e\u00ed v\u016fni. Biologicky odbourateln\u00e9 slo\u017een\u00ed bez silikon\u016f a paraben\u016f. <\/span><\/p>\n<p><span style=\"font-family: arial, helvetica, sans-serif; color: #000000;\">L\u00e1hev ze 100% recyklovan\u00e9ho plastu.<\/span><\/p>\n<div class=\"Wysiwyg_wysiwyg__2s0pn\"><span style=\"font-family: arial, helvetica, sans-serif; color: #000000;\"><strong>V\u00fdta\u017eek z bio citr\u00f3nu<\/strong><\/span><br \/>\n<span style=\"font-family: arial, helvetica, sans-serif; color: #000000;\">Citr\u00f3nov\u00fd olej obsahuje ovocn\u00e9 kyseliny zn\u00e1m\u00e9 sv\u00fdmi antioxida\u010dn\u00edmi a hydratuj\u00edc\u00edmi vlastnostmi. Zbavuje vlasy nahromad\u011bn\u00e9 z\u00e1t\u011b\u017ee a tak je odleh\u010duje, pro\u010di\u0161\u0165uje a vyhlazuje.<\/span><span style=\"font-family: arial, helvetica, sans-serif; color: #000000;\"><strong>V\u00fdta\u017eek z bio m\u00e1ty<\/strong><\/span><br \/>\n<span style=\"font-family: arial, helvetica, sans-serif; color: #000000;\">M\u00e1ta je sv\u011b\u017e\u00ed, revitalizuj\u00edc\u00ed bylinka zn\u00e1m\u00e1 sv\u00fdmi antibakteri\u00e1ln\u00ed vlastnosti, d\u00edky nim\u017e p\u0159irozen\u011b myje. Pom\u00e1h\u00e1 mastn\u00e9 vlasy o\u017eivit a podporuje jejich s\u00edlu a zdrav\u00ed.<\/span><span style=\"font-family: arial, helvetica, sans-serif; color: #000000;\">&#8212;&#8212;&#8212;&#8212;&#8212;&#8212;&#8212;&#8212;&#8212;&#8212;&#8212;&#8212;&#8212;&#8212;&#8212;&#8212;&#8212;&#8212;&#8212;&#8212;&#8212;&#8212;&#8212;&#8212;&#8212;&#8212;&#8212;&#8212;&#8212;&#8212;&#8212;&#8212;&#8212;&#8212;&#8212;&#8212;&#8212;&#8211;<\/span><\/div>\n<div class=\"Ingredients_ingredients__description__3kp1n\">\n<div><span style=\"font-family: arial, helvetica, sans-serif; color: #000000; font-size: 10pt;\">V\u0161echny slo\u017eky<\/span><\/div>\n<div><span style=\"font-family: arial, helvetica, sans-serif; color: #000000; font-size: 10pt;\">AQUA, SODIUM LAURETH SULFATE, COCAMIDOPROPYL BETAINE, SODIUM CHLORIDE, CITRUS LIMON JUICE, MENTHA PIPERITA LEAF EXTRACT, LAURETH-3, CITRIC ACID, SODIUM LAUROYL SARCOSINATE, GLYCERIN, SODIUM CITRATE, PARFUM, SODIUM BENZOATE, PHENOXYETHANOL, LIMONENE, HEXYL CINNAMAL, LINALOOL, CITRONELLOL, GERANIOL, POTASSIUM SORBATE, CI 19140, CI 15510<\/span><\/div>\n<\/div>\n","protected":false},"excerpt":{"rendered":"<div>\n<div class=\"Y3BBE\"><span style=\"font-family: arial, helvetica, sans-serif; color: #000000;\"><strong class=\"Yjhzub\">Mrz\u00ed n\u00e1s to, ale produkt je zde moment\u00e1ln\u011b vyprodan\u00fd.<\/strong><\/span><\/div>\n<div class=\"Y3BBE\"><span style=\"font-family: arial, helvetica, sans-serif; color: #000000;\">Pokud na produkt sp\u011bch\u00e1te, doporu\u010dujeme objednat p\u0159\u00edmo p\u0159es\u00a0<img decoding=\"async\" class=\"emoji\" role=\"img\" draggable=\"false\" src=\"https:\/\/s.w.org\/images\/core\/emoji\/17.0.2\/svg\/1f449.svg\" alt=\"\ud83d\udc49\" \/>\u00a0<span style=\"color: #ff0000;\"><em><a style=\"color: #ff0000;\" title=\"\u0160ampon na mastn\u00e9 vlasy s bio citr\u00f3nem a m\u00e1tou Love Nature\" href=\"https:\/\/cz.oriflame.com\/search?query=41354&amp;store=CZ-beautyobchod\" target=\"_blank\" rel=\"nofollow noopener noreferrer\"><strong>ORIFLAME<\/strong><\/a><\/em>.<\/span><\/span><\/div>\n<div><\/div>\n<div class=\"Y3BBE\"><span style=\"font-family: arial, helvetica, sans-serif; color: #000000;\"><em>Pro nov\u00e9 z\u00e1kazn\u00edky je te\u010f p\u0159ipraven\u00a0bal\u00ed\u010dek v\u00fdhod<\/em>:<\/span><\/div>\n<div class=\"Y3BBE\"><span style=\"font-family: arial, helvetica, sans-serif; color: #000000;\"><img decoding=\"async\" class=\"emoji\" role=\"img\" draggable=\"false\" src=\"https:\/\/s.w.org\/images\/core\/emoji\/17.0.2\/svg\/2705.svg\" alt=\"\u2705\" \/>\u00a0<strong class=\"Yjhzub\">15% UV\u00cdTAC\u00cd SLEVA<\/strong>\u00a0na prvn\u00ed n\u00e1kup<\/span><\/div>\n<div class=\"Y3BBE\"><span style=\"font-family: arial, helvetica, sans-serif; color: #000000;\"><img decoding=\"async\" class=\"emoji\" role=\"img\" draggable=\"false\" src=\"https:\/\/s.w.org\/images\/core\/emoji\/17.0.2\/svg\/1f447.svg\" alt=\"\ud83d\udc47\" \/><img decoding=\"async\" class=\"emoji\" role=\"img\" draggable=\"false\" src=\"https:\/\/s.w.org\/images\/core\/emoji\/17.0.2\/svg\/1f447.svg\" alt=\"\ud83d\udc47\" \/><img decoding=\"async\" class=\"emoji\" role=\"img\" draggable=\"false\" src=\"https:\/\/s.w.org\/images\/core\/emoji\/17.0.2\/svg\/1f447.svg\" alt=\"\ud83d\udc47\" \/><img decoding=\"async\" class=\"emoji\" role=\"img\" draggable=\"false\" src=\"https:\/\/s.w.org\/images\/core\/emoji\/17.0.2\/svg\/1f447.svg\" alt=\"\ud83d\udc47\" \/><\/span><\/div>\n<div class=\"Y3BBE\"><span style=\"font-family: arial, helvetica, sans-serif; color: #000000;\"><img decoding=\"async\" class=\"emoji\" role=\"img\" draggable=\"false\" src=\"https:\/\/s.w.org\/images\/core\/emoji\/17.0.2\/svg\/2705.svg\" alt=\"\u2705\" \/>Sta\u010d\u00ed vlo\u017eit produkt do ko\u0161\u00edku\u00a0<img decoding=\"async\" class=\"emoji\" role=\"img\" draggable=\"false\" src=\"https:\/\/s.w.org\/images\/core\/emoji\/17.0.2\/svg\/1f6d2.svg\" alt=\"\ud83d\uded2\" \/>\u00a0\u00a0a sleva se v\u00e1m okam\u017eit\u011b ode\u010dte.<\/span><\/div>\n<div class=\"Y3BBE\"><span style=\"font-family: arial, helvetica, sans-serif; color: #000000;\"><img decoding=\"async\" class=\"emoji\" role=\"img\" draggable=\"false\" src=\"https:\/\/s.w.org\/images\/core\/emoji\/17.0.2\/svg\/2705.svg\" alt=\"\u2705\" \/> <strong>1<\/strong><strong class=\"Yjhzub\">5% CASHBACK<\/strong>\u00a0z ka\u017ed\u00e9 objedn\u00e1vky<\/span><br \/>\n<span style=\"font-family: arial, helvetica, sans-serif; color: #000000;\"><img decoding=\"async\" class=\"emoji\" role=\"img\" draggable=\"false\" src=\"https:\/\/s.w.org\/images\/core\/emoji\/17.0.2\/svg\/2705.svg\" alt=\"\u2705\" \/>\u00a0<strong class=\"Yjhzub\">DOPRAVA ZDARMA<\/strong>\u00a0nad 750 K\u010d<\/span><\/div>\n<div>*<\/div>\n<div>*<\/div>\n<\/div>\n<div class=\"Summary_summary__info__2YZJ6\"><span style=\"font-family: arial, helvetica, sans-serif; color: #000000;\">Lehou\u010dk\u00e1 pro\u010di\u0161\u0165uj\u00edc\u00ed p\u00e9\u010de s \u0161amponem pro mastn\u00e9 vlasy s p\u0159\u00edrodn\u00edmi bio v\u00fdta\u017eky z citr\u00f3nu a m\u00e1ty.<\/span><\/div>\n<div class=\"Summary_summary__benefits__8ar3s\">\n<div class=\"Benefits_benefits__3OGwl\">\n<ul>\n<li class=\"Benefits_benefits__benefit__1BRFU\"><span style=\"font-family: arial, helvetica, sans-serif; color: #000000;\">\u010cist\u00ed mastn\u00e9 vlasy, aby byly sv\u011b\u017e\u00ed a kr\u00e1sn\u00e9<\/span><\/li>\n<li class=\"Benefits_benefits__benefit__1BRFU\"><span style=\"font-family: arial, helvetica, sans-serif; color: #000000;\">S p\u0159\u00edrodn\u00edmi bio v\u00fdta\u017eky z citronu a m\u00e1ty<\/span><\/li>\n<li class=\"Benefits_benefits__benefit__1BRFU\"><span style=\"font-family: arial, helvetica, sans-serif; color: #000000;\">Biologicky odbourateln\u00e9 slo\u017een\u00ed bez silikon\u016f nebo paraben\u016f<\/span><\/li>\n<\/ul>\n<\/div>\n<\/div>\n<p><span style=\"font-family: arial, helvetica, sans-serif; color: #000000;\">250ml<\/span><\/p>\n<div class=\"woocommerce-product-details__short-description\">\n<div class=\"woocommerce-product-details__short-description\">\n<div class=\"woocommerce-product-details__short-description\">\n<div class=\"woocommerce-product-details__short-description\">\n<div class=\"woocommerce-product-details__short-description\">\n<div class=\"woocommerce-product-details__short-description\">\n<div class=\"woocommerce-product-details__short-description\">\n<div class=\"woocommerce-product-details__short-description\">\n<div class=\"woocommerce-product-details__short-description\">\n<div>\n<div class=\"woocommerce-product-details__short-description\">\n<div class=\"woocommerce-product-details__short-description\">\n<div class=\"woocommerce-product-details__short-description\">\n<div class=\"woocommerce-product-details__short-description\">\n<div class=\"woocommerce-product-details__short-description\">\n<div class=\"woocommerce-product-details__short-description\">\n<div class=\"woocommerce-product-details__short-description\">\n<div class=\"product-detail-1buwlw5\">\n<div class=\"product-detail-uyp0pw\">\n<div class=\"product-detail-v4i4af\">\n<div class=\"woocommerce-product-details__short-description\">\n<div class=\"woocommerce-product-details__short-description\">\n<div class=\"Summary_summary__benefits__8ar3s\">\n<div class=\"Benefits_benefits__3OGwl\">\n<div>\n<div class=\"woocommerce-product-details__short-description\">\n<div class=\"product-detail-vdfylx\">\n<div class=\"product-detail-d0oxj1\">\n<div class=\"product-detail-1yhj3ra\">\n<p class=\"product-detail-17mztir\" data-testid=\"Presentation-product-detail-LowestPreviousPrice\"><span style=\"font-family: arial, helvetica, sans-serif; font-size: 10pt;\">Nejni\u017e\u0161\u00ed cena platn\u00e1 ve 30 dnech p\u0159ed platnost\u00ed sou\u010dasn\u00e9 ceny byla 75 K\u010d<\/span><\/p>\n<\/div>\n<\/div>\n<\/div>\n<\/div>\n<\/div>\n<\/div>\n<\/div>\n<\/div>\n<\/div>\n<\/div>\n<\/div>\n<\/div>\n<\/div>\n<\/div>\n<\/div>\n<\/div>\n<\/div>\n<\/div>\n<\/div>\n<\/div>\n<\/div>\n<\/div>\n<\/div>\n<\/div>\n<\/div>\n<\/div>\n<\/div>\n<\/div>\n<\/div>\n","protected":false},"featured_media":3437,"comment_status":"closed","ping_status":"closed","template":"","meta":[],"pwb-brand":[27],"product_brand":[91],"product_cat":[15,32],"product_tag":[],"class_list":{"0":"post-872","1":"product","2":"type-product","3":"status-publish","4":"has-post-thumbnail","6":"pwb-brand-https-cz-oriflame-com-cataloguesstorebeautyobchod","7":"product_brand-oriflame","8":"product_cat-nezarazene","9":"product_cat-pece-o-vlasy","11":"first","12":"outofstock","13":"taxable","14":"shipping-taxable","15":"purchasable","16":"product-type-simple"},"brands":[{"id":27,"name":"Oriflame","slug":"https-cz-oriflame-com-cataloguesstorebeautyobchod"}],"_links":{"self":[{"href":"https:\/\/priroda-uvadi.cz\/beauty\/wp-json\/wp\/v2\/product\/872","targetHints":{"allow":["GET"]}}],"collection":[{"href":"https:\/\/priroda-uvadi.cz\/beauty\/wp-json\/wp\/v2\/product"}],"about":[{"href":"https:\/\/priroda-uvadi.cz\/beauty\/wp-json\/wp\/v2\/types\/product"}],"replies":[{"embeddable":true,"href":"https:\/\/priroda-uvadi.cz\/beauty\/wp-json\/wp\/v2\/comments?post=872"}],"wp:featuredmedia":[{"embeddable":true,"href":"https:\/\/priroda-uvadi.cz\/beauty\/wp-json\/wp\/v2\/media\/3437"}],"wp:attachment":[{"href":"https:\/\/priroda-uvadi.cz\/beauty\/wp-json\/wp\/v2\/media?parent=872"}],"wp:term":[{"taxonomy":"pwb-brand","embeddable":true,"href":"https:\/\/priroda-uvadi.cz\/beauty\/wp-json\/wp\/v2\/pwb-brand?post=872"},{"taxonomy":"product_brand","embeddable":true,"href":"https:\/\/priroda-uvadi.cz\/beauty\/wp-json\/wp\/v2\/product_brand?post=872"},{"taxonomy":"product_cat","embeddable":true,"href":"https:\/\/priroda-uvadi.cz\/beauty\/wp-json\/wp\/v2\/product_cat?post=872"},{"taxonomy":"product_tag","embeddable":true,"href":"https:\/\/priroda-uvadi.cz\/beauty\/wp-json\/wp\/v2\/product_tag?post=872"}],"curies":[{"name":"wp","href":"https:\/\/api.w.org\/{rel}","templated":true}]}}