{"id":8463,"date":"2026-04-21T09:55:12","date_gmt":"2026-04-21T07:55:12","guid":{"rendered":"https:\/\/priroda-uvadi.cz\/beauty\/?post_type=product&#038;p=8463"},"modified":"2026-04-21T10:00:12","modified_gmt":"2026-04-21T08:00:12","slug":"parfemovana-voda-top-scents-rose-mode-edt-50ml","status":"publish","type":"product","link":"https:\/\/priroda-uvadi.cz\/beauty\/produkt\/parfemovana-voda-top-scents-rose-mode-edt-50ml\/","title":{"rendered":"Parf\u00e9movan\u00e1 voda Top Scents Rose Mode, EDP, 50ml"},"content":{"rendered":"<p class=\"MuiTypography-root MuiTypography-body1 products-app-emotion-1qn0wr5\"><span style=\"font-family: arial, helvetica, sans-serif; color: #000000;\">Vonokv\u011btka s n\u00e1dechem meru\u0148ky krot\u00ed energickou mandarinku a sladce zelenou \u0161vestku. V punkov\u00e9m buketu fialov\u00e9ho kosatcov\u00e9ho oleje orris a pikantn\u00ed \u010dajov\u00e9 r\u016f\u017ee se rozv\u00edj\u00ed fascinuj\u00edc\u00ed, k\u0159ehk\u00e1 petalia \u2013 a jak se tato smysln\u00e1 divok\u00e1 r\u016f\u017ee \u0161\u00ed\u0159\u00ed ovzdu\u0161\u00edm na vln\u00e1ch nad\u00fdchan\u00e9ho mo\u0161usu, kytic\u00ed prokv\u00e9t\u00e1 zprvu nevid\u011bn\u00e1, nik\u00fdm ne\u010dekan\u00e1 temnota. Hebce semi\u0161ov\u00e9 t\u00f3ny a kr\u00e9mov\u00e9 santalov\u00e9 d\u0159evo uhlazuj\u00ed hrany a hal\u00ed v\u0161e modern\u00edm, d\u0159evit\u00fdm oparem.<\/span><\/p>\n<p><span style=\"font-family: arial, helvetica, sans-serif; color: #000000;\"><b class=\"MuiTypography-root MuiTypography-body1 products-app-emotion-1rnazt1\">Rodina v\u016fn\u00ed<\/b><\/span><\/p>\n<p class=\"MuiTypography-root MuiTypography-body1 products-app-emotion-1qn0wr5\"><span style=\"font-family: arial, helvetica, sans-serif; color: #000000;\">Kv\u011btinov\u00e1, d\u0159evit\u00e1<\/span><\/p>\n<p><span style=\"font-family: arial, helvetica, sans-serif; color: #000000;\"><b class=\"MuiTypography-root MuiTypography-body1 products-app-emotion-1rnazt1\">T\u00f3ny<\/b><\/span><\/p>\n<p class=\"MuiTypography-root MuiTypography-body1 products-app-emotion-1qn0wr5\"><span style=\"font-family: arial, helvetica, sans-serif; color: #000000;\">HLAVA: Vonokv\u011btka, mandarinka, zelen\u00e1 \u0161vestka<\/span><\/p>\n<p class=\"MuiTypography-root MuiTypography-body1 products-app-emotion-1qn0wr5\"><span style=\"font-family: arial, helvetica, sans-serif; color: #000000;\">SRDCE: Divok\u00e1 r\u016f\u017ee, orris, \u010dajov\u00e1 r\u016f\u017ee<\/span><\/p>\n<p class=\"MuiTypography-root MuiTypography-body1 products-app-emotion-1qn0wr5\"><span style=\"font-family: arial, helvetica, sans-serif; color: #000000;\">Z\u00c1KLAD: Pi\u017ema, semi\u0161, santalov\u00e9 d\u0159evo<\/span><\/p>\n<p><b class=\"MuiTypography-root MuiTypography-body1 products-app-emotion-1rnazt1\">Hlavn\u00ed t\u00f3n<\/b><\/p>\n<p class=\"MuiTypography-root MuiTypography-body1 products-app-emotion-1qn0wr5\"><span style=\"font-family: arial, helvetica, sans-serif;\">Petalia neboli \u201edivok\u00e1 r\u016f\u017ee\u201c<\/span><\/p>\n<p class=\"MuiTypography-root MuiTypography-body1 products-app-emotion-1qn0wr5\"><span style=\"font-family: arial, helvetica, sans-serif;\">Hebk\u00e1. Hedv\u00e1bn\u00e1. Smysln\u00e1. \u00davodn\u00ed ovocn\u00e9 t\u00f3ny evokuj\u00edc\u00ed li\u010di \u0161k\u00e1dl\u00ed sofistikovan\u00e9, r\u016f\u017eovo-pivo\u0148kov\u00e9 srdce petalie, kter\u00e1 ve sv\u011bt\u011b parf\u00e9mov\u00fdch zasv\u011bcenc\u016f proslula svou h\u00e9donistickou povahou \u2013 je to sexy divok\u00e1 r\u016f\u017ee zahalen\u00e1 smyslnost\u00ed s kr\u00e9mov\u011b pudrov\u00fdmi aspekty, kter\u00e1 m\u011bn\u00ed pravidla kv\u011btinov\u00e9 hry a ukazuje r\u016f\u017ei v jej\u00ed rebelsk\u00e9 f\u00e1zi.<\/span><\/p>\n<p class=\"MuiTypography-root MuiTypography-body1 products-app-emotion-1qn0wr5\"><span style=\"font-family: arial, helvetica, sans-serif; color: #000000;\">R\u016e\u017dE V REBELSK\u00c9 F\u00c1ZI<\/span><\/p>\n<p class=\"MuiTypography-root MuiTypography-body1 products-app-emotion-1qn0wr5\"><span style=\"font-family: arial, helvetica, sans-serif; color: #000000;\">Zm\u011b\u0148te s Rose Mode pravidla hry i to, co o\u010dek\u00e1v\u00e1te od kv\u011btinov\u00fdch v\u016fn\u00ed: Smysln\u00e1. Siln\u00e1. Nepotla\u010diteln\u011b modern\u00ed. Tato klasick\u00e1 r\u016f\u017ee se ukr\u00fdv\u00e1 za temnou fas\u00e1dou a o jej\u00edch dobr\u00fdch \u00famyslech by se dalo s \u00fasp\u011bchem pochybovat.<\/span><\/p>\n<p class=\"MuiTypography-root MuiTypography-body1 products-app-emotion-1qn0wr5\"><span style=\"font-family: arial, helvetica, sans-serif; color: #000000;\">Sb\u011bratelsk\u00e1 v\u016fn\u011b, kter\u00e1 probouz\u00ed zv\u011bdavost, p\u0159itahuje chv\u00e1lu a hal\u00ed v\u00e1s z\u00e1vojem, kter\u00fd je neot\u0159el\u00fd, netradi\u010dn\u00ed \u2013 prost\u011b\u00a0<b class=\"MuiTypography-root MuiTypography-body1 products-app-emotion-1rnazt1\">niche.<\/b><\/span><\/p>\n<p class=\"MuiTypography-root MuiTypography-body1 products-app-emotion-1qn0wr5\"><span style=\"font-family: arial, helvetica, sans-serif; color: #000000;\">PARFUM\u00c9\u0158I NOV\u00c9 GENERACE<\/span><\/p>\n<p><span style=\"font-family: arial, helvetica, sans-serif; color: #000000;\"><b class=\"MuiTypography-root MuiTypography-body1 products-app-emotion-1rnazt1\">Oriflame x Givaudan:<\/b>\u00a0tento niche r\u016f\u017eov\u00fd parf\u00e9m se zrodil z parfum\u00e9rsk\u00e9 sout\u011b\u017ee, kter\u00e1 je prvn\u00ed sv\u00e9ho druhu \u2013 a umo\u017e\u0148uje vz\u00e1cn\u00e9 nahl\u00e9dnut\u00ed do z\u00e1kulisn\u00ed alchymie experiment\u00e1ln\u00ed tvorby parf\u00e9m\u016f, v n\u011bm\u017e v\u00e1s bo\u0159en\u00ed aromatick\u00fdch kli\u0161\u00e9 vyst\u0159el\u00ed do sv\u011bta ne\u010dekan\u00fdch kontrast\u016f.<\/span><\/p>\n<hr \/>\n<p><span style=\"font-family: arial, helvetica, sans-serif; font-size: 10pt;\">ALCOHOL DENAT., PARFUM, AQUA, HEXAMETHYLINDANOPYRAN, TETRAMETHYLACETYLOCTAHYDRONAPHTHALENES, ALPHA-ISOMETHYL IONONE, CITRUS LIMON PEEL OIL, LINALYL ACETATE, PINENE, BUTYL METHOXYDIBENZOYLMETHANE, POGOSTEMON CABLIN OIL, BENZALDEHYDE, GERANYL ACETATE, BETA-CARYOPHYLLENE, TERPINOLENE, TRIMETHYLCYCLOPENTENYL METHYLISOPENTENOL, TERPINEOL, LIMONENE, HEXYL CINNAMAL, CITRUS AURANTIUM PEEL OIL, GERANIOL, CITRONELLOL, LINALOOL, CITRAL, CITRUS AURANTIUM BERGAMIA PEEL OIL, EUGENOL, CINNAMYL ALCOHOL, COUMARIN, VANILLIN, CINNAMAL, ROSE KETONES, PHENOXYETHANOL, +\/-: CI 16035, CI 17200<\/span><\/p>\n<div class=\"products-app-emotion-1nacawr\">\n<div class=\"products-app-emotion-bco1gb\">\n<p class=\"MuiTypography-root MuiTypography-body1 products-app-emotion-1qn0wr5\" data-testid=\"Presentation-product-detail-dimensions\"><span style=\"font-family: arial, helvetica, sans-serif; font-size: 10pt;\">Rozm\u011bry: D\u00e9lka 105mm, V\u00fd\u0161ka 55mm, Hloubka 62mm, Hmotnost 214g<\/span><\/p>\n<p class=\"MuiTypography-root MuiTypography-body1 products-app-emotion-1qn0wr5\" data-testid=\"Presentation-product-detail-full-product-name\"><span style=\"font-family: arial, helvetica, sans-serif; font-size: 10pt;\">\u00dapln\u00fd n\u00e1zev produktu: Parf\u00e9movan\u00e1 voda Top Scents Rose Mode<\/span><\/p>\n<\/div>\n<\/div>\n","protected":false},"excerpt":{"rendered":"<p><span style=\"font-family: arial, helvetica, sans-serif; color: #000000;\">K\u0159ehk\u00fd, provokativn\u00ed parf\u00e9m, kter\u00fd ikonickou r\u016f\u017ei nech\u00e1v\u00e1 rozkv\u00e9st modern\u00edm kv\u011btem hedv\u00e1bn\u00e9 smyslnosti. Zaj\u00edmav\u00e9 nuance exotick\u00e9 vonokv\u011btky a nad\u00fdchan\u00e9ho mo\u0161usu v\u00e1s p\u0159enesou do sv\u011bta absolutn\u00ed smyslnosti.<\/span><\/p>\n<ul class=\"products-app-emotion-tr0r3x\">\n<li data-testid=\"Presentation-product-detail-product-benefit\"><span style=\"font-family: arial, helvetica, sans-serif; color: #000000;\">HLAVA: Vonokv\u011btka, mandarinka, zelen\u00e1 \u0161vestka<\/span><\/li>\n<li data-testid=\"Presentation-product-detail-product-benefit\"><span style=\"font-family: arial, helvetica, sans-serif; color: #000000;\">SRDCE: Divok\u00e1 r\u016f\u017ee \u201epetalia\u201c, orris, \u010dajov\u00e1 r\u016f\u017ee<\/span><\/li>\n<li data-testid=\"Presentation-product-detail-product-benefit\"><span style=\"font-family: arial, helvetica, sans-serif; color: #000000;\">Z\u00c1KLAD: Mo\u0161us, semi\u0161, santalov\u00e9 d\u0159evo<\/span><\/li>\n<\/ul>\n<p>50ml<\/p>\n<div class=\"woocommerce-product-details__short-description\">\n<div class=\"woocommerce-product-details__short-description\">\n<div class=\"woocommerce-product-details__short-description\">\n<div class=\"woocommerce-product-details__short-description\">\n<div class=\"woocommerce-product-details__short-description\">\n<div class=\"woocommerce-product-details__short-description\">\n<p><span style=\"font-family: arial, helvetica, sans-serif; font-size: 10pt;\">Nejni\u017e\u0161\u00ed cena platn\u00e1 ve 30 dnech p\u0159ed platnost\u00ed sou\u010dasn\u00e9 ceny byla 900 K\u010d.<\/span><\/p>\n<\/div>\n<\/div>\n<\/div>\n<\/div>\n<\/div>\n<\/div>\n<p>&nbsp;<\/p>\n<p>&nbsp;<\/p>\n","protected":false},"featured_media":8470,"comment_status":"closed","ping_status":"closed","template":"","meta":[],"pwb-brand":[27],"product_brand":[91],"product_cat":[17],"product_tag":[],"class_list":{"0":"post-8463","1":"product","2":"type-product","3":"status-publish","4":"has-post-thumbnail","6":"pwb-brand-https-cz-oriflame-com-cataloguesstorebeautyobchod","7":"product_brand-oriflame","8":"product_cat-vune-zeny","10":"first","11":"instock","12":"sale","13":"taxable","14":"shipping-taxable","15":"purchasable","16":"product-type-simple"},"brands":[{"id":27,"name":"Oriflame","slug":"https-cz-oriflame-com-cataloguesstorebeautyobchod"}],"_links":{"self":[{"href":"https:\/\/priroda-uvadi.cz\/beauty\/wp-json\/wp\/v2\/product\/8463","targetHints":{"allow":["GET"]}}],"collection":[{"href":"https:\/\/priroda-uvadi.cz\/beauty\/wp-json\/wp\/v2\/product"}],"about":[{"href":"https:\/\/priroda-uvadi.cz\/beauty\/wp-json\/wp\/v2\/types\/product"}],"replies":[{"embeddable":true,"href":"https:\/\/priroda-uvadi.cz\/beauty\/wp-json\/wp\/v2\/comments?post=8463"}],"wp:featuredmedia":[{"embeddable":true,"href":"https:\/\/priroda-uvadi.cz\/beauty\/wp-json\/wp\/v2\/media\/8470"}],"wp:attachment":[{"href":"https:\/\/priroda-uvadi.cz\/beauty\/wp-json\/wp\/v2\/media?parent=8463"}],"wp:term":[{"taxonomy":"pwb-brand","embeddable":true,"href":"https:\/\/priroda-uvadi.cz\/beauty\/wp-json\/wp\/v2\/pwb-brand?post=8463"},{"taxonomy":"product_brand","embeddable":true,"href":"https:\/\/priroda-uvadi.cz\/beauty\/wp-json\/wp\/v2\/product_brand?post=8463"},{"taxonomy":"product_cat","embeddable":true,"href":"https:\/\/priroda-uvadi.cz\/beauty\/wp-json\/wp\/v2\/product_cat?post=8463"},{"taxonomy":"product_tag","embeddable":true,"href":"https:\/\/priroda-uvadi.cz\/beauty\/wp-json\/wp\/v2\/product_tag?post=8463"}],"curies":[{"name":"wp","href":"https:\/\/api.w.org\/{rel}","templated":true}]}}