{"id":8459,"date":"2026-04-15T17:10:02","date_gmt":"2026-04-15T15:10:02","guid":{"rendered":"https:\/\/priroda-uvadi.cz\/beauty\/?post_type=product&#038;p=8459"},"modified":"2026-04-15T17:10:56","modified_gmt":"2026-04-15T15:10:56","slug":"sada-zazracnych-kelimku-s-cernym-rybizem-prirodni-a-svestkovy-3x-105ml","status":"publish","type":"product","link":"https:\/\/priroda-uvadi.cz\/beauty\/produkt\/sada-zazracnych-kelimku-s-cernym-rybizem-prirodni-a-svestkovy-3x-105ml\/","title":{"rendered":"Sada Z\u00e1zra\u010dn\u00fdch kel\u00edmk\u016f &#8211; s \u010dern\u00fdm ryb\u00edzem, p\u0159\u00edrodn\u00ed a \u0161vestkov\u00fd, 3x 10,5ml"},"content":{"rendered":"<div id=\"tabs\" class=\"products-app-emotion-1xyaxzq\">\n<div class=\"products-app-emotion-qsaw8\" data-testid=\"Presentation-product-detail-tabs\">\n<div class=\"products-app-emotion-15ojik8\" role=\"tabpanel\" data-testid=\"Presentation-product-detail-tab-panel\" aria-labelledby=\"howToUse\">\n<div class=\"TextWithHtml-root products-app-emotion-1q94rgb\">\n<div class=\"TextWithHtml-text products-app-emotion-2zfhel\" data-testid=\"Presentation-product-detail-wysiwyg\">\n<p class=\"MuiTypography-root MuiTypography-body1 products-app-emotion-1qn0wr5\"><span style=\"font-family: arial, helvetica, sans-serif; color: #000000;\">Nan\u00e1\u0161ejte podle pot\u0159eby na rty a ple\u0165, zam\u011b\u0159te se na such\u00e1 m\u00edsta. Balz\u00e1m lze pou\u017e\u00edt k vy\u017eiven\u00ed a zjemn\u011bn\u00ed v\u0161ech such\u00fdch m\u00edst na obli\u010deji nebo na t\u011ble, jako jsou rty, nehtov\u00e1 k\u016f\u017ei\u010dka, ruce, obo\u010d\u00ed, lokty a chodidla.<\/span><\/p>\n<\/div>\n<\/div>\n<\/div>\n<\/div>\n<\/div>\n<p class=\"MuiTypography-root MuiTypography-body1 products-app-emotion-1qn0wr5\"><span style=\"font-family: arial, helvetica, sans-serif;\">Objevte kouzlo na\u0161eho limitovan\u00e9ho tria z\u00e1zra\u010dn\u00fdch kel\u00edmk\u016f. D\u00edky v\u00edce ne\u017e 99 % p\u0159\u00edsad p\u0159\u00edrodn\u00edho p\u016fvodu a receptu\u0159e s mnoha p\u0159\u00ednosy p\u0159edstavuje dokonal\u00fd d\u00e1rek pln\u00fd v\u00fd\u017eivy pro rty, ruce, nehtovou k\u016f\u017ei\u010dku a dal\u0161\u00ed oblasti \u2013 nav\u00edc v krabi\u010dce v \u017eiv\u00fdch, slavnostn\u00edch barv\u00e1ch.<\/span><\/p>\n<p>&#8212;&#8212;&#8212;&#8212;&#8212;&#8212;&#8212;&#8212;&#8212;&#8212;&#8212;&#8212;&#8212;&#8212;&#8212;&#8212;&#8212;&#8212;&#8212;&#8212;&#8212;&#8212;&#8212;&#8212;&#8212;&#8212;&#8212;&#8212;&#8212;&#8212;&#8212;&#8212;&#8212;&#8212;&#8212;&#8212;&#8212;&#8212;&#8212;&#8212;&#8212;&#8212;&#8212;-<\/p>\n<div class=\"products-app-emotion-1nacawr\">\n<div class=\"products-app-emotion-bco1gb\">\n<p data-testid=\"Presentation-product-detail-dimensions\"><span style=\"font-family: arial, helvetica, sans-serif; font-size: 10pt;\">RICINUS COMMUNIS SEED OIL, HELIANTHUS ANNUUS SEED OIL, CERA ALBA, HYDROGENATED CASTOR OIL, PARFUM, HYDROGENATED PALM OIL, PRUNUS DOMESTICA SEED OIL, SACCHARUM OFFICINARUM EXTRACT, RIBES NIGRUM SEED OIL, TOCOPHERYL ACETATE, GLYCERYL CAPRYLATE, BENZALDEHYDE, TOCOPHEROL, BETA-CARYOPHYLLENE, ASCORBYL PALMITATE, VANILLIN, ROSE KETONES<\/span><\/p>\n<p class=\"MuiTypography-root MuiTypography-body1 products-app-emotion-1qn0wr5\" data-testid=\"Presentation-product-detail-dimensions\"><span style=\"font-family: arial, helvetica, sans-serif; font-size: 10pt;\">Rozm\u011bry: D\u00e9lka 120mm, V\u00fd\u0161ka 45mm, Hloubka 120mm, Hmotnost 82g<\/span><\/p>\n<p class=\"MuiTypography-root MuiTypography-body1 products-app-emotion-1qn0wr5\" data-testid=\"Presentation-product-detail-dimensions-details\"><span style=\"font-family: arial, helvetica, sans-serif; font-size: 10pt;\">Podrobnosti: 3 x 10.5 ml<\/span><\/p>\n<p class=\"MuiTypography-root MuiTypography-body1 products-app-emotion-1qn0wr5\" data-testid=\"Presentation-product-detail-full-product-name\"><span style=\"font-family: arial, helvetica, sans-serif; font-size: 10pt;\">\u00dapln\u00fd n\u00e1zev produktu: Sada Z\u00e1zra\u010dn\u00fdch kel\u00edmk\u016f &#8211; s \u010dern\u00fdm ryb\u00edzem, p\u0159\u00edrodn\u00ed a \u0161vestkov\u00fd<\/span><\/p>\n<\/div>\n<\/div>\n","protected":false},"excerpt":{"rendered":"<p><span style=\"font-family: arial, helvetica, sans-serif; color: #000000;\">T\u0159i obl\u00edben\u00e9 z\u00e1zra\u010dn\u00e9 kel\u00edmky ve sv\u00e1te\u010dn\u00edm designu limitovan\u00e9 edice \u2013 ka\u017ed\u00fd obsahuje v\u00edce ne\u017e 99 % p\u0159\u00edsad p\u0159\u00edrodn\u00edho p\u016fvodu a je obohacen\u00fd o v\u010del\u00ed vosk a vitamin E. Zm\u011bk\u010duj\u00ed rty, nehtovou k\u016f\u017ei\u010dku, lokty a dal\u0161\u00ed.<\/span><\/p>\n<ul class=\"products-app-emotion-tr0r3x\">\n<li data-testid=\"Presentation-product-detail-product-benefit\"><span style=\"font-family: arial, helvetica, sans-serif; color: #000000;\">Slo\u017een\u00ed s vitaminem E<\/span><\/li>\n<li data-testid=\"Presentation-product-detail-product-benefit\"><span style=\"font-family: arial, helvetica, sans-serif; color: #000000;\">Obsahuje v\u010del\u00ed vosk<\/span><\/li>\n<li data-testid=\"Presentation-product-detail-product-benefit\"><span style=\"font-family: arial, helvetica, sans-serif; color: #000000;\">Balz\u00e1m obsahuje v\u00edce ne\u017e 99 % slo\u017eek p\u0159\u00edrodn\u00edho p\u016fvodu.<\/span><\/li>\n<\/ul>\n<p><span style=\"font-family: arial, helvetica, sans-serif; color: #000000;\">3 x 10,5 ml<\/span><\/p>\n<div class=\"woocommerce-product-details__short-description\">\n<div class=\"woocommerce-product-details__short-description\">\n<div class=\"woocommerce-product-details__short-description\">\n<div class=\"woocommerce-product-details__short-description\">\n<div class=\"woocommerce-product-details__short-description\">\n<p><span style=\"font-family: arial, helvetica, sans-serif; font-size: 10pt;\">Nejni\u017e\u0161\u00ed cena platn\u00e1 ve 30 dnech p\u0159ed platnost\u00ed sou\u010dasn\u00e9 ceny byla 230 K\u010d.<\/span><\/p>\n<\/div>\n<\/div>\n<\/div>\n<\/div>\n<\/div>\n","protected":false},"featured_media":8460,"comment_status":"closed","ping_status":"closed","template":"","meta":[],"pwb-brand":[27],"product_brand":[91],"product_cat":[30,56],"product_tag":[],"class_list":{"0":"post-8459","1":"product","2":"type-product","3":"status-publish","4":"has-post-thumbnail","6":"pwb-brand-https-cz-oriflame-com-cataloguesstorebeautyobchod","7":"product_brand-oriflame","8":"product_cat-pece-o-plet","9":"product_cat-zazracny-kelimek","11":"first","12":"instock","13":"sale","14":"taxable","15":"shipping-taxable","16":"purchasable","17":"product-type-simple"},"brands":[{"id":27,"name":"Oriflame","slug":"https-cz-oriflame-com-cataloguesstorebeautyobchod"}],"_links":{"self":[{"href":"https:\/\/priroda-uvadi.cz\/beauty\/wp-json\/wp\/v2\/product\/8459","targetHints":{"allow":["GET"]}}],"collection":[{"href":"https:\/\/priroda-uvadi.cz\/beauty\/wp-json\/wp\/v2\/product"}],"about":[{"href":"https:\/\/priroda-uvadi.cz\/beauty\/wp-json\/wp\/v2\/types\/product"}],"replies":[{"embeddable":true,"href":"https:\/\/priroda-uvadi.cz\/beauty\/wp-json\/wp\/v2\/comments?post=8459"}],"wp:featuredmedia":[{"embeddable":true,"href":"https:\/\/priroda-uvadi.cz\/beauty\/wp-json\/wp\/v2\/media\/8460"}],"wp:attachment":[{"href":"https:\/\/priroda-uvadi.cz\/beauty\/wp-json\/wp\/v2\/media?parent=8459"}],"wp:term":[{"taxonomy":"pwb-brand","embeddable":true,"href":"https:\/\/priroda-uvadi.cz\/beauty\/wp-json\/wp\/v2\/pwb-brand?post=8459"},{"taxonomy":"product_brand","embeddable":true,"href":"https:\/\/priroda-uvadi.cz\/beauty\/wp-json\/wp\/v2\/product_brand?post=8459"},{"taxonomy":"product_cat","embeddable":true,"href":"https:\/\/priroda-uvadi.cz\/beauty\/wp-json\/wp\/v2\/product_cat?post=8459"},{"taxonomy":"product_tag","embeddable":true,"href":"https:\/\/priroda-uvadi.cz\/beauty\/wp-json\/wp\/v2\/product_tag?post=8459"}],"curies":[{"name":"wp","href":"https:\/\/api.w.org\/{rel}","templated":true}]}}