{"id":8426,"date":"2026-04-01T09:58:46","date_gmt":"2026-04-01T07:58:46","guid":{"rendered":"https:\/\/priroda-uvadi.cz\/beauty\/?post_type=product&#038;p=8426"},"modified":"2026-04-14T18:26:46","modified_gmt":"2026-04-14T16:26:46","slug":"pilnik-na-nohy-festive-plum","status":"publish","type":"product","link":"https:\/\/priroda-uvadi.cz\/beauty\/produkt\/pilnik-na-nohy-festive-plum\/","title":{"rendered":"Piln\u00edk na nohy Festive Plum"},"content":{"rendered":"<p class=\"MuiTypography-root MuiTypography-body1 products-app-emotion-1qn0wr5\"><span style=\"font-family: arial, helvetica, sans-serif; color: #000000;\">Piln\u00edk na nohy pro okam\u017eit\u011b hebk\u00e1, sametov\u011b hladk\u00e1 chodidla! Roztomil\u00fd sez\u00f3nn\u00ed design v t\u0159pytiv\u011b fialov\u00e9 barv\u011b snadno odstra\u0148uje suchou, zhrublou, mozolnatou poko\u017eku. Ergonomick\u00e1 plastov\u00e1 rukoje\u0165 umo\u017e\u0148uje snadn\u00e9 uchopen\u00ed a vynikaj\u00edc\u00ed kontrolu. Design lad\u00ed s vy\u017eivuj\u00edc\u00edm kr\u00e9mem na nohy Feet Up.<\/span><\/p>\n<div id=\"tabs\" class=\"products-app-emotion-1xyaxzq\">\n<div class=\"products-app-emotion-qsaw8\" data-testid=\"Presentation-product-detail-tabs\">\n<div class=\"products-app-emotion-15ojik8\" role=\"tabpanel\" data-testid=\"Presentation-product-detail-tab-panel\" aria-labelledby=\"howToUse\">\n<div class=\"TextWithHtml-root products-app-emotion-1q94rgb\">\n<div class=\"TextWithHtml-text products-app-emotion-2zfhel\" data-testid=\"Presentation-product-detail-wysiwyg\">\n<p class=\"MuiTypography-root MuiTypography-body1 products-app-emotion-1qn0wr5\"><span style=\"font-family: arial, helvetica, sans-serif; color: #000000;\">Z \u010dist\u00fdch, such\u00fdch nohou jemn\u011b spilujte suchou, mozolnatou k\u016f\u017ei, zam\u011b\u0159te se na paty a b\u0159\u00ed\u0161ka chodidel. Opakujte jednou t\u00fddn\u011b, pro nejlep\u0161\u00ed v\u00fdsledky n\u00e1sledujte hydrata\u010dn\u00edm kr\u00e9mem na nohy.<\/span><\/p>\n<\/div>\n<\/div>\n<\/div>\n<\/div>\n<\/div>\n<div id=\"guarantees\" class=\"products-app-emotion-1xyaxzq\">\n<div class=\"products-app-emotion-1fxqtsw\" data-testid=\"Presentation-product-detail-guarantees\">\n<div class=\"products-app-emotion-1hbrs3p\" data-testid=\"Presentation-product-detail-guarantee\">\n<div class=\"products-app-emotion-b6meum\">&#8212;&#8212;&#8212;&#8212;&#8212;&#8212;&#8212;&#8212;&#8212;&#8212;&#8212;&#8212;&#8212;&#8212;&#8212;&#8212;&#8212;&#8212;&#8212;&#8212;&#8212;&#8212;&#8212;&#8212;&#8212;&#8212;&#8212;&#8212;&#8212;&#8212;&#8212;&#8212;&#8212;&#8212;&#8212;&#8212;&#8212;&#8212;&#8212;&#8212;&#8212;&#8212;&#8212;-<\/div>\n<\/div>\n<\/div>\n<\/div>\n<div class=\"products-app-emotion-1nacawr\">\n<div class=\"products-app-emotion-bco1gb\">\n<p class=\"MuiTypography-root MuiTypography-body1 products-app-emotion-1qn0wr5\" data-testid=\"Presentation-product-detail-dimensions\"><span style=\"font-family: arial, helvetica, sans-serif; color: #000000; font-size: 10pt;\">Rozm\u011bry: D\u00e9lka 190mm, V\u00fd\u0161ka 15mm, Hloubka 45mm, Hmotnost 34g<\/span><\/p>\n<p class=\"MuiTypography-root MuiTypography-body1 products-app-emotion-1qn0wr5\" data-testid=\"Presentation-product-detail-dimensions-details\"><span style=\"font-family: arial, helvetica, sans-serif; color: #000000; font-size: 10pt;\">Podrobnosti: 18.3 x 4.4 x 2 cm. Materi\u00e1l: PS, p\u00edskov\u00fd pap\u00edr.<\/span><\/p>\n<p class=\"MuiTypography-root MuiTypography-body1 products-app-emotion-1qn0wr5\" data-testid=\"Presentation-product-detail-full-product-name\"><span style=\"font-family: arial, helvetica, sans-serif; color: #000000; font-size: 10pt;\">\u00dapln\u00fd n\u00e1zev produktu: Piln\u00edk na nohy Festive Plum<\/span><\/p>\n<\/div>\n<\/div>\n","protected":false},"excerpt":{"rendered":"<p><span style=\"font-family: arial, helvetica, sans-serif; color: #000000;\">Hlad\u0161\u00ed, heb\u010d\u00ed no\u017eky snadno a lehce! N\u00e1\u0161 piln\u00edk na chodidla v roztomil\u00e9m t\u0159pytiv\u011b fialov\u00e9m proveden\u00ed jako stvo\u0159en\u00e9m pro bl\u00ed\u017e\u00edc\u00ed se sv\u00e1tky snadno odstra\u0148uje zhrublou, suchou a mozolnatou k\u016f\u017ei \u2013 a odhaluje hebkou, hedv\u00e1bn\u011b hladkou poko\u017eku.<\/span><\/p>\n<ul class=\"products-app-emotion-tr0r3x\">\n<li data-testid=\"Presentation-product-detail-product-benefit\"><span style=\"font-family: arial, helvetica, sans-serif; color: #000000;\">Pom\u00e1h\u00e1 odstranit zhrublou, suchou a mozolnatou k\u016f\u017ei<\/span><\/li>\n<li data-testid=\"Presentation-product-detail-product-benefit\"><span style=\"font-family: arial, helvetica, sans-serif; color: #000000;\">Ergonomick\u00e1 rukoje\u0165 pro pohodln\u00fd \u00fachop<\/span><\/li>\n<li data-testid=\"Presentation-product-detail-product-benefit\"><span style=\"font-family: arial, helvetica, sans-serif; color: #000000;\">Roztomil\u00e1, t\u0159pytiv\u011b fialov\u00e1 barva lad\u00ed se sez\u00f3nn\u00edm designem kr\u00e9mu na nohy Feet Up<\/span><\/li>\n<\/ul>\n<div class=\"woocommerce-product-details__short-description\">\n<div class=\"woocommerce-product-details__short-description\">\n<div class=\"woocommerce-product-details__short-description\">\n<div class=\"woocommerce-product-details__short-description\">\n<p><span style=\"font-family: arial, helvetica, sans-serif; font-size: 10pt;\">Nejni\u017e\u0161\u00ed cena platn\u00e1 ve 30 dnech p\u0159ed platnost\u00ed sou\u010dasn\u00e9 ceny byla 60 K\u010d.<\/span><\/p>\n<\/div>\n<\/div>\n<\/div>\n<\/div>\n","protected":false},"featured_media":8427,"comment_status":"closed","ping_status":"closed","template":"","meta":[],"pwb-brand":[27],"product_brand":[91],"product_cat":[66],"product_tag":[],"class_list":{"0":"post-8426","1":"product","2":"type-product","3":"status-publish","4":"has-post-thumbnail","6":"pwb-brand-https-cz-oriflame-com-cataloguesstorebeautyobchod","7":"product_brand-oriflame","8":"product_cat-pece-o-nohy","10":"first","11":"instock","12":"sale","13":"taxable","14":"shipping-taxable","15":"purchasable","16":"product-type-simple"},"brands":[{"id":27,"name":"Oriflame","slug":"https-cz-oriflame-com-cataloguesstorebeautyobchod"}],"_links":{"self":[{"href":"https:\/\/priroda-uvadi.cz\/beauty\/wp-json\/wp\/v2\/product\/8426","targetHints":{"allow":["GET"]}}],"collection":[{"href":"https:\/\/priroda-uvadi.cz\/beauty\/wp-json\/wp\/v2\/product"}],"about":[{"href":"https:\/\/priroda-uvadi.cz\/beauty\/wp-json\/wp\/v2\/types\/product"}],"replies":[{"embeddable":true,"href":"https:\/\/priroda-uvadi.cz\/beauty\/wp-json\/wp\/v2\/comments?post=8426"}],"wp:featuredmedia":[{"embeddable":true,"href":"https:\/\/priroda-uvadi.cz\/beauty\/wp-json\/wp\/v2\/media\/8427"}],"wp:attachment":[{"href":"https:\/\/priroda-uvadi.cz\/beauty\/wp-json\/wp\/v2\/media?parent=8426"}],"wp:term":[{"taxonomy":"pwb-brand","embeddable":true,"href":"https:\/\/priroda-uvadi.cz\/beauty\/wp-json\/wp\/v2\/pwb-brand?post=8426"},{"taxonomy":"product_brand","embeddable":true,"href":"https:\/\/priroda-uvadi.cz\/beauty\/wp-json\/wp\/v2\/product_brand?post=8426"},{"taxonomy":"product_cat","embeddable":true,"href":"https:\/\/priroda-uvadi.cz\/beauty\/wp-json\/wp\/v2\/product_cat?post=8426"},{"taxonomy":"product_tag","embeddable":true,"href":"https:\/\/priroda-uvadi.cz\/beauty\/wp-json\/wp\/v2\/product_tag?post=8426"}],"curies":[{"name":"wp","href":"https:\/\/api.w.org\/{rel}","templated":true}]}}