{"id":8424,"date":"2026-04-01T09:31:21","date_gmt":"2026-04-01T07:31:21","guid":{"rendered":"https:\/\/priroda-uvadi.cz\/beauty\/?post_type=product&#038;p=8424"},"modified":"2026-04-01T09:49:22","modified_gmt":"2026-04-01T07:49:22","slug":"sprchovy-gel-s-lotosem-a-cedrovym-drevem-essenseco-300ml","status":"publish","type":"product","link":"https:\/\/priroda-uvadi.cz\/beauty\/produkt\/sprchovy-gel-s-lotosem-a-cedrovym-drevem-essenseco-300ml\/","title":{"rendered":"Sprchov\u00fd gel s lotosem a cedrov\u00fdm d\u0159evem Essense&#038;Co., 300ml"},"content":{"rendered":"<p class=\"MuiTypography-root MuiTypography-body1 products-app-emotion-1qn0wr5\"><span style=\"font-family: arial, helvetica, sans-serif; color: #000000;\">U\u017eijte si luxusn\u00ed o\u010distu plnou hydratace s Essense&amp;Co s v\u016fn\u00ed lotosu a cedrov\u00e9ho d\u0159eva inspirovanou vybran\u00fdmi parf\u00e9my. Vodn\u00ed, kv\u011btinov\u00e9 t\u00f3ny kv\u011btu lotosu se snoub\u00ed s h\u0159ejivost\u00ed cedrov\u00e9ho d\u0159eva a spole\u010dn\u011b vytv\u00e1\u0159ej\u00ed zasn\u011bn\u00fd, slan\u011b mo\u0161usov\u00fd oblak sofistikovan\u00e9 sv\u011b\u017eesti.<\/span><\/p>\n<ul class=\"MuiTypography-root MuiTypography-body1 products-app-emotion-1qn0wr5\">\n<li><span style=\"font-family: arial, helvetica, sans-serif; color: #000000;\">Hydratuje poko\u017eku*<\/span><\/li>\n<li><span style=\"font-family: arial, helvetica, sans-serif; color: #000000;\">Spot\u0159ebitelsky a dermatologicky testov\u00e1no<\/span><\/li>\n<li><span style=\"font-family: arial, helvetica, sans-serif; color: #000000;\">Bez paraben\u016f<\/span><\/li>\n<li><span style=\"font-family: arial, helvetica, sans-serif; color: #000000;\">S biologicky odbourateln\u00fdm slo\u017een\u00edm**<\/span><\/li>\n<li><span style=\"font-family: arial, helvetica, sans-serif; color: #000000;\">Lahvi\u010dka obsahuje alespo\u0148 50 % recyklovan\u00fdch plast\u016f<\/span><\/li>\n<\/ul>\n<p class=\"MuiTypography-root MuiTypography-body1 products-app-emotion-1qn0wr5\"><span style=\"font-family: arial, helvetica, sans-serif; color: #000000;\">Dopl\u0148te ml\u00e9kem na ruce a t\u011blo s lotosem a cedrov\u00fdm d\u0159evem Essense&amp;Co pro p\u0159ekr\u00e1sn\u011b hebkou, hladkou, decentn\u011b provon\u011bnou poko\u017eku.<\/span><\/p>\n<p><span style=\"font-family: arial, helvetica, sans-serif; color: #000000;\"><b class=\"MuiTypography-root MuiTypography-body1 products-app-emotion-1rnazt1\">Lotosov\u00fd kv\u011bt<\/b><\/span><\/p>\n<p class=\"MuiTypography-root MuiTypography-body1 products-app-emotion-1qn0wr5\"><span style=\"font-family: arial, helvetica, sans-serif; color: #000000;\">Lotos, kter\u00fd je v mnoha starov\u011bk\u00fdch kultur\u00e1ch symbolem \u010distoty a osv\u00edcen\u00ed, m\u00e1 k\u0159ehkou vodn\u00ed, kv\u011btinovou v\u016fni. Je zn\u00e1m\u00fd svou schopnost\u00ed pos\u00edlit hydrataci pleti a pom\u00e1h\u00e1 ji pro\u010distit a zvl\u00e1\u010dnit.<\/span><\/p>\n<p class=\"MuiTypography-root MuiTypography-body1 products-app-emotion-1qn0wr5\"><span style=\"font-family: arial, helvetica, sans-serif; color: #000000;\">Cedrov\u00e9 d\u0159evo<\/span><\/p>\n<p class=\"MuiTypography-root MuiTypography-body1 products-app-emotion-1qn0wr5\"><span style=\"font-family: arial, helvetica, sans-serif; color: #000000;\">Cedrov\u00e9 d\u0159evo proslulo sv\u00fdmi zklid\u0148uj\u00edc\u00edmi, zvlh\u010duj\u00edc\u00edmi \u00fa\u010dinky, jeho rafinovan\u00e9, d\u0159evit\u011b h\u0159ejiv\u00e9 t\u00f3ny vytv\u00e1\u0159ej\u00ed atmosf\u00e9ru nad\u010dasov\u00e9 elegance.<\/span><\/p>\n<p>&#8212;&#8212;&#8212;&#8212;&#8212;&#8212;&#8212;&#8212;&#8212;&#8212;&#8212;&#8212;&#8212;&#8212;&#8212;&#8212;&#8212;&#8212;&#8212;&#8212;&#8212;&#8212;&#8212;&#8212;&#8212;&#8212;&#8212;&#8212;&#8212;&#8212;&#8212;&#8212;&#8212;&#8212;&#8212;&#8212;&#8212;&#8212;&#8212;&#8212;&#8212;&#8211;<\/p>\n<div class=\"products-app-emotion-1q7njkh\">\n<div class=\"TextWithHtml-root products-app-emotion-1q94rgb\">\n<div class=\"TextWithHtml-text products-app-emotion-18slqyo\" data-testid=\"Presentation-product-detail-wysiwyg\"><span style=\"font-family: arial, helvetica, sans-serif; font-size: 10pt;\">AQUA, SODIUM LAURETH SULFATE, GLYCERIN, COCAMIDOPROPYL BETAINE, SODIUM CHLORIDE, LAURETH-3, ALPHA-ISOMETHYL IONONE, NELUMBIUM SPECIOSUM FLOWER EXTRACT, CITRIC ACID, TETRAMETHYLACETYLOCTAHYDRONAPHTHALENES, LINALYL ACETATE, SODIUM CITRATE, PARFUM, SODIUM BENZOATE, PHENOXYETHANOL, BENZYL SALICYLATE, LINALOOL, CITRUS AURANTIUM PEEL OIL, LIMONENE, POTASSIUM SORBATE, CI 42090, CI 17200, CI 19140<\/span><\/div>\n<\/div>\n<\/div>\n<p><span style=\"font-family: arial, helvetica, sans-serif;\"><small>* Spot\u0159ebitelsky testov\u00e1no. ** Alespo\u0148 u 90 % p\u0159\u00edsad &#8222;na b\u00e1zi uhl\u00edku&#8220; o\u010dek\u00e1v\u00e1me v souladu s pokyny OECD \u010di \u00fadaji od dodavatele biologickou odbouratelnost.<\/small><\/span><\/p>\n<div class=\"products-app-emotion-1nacawr\">\n<div class=\"products-app-emotion-bco1gb\">\n<p class=\"MuiTypography-root MuiTypography-body1 products-app-emotion-1qn0wr5\" data-testid=\"Presentation-product-detail-dimensions\"><span style=\"font-family: arial, helvetica, sans-serif;\">Rozm\u011bry: D\u00e9lka 165mm, V\u00fd\u0161ka 50mm, Hloubka 60mm, Hmotnost 348g<\/span><\/p>\n<p class=\"MuiTypography-root MuiTypography-body1 products-app-emotion-1qn0wr5\" data-testid=\"Presentation-product-detail-full-product-name\"><span style=\"font-family: arial, helvetica, sans-serif;\">\u00dapln\u00fd n\u00e1zev produktu: Sprchov\u00fd gel s lotosem a cedrov\u00fdm d\u0159evem Essense&amp;Co.<\/span><\/p>\n<\/div>\n<\/div>\n","protected":false},"excerpt":{"rendered":"<p><span style=\"font-family: arial, helvetica, sans-serif; color: #000000;\">Luxusn\u00ed myc\u00ed gel na ruce a t\u011blo s obsahem p\u0159\u00edrodn\u00edch esenci\u00e1ln\u00edch olej\u016f poko\u017eku \u0161etrn\u011b um\u00fdv\u00e1 a p\u0159in\u00e1\u0161\u00ed j\u00ed hebkost, jemnost a decentn\u00ed, sofistikovanou v\u016fni lotosu a cedrov\u00e9ho d\u0159eva.<\/span><\/p>\n<ul class=\"products-app-emotion-tr0r3x\">\n<li data-testid=\"Presentation-product-detail-product-benefit\"><span style=\"font-family: arial, helvetica, sans-serif; color: #000000;\">Hydratuje<\/span><\/li>\n<li data-testid=\"Presentation-product-detail-product-benefit\"><span style=\"font-family: arial, helvetica, sans-serif; color: #000000;\">P\u0159\u00edrodn\u00ed lotos a cedrov\u00e9 d\u0159evo pom\u00e1haj\u00ed revitalizovat poko\u017eku<\/span><\/li>\n<li data-testid=\"Presentation-product-detail-product-benefit\"><span style=\"font-family: arial, helvetica, sans-serif; color: #000000;\">Bez paraben\u016f<\/span><\/li>\n<\/ul>\n<p><span style=\"font-family: arial, helvetica, sans-serif; color: #000000;\">300ml<\/span><\/p>\n<div class=\"woocommerce-product-details__short-description\">\n<div class=\"woocommerce-product-details__short-description\">\n<div class=\"woocommerce-product-details__short-description\">\n<p><span style=\"font-family: arial, helvetica, sans-serif; font-size: 10pt;\">Nejni\u017e\u0161\u00ed cena platn\u00e1 ve 30 dnech p\u0159ed platnost\u00ed sou\u010dasn\u00e9 ceny byla 150 K\u010d.<\/span><\/p>\n<\/div>\n<\/div>\n<\/div>\n","protected":false},"featured_media":8425,"comment_status":"closed","ping_status":"closed","template":"","meta":[],"pwb-brand":[27],"product_brand":[91],"product_cat":[15,42],"product_tag":[],"class_list":{"0":"post-8424","1":"product","2":"type-product","3":"status-publish","4":"has-post-thumbnail","6":"pwb-brand-https-cz-oriflame-com-cataloguesstorebeautyobchod","7":"product_brand-oriflame","8":"product_cat-nezarazene","9":"product_cat-telove-mleka","11":"first","12":"instock","13":"sale","14":"taxable","15":"shipping-taxable","16":"purchasable","17":"product-type-simple"},"brands":[{"id":27,"name":"Oriflame","slug":"https-cz-oriflame-com-cataloguesstorebeautyobchod"}],"_links":{"self":[{"href":"https:\/\/priroda-uvadi.cz\/beauty\/wp-json\/wp\/v2\/product\/8424","targetHints":{"allow":["GET"]}}],"collection":[{"href":"https:\/\/priroda-uvadi.cz\/beauty\/wp-json\/wp\/v2\/product"}],"about":[{"href":"https:\/\/priroda-uvadi.cz\/beauty\/wp-json\/wp\/v2\/types\/product"}],"replies":[{"embeddable":true,"href":"https:\/\/priroda-uvadi.cz\/beauty\/wp-json\/wp\/v2\/comments?post=8424"}],"wp:featuredmedia":[{"embeddable":true,"href":"https:\/\/priroda-uvadi.cz\/beauty\/wp-json\/wp\/v2\/media\/8425"}],"wp:attachment":[{"href":"https:\/\/priroda-uvadi.cz\/beauty\/wp-json\/wp\/v2\/media?parent=8424"}],"wp:term":[{"taxonomy":"pwb-brand","embeddable":true,"href":"https:\/\/priroda-uvadi.cz\/beauty\/wp-json\/wp\/v2\/pwb-brand?post=8424"},{"taxonomy":"product_brand","embeddable":true,"href":"https:\/\/priroda-uvadi.cz\/beauty\/wp-json\/wp\/v2\/product_brand?post=8424"},{"taxonomy":"product_cat","embeddable":true,"href":"https:\/\/priroda-uvadi.cz\/beauty\/wp-json\/wp\/v2\/product_cat?post=8424"},{"taxonomy":"product_tag","embeddable":true,"href":"https:\/\/priroda-uvadi.cz\/beauty\/wp-json\/wp\/v2\/product_tag?post=8424"}],"curies":[{"name":"wp","href":"https:\/\/api.w.org\/{rel}","templated":true}]}}