{"id":8417,"date":"2026-03-30T17:34:59","date_gmt":"2026-03-30T15:34:59","guid":{"rendered":"https:\/\/priroda-uvadi.cz\/beauty\/?post_type=product&#038;p=8417"},"modified":"2026-03-31T16:17:17","modified_gmt":"2026-03-31T14:17:17","slug":"peptidove-ampulky-novage-proceuticals-express-7x105ml","status":"publish","type":"product","link":"https:\/\/priroda-uvadi.cz\/beauty\/produkt\/peptidove-ampulky-novage-proceuticals-express-7x105ml\/","title":{"rendered":"Peptidov\u00e9 ampulky Novage+ Proceuticals Express, 7&#215;10,5ml"},"content":{"rendered":"<p><span style=\"font-family: arial, helvetica, sans-serif; color: #000000;\"><b class=\"MuiTypography-root MuiTypography-body1 products-app-emotion-1rnazt1\">7 dn\u00ed. 7 mocn\u00fdch d\u00e1vek.<\/b><\/span><\/p>\n<p class=\"MuiTypography-root MuiTypography-body1 products-app-emotion-1qn0wr5\"><span style=\"font-family: arial, helvetica, sans-serif; color: #000000;\">Pus\u0165te se do v\u00fdzvy pro vypnut\u011bj\u0161\u00ed a pevn\u011bj\u0161\u00ed ple\u0165 s peptidov\u00fdmi ampulkami Novage+ Proceuticals Express \u2013 jsou nabit\u00e9 peptidy, kter\u00e9 podporuj\u00ed tvorbu kolagenu, plus obsahuj\u00ed dal\u0161\u00ed aktivn\u00ed p\u0159\u00edsady p\u00e9\u010de o ple\u0165, pro zpevn\u011bnou, pru\u017enou, hlad\u0161\u00ed poko\u017eku b\u011bhem jedin\u00e9ho t\u00fddne.<\/span><\/p>\n<p class=\"MuiTypography-root MuiTypography-body1 products-app-emotion-1qn0wr5\"><span style=\"font-family: arial, helvetica, sans-serif; color: #000000;\">OKAM\u017dIT\u00c9 VYPNUT\u00cd + PRU\u017dNOST<\/span><\/p>\n<p><span style=\"font-family: arial, helvetica, sans-serif; color: #000000;\"><b class=\"MuiTypography-root MuiTypography-body1 products-app-emotion-1rnazt1\">Den 1:<\/b>\u00a088 % pozorovalo okam\u017eit\u00e9 vypnut\u00ed pleti*<\/span><br \/>\n<span style=\"font-family: arial, helvetica, sans-serif; color: #000000;\"><b class=\"MuiTypography-root MuiTypography-body1 products-app-emotion-1rnazt1\">T\u00fdden 1:<\/b>\u00a088 % poc\u00edtilo zpevn\u011bn\u00ed poko\u017eky*<\/span><br \/>\n<span style=\"font-family: arial, helvetica, sans-serif; color: #000000;\"><b class=\"MuiTypography-root MuiTypography-body1 products-app-emotion-1rnazt1\">T\u00fdden 1:<\/b>\u00a086 % souhlasilo, \u017ee vr\u00e1sky vypadaj\u00ed vyhlazen\u011bj\u0161\u00ed*<\/span><\/p>\n<p class=\"MuiTypography-root MuiTypography-body1 products-app-emotion-1qn0wr5\"><span style=\"font-family: arial, helvetica, sans-serif; color: #000000;\">Pro okam\u017eit\u011b vypnutou poko\u017eku. Aplikujte r\u00e1no a ve\u010der na \u010distou ple\u0165.<\/span><\/p>\n<p class=\"MuiTypography-root MuiTypography-body1 products-app-emotion-1qn0wr5\"><span style=\"font-family: arial, helvetica, sans-serif; color: #000000;\">R\u00e1no: Oto\u010dte a odlomte vr\u0161ek ampulky, polovinu obsahu si nalijte do dlan\u011b a vmas\u00edrujte do pleti tv\u00e1\u0159e a krku, dokud se nevst\u0159eb\u00e1 \u2013 vyhn\u011bte se o\u010dn\u00edmu okol\u00ed. Obra\u0165te odlomen\u00e9 v\u00ed\u010dko a ampulku uzav\u0159ete.<\/span><\/p>\n<p class=\"MuiTypography-root MuiTypography-body1 products-app-emotion-1qn0wr5\"><span style=\"font-family: arial, helvetica, sans-serif; color: #000000;\">Ve\u010der: Zbytek obsahu ampulky aplikujte ve\u010der \u2013 spot\u0159ebujte do 24 hodin, maxim\u00e1ln\u011b 1 ampulka\/den.<\/span><\/p>\n<p class=\"MuiTypography-root MuiTypography-body1 products-app-emotion-1qn0wr5\"><span style=\"font-family: arial, helvetica, sans-serif; color: #000000;\">Opakujte ka\u017ed\u00fd den po dobu 7 dn\u00ed jako intenzivn\u00ed t\u00fddenn\u00ed k\u00faru s p\u016fsobiv\u00fdmi v\u00fdsledky.<\/span><\/p>\n<p class=\"MuiTypography-root MuiTypography-body1 products-app-emotion-1qn0wr5\"><span style=\"font-family: arial, helvetica, sans-serif; color: #000000;\">Dermatologicky testov\u00e1no.<\/span><\/p>\n<p class=\"MuiTypography-root MuiTypography-body1 products-app-emotion-1qn0wr5\">SE SILOU AKTIVN\u00cdCH P\u0158\u00cdSAD P\u00c9\u010cE O PLE\u0164<\/p>\n<p class=\"MuiTypography-root MuiTypography-body1 products-app-emotion-1qn0wr5\">\u00da\u010dinnost, kdekoli ji pot\u0159ebujete: d\u00edky praktick\u00fdm ampulk\u00e1m si m\u016f\u017eete vz\u00edt denn\u00ed d\u00e1vku i na cestu \u2013 a nevynechat tak ani jedin\u00fd den.<\/p>\n<p><b class=\"MuiTypography-root MuiTypography-body1 products-app-emotion-1rnazt1\">+ Multi-peptidy<\/b>\u00a0pom\u00e1haj\u00ed podpo\u0159it synt\u00e9zu kolagenu plus vyp\u00ednaj\u00ed a vyhlazuj\u00ed vr\u00e1sky a tak vytv\u00e1\u0159ej\u00ed pru\u017en\u011bj\u0161\u00ed vzhled poko\u017eky \u2013 vr\u00e1sky jsou o 11,6 % redukovan\u00e9, to je klinicky ov\u011b\u0159en\u00e1 s\u00edla peptid\u016f!<\/p>\n<p><b class=\"MuiTypography-root MuiTypography-body1 products-app-emotion-1rnazt1\">+ aktivn\u00ed slo\u017eka Tensor Mesh<\/b>\u00a0poko\u017eku okam\u017eit\u011b vyp\u00edn\u00e1 a prokazateln\u011b p\u016fsob\u00ed proti vr\u00e1sk\u00e1m\u0394.<br \/>\n&#8212;&#8212;&#8212;&#8212;&#8212;&#8212;&#8212;&#8212;&#8212;&#8212;&#8212;&#8212;&#8212;&#8212;&#8212;&#8212;&#8212;&#8212;&#8212;&#8212;&#8212;&#8212;&#8212;&#8212;&#8212;&#8212;&#8212;&#8212;&#8212;&#8212;&#8212;&#8212;&#8212;&#8212;&#8212;&#8212;&#8212;&#8212;&#8212;&#8212;&#8212;&#8212;<\/p>\n<p class=\"MuiTypography-root MuiTypography-body1 products-app-emotion-1qn0wr5\"><span style=\"font-family: arial, helvetica, sans-serif; font-size: 10pt;\">^Klinicky testovan\u00e1 aktivn\u00ed p\u0159\u00edsada, po 15 dnech pou\u017e\u00edv\u00e1n\u00ed<\/span><\/p>\n<p class=\"MuiTypography-root MuiTypography-body1 products-app-emotion-1qn0wr5\"><span style=\"font-family: arial, helvetica, sans-serif; font-size: 10pt;\">\u0394 Klinicky testovan\u00e1 aktivn\u00ed p\u0159\u00edsada<\/span><\/p>\n<div class=\"products-app-emotion-1q7njkh\">\n<div class=\"TextWithHtml-root products-app-emotion-1q94rgb\">\n<div class=\"TextWithHtml-text products-app-emotion-18slqyo\" data-testid=\"Presentation-product-detail-wysiwyg\"><span style=\"font-family: arial, helvetica, sans-serif; font-size: 10pt;\">AQUA, BUTYLENE GLYCOL, BIS-PEG-18 METHYL ETHER DIMETHYL SILANE, METHYL GLUCETH-20, DIGLYCERIN, PEG-75, GLYCERIN, PANTHENOL, AVENA SATIVA KERNEL EXTRACT, PPG-26-BUTETH-26, ETHYLHEXYLGLYCERIN, BIOSACCHARIDE GUM-1, KAPPAPHYCUS ALVAREZII EXTRACT, UNDARIA PINNATIFIDA EXTRACT, HYDROLYZED VEGETABLE PROTEIN, BUTYLENE GLYCOL, AMMONIUM ACRYLOYLDIMETHYLTAURATE\/VP COPOLYMER, CAESALPINIA SPINOSA FRUIT EXTRACT, CAPRYLYL GLYCOL, PEG-40 HYDROGENATED CASTOR OIL, SODIUM HYALURONATE, TOCOPHEROL, SOLANUM LYCOPERSICUM FRUIT\/LEAF\/STEM EXTRACT, BHT, TOCOPHEROL, PHENOXYETHANOL, IRIS FLORENTINA ROOT EXTRACT, DISODIUM EDTA<\/span><\/div>\n<\/div>\n<\/div>\n<p>&nbsp;<\/p>\n<p class=\"MuiTypography-root MuiTypography-body1 products-app-emotion-1qn0wr5\">*Spot\u0159ebitelsky testov\u00e1no<\/p>\n<div class=\"products-app-emotion-1nacawr\">\n<div class=\"products-app-emotion-bco1gb\">\n<p class=\"MuiTypography-root MuiTypography-body1 products-app-emotion-1qn0wr5\" data-testid=\"Presentation-product-detail-dimensions\">Rozm\u011bry: D\u00e9lka 168mm, V\u00fd\u0161ka 28mm, Hloubka 80mm, Hmotnost 44g<\/p>\n<p class=\"MuiTypography-root MuiTypography-body1 products-app-emotion-1qn0wr5\" data-testid=\"Presentation-product-detail-dimensions-details\">Podrobnosti: 7 ampul\u00ed po 1.5 ml.<\/p>\n<p class=\"MuiTypography-root MuiTypography-body1 products-app-emotion-1qn0wr5\" data-testid=\"Presentation-product-detail-full-product-name\">\u00dapln\u00fd n\u00e1zev produktu: Peptidov\u00e9 ampulky Novage+ Proceuticals Express<\/p>\n<\/div>\n<\/div>\n","protected":false},"excerpt":{"rendered":"<p><span style=\"font-family: arial, helvetica, sans-serif; color: #000000;\">Precizn\u011b d\u00e1vkovan\u00e9 ampulky pln\u00e9 peptid\u016f, kter\u00e9 podporuj\u00ed tvorbu kolagenu. Okam\u017eit\u011b vyp\u00ednaj\u00ed, zpev\u0148uj\u00ed a vyhlazuj\u00ed ple\u0165 v r\u00e1mci 7denn\u00ed intenzivn\u00ed k\u00fary.<\/span><\/p>\n<ul class=\"products-app-emotion-tr0r3x\">\n<li data-testid=\"Presentation-product-detail-product-benefit\"><span style=\"font-family: arial, helvetica, sans-serif; color: #000000;\">Okam\u017eit\u011b vyp\u00edn\u00e1 ple\u0165*<\/span><\/li>\n<li data-testid=\"Presentation-product-detail-product-benefit\"><span style=\"font-family: arial, helvetica, sans-serif; color: #000000;\">89 % po 1 t\u00fddnu vn\u00edmalo vypnut\u011bj\u0161\u00ed ple\u0165*<\/span><\/li>\n<li data-testid=\"Presentation-product-detail-product-benefit\"><span style=\"font-family: arial, helvetica, sans-serif; color: #000000;\">Pocit zpevn\u011bn\u00e9 + pru\u017en\u00e9 pleti*<\/span><\/li>\n<\/ul>\n<p><span style=\"font-family: arial, helvetica, sans-serif; color: #000000;\">7 x 10,5ml<\/span><\/p>\n<div class=\"woocommerce-product-details__short-description\">\n<div class=\"woocommerce-product-details__short-description\">\n<p>Nejni\u017e\u0161\u00ed cena platn\u00e1 ve 30 dnech p\u0159ed platnost\u00ed sou\u010dasn\u00e9 ceny byla 420 K\u010d.<\/p>\n<\/div>\n<\/div>\n","protected":false},"featured_media":8418,"comment_status":"closed","ping_status":"closed","template":"","meta":[],"pwb-brand":[27],"product_brand":[91],"product_cat":[30,43],"product_tag":[],"class_list":{"0":"post-8417","1":"product","2":"type-product","3":"status-publish","4":"has-post-thumbnail","6":"pwb-brand-https-cz-oriflame-com-cataloguesstorebeautyobchod","7":"product_brand-oriflame","8":"product_cat-pece-o-plet","9":"product_cat-pletova-sera","11":"first","12":"instock","13":"sale","14":"taxable","15":"shipping-taxable","16":"purchasable","17":"product-type-simple"},"brands":[{"id":27,"name":"Oriflame","slug":"https-cz-oriflame-com-cataloguesstorebeautyobchod"}],"_links":{"self":[{"href":"https:\/\/priroda-uvadi.cz\/beauty\/wp-json\/wp\/v2\/product\/8417","targetHints":{"allow":["GET"]}}],"collection":[{"href":"https:\/\/priroda-uvadi.cz\/beauty\/wp-json\/wp\/v2\/product"}],"about":[{"href":"https:\/\/priroda-uvadi.cz\/beauty\/wp-json\/wp\/v2\/types\/product"}],"replies":[{"embeddable":true,"href":"https:\/\/priroda-uvadi.cz\/beauty\/wp-json\/wp\/v2\/comments?post=8417"}],"wp:featuredmedia":[{"embeddable":true,"href":"https:\/\/priroda-uvadi.cz\/beauty\/wp-json\/wp\/v2\/media\/8418"}],"wp:attachment":[{"href":"https:\/\/priroda-uvadi.cz\/beauty\/wp-json\/wp\/v2\/media?parent=8417"}],"wp:term":[{"taxonomy":"pwb-brand","embeddable":true,"href":"https:\/\/priroda-uvadi.cz\/beauty\/wp-json\/wp\/v2\/pwb-brand?post=8417"},{"taxonomy":"product_brand","embeddable":true,"href":"https:\/\/priroda-uvadi.cz\/beauty\/wp-json\/wp\/v2\/product_brand?post=8417"},{"taxonomy":"product_cat","embeddable":true,"href":"https:\/\/priroda-uvadi.cz\/beauty\/wp-json\/wp\/v2\/product_cat?post=8417"},{"taxonomy":"product_tag","embeddable":true,"href":"https:\/\/priroda-uvadi.cz\/beauty\/wp-json\/wp\/v2\/product_tag?post=8417"}],"curies":[{"name":"wp","href":"https:\/\/api.w.org\/{rel}","templated":true}]}}