{"id":8379,"date":"2026-03-11T15:54:34","date_gmt":"2026-03-11T14:54:34","guid":{"rendered":"https:\/\/priroda-uvadi.cz\/beauty\/?post_type=product&#038;p=8379"},"modified":"2026-03-11T15:54:34","modified_gmt":"2026-03-11T14:54:34","slug":"ballerina-edp-for-pro-zeny-50-ml","status":"publish","type":"product","link":"https:\/\/priroda-uvadi.cz\/beauty\/produkt\/ballerina-edp-for-pro-zeny-50-ml\/","title":{"rendered":"Ballerina EDP for PRO \u017dENY 50 ml"},"content":{"rendered":"<p><span style=\"font-family: arial, helvetica, sans-serif; color: #000000;\">Nasprejujte parf\u00e9m na pulzn\u00ed body, jako jsou z\u00e1p\u011bst\u00ed, krk nebo za u\u0161i, pro dlouhotrvaj\u00edc\u00ed v\u016fni. <\/span><\/p>\n<p><span style=\"font-family: arial, helvetica, sans-serif; color: #000000;\">Po aplikaci se vyhn\u011bte t\u0159en\u00ed poko\u017eky, aby nedo\u0161lo ke zm\u011bn\u011b v\u016fn\u011b. <\/span><\/p>\n<p><span style=\"font-family: arial, helvetica, sans-serif; color: #000000;\">Vyhn\u011bte se kontaktu s o\u010dima a podr\u00e1\u017ed\u011bnou nebo poran\u011bnou poko\u017ekou. <\/span><\/p>\n<p><span style=\"font-family: arial, helvetica, sans-serif; color: #000000;\">Uchov\u00e1vejte mimo dosah d\u011bt\u00ed a nevystavujte p\u0159\u00edm\u00e9mu slune\u010dn\u00edmu z\u00e1\u0159en\u00ed nebo vysok\u00fdm teplot\u00e1m.<\/span><\/p>\n<hr \/>\n<p><span style=\"font-family: arial, helvetica, sans-serif; font-size: 10pt;\">Slo\u017een\u00ed<\/span><\/p>\n<p><span style=\"font-family: arial, helvetica, sans-serif; font-size: 10pt;\">Alcohol Denat., Fragrance\/Parfum, Water\/Aqua, Linalool, Tetramethyl Acetyloctahydronaphthalenes, Pogostemon Cablin Oil, Linalyl Acetate, Trimethylbenzenepropanol, Limonene, Benzyl Salicylate, Geranyl Acetate, Citronellol, Geraniol, Coumarin, Dimethyl Phenethyl Acetate, Citrus Limon Peel Oil, Hexyl Cinnamal, Vanillin, Pinene, Beta-Caryophyllene, Rose Ketones, Citral, Citrus Aurantium Peel Oil, Terpineol, Benzyl Benzoate, Citrus Aurantium Flower Oil, Hydroxycitronellal.<\/span><\/p>\n","protected":false},"excerpt":{"rendered":"<p><span style=\"font-family: arial, helvetica, sans-serif; color: #000000;\">Objevte svou vnit\u0159n\u00ed eleganci a okouzlete sv\u011bt kolem sebe. <\/span><\/p>\n<p><span style=\"font-family: arial, helvetica, sans-serif; color: #000000;\">Hlava v\u016fn\u011b: mandarinka, neroli, r\u016f\u017eov\u00fd pep\u0159, ovocn\u00e9 t\u00f3ny <\/span><\/p>\n<p><span style=\"font-family: arial, helvetica, sans-serif; color: #000000;\">Srdce v\u016fn\u011b: b\u00edl\u00e9 kv\u011bty, pivo\u0148ka, lilie, zelen\u00e9 t\u00f3ny <\/span><\/p>\n<p><span style=\"font-family: arial, helvetica, sans-serif; color: #000000;\">Z\u00e1klad v\u016fn\u011b: pa\u010duli, ambra, pi\u017emo, gurm\u00e1nsk\u00e9 t\u00f3ny<\/span><\/p>\n<p><span style=\"font-family: arial, helvetica, sans-serif; color: #000000;\">50ml<\/span><\/p>\n<div class=\"woocommerce-product-details__short-description\">\n<p><span style=\"font-family: arial, helvetica, sans-serif; font-size: 10pt;\">Nejni\u017e\u0161\u00ed cena platn\u00e1 ve 30 dnech p\u0159ed platnost\u00ed sou\u010dasn\u00e9 ceny byla 350 K\u010d.<\/span><\/p>\n<\/div>\n","protected":false},"featured_media":8380,"comment_status":"closed","ping_status":"closed","template":"","meta":[],"pwb-brand":[87],"product_brand":[94],"product_cat":[17],"product_tag":[],"class_list":{"0":"post-8379","1":"product","2":"type-product","3":"status-publish","4":"has-post-thumbnail","6":"pwb-brand-https-www-farmasi-cz-inka-catalog","7":"product_brand-farmasi","8":"product_cat-vune-zeny","10":"first","11":"instock","12":"sale","13":"taxable","14":"shipping-taxable","15":"purchasable","16":"product-type-simple"},"brands":[{"id":87,"name":"Farmasi","slug":"https-www-farmasi-cz-inka-catalog"}],"_links":{"self":[{"href":"https:\/\/priroda-uvadi.cz\/beauty\/wp-json\/wp\/v2\/product\/8379","targetHints":{"allow":["GET"]}}],"collection":[{"href":"https:\/\/priroda-uvadi.cz\/beauty\/wp-json\/wp\/v2\/product"}],"about":[{"href":"https:\/\/priroda-uvadi.cz\/beauty\/wp-json\/wp\/v2\/types\/product"}],"replies":[{"embeddable":true,"href":"https:\/\/priroda-uvadi.cz\/beauty\/wp-json\/wp\/v2\/comments?post=8379"}],"wp:featuredmedia":[{"embeddable":true,"href":"https:\/\/priroda-uvadi.cz\/beauty\/wp-json\/wp\/v2\/media\/8380"}],"wp:attachment":[{"href":"https:\/\/priroda-uvadi.cz\/beauty\/wp-json\/wp\/v2\/media?parent=8379"}],"wp:term":[{"taxonomy":"pwb-brand","embeddable":true,"href":"https:\/\/priroda-uvadi.cz\/beauty\/wp-json\/wp\/v2\/pwb-brand?post=8379"},{"taxonomy":"product_brand","embeddable":true,"href":"https:\/\/priroda-uvadi.cz\/beauty\/wp-json\/wp\/v2\/product_brand?post=8379"},{"taxonomy":"product_cat","embeddable":true,"href":"https:\/\/priroda-uvadi.cz\/beauty\/wp-json\/wp\/v2\/product_cat?post=8379"},{"taxonomy":"product_tag","embeddable":true,"href":"https:\/\/priroda-uvadi.cz\/beauty\/wp-json\/wp\/v2\/product_tag?post=8379"}],"curies":[{"name":"wp","href":"https:\/\/api.w.org\/{rel}","templated":true}]}}