{"id":8373,"date":"2026-03-11T15:17:32","date_gmt":"2026-03-11T14:17:32","guid":{"rendered":"https:\/\/priroda-uvadi.cz\/beauty\/?post_type=product&#038;p=8373"},"modified":"2026-03-11T15:27:03","modified_gmt":"2026-03-11T14:27:03","slug":"paletka-ocnich-stinu-no-75","status":"publish","type":"product","link":"https:\/\/priroda-uvadi.cz\/beauty\/produkt\/paletka-ocnich-stinu-no-75\/","title":{"rendered":"PALETKA O\u010cN\u00cdCH ST\u00cdN\u016e NO.75"},"content":{"rendered":"<p><span style=\"font-family: arial, helvetica, sans-serif; color: #000000;\">Omezen\u00e1 edice (\u201elimited edition\u201c): skv\u011bl\u00e1 mo\u017enost pro milovnice make-upu i pro ty, kdo r\u00e1di sb\u00edraj\u00ed v\u00fdjime\u010dn\u00e9 paletky<\/span><\/p>\n<p><span style=\"font-family: arial, helvetica, sans-serif; color: #000000;\">Upozorn\u011bn\u00ed: Pouze pro vn\u011bj\u0161\u00ed pou\u017eit\u00ed. Vyhn\u011bte se kontaktu s o\u010dima. <\/span><\/p>\n<p><span style=\"font-family: arial, helvetica, sans-serif; color: #000000;\">Pokud st\u00edny p\u0159ijdou do kontaktu s o\u010dima, d\u016fkladn\u011b vypl\u00e1chn\u011bte vodou. Nepou\u017e\u00edvejte na podr\u00e1\u017ed\u011bnou nebo po\u0161kozenou poko\u017eku. Pokud se objev\u00ed vyr\u00e1\u017eka, zarudnut\u00ed nebo jin\u00e9 podr\u00e1\u017ed\u011bn\u00ed, p\u0159eru\u0161te pou\u017e\u00edv\u00e1n\u00ed. <\/span><\/p>\n<p><span style=\"font-family: arial, helvetica, sans-serif; color: #000000;\">Ukl\u00e1dejte mimo dosah d\u011bt\u00ed. Skladujte na such\u00e9m m\u00edst\u011b, mimo p\u0159\u00edm\u00e9 slune\u010dn\u00ed sv\u011btlo, p\u0159i pokojov\u00e9 teplot\u011b.<\/span><\/p>\n<p><strong><span style=\"font-family: arial, helvetica, sans-serif; color: #000000;\">N\u00e1vod na pou\u017eit\u00ed<\/span><\/strong><\/p>\n<p><span style=\"font-family: arial, helvetica, sans-serif; color: #000000;\">P\u0159\u00edprava o\u010d\u00ed \u2013 za\u010dn\u011bte aplikac\u00ed o\u010dn\u00ed b\u00e1ze (primeru), kter\u00fd zajist\u00ed del\u0161\u00ed v\u00fddr\u017e a intenzivn\u011bj\u0161\u00ed barvu. <\/span><\/p>\n<p><span style=\"font-family: arial, helvetica, sans-serif; color: #000000;\">Podkladov\u00fd t\u00f3n \u2013 naneste sv\u011btl\u00fd nebo neutr\u00e1ln\u00ed matn\u00fd odst\u00edn p\u0159es cel\u00e9 v\u00ed\u010dko, aby se zafixoval podklad. Modelov\u00e1n\u00ed \u2013 aplikujte tmav\u0161\u00ed matn\u00fd odst\u00edn do z\u00e1hybu v\u00ed\u010dka (\u201ecrease\u201c) pro v\u00edce hloubky. <\/span><\/p>\n<p><span style=\"font-family: arial, helvetica, sans-serif; color: #000000;\">Akcent \u2013 pou\u017eijte t\u0159pytiv\u00fd nebo metalick\u00fd t\u00f3n na st\u0159edu v\u00ed\u010dka nebo do vnit\u0159n\u00edho koutku oka pro zv\u00fdrazn\u011bn\u00ed. <\/span><\/p>\n<p><span style=\"font-family: arial, helvetica, sans-serif; color: #000000;\">Blendov\u00e1n\u00ed \u2013 pe\u010dliv\u011b rozet\u0159ete p\u0159echody mezi barvami, pou\u017eijte \u010dist\u00fd \u0161t\u011btec pro jemn\u00e9 st\u00edny. <\/span><\/p>\n<p><span style=\"font-family: arial, helvetica, sans-serif; color: #000000;\">Fixace \u2013 pokud chcete, do fixa\u010dn\u00edho spreje navlh\u010dete \u0161t\u011btec p\u0159ed pou\u017eit\u00edm t\u0159pytiv\u00e9ho odst\u00ednu, pro intenzivn\u011bj\u0161\u00ed v\u00fdsledek.<\/span><\/p>\n<p>&#8212;&#8212;&#8212;&#8212;&#8212;&#8212;&#8212;&#8212;&#8212;&#8212;&#8212;&#8212;&#8212;&#8212;&#8212;&#8212;&#8212;&#8212;&#8212;&#8212;&#8212;&#8212;&#8212;&#8212;&#8212;&#8212;&#8212;&#8212;&#8212;&#8212;&#8212;&#8212;&#8212;&#8212;&#8212;&#8212;&#8212;&#8212;&#8212;&#8212;&#8212;<\/p>\n<p><span style=\"font-family: arial, helvetica, sans-serif; color: #000000; font-size: 10pt;\">Slo\u017een\u00ed<\/span><\/p>\n<p><span style=\"font-family: arial, helvetica, sans-serif; font-size: 10pt;\">Ingredients: Mica, Magnesium Stearate, Polyethylene, Silica, Boron Nitride, Kaolin, Mineral Oil, 2-Ethylhexyl Palmitate, Dimethicone, Hydrogenated Polyisobutene, Dipentaerythrityl Pentaisononanoate, Octyldodecanol, Tridecyl Trimellitate, Microcrystalline Wax, Dimethicone Crosspolymer, Triethoxycaprylylsilane, Aluminum Hydroxide, Calcium Aluminum Borosilicate, Synthetic Fluorphlogopite, Tocopheryl Acetate, Pentaerythrityl Tetra-di-t-butyl Hydroxyhydrocinnamate, Phenoxyethanol, Ethylhexylglycerin, Tin Oxide, Tocopherol, Fragrance, Isododecane. May Contain: Titanium Dioxide (CI 77891), Iron Oxides (CI 77491, CI 77492, CI 77499), FD&amp;C Yellow No. 5 Aluminum Lake (CI 19140), FD&amp;C Red No. 40 Aluminum Lake (CI 16035), FD&amp;C Blue No. 1 Aluminum Lake (CI 42090), Ultramarines (CI 77007), D&amp;C Black No. 2 (CI 77266), Manganese Violet (CI 77742), Ferric Ammonium Ferrocyanide (CI 77510).<\/span><\/p>\n","protected":false},"excerpt":{"rendered":"<p><span style=\"font-family: arial, helvetica, sans-serif; color: #000000;\">Objevte Farmasi No. 75 Anniversary Eyeshadow Palette \u2013 limitovanou edici o\u010dn\u00edch st\u00edn\u016f p\u0159ipom\u00ednaj\u00edc\u00ed 75 let kr\u00e1sy, inovace a d\u016fv\u011bry. <\/span><\/p>\n<p><span style=\"font-family: arial, helvetica, sans-serif; color: #000000;\">Tato paletka obsahuje 28 sofistikovan\u00fdch odst\u00edn\u016f \u2013 matn\u00fdch, t\u0159pytiv\u00fdch a sat\u00e9nov\u00fdch \u2013 kter\u00e9 kombinuj\u00ed klasickou eleganci s odvahou modern\u00edch trend\u016f. Ide\u00e1ln\u00ed pro v\u0161edn\u00ed denn\u00ed l\u00ed\u010den\u00ed i ve\u010dern\u00ed dramatick\u00fd look. Pigmentace vysok\u00e9 kvality: odst\u00edny se lehce nan\u00e1\u0161ej\u00ed, dob\u0159e vrstv\u011bj\u00ed a blenduj\u00ed, bez zbyte\u010dn\u00e9ho pr\u00e1\u0161en\u00ed. Univerz\u00e1ln\u00ed barevn\u00e1 \u0161k\u00e1la: tepl\u00e9 i studen\u00e9 t\u00f3ny \u2013 b\u00e9\u017eov\u00e9, hn\u011bd\u00e9, zlatav\u00e9, bronzov\u00e9, \u0161ediv\u00e9, a z\u00e1\u0159\u00edc\u00ed metalick\u00e9 akcenty \u2013 pro ka\u017ed\u00fd typ pleti <\/span><\/p>\n<p><span style=\"font-family: arial, helvetica, sans-serif; color: #000000;\">Exkluzivn\u00ed design: elegantn\u00ed pouzdro, zabalen\u00e9 jako sb\u011bratelsk\u00fd kousek s ohledem na detail a styl.<\/span><\/p>\n<p><span style=\"font-family: arial, helvetica, sans-serif;\">33,6g<\/span><\/p>\n<div class=\"woocommerce-product-details__short-description\">\n<p><span style=\"font-family: arial, helvetica, sans-serif; font-size: 10pt;\">Nejni\u017e\u0161\u00ed cena platn\u00e1 ve 30 dnech p\u0159ed platnost\u00ed sou\u010dasn\u00e9 ceny byla 400 K\u010d.<\/span><\/p>\n<\/div>\n<p>&nbsp;<\/p>\n","protected":false},"featured_media":8374,"comment_status":"closed","ping_status":"closed","template":"","meta":[],"pwb-brand":[],"product_brand":[94],"product_cat":[46,69],"product_tag":[],"class_list":{"0":"post-8373","1":"product","2":"type-product","3":"status-publish","4":"has-post-thumbnail","6":"product_brand-farmasi","7":"product_cat-dekorativni-kosmetika","8":"product_cat-stiny","10":"first","11":"instock","12":"sale","13":"taxable","14":"shipping-taxable","15":"purchasable","16":"product-type-simple"},"brands":[],"_links":{"self":[{"href":"https:\/\/priroda-uvadi.cz\/beauty\/wp-json\/wp\/v2\/product\/8373","targetHints":{"allow":["GET"]}}],"collection":[{"href":"https:\/\/priroda-uvadi.cz\/beauty\/wp-json\/wp\/v2\/product"}],"about":[{"href":"https:\/\/priroda-uvadi.cz\/beauty\/wp-json\/wp\/v2\/types\/product"}],"replies":[{"embeddable":true,"href":"https:\/\/priroda-uvadi.cz\/beauty\/wp-json\/wp\/v2\/comments?post=8373"}],"wp:featuredmedia":[{"embeddable":true,"href":"https:\/\/priroda-uvadi.cz\/beauty\/wp-json\/wp\/v2\/media\/8374"}],"wp:attachment":[{"href":"https:\/\/priroda-uvadi.cz\/beauty\/wp-json\/wp\/v2\/media?parent=8373"}],"wp:term":[{"taxonomy":"pwb-brand","embeddable":true,"href":"https:\/\/priroda-uvadi.cz\/beauty\/wp-json\/wp\/v2\/pwb-brand?post=8373"},{"taxonomy":"product_brand","embeddable":true,"href":"https:\/\/priroda-uvadi.cz\/beauty\/wp-json\/wp\/v2\/product_brand?post=8373"},{"taxonomy":"product_cat","embeddable":true,"href":"https:\/\/priroda-uvadi.cz\/beauty\/wp-json\/wp\/v2\/product_cat?post=8373"},{"taxonomy":"product_tag","embeddable":true,"href":"https:\/\/priroda-uvadi.cz\/beauty\/wp-json\/wp\/v2\/product_tag?post=8373"}],"curies":[{"name":"wp","href":"https:\/\/api.w.org\/{rel}","templated":true}]}}