{"id":8333,"date":"2026-02-27T12:22:13","date_gmt":"2026-02-27T11:22:13","guid":{"rendered":"https:\/\/priroda-uvadi.cz\/beauty\/?post_type=product&#038;p=8333"},"modified":"2026-02-27T12:22:14","modified_gmt":"2026-02-27T11:22:14","slug":"lehky-testovaci-ritual-blemishage-defy-novage","status":"publish","type":"product","link":"https:\/\/priroda-uvadi.cz\/beauty\/produkt\/lehky-testovaci-ritual-blemishage-defy-novage\/","title":{"rendered":"Lehk\u00fd testovac\u00ed ritu\u00e1l Blemish+Age Defy Novage+"},"content":{"rendered":"<div class=\"Y3BBE\" data-sfc-cp=\"\" data-hveid=\"CAQQAA\" data-complete=\"true\" data-processed=\"true\"><span style=\"font-family: arial, helvetica, sans-serif; color: #000000;\">Tato sada je navr\u017eena jako testovac\u00ed k\u00fara (obsahuje obvykle 8 vzork\u016f\/kus\u016f) pro vyzkou\u0161en\u00ed \u00fa\u010dink\u016f \u0159ady Novage+.<span class=\"uJ19be notranslate\" data-wiz-uids=\"YDQYFb_s,YDQYFb_t\" data-complete=\"true\" data-processed=\"true\"><span class=\"vKEkVd\" data-animation-atomic=\"\" data-wiz-attrbind=\"class=YDQYFb_r\/TKHnVd\" data-sae=\"\"><span aria-hidden=\"true\">\u00a0<\/span><\/span><\/span><\/span><\/div>\n<ul class=\"KsbFXc U6u95\" data-complete=\"true\" data-processed=\"true\">\n<li class=\"dF3vjf\" data-hveid=\"CAUQAA\" data-complete=\"true\" data-sae=\"\"><span class=\"T286Pc\" style=\"font-family: arial, helvetica, sans-serif; color: #000000;\" data-sfc-cp=\"\" data-complete=\"true\"><strong class=\"Yjhzub\" data-complete=\"true\">C\u00edlov\u00e1 skupina:<\/strong>\u00a0Ple\u0165 se sklonem k nedokonalostem, ucpan\u00fdm p\u00f3r\u016fm a z\u00e1rove\u0148 s v\u00fdskytem vr\u00e1sek.<\/span><\/li>\n<li class=\"dF3vjf\" data-hveid=\"CAUQAQ\" data-complete=\"true\" data-sae=\"\"><span class=\"T286Pc\" style=\"font-family: arial, helvetica, sans-serif; color: #000000;\" data-sfc-cp=\"\" data-complete=\"true\"><strong class=\"Yjhzub\" data-complete=\"true\">Kl\u00ed\u010dov\u00e9 benefity:<\/strong>\u00a0Redukuje v\u00fdskyt \u010dern\u00fdch te\u010dek a pup\u00ednk\u016f, zjem\u0148uje texturu pleti a bojuje proti link\u00e1m a vr\u00e1sk\u00e1m.<\/span><\/li>\n<li class=\"dF3vjf\" data-hveid=\"CAUQAg\" data-complete=\"true\" data-sae=\"\"><span class=\"T286Pc\" style=\"font-family: arial, helvetica, sans-serif; color: #000000;\" data-sfc-cp=\"\" data-complete=\"true\" aria-owns=\"action-menu-parent-container\"><strong class=\"Yjhzub\" data-complete=\"true\">Typ textury:<\/strong>\u00a0Varianta &#8222;Light&#8220; (lehk\u00e1) je vhodn\u00e1 zejm\u00e9na pro sm\u00ed\u0161enou a\u017e mastnou ple\u0165<\/span><\/li>\n<\/ul>\n<p>&nbsp;<\/p>\n","protected":false},"excerpt":{"rendered":"<div id=\"tabs\" class=\"products-app-emotion-1xyaxzq\">\n<div class=\"products-app-emotion-qsaw8\" data-testid=\"Presentation-product-detail-tabs\">\n<div class=\"products-app-emotion-15ojik8\" role=\"tabpanel\" data-testid=\"Presentation-product-detail-tab-panel\" aria-labelledby=\"description\">\n<div class=\"products-app-emotion-ikburi\">\n<div class=\"TextWithHtml-root products-app-emotion-1q94rgb\">\n<div class=\"TextWithHtml-text products-app-emotion-2zfhel\" data-testid=\"Presentation-product-detail-wysiwyg\"><span style=\"font-family: arial, helvetica, sans-serif; color: #000000;\">Nejste \u00fapln\u011b p\u0159ipraven\u00e1 na kompletn\u00ed ritu\u00e1l? <\/span><\/div>\n<div class=\"TextWithHtml-text products-app-emotion-2zfhel\" data-testid=\"Presentation-product-detail-wysiwyg\"><span style=\"font-family: arial, helvetica, sans-serif; color: #000000;\">Vyzkou\u0161ejte jeho v\u00fdsledky s testovac\u00ed sadou a vra\u0165te se pro \u00faplnou. Ritu\u00e1l Blemish+ Age Defy \u0159ady Novage+ zlep\u0161uje stav st\u00e1rnouc\u00ed pleti, c\u00edl\u00ed na nedokonalosti a ucpan\u00e9 p\u00f3ry a pom\u00e1h\u00e1 pleti doc\u00edlit zdrav\u00e9ho, mladistv\u00e9ho vzhledu. <\/span><\/div>\n<div class=\"TextWithHtml-text products-app-emotion-2zfhel\" data-testid=\"Presentation-product-detail-wysiwyg\"><span style=\"font-family: arial, helvetica, sans-serif; color: #000000;\">Sadu tvo\u0159\u00ed 2 p\u0159\u00edpravky standardn\u00ed velikosti (s\u00e9rum a denn\u00ed kr\u00e9m) a 6 vzork\u016f (2 x \u010distic\u00ed gel, 2 x o\u010dn\u00ed kr\u00e9m, 2 x no\u010dn\u00ed kr\u00e9m).<\/span><\/div>\n<div data-testid=\"Presentation-product-detail-wysiwyg\">\n<div class=\"woocommerce-product-details__short-description\">\n<div class=\"woocommerce-product-details__short-description\">\n<p><span style=\"font-family: arial, helvetica, sans-serif; font-size: 10pt;\">Nejni\u017e\u0161\u00ed cena platn\u00e1 ve 30 dnech p\u0159ed platnost\u00ed sou\u010dasn\u00e9 ceny byla 500 K\u010d<\/span><\/p>\n<\/div>\n<\/div>\n<\/div>\n<div data-testid=\"Presentation-product-detail-wysiwyg\"><\/div>\n<\/div>\n<\/div>\n<\/div>\n<\/div>\n<\/div>\n<div id=\"guarantees\" class=\"products-app-emotion-1xyaxzq\">\n<div class=\"products-app-emotion-1fxqtsw\" data-testid=\"Presentation-product-detail-guarantees\">\n<div class=\"products-app-emotion-1hbrs3p\" data-testid=\"Presentation-product-detail-guarantee\">\n<div class=\"products-app-emotion-b6meum\"><\/div>\n<\/div>\n<\/div>\n<\/div>\n","protected":false},"featured_media":8334,"comment_status":"closed","ping_status":"closed","template":"","meta":[],"pwb-brand":[27],"product_brand":[91],"product_cat":[38,40,39,44,41,30,43],"product_tag":[],"class_list":{"0":"post-8333","1":"product","2":"type-product","3":"status-publish","4":"has-post-thumbnail","6":"pwb-brand-https-cz-oriflame-com-cataloguesstorebeautyobchod","7":"product_brand-oriflame","8":"product_cat-cisteni-pleti","9":"product_cat-denni-kremy","10":"product_cat-nocni-pece","11":"product_cat-sady-novage","12":"product_cat-ocni-pece","13":"product_cat-pece-o-plet","14":"product_cat-pletova-sera","16":"first","17":"instock","18":"sale","19":"taxable","20":"shipping-taxable","21":"purchasable","22":"product-type-simple"},"brands":[{"id":27,"name":"Oriflame","slug":"https-cz-oriflame-com-cataloguesstorebeautyobchod"}],"_links":{"self":[{"href":"https:\/\/priroda-uvadi.cz\/beauty\/wp-json\/wp\/v2\/product\/8333","targetHints":{"allow":["GET"]}}],"collection":[{"href":"https:\/\/priroda-uvadi.cz\/beauty\/wp-json\/wp\/v2\/product"}],"about":[{"href":"https:\/\/priroda-uvadi.cz\/beauty\/wp-json\/wp\/v2\/types\/product"}],"replies":[{"embeddable":true,"href":"https:\/\/priroda-uvadi.cz\/beauty\/wp-json\/wp\/v2\/comments?post=8333"}],"wp:featuredmedia":[{"embeddable":true,"href":"https:\/\/priroda-uvadi.cz\/beauty\/wp-json\/wp\/v2\/media\/8334"}],"wp:attachment":[{"href":"https:\/\/priroda-uvadi.cz\/beauty\/wp-json\/wp\/v2\/media?parent=8333"}],"wp:term":[{"taxonomy":"pwb-brand","embeddable":true,"href":"https:\/\/priroda-uvadi.cz\/beauty\/wp-json\/wp\/v2\/pwb-brand?post=8333"},{"taxonomy":"product_brand","embeddable":true,"href":"https:\/\/priroda-uvadi.cz\/beauty\/wp-json\/wp\/v2\/product_brand?post=8333"},{"taxonomy":"product_cat","embeddable":true,"href":"https:\/\/priroda-uvadi.cz\/beauty\/wp-json\/wp\/v2\/product_cat?post=8333"},{"taxonomy":"product_tag","embeddable":true,"href":"https:\/\/priroda-uvadi.cz\/beauty\/wp-json\/wp\/v2\/product_tag?post=8333"}],"curies":[{"name":"wp","href":"https:\/\/api.w.org\/{rel}","templated":true}]}}