{"id":8314,"date":"2026-02-18T15:45:08","date_gmt":"2026-02-18T14:45:08","guid":{"rendered":"https:\/\/priroda-uvadi.cz\/beauty\/?post_type=product&#038;p=8314"},"modified":"2026-02-18T16:04:54","modified_gmt":"2026-02-18T15:04:54","slug":"gelove-hydratacni-naplasti-opt-optimals-hydra-glow-7g","status":"publish","type":"product","link":"https:\/\/priroda-uvadi.cz\/beauty\/produkt\/gelove-hydratacni-naplasti-opt-optimals-hydra-glow-7g\/","title":{"rendered":"Gelov\u00e9 hydrata\u010dn\u00ed n\u00e1plasti Opt Optimals Hydra-Glow, 7g"},"content":{"rendered":"<p class=\"MuiTypography-root MuiTypography-body1 products-app-emotion-1qn0wr5\"><span style=\"font-family: arial, helvetica, sans-serif; color: #000000;\">Unaven\u00e1, mdl\u00e1, dehydrovan\u00e1 tv\u00e1\u0159? Otoky a tmav\u00e9 kruhy pod o\u010dima? Prom\u011b\u0148te to v\u0161echno jen za 10 minut s hydrata\u010dn\u00edmi gelov\u00fdmi n\u00e1plastmi Opt Optimals HydraGlow. Osv\u011b\u017euj\u00edc\u00ed gelov\u00e1 textura n\u00e1plast\u00ed pleti dod\u00e1 v\u00edtanou d\u00e1vku vypln\u011bn\u00ed a proz\u00e1\u0159en\u00ed!<\/span><\/p>\n<ul class=\"MuiTypography-root MuiTypography-body1 products-app-emotion-1qn0wr5\">\n<li><span style=\"font-family: arial, helvetica, sans-serif; color: #000000;\"><b class=\"MuiTypography-root MuiTypography-body1 products-app-emotion-1rnazt1\">B\u011bhem 1 t\u00fddne projas\u0148uje unaven\u00fd vzhled o\u010d\u00ed \u2013 99 % souhlas\u00ed*<\/b><\/span><\/li>\n<li><span style=\"font-family: arial, helvetica, sans-serif; color: #000000;\"><b class=\"MuiTypography-root MuiTypography-body1 products-app-emotion-1rnazt1\">B\u011bhem 1 t\u00fddne redukuje otoky a tmav\u00e9 kruhy pod o\u010dima \u2013 96 % souhlas\u00ed*<\/b><\/span><\/li>\n<li><span style=\"font-family: arial, helvetica, sans-serif; color: #000000;\"><b class=\"MuiTypography-root MuiTypography-body1 products-app-emotion-1rnazt1\">B\u011bhem 2 t\u00fddn\u016f vypadaj\u00ed jemn\u00e9 linky vyhlazen\u011bj\u0161\u00ed \u2013 93 % souhlas\u00ed*<\/b><\/span><\/li>\n<li><span style=\"font-family: arial, helvetica, sans-serif; color: #000000;\"><b class=\"MuiTypography-root MuiTypography-body1 products-app-emotion-1rnazt1\">O\u010dn\u00ed okol\u00ed je okam\u017eit\u011b proz\u00e1\u0159en\u011bj\u0161\u00ed \u2013 91 % souhlas\u00ed*<\/b><\/span><\/li>\n<li><span style=\"font-family: arial, helvetica, sans-serif; color: #000000;\"><b class=\"MuiTypography-root MuiTypography-body1 products-app-emotion-1rnazt1\">Okam\u017eit\u011b zklid\u0148uje ple\u0165 \u2013 100 % souhlas\u00ed*<\/b><\/span><\/li>\n<li><span style=\"font-family: arial, helvetica, sans-serif; color: #000000;\">2 n\u00e1plasti v balen\u00ed<\/span><\/li>\n<li><span style=\"font-family: arial, helvetica, sans-serif; color: #000000;\">Vhodn\u00e9 pro v\u0161echny typy pleti<\/span><\/li>\n<li><span style=\"font-family: arial, helvetica, sans-serif; color: #000000;\">Spot\u0159ebitelsky, dermatologicky a oftalmologicky testov\u00e1no<\/span><\/li>\n<\/ul>\n<p class=\"MuiTypography-root MuiTypography-body1 products-app-emotion-1qn0wr5\"><span style=\"font-family: arial, helvetica, sans-serif; color: #000000;\">Tyto n\u00e1plasti pou\u017e\u00edvejte tak \u010dasto, jak budete pot\u0159ebovat \u2013 pro dosa\u017een\u00ed nejlep\u0161\u00edch v\u00fdsledk\u016f doporu\u010dujeme 3x t\u00fddn\u011b. N\u00e1plasti jsou vhodn\u00e9 na \u010delo, na oblast pod o\u010dima, na tv\u00e1\u0159e \u010di na hranu \u010delisti.<\/span><\/p>\n<ul class=\"MuiTypography-root MuiTypography-body1 products-app-emotion-1qn0wr5\">\n<li><span style=\"font-family: arial, helvetica, sans-serif; color: #000000;\">Aplikujte na \u010distou, suchou poko\u017eku<\/span><\/li>\n<li><span style=\"font-family: arial, helvetica, sans-serif; color: #000000;\">Sloupn\u011bte pr\u016fhledn\u00fd ochrann\u00fd film<\/span><\/li>\n<li><span style=\"font-family: arial, helvetica, sans-serif; color: #000000;\">Vyhla\u010fte masku na ple\u0165 tam, kde pot\u0159ebujete, ale vyhn\u011bte se p\u0159\u00edm\u00e9mu kontaktu s o\u010dima<\/span><\/li>\n<li><span style=\"font-family: arial, helvetica, sans-serif; color: #000000;\">Sloupn\u011bte b\u00edl\u00fd ochrann\u00fd film<\/span><\/li>\n<li><span style=\"font-family: arial, helvetica, sans-serif; color: #000000;\">U\u017eijte si 10 minut relaxace<\/span><\/li>\n<li><span style=\"font-family: arial, helvetica, sans-serif; color: #000000;\">N\u00e1plasti sejm\u011bte a vyho\u010fte je<\/span><\/li>\n<li><span style=\"font-family: arial, helvetica, sans-serif; color: #000000;\">P\u0159\u00edpadn\u00e9 zbytky receptury vet\u0159ete do poko\u017eky nebo set\u0159ete vatov\u00fdm tamp\u00f3nem<\/span><\/li>\n<\/ul>\n<p class=\"MuiTypography-root MuiTypography-body1 products-app-emotion-1qn0wr5\"><span style=\"font-family: arial, helvetica, sans-serif; color: #000000;\">Chcete-li si dop\u0159\u00e1t mimo\u0159\u00e1dn\u011b chladiv\u00fd a sv\u011b\u017e\u00ed z\u00e1\u017eitek, ulo\u017ete n\u00e1plasti do ledni\u010dky.<\/span><\/p>\n<p class=\"MuiTypography-root MuiTypography-body1 products-app-emotion-1qn0wr5\"><span style=\"font-family: arial, helvetica, sans-serif; color: #000000;\">S obsahem kyseliny hyaluronov\u00e9 a niacinamidu.<\/span><\/p>\n<p class=\"MuiTypography-root MuiTypography-body1 products-app-emotion-1qn0wr5\"><span style=\"font-family: arial, helvetica, sans-serif; color: #000000;\"><b class=\"MuiTypography-root MuiTypography-body1 products-app-emotion-1rnazt1\">Niacinamid<\/b><\/span><\/p>\n<p class=\"MuiTypography-root MuiTypography-body1 products-app-emotion-1qn0wr5\"><span style=\"font-family: arial, helvetica, sans-serif; color: #000000;\">neboli nikotinamid \u010di vitamin B3 m\u00e1 pro ple\u0165 hned n\u011bkolik p\u0159\u00ednos\u016f. Pom\u00e1h\u00e1 sni\u017eovat ztr\u00e1ty vlhkosti a podporuje hydrataci pleti, je tak\u00e9 zn\u00e1m\u00fd svou schopnost\u00ed pos\u00edlit ko\u017en\u00ed bari\u00e9ru a projasnit ple\u0165.<\/span><\/p>\n<p><span style=\"font-family: arial, helvetica, sans-serif; color: #000000;\"><b class=\"MuiTypography-root MuiTypography-body1 products-app-emotion-1rnazt1\">Kyselina hyaluronov\u00e1<\/b><\/span><\/p>\n<p class=\"MuiTypography-root MuiTypography-body1 products-app-emotion-1qn0wr5\"><span style=\"font-family: arial, helvetica, sans-serif; color: #000000;\">Kyselina hyaluronov\u00e1 je intenzivn\u011b zvlh\u010duj\u00edc\u00ed molekula, kter\u00e1 se p\u0159irozen\u011b vyskytuje v poko\u017ece. Funguje jako houba, je schopn\u00e1 zadr\u017eovat vodu v objemu tis\u00edcin\u00e1sobku sv\u00e9 v\u00e1hy, a tak ple\u0165 pom\u00e1h\u00e1 udr\u017eet vypln\u011bnou, hebkou a pru\u017enou.<\/span><\/p>\n<p class=\"MuiTypography-root MuiTypography-body1 products-app-emotion-1qn0wr5\"><span style=\"font-family: arial, helvetica, sans-serif; font-size: 10pt;\">* Spot\u0159ebitelsky testov\u00e1no.\u00a0<sup>#<\/sup>\u00a0Spont\u00e1nn\u00ed koment\u00e1\u0159 spot\u0159ebitele.<\/span><\/p>\n<div class=\"products-app-emotion-1nacawr\">\n<div class=\"products-app-emotion-bco1gb\">\n<p class=\"MuiTypography-root MuiTypography-body1 products-app-emotion-1qn0wr5\" data-testid=\"Presentation-product-detail-dimensions\"><span style=\"font-family: arial, helvetica, sans-serif; font-size: 10pt;\">Rozm\u011bry: D\u00e9lka 175mm, V\u00fd\u0161ka 2mm, Hloubka 95mm, Hmotnost 18g<\/span><\/p>\n<p class=\"MuiTypography-root MuiTypography-body1 products-app-emotion-1qn0wr5\" data-testid=\"Presentation-product-detail-full-product-name\"><span style=\"font-family: arial, helvetica, sans-serif; font-size: 10pt;\">\u00dapln\u00fd n\u00e1zev produktu: Gelov\u00e9 hydrata\u010dn\u00ed n\u00e1plasti Opt Optimals Hydra-Glow<\/span><\/p>\n<\/div>\n<\/div>\n","protected":false},"excerpt":{"rendered":"<p><span style=\"font-family: arial, helvetica, sans-serif; color: #000000;\">Intenzivn\u011b zvlh\u010duj\u00edc\u00ed gelov\u00e9 n\u00e1plasti s kyselinou hyaluronovou a niacinamidem okam\u017eit\u011b vypl\u0148uj\u00ed, vyhlazuj\u00ed, osv\u011b\u017e\u00ed a o\u017eiv\u00ed unavenou, dehydrovanou ple\u0165. Hod\u00ed se pro pou\u017eit\u00ed na \u010dele, pod o\u010dima nebo na tv\u00e1\u0159i \u010di na hran\u011b \u010delisti.<\/span><\/p>\n<ul class=\"products-app-emotion-tr0r3x\">\n<li data-testid=\"Presentation-product-detail-product-benefit\"><span style=\"font-family: arial, helvetica, sans-serif; color: #000000;\">Projas\u0148uj\u00ed unaven\u00fd vzhled o\u010d\u00ed<\/span><\/li>\n<li data-testid=\"Presentation-product-detail-product-benefit\"><span style=\"font-family: arial, helvetica, sans-serif; color: #000000;\">Redukuj\u00ed otoky a viditelnost tmav\u00fdch kruh\u016f pod o\u010dima<\/span><\/li>\n<li data-testid=\"Presentation-product-detail-product-benefit\"><span style=\"font-family: arial, helvetica, sans-serif; color: #000000;\">Vyhlazuj\u00ed jemn\u00e9 linky<\/span><\/li>\n<\/ul>\n<p>7g<\/p>\n<div class=\"woocommerce-product-details__short-description\">\n<p><span style=\"font-family: arial, helvetica, sans-serif; font-size: 10pt;\">Nejni\u017e\u0161\u00ed cena platn\u00e1 ve 30 dnech p\u0159ed platnost\u00ed sou\u010dasn\u00e9 ceny byla 100 K\u010d<\/span><\/p>\n<\/div>\n","protected":false},"featured_media":8317,"comment_status":"closed","ping_status":"closed","template":"","meta":[],"pwb-brand":[27],"product_brand":[91],"product_cat":[41,30,43],"product_tag":[],"class_list":{"0":"post-8314","1":"product","2":"type-product","3":"status-publish","4":"has-post-thumbnail","6":"pwb-brand-https-cz-oriflame-com-cataloguesstorebeautyobchod","7":"product_brand-oriflame","8":"product_cat-ocni-pece","9":"product_cat-pece-o-plet","10":"product_cat-pletova-sera","12":"first","13":"instock","14":"sale","15":"taxable","16":"shipping-taxable","17":"purchasable","18":"product-type-simple"},"brands":[{"id":27,"name":"Oriflame","slug":"https-cz-oriflame-com-cataloguesstorebeautyobchod"}],"_links":{"self":[{"href":"https:\/\/priroda-uvadi.cz\/beauty\/wp-json\/wp\/v2\/product\/8314","targetHints":{"allow":["GET"]}}],"collection":[{"href":"https:\/\/priroda-uvadi.cz\/beauty\/wp-json\/wp\/v2\/product"}],"about":[{"href":"https:\/\/priroda-uvadi.cz\/beauty\/wp-json\/wp\/v2\/types\/product"}],"replies":[{"embeddable":true,"href":"https:\/\/priroda-uvadi.cz\/beauty\/wp-json\/wp\/v2\/comments?post=8314"}],"wp:featuredmedia":[{"embeddable":true,"href":"https:\/\/priroda-uvadi.cz\/beauty\/wp-json\/wp\/v2\/media\/8317"}],"wp:attachment":[{"href":"https:\/\/priroda-uvadi.cz\/beauty\/wp-json\/wp\/v2\/media?parent=8314"}],"wp:term":[{"taxonomy":"pwb-brand","embeddable":true,"href":"https:\/\/priroda-uvadi.cz\/beauty\/wp-json\/wp\/v2\/pwb-brand?post=8314"},{"taxonomy":"product_brand","embeddable":true,"href":"https:\/\/priroda-uvadi.cz\/beauty\/wp-json\/wp\/v2\/product_brand?post=8314"},{"taxonomy":"product_cat","embeddable":true,"href":"https:\/\/priroda-uvadi.cz\/beauty\/wp-json\/wp\/v2\/product_cat?post=8314"},{"taxonomy":"product_tag","embeddable":true,"href":"https:\/\/priroda-uvadi.cz\/beauty\/wp-json\/wp\/v2\/product_tag?post=8314"}],"curies":[{"name":"wp","href":"https:\/\/api.w.org\/{rel}","templated":true}]}}