{"id":8308,"date":"2026-02-17T11:46:02","date_gmt":"2026-02-17T10:46:02","guid":{"rendered":"https:\/\/priroda-uvadi.cz\/beauty\/?post_type=product&#038;p=8308"},"modified":"2026-02-24T15:12:22","modified_gmt":"2026-02-24T14:12:22","slug":"parfemovana-voda-infinita-you-edp-50ml","status":"publish","type":"product","link":"https:\/\/priroda-uvadi.cz\/beauty\/produkt\/parfemovana-voda-infinita-you-edp-50ml\/","title":{"rendered":"Parf\u00e9movan\u00e1 voda Infinita You EDP 50ml"},"content":{"rendered":"<p><span style=\"font-family: arial, helvetica, sans-serif; color: #000000;\"><b class=\"MuiTypography-root MuiTypography-body1 products-app-emotion-1rnazt1\">Z\u00e1blesky V\u00c1S<\/b><\/span><\/p>\n<p class=\"MuiTypography-root MuiTypography-body1 products-app-emotion-1qn0wr5\"><span style=\"font-family: arial, helvetica, sans-serif; color: #000000;\">Prodchn\u011bte si \u017eivot kr\u00e1sou s parf\u00e9movanou vodou Infinita You, kter\u00e1 rozmihot\u00e1 vzduch jisk\u0159i\u010dkami radosti. Sv\u011bt pln\u00fd v\u00e1s.<\/span><\/p>\n<p><span style=\"font-family: arial, helvetica, sans-serif; color: #000000;\"><b class=\"MuiTypography-root MuiTypography-body1 products-app-emotion-1rnazt1\">Nekone\u010dn\u011b radostn\u00e1. Nekone\u010dn\u011b \u017eensk\u00e1. Nekone\u010dn\u011b VY.<\/b><\/span><\/p>\n<p class=\"MuiTypography-root MuiTypography-body1 products-app-emotion-1qn0wr5\"><span style=\"font-family: arial, helvetica, sans-serif; color: #000000;\">Tato kv\u011btinov\u011b proz\u00e1\u0159en\u00e1 parf\u00e9movan\u00e1 voda hrou sv\u00fdch t\u00f3n\u016f ohla\u0161uje, \u017ee v\u00e1s nelze vymezit \u017e\u00e1dn\u00fdmi hranicemi. Skvostn\u011b kv\u011btinov\u00e9 t\u00f3ny sv\u00edt\u00ed v sametov\u011b \u017eensk\u00e9m objet\u00ed jasm\u00ednu, kter\u00fd pableskuje ovocn\u00fdmi aspekty a \u0161\u00ed\u0159\u00ed \u00e9terem jisk\u0159i\u010dky radosti. V\u016fn\u011b vyu\u017e\u00edv\u00e1 technologii EverScent<sup>\u00ae<\/sup>Trail, kter\u00e1 vytv\u00e1\u0159\u00ed nezapomenutelnou, p\u0159etrv\u00e1vaj\u00edc\u00ed auru, i kdy\u017e vy u\u017e jste ode\u0161li.<\/span><\/p>\n<p><span style=\"font-family: arial, helvetica, sans-serif; color: #000000;\"><b class=\"MuiTypography-root MuiTypography-body1 products-app-emotion-1rnazt1\">Magnet na komplimenty<\/b><\/span><\/p>\n<p class=\"MuiTypography-root MuiTypography-body1 products-app-emotion-1qn0wr5\"><span style=\"font-family: arial, helvetica, sans-serif; color: #000000;\">Bu\u010fte sv\u00e1 \u2013 u\u017eijte si zaslou\u017een\u00e9 komplimenty, kamkoli se vyd\u00e1te, a podtrhn\u011bte svou p\u0159irozenou \u017eenskost ka\u017edou d\u00e1vkou t\u00e9to v\u016fn\u011b.<\/span><\/p>\n<p><span style=\"font-family: arial, helvetica, sans-serif; color: #000000;\"><b class=\"MuiTypography-root MuiTypography-body1 products-app-emotion-1rnazt1\">\u017div\u00e1 radost smysl\u016f v jedin\u00e9m flakonu<\/b><\/span><\/p>\n<p class=\"MuiTypography-root MuiTypography-body1 products-app-emotion-1qn0wr5\"><span style=\"font-family: arial, helvetica, sans-serif; color: #000000;\">Va\u0161e ka\u017edodenn\u00ed dopaminov\u00e1 d\u00e1vka optimismu poka\u017ed\u00e9, kdy\u017e s\u00e1hnete po flakonu Infinita You, optimistick\u00e9m paradoxu povzn\u00e1\u0161ej\u00edc\u00edch barev \u2013 hluboce fialov\u00e1 se m\u00eds\u00ed se z\u00e1\u0159iv\u011b meru\u0148kovou v mihotav\u011b leskl\u00e9m splynut\u00ed.<\/span><\/p>\n<p><span style=\"font-family: arial, helvetica, sans-serif; color: #000000;\"><b class=\"MuiTypography-root MuiTypography-body1 products-app-emotion-1rnazt1\">Podpora \u017eensk\u00e9 svobody a kreativity<\/b><\/span><\/p>\n<p class=\"MuiTypography-root MuiTypography-body1 products-app-emotion-1qn0wr5\"><span style=\"font-family: arial, helvetica, sans-serif; color: #000000;\">Ka\u017ed\u00e1 v\u016fn\u011b Infinita vznikla d\u00edky vynikaj\u00edc\u00edm surovin\u00e1m ze zodpov\u011bdn\u011b vybran\u00fdch zdroj\u016f, kter\u00e9 podporuj\u00ed pr\u00e1ci \u017een v m\u00edstn\u00edch komunit\u00e1ch.<\/span><\/p>\n<hr \/>\n<p><span style=\"font-family: arial, helvetica, sans-serif; font-size: 10pt;\">Slo\u017een\u00ed<\/span><\/p>\n<pre id=\"tw-target-text\" class=\"tw-data-text tw-text-large tw-ta\" dir=\"ltr\" tabindex=\"-1\" role=\"text\" data-placeholder=\"P\u0159eklad\" data-ved=\"2ahUKEwjv5JaDrOCSAxWCVfEDHXLXCEkQ3ewLegQIDBAW\" aria-label=\"P\u0159elo\u017een\u00fd text: ALKOHOL DENAT., VODA, PARF\u00c9M, LINALOOL, LINALYLACET\u00c1T, TETRAMETHYLACETYLOKTAHYDRONAFTALENY, OLEJ Z KABLINOV\u00c9HO \u0158\u00cd\u0160KU, TRIMETHYLBENZENPROPANOL, PINEN, GERANYLACET\u00c1T, BETA-KARYOFYL\u00c9N, OLEJ \/ EXTRAKT Z KANANGA ODORATA, TERPINEOL, BENZALDEHYD, TERPINOLEN, OLEJ Z K\u016eRY BERGAMIE, LIMONEN, OLEJ Z K\u016eRY BERGAMIE, BENZYLSALICYL\u00c1T, CITRONELLOL, HYDROXYCITRONELLAL, GERANIOL, KUMARIN, VANILIN, CITRAL, R\u016e\u017dOV\u00c9 KETONY, ALFA-TERPINEN\"><span class=\"Y2IQFc\" lang=\"cs\" style=\"font-family: arial, helvetica, sans-serif; font-size: 10pt;\">ALKOHOL DENAT., VODA, PARF\u00c9M, LINALOOL, LINALYLACET\u00c1T, TETRAMETHYLACETYLOKTAHYDRONAFTALENY, OLEJ Z KABLINOV\u00c9HO \u0158\u00cd\u0160KU, TRIMETHYLBENZENPROPANOL, PINEN, GERANYLACET\u00c1T, BETA-KARYOFYL\u00c9N, OLEJ \/ EXTRAKT Z KANANGA ODORATA, TERPINEOL, BENZALDEHYD, TERPINOLEN, OLEJ Z K\u016eRY BERGAMIE, LIMONEN, OLEJ Z K\u016eRY BERGAMIE, BENZYLSALICYL\u00c1T, CITRONELLOL, HYDROXYCITRONELLAL, GERANIOL, KUMARIN, VANILIN, CITRAL, R\u016e\u017dOV\u00c9 KETONY, ALFA-TERPINEN<\/span><\/pre>\n<div class=\"products-app-emotion-1nacawr\">\n<div class=\"products-app-emotion-bco1gb\"><span style=\"font-family: arial, helvetica, sans-serif; font-size: 10pt;\">Rozm\u011bry: D\u00e9lka 105mm, V\u00fd\u0161ka 52mm, Hloubka 72mm, Hmotnost 186g\u00dapln\u00fd n\u00e1zev produktu: Parf\u00e9movan\u00e1 voda Infinita You<\/span><\/div>\n<\/div>\n","protected":false},"excerpt":{"rendered":"<p><span style=\"font-family: arial, helvetica, sans-serif; color: #000000;\">Z\u00e1\u0159iv\u011b kv\u011btinov\u00e1 parf\u00e9movan\u00e1 voda hrou sv\u00fdch t\u00f3n\u016f ohla\u0161uje, \u017ee v\u00e1s nelze vymezit \u017e\u00e1dn\u00fdmi hranicemi. Skvostn\u011b kv\u011btinov\u00e9 t\u00f3ny podbarven\u00e9 ovocn\u00fdmi aspekty ka\u017ed\u00fd n\u00e1dech prosv\u011btluj\u00ed jisk\u00e9rkami radosti.<\/span><\/p>\n<ul class=\"products-app-emotion-tr0r3x\">\n<li data-testid=\"Presentation-product-detail-product-benefit\"><span style=\"font-family: arial, helvetica, sans-serif; color: #000000;\">HLAVA: Meru\u0148ka, pomeran\u010d, Pearadise\u00ae<\/span><\/li>\n<li data-testid=\"Presentation-product-detail-product-benefit\"><span style=\"font-family: arial, helvetica, sans-serif; color: #000000;\">SRDCE: Akord You, vonokv\u011btka, ylang ylang<\/span><\/li>\n<li data-testid=\"Presentation-product-detail-product-benefit\"><span style=\"font-family: arial, helvetica, sans-serif; color: #000000;\">Z\u00c1KLAD: Santalov\u00e9 d\u0159evo, vanilka, mo\u0161us<\/span><\/li>\n<\/ul>\n<p><span style=\"font-family: arial, helvetica, sans-serif; color: #000000;\">50ml<\/span><\/p>\n<div class=\"woocommerce-product-details__short-description\">\n<div class=\"MuiTypography-root MuiTypography-body1 products-app-emotion-fifwsr\">\n<div class=\"woocommerce-product-details__short-description\">\n<div class=\"products-app-emotion-1dv05e4\" data-testid=\"Presentation-product-detail-info-and-benefits\">\n<div class=\"MuiTypography-root MuiTypography-body1 products-app-emotion-fifwsr\">\n<div class=\"woocommerce-product-details__short-description\">\n<div class=\"MuiTypography-root MuiTypography-body1 products-app-emotion-fifwsr\">\n<div class=\"woocommerce-product-details__short-description\">\n<div class=\"woocommerce-product-details__short-description\">\n<div class=\"woocommerce-product-details__short-description\">\n<div>\n<div class=\"woocommerce-product-details__short-description\">\n<div class=\"woocommerce-product-details__short-description\">\n<p><span style=\"font-family: arial, helvetica, sans-serif; font-size: 10pt;\">Nejni\u017e\u0161\u00ed cena platn\u00e1 ve 30 dnech p\u0159ed platnost\u00ed sou\u010dasn\u00e9 ceny byla 480 K\u010d.<\/span><\/p>\n<\/div>\n<\/div>\n<\/div>\n<\/div>\n<\/div>\n<\/div>\n<\/div>\n<\/div>\n<\/div>\n<\/div>\n<\/div>\n<\/div>\n<\/div>\n","protected":false},"featured_media":8309,"comment_status":"closed","ping_status":"closed","template":"","meta":[],"pwb-brand":[27],"product_brand":[91],"product_cat":[17],"product_tag":[],"class_list":{"0":"post-8308","1":"product","2":"type-product","3":"status-publish","4":"has-post-thumbnail","6":"pwb-brand-https-cz-oriflame-com-cataloguesstorebeautyobchod","7":"product_brand-oriflame","8":"product_cat-vune-zeny","10":"first","11":"instock","12":"sale","13":"taxable","14":"shipping-taxable","15":"purchasable","16":"product-type-simple"},"brands":[{"id":27,"name":"Oriflame","slug":"https-cz-oriflame-com-cataloguesstorebeautyobchod"}],"_links":{"self":[{"href":"https:\/\/priroda-uvadi.cz\/beauty\/wp-json\/wp\/v2\/product\/8308","targetHints":{"allow":["GET"]}}],"collection":[{"href":"https:\/\/priroda-uvadi.cz\/beauty\/wp-json\/wp\/v2\/product"}],"about":[{"href":"https:\/\/priroda-uvadi.cz\/beauty\/wp-json\/wp\/v2\/types\/product"}],"replies":[{"embeddable":true,"href":"https:\/\/priroda-uvadi.cz\/beauty\/wp-json\/wp\/v2\/comments?post=8308"}],"wp:featuredmedia":[{"embeddable":true,"href":"https:\/\/priroda-uvadi.cz\/beauty\/wp-json\/wp\/v2\/media\/8309"}],"wp:attachment":[{"href":"https:\/\/priroda-uvadi.cz\/beauty\/wp-json\/wp\/v2\/media?parent=8308"}],"wp:term":[{"taxonomy":"pwb-brand","embeddable":true,"href":"https:\/\/priroda-uvadi.cz\/beauty\/wp-json\/wp\/v2\/pwb-brand?post=8308"},{"taxonomy":"product_brand","embeddable":true,"href":"https:\/\/priroda-uvadi.cz\/beauty\/wp-json\/wp\/v2\/product_brand?post=8308"},{"taxonomy":"product_cat","embeddable":true,"href":"https:\/\/priroda-uvadi.cz\/beauty\/wp-json\/wp\/v2\/product_cat?post=8308"},{"taxonomy":"product_tag","embeddable":true,"href":"https:\/\/priroda-uvadi.cz\/beauty\/wp-json\/wp\/v2\/product_tag?post=8308"}],"curies":[{"name":"wp","href":"https:\/\/api.w.org\/{rel}","templated":true}]}}