{"id":826,"date":"2021-01-26T10:07:06","date_gmt":"2021-01-26T09:07:06","guid":{"rendered":"https:\/\/priroda-uvadi.cz\/beauty\/?post_type=product&#038;p=826"},"modified":"2026-04-13T11:23:29","modified_gmt":"2026-04-13T09:23:29","slug":"rasenka-oncolour-black","status":"publish","type":"product","link":"https:\/\/priroda-uvadi.cz\/beauty\/produkt\/rasenka-oncolour-black\/","title":{"rendered":"\u0158asenka OnColour &#8211; Black"},"content":{"rendered":"","protected":false},"excerpt":{"rendered":"<div class=\"tab g-center g12 active show-more-wrap\" data-rwd=\"{&quot;cssClass&quot;:{&quot;-1&quot;:&quot;g12&quot;,&quot;0&quot;:&quot;g9&quot;,&quot;1&quot;:&quot;g14&quot;,&quot;2&quot;:&quot;g18&quot;}}\">\n<p>Rozvi\u0159te vzduch s objemovou \u0159asenkou OnColour.<\/p>\n<p><span style=\"font-family: arial, helvetica, sans-serif;\">Jedine\u010dn\u00fd kart\u00e1\u010dek Big Lash s horizont\u00e1ln\u00edmi i vertik\u00e1ln\u00edmi \u0161t\u011btinkami snadno dos\u00e1hne i ty nejmen\u0161\u00ed \u0159asy a vytvo\u0159\u00ed hust\u0161\u00ed vzhled.<\/span><\/p>\n<p><span style=\"font-family: arial, helvetica, sans-serif;\">Tato \u0159asenka s pro-vitam\u00ednem B5, kter\u00fd hydratuje a zvl\u00e1\u010d\u0148uje, tak\u00e9 br\u00e1n\u00ed sp\u00e9k\u00e1n\u00ed, rozmaz\u00e1v\u00e1n\u00ed a rozt\u00e9k\u00e1n\u00ed.\u00a0\u00a0 <\/span><span style=\"font-family: arial, helvetica, sans-serif;\">8ml<\/span><\/p>\n<p><span style=\"font-family: arial, helvetica, sans-serif; font-size: 10pt;\">Nejni\u017e\u0161\u00ed cena platn\u00e1 ve 30 dnech p\u0159ed platnost\u00ed sou\u010dasn\u00e9 ceny byla 80 K\u010d.<\/span><\/p>\n<\/div>\n","protected":false},"featured_media":827,"comment_status":"closed","ping_status":"closed","template":"","meta":[],"pwb-brand":[27],"product_brand":[],"product_cat":[46,50],"product_tag":[],"class_list":{"0":"post-826","1":"product","2":"type-product","3":"status-publish","4":"has-post-thumbnail","6":"pwb-brand-https-cz-oriflame-com-cataloguesstorebeautyobchod","7":"product_cat-dekorativni-kosmetika","8":"product_cat-rasenky","10":"first","11":"instock","12":"sale","13":"taxable","14":"shipping-taxable","15":"purchasable","16":"product-type-simple"},"brands":[{"id":27,"name":"Oriflame","slug":"https-cz-oriflame-com-cataloguesstorebeautyobchod"}],"_links":{"self":[{"href":"https:\/\/priroda-uvadi.cz\/beauty\/wp-json\/wp\/v2\/product\/826","targetHints":{"allow":["GET"]}}],"collection":[{"href":"https:\/\/priroda-uvadi.cz\/beauty\/wp-json\/wp\/v2\/product"}],"about":[{"href":"https:\/\/priroda-uvadi.cz\/beauty\/wp-json\/wp\/v2\/types\/product"}],"replies":[{"embeddable":true,"href":"https:\/\/priroda-uvadi.cz\/beauty\/wp-json\/wp\/v2\/comments?post=826"}],"wp:featuredmedia":[{"embeddable":true,"href":"https:\/\/priroda-uvadi.cz\/beauty\/wp-json\/wp\/v2\/media\/827"}],"wp:attachment":[{"href":"https:\/\/priroda-uvadi.cz\/beauty\/wp-json\/wp\/v2\/media?parent=826"}],"wp:term":[{"taxonomy":"pwb-brand","embeddable":true,"href":"https:\/\/priroda-uvadi.cz\/beauty\/wp-json\/wp\/v2\/pwb-brand?post=826"},{"taxonomy":"product_brand","embeddable":true,"href":"https:\/\/priroda-uvadi.cz\/beauty\/wp-json\/wp\/v2\/product_brand?post=826"},{"taxonomy":"product_cat","embeddable":true,"href":"https:\/\/priroda-uvadi.cz\/beauty\/wp-json\/wp\/v2\/product_cat?post=826"},{"taxonomy":"product_tag","embeddable":true,"href":"https:\/\/priroda-uvadi.cz\/beauty\/wp-json\/wp\/v2\/product_tag?post=826"}],"curies":[{"name":"wp","href":"https:\/\/api.w.org\/{rel}","templated":true}]}}