{"id":8219,"date":"2026-01-13T16:30:18","date_gmt":"2026-01-13T15:30:18","guid":{"rendered":"https:\/\/priroda-uvadi.cz\/beauty\/?post_type=product&#038;p=8219"},"modified":"2026-01-13T16:30:20","modified_gmt":"2026-01-13T15:30:20","slug":"ocni-krem-waunt-8-hour-sleep-15ml","status":"publish","type":"product","link":"https:\/\/priroda-uvadi.cz\/beauty\/produkt\/ocni-krem-waunt-8-hour-sleep-15ml\/","title":{"rendered":"O\u010dn\u00ed kr\u00e9m Waunt 8 Hour Sleep, 15ml"},"content":{"rendered":"<p><span style=\"font-family: arial, helvetica, sans-serif; color: #000000;\"><strong class=\"MuiTypography-root MuiTypography-body1 products-app-emotion-1rnazt1\">Pro\u010d se v\u00e1m bude l\u00edbit<\/strong><\/span><\/p>\n<p class=\"MuiTypography-root MuiTypography-body1 products-app-emotion-1qn0wr5\"><span style=\"font-family: arial, helvetica, sans-serif; color: #000000;\">P\u0159edstavujeme 8 hodinov\u00fd sp\u00e1nkov\u00fd o\u010dn\u00ed kr\u00e9m, v\u00e1\u0161 ultim\u00e1tn\u00ed tajn\u00fd n\u00e1stroj pro okam\u017eitou prom\u011bnu unaven\u00fdch o\u010d\u00ed v z\u00e1\u0159iv\u00fd, osv\u011b\u017euj\u00edc\u00ed lesk! Tento zkr\u00e1\u0161luj\u00edc\u00ed o\u010dn\u00ed kr\u00e9m nejen\u017ee skr\u00fdv\u00e1 \u00fanavu \u2013 ona ji odstra\u0148uje a dod\u00e1v\u00e1 va\u0161im o\u010dn\u00edm oblastem z\u00e1\u0159iv\u00fd lesk u\u017e od prvn\u00ed aplikace. Odborn\u011b vytvo\u0159en\u00e1 formule je navr\u017eena pro ka\u017ed\u00e9ho, co\u017e z n\u00ed \u010din\u00ed dokonal\u00fd unisex dopln\u011bk do va\u0161\u00ed ka\u017edodenn\u00ed p\u00e9\u010de o ple\u0165. Vhodn\u00fd pro v\u0161echny typy pleti, tento hydrata\u010dn\u00ed o\u010dn\u00ed kr\u00e9m nab\u00edz\u00ed okam\u017eit\u00fd retu\u0161ovac\u00ed efekt, kter\u00fd p\u0159i ka\u017ed\u00e9m pou\u017eit\u00ed rozjas\u0148uje, odmaz\u00e1v\u00e1, rozmaz\u00e1v\u00e1 a hydratuje.<\/span><\/p>\n<p><span style=\"font-family: arial, helvetica, sans-serif; color: #000000;\"><strong class=\"MuiTypography-root MuiTypography-body1 products-app-emotion-1rnazt1\">Jak to funguje<\/strong><\/span><\/p>\n<p class=\"MuiTypography-root MuiTypography-body1 products-app-emotion-1qn0wr5\"><span style=\"font-family: arial, helvetica, sans-serif; color: #000000;\">8 hodinov\u00fd sp\u00e1nkov\u00fd o\u010dn\u00ed kr\u00e9m vyu\u017e\u00edv\u00e1 s\u00edlu p\u0159\u00edrody a pokro\u010dil\u00e9 technologie p\u00e9\u010de o ple\u0165. Avok\u00e1dov\u00e9 polyfenoly d\u011blaj\u00ed z\u00e1zraky p\u0159i zesv\u011btlov\u00e1n\u00ed tmav\u00fdch kruh\u016f, redukci hn\u011bd\u00fdch skvrn a zv\u00fdrazn\u011bn\u00ed celkov\u00e9ho lesku poko\u017eky. Inovativn\u00ed aplik\u00e1tor s 5 rolkami jemn\u011b mas\u00edruje poko\u017eku, zvy\u0161uje mikrocirkulaci a sni\u017euje kruhy pod o\u010dima a otoky. Rozmaz\u00e1vac\u00ed pudry poskytuj\u00ed efekt okam\u017eit\u00e9ho retu\u0161ov\u00e1n\u00ed, kter\u00e9 zakr\u00fdv\u00e1 tmav\u00e9 kruhy. HydroSphere Technology poskytuje hlubokou, dlouhotrvaj\u00edc\u00ed hydrataci, d\u00edky \u010demu\u017e je va\u0161e ple\u0165 vy\u017eiven\u00e1 zevnit\u0159 ven. Jemn\u00e1, lehk\u00e1 textura se bez n\u00e1mahy klou\u017ee po va\u0161\u00ed k\u016f\u017ei, nezanech\u00e1v\u00e1 \u017e\u00e1dn\u00fd t\u0159pyt ani b\u00edl\u00fd n\u00e1dech.<\/span><\/p>\n<p><span style=\"font-family: arial, helvetica, sans-serif; color: #000000;\"><strong class=\"MuiTypography-root MuiTypography-body1 products-app-emotion-1rnazt1\">Vlastnosti produktu<\/strong><\/span><\/p>\n<ul class=\"MuiTypography-root MuiTypography-body1 products-app-emotion-1qn0wr5\">\n<li><span style=\"font-family: arial, helvetica, sans-serif; color: #000000;\">Okam\u017eit\u011b rozjasn\u00ed a osv\u011btl\u00ed oblast o\u010d\u00ed<\/span><\/li>\n<li><span style=\"font-family: arial, helvetica, sans-serif; color: #000000;\">Formulov\u00e1no s avok\u00e1dov\u00fdmi polyfenoly pro zesv\u011btlen\u00ed tmav\u00fdch kruh\u016f<\/span><\/li>\n<li><span style=\"font-family: arial, helvetica, sans-serif; color: #000000;\">Aplik\u00e1tor s 5 rolemi sni\u017euje kruhy pod o\u010dima a podporuje mikrocirkulaci<\/span><\/li>\n<li><span style=\"font-family: arial, helvetica, sans-serif; color: #000000;\">Rozmaz\u00e1vac\u00ed pudry zakr\u00fdvaj\u00ed tmav\u00e9 kruhy pod o\u010dima pro efekt okam\u017eit\u00e9 retu\u0161e<\/span><\/li>\n<li><span style=\"font-family: arial, helvetica, sans-serif; color: #000000;\">Technologie HydroSphere pro hlubokou, dlouhotrvaj\u00edc\u00ed hydrataci<\/span><\/li>\n<li><span style=\"font-family: arial, helvetica, sans-serif; color: #000000;\">Jemn\u00e1, lehk\u00e1 textura, kter\u00e1 se snadno klou\u017ee bez t\u0159pytu nebo b\u00edl\u00e9ho n\u00e1t\u011bku<\/span><\/li>\n<li><span style=\"font-family: arial, helvetica, sans-serif; color: #000000;\">Formulov\u00e1no bez paraben\u016f, miner\u00e1ln\u00edho oleje a SLS<\/span><\/li>\n<li><span style=\"font-family: arial, helvetica, sans-serif; color: #000000;\">P\u0159\u00e1telsk\u00e9 k vegan\u016fm a registrovan\u00e9 u Vegan Society\u2122<\/span><\/li>\n<li><span style=\"font-family: arial, helvetica, sans-serif; color: #000000;\">Vhodn\u00e9 pro v\u0161echny typy pleti, v\u010detn\u011b citliv\u00e9 pleti<\/span><\/li>\n<li><span style=\"font-family: arial, helvetica, sans-serif; color: #000000;\">Perfektn\u00ed jako hydrata\u010dn\u00ed kr\u00e9m a o\u010dn\u00ed o\u0161et\u0159en\u00ed<\/span><\/li>\n<li><span style=\"font-family: arial, helvetica, sans-serif; color: #000000;\">\u00da\u010dinn\u00fd o\u010dn\u00ed kr\u00e9m pro rozjasn\u011bn\u00ed a hydrataci<\/span><\/li>\n<li><span style=\"font-family: arial, helvetica, sans-serif; color: #000000;\">V\u00fdborn\u00fd p\u0159\u00edpravek na o\u010di\u0161t\u011bn\u00ed a zvlh\u010den\u00ed oblasti pod o\u010dima<\/span><\/li>\n<\/ul>\n<p><span style=\"font-family: arial, helvetica, sans-serif; color: #000000;\"><strong class=\"MuiTypography-root MuiTypography-body1 products-app-emotion-1rnazt1\">Kdy:\u00a0<\/strong>Nan\u00e1\u0161ejte r\u00e1no a ve\u010der po \u010di\u0161t\u011bn\u00ed.<\/span><\/p>\n<p><span style=\"font-family: arial, helvetica, sans-serif; color: #000000;\"><strong class=\"MuiTypography-root MuiTypography-body1 products-app-emotion-1rnazt1\">Jak: Oto\u010dte hlavu\u00a0<\/strong>aplik\u00e1toru do polohy ZAPNUTO. Vyma\u010dkejte mno\u017estv\u00ed produktu velikosti zrnka r\u00fd\u017ee a naneste ho na \u010distou, suchou poko\u017eku. Aplik\u00e1torem vmas\u00edrujte oblast pod o\u010dima a p\u0159es klenbu pod obo\u010d\u00edm, p\u0159i\u010dem\u017e ka\u017ed\u00e9 oko je 5\u201310 tahy. Vyhn\u011bte se horn\u00edm v\u00ed\u010dk\u016fm a \u0159as\u00e1m. Po pou\u017eit\u00ed nastavte aplik\u00e1tor na VYPNUTO.<\/span><\/p>\n<p><span style=\"font-family: arial, helvetica, sans-serif; color: #000000;\"><strong class=\"MuiTypography-root MuiTypography-body1 products-app-emotion-1rnazt1\">Hydrosphere Technology\u00a0<\/strong>je technologie kalen\u00ed poko\u017eky navr\u017een\u00e1 tak, aby poko\u017ece dodala hlubokou hydrataci jak zevnit\u0159, tak zven\u010d\u00ed.<\/span><\/p>\n<p class=\"MuiTypography-root MuiTypography-body1 products-app-emotion-1qn0wr5\"><span style=\"font-family: arial, helvetica, sans-serif; color: #000000;\">Houbovit\u00e9 vlastnosti t\u00e9to technologie poskytuj\u00ed pomalu uvol\u0148uj\u00edc\u00ed, klinicky ov\u011b\u0159enou hydrataci, kter\u00e1 vydr\u017e\u00ed 24 hodin:<\/span><\/p>\n<ul class=\"MuiTypography-root MuiTypography-body1 products-app-emotion-1qn0wr5\">\n<li><span style=\"font-family: arial, helvetica, sans-serif; color: #000000;\"><strong class=\"MuiTypography-root MuiTypography-body1 products-app-emotion-1rnazt1\">Zevnit\u0159:\u00a0<\/strong>Posiluje ko\u017en\u00ed bari\u00e9ru a sni\u017euje ztr\u00e1tu vody.<\/span><\/li>\n<li><span style=\"font-family: arial, helvetica, sans-serif; color: #000000;\"><strong class=\"MuiTypography-root MuiTypography-body1 products-app-emotion-1rnazt1\">Zven\u010d\u00ed:<\/strong>\u00a0Vytv\u00e1\u0159\u00ed kokonov\u00fd film, kter\u00fd pomalu uvol\u0148uje vlhkost a chr\u00e1n\u00ed poko\u017eku p\u0159ed vn\u011bj\u0161\u00edmi agresory.<\/span><\/li>\n<\/ul>\n<p><span style=\"font-family: arial, helvetica, sans-serif; color: #000000;\"><strong class=\"MuiTypography-root MuiTypography-body1 products-app-emotion-1rnazt1\">Dub<\/strong><\/span><\/p>\n<p class=\"MuiTypography-root MuiTypography-body1 products-app-emotion-1qn0wr5\"><span style=\"font-family: arial, helvetica, sans-serif; color: #000000;\">Dub se m\u016f\u017ee pochlubit intenzivn\u00edmi antioxida\u010dn\u00edmi vlastnostmi, kter\u00e9 pom\u00e1haj\u00ed poko\u017ece p\u0159izp\u016fsobit se prost\u0159ed\u00ed t\u00edm, \u017ee ji chr\u00e1n\u00ed p\u0159ed vlivy a po\u0161kozen\u00edm voln\u00fdmi radik\u00e1ly. Obsahuje tak\u00e9 sacharidy na kondicionaci poko\u017eky, kter\u00e9 zlep\u0161uj\u00ed hydrataci.<\/span><\/p>\n<p><span style=\"font-family: arial, helvetica, sans-serif; color: #000000;\"><strong class=\"MuiTypography-root MuiTypography-body1 products-app-emotion-1rnazt1\">Upcyklovan\u00e9 avok\u00e1dov\u00e9 polyfenoly<\/strong><\/span><\/p>\n<p class=\"MuiTypography-root MuiTypography-body1 products-app-emotion-1qn0wr5\"><span style=\"font-family: arial, helvetica, sans-serif; color: #000000;\">P\u016fsob\u00edte na n\u011bkolika \u00farovn\u00edch k odstran\u011bn\u00ed otekl\u00fdch kruh\u016f pod o\u010dima a vyblednut\u00ed tmav\u00fdch kruh\u016f pro celkov\u00fd proti\u00fanavov\u00fd efekt a lep\u0161\u00ed lesk pleti. \u00da\u010dinn\u011b pom\u00e1haj\u00ed zlep\u0161ovat mikrocirkulaci pod o\u010dima a stimuluj\u00ed antioxida\u010dn\u00ed aktivitu, tak\u017ee se ple\u0165 chr\u00e1n\u00ed p\u0159ed oxida\u010dn\u00edm stresem.<\/span><\/p>\n<p>&#8212;&#8212;&#8212;&#8212;&#8212;&#8212;&#8212;&#8212;&#8212;&#8212;&#8212;&#8212;&#8212;&#8212;&#8212;&#8212;&#8212;&#8212;&#8212;&#8212;&#8212;&#8212;&#8212;&#8212;&#8212;&#8212;&#8212;&#8212;&#8212;&#8212;&#8212;&#8212;&#8212;&#8212;&#8212;&#8212;&#8212;&#8212;&#8212;&#8212;-<\/p>\n<p><span style=\"font-family: arial, helvetica, sans-serif; font-size: 10pt;\">SLO\u017dEN\u00cd<\/span><\/p>\n<div class=\"TextWithHtml-text products-app-emotion-18hm2rx\" data-testid=\"Presentation-product-detail-wysiwyg\">\n<div class=\"products-app-emotion-1q7njkh\">\n<div class=\"TextWithHtml-root products-app-emotion-1q94rgb\">\n<div class=\"TextWithHtml-text products-app-emotion-18slqyo\" data-testid=\"Presentation-product-detail-wysiwyg\"><span style=\"font-family: arial, helvetica, sans-serif; font-size: 10pt;\">AQUA, DIMETHICON, GLYCERIN, ISONONYL ISONONANO\u00c1T, NITRID BORU, PROPANEDIOL, DIMETHIKONOV\u00dd CROSSPOLYMER, POLYMETHYLSILSESQUIOXAN, CETEARYLALKOHOL, EXTRAKT Z PLODU QUERCUS PETRAEA, PENTYLENGLYKOL, EXTRAKT Z LAKTOKOKOV\u00c9 FERMENTACE, EXTRAKT Z FERMENTACE SEMEN LACTOBACILLUS\/BRASSICA NIGRA, KOPOLYMER AKRYLOYLDIMETHYLTAUR\u00c1TU SODN\u00c9HO\/SODN\u00dd, AKRYLOYLDIMETHYLTAUR\u00c1TOV\u00dd KOPOLYMER, AKRYL\u00c1TY\/C10-30 K\u0158\u00cd\u017dOV\u00dd POLYMER ALKYLAKRYL\u00c1TU, ISOHEXADEKAN, PROPYLENUHLI\u010cITAN, 1,2-HEXANEDIOL, KAPRYLYLGLYKOL, KYSELINA CITRONOVA, TOKOFERYLACET\u00c1T, POLYSORB\u00c1T 80, HYDROXID SODN\u00dd, OVOCN\u00dd EXTRAKT PERSEA GRATISSIMA, SORBITAN OLE\u00c1T, AMYLOPEKTIN, PVP, LAKT\u00c1T V\u00c1PENAT\u00dd, XANTHANOV\u00c1 GUMA, BENZYLALKOHOL, DISODN\u00cd EDTA, BENZOOV\u00c1 KYSELINA, DEHYDROOCTOV\u00c1 KYSELINA, FENOXYETHANOL, BENZOAN SODN\u00dd, CI 19140, CI 15985<\/span><\/div>\n<\/div>\n<\/div>\n<\/div>\n<div class=\"products-app-emotion-1nacawr\">\n<div class=\"products-app-emotion-bco1gb\">\n<p class=\"MuiTypography-root MuiTypography-body1 products-app-emotion-1qn0wr5\" data-testid=\"Presentation-product-detail-full-product-name\"><span style=\"font-family: arial, helvetica, sans-serif; color: #000000;\">Cel\u00fd n\u00e1zev produktu: 8 Hour Sleep Eye Cream<\/span><\/p>\n<\/div>\n<\/div>\n","protected":false},"excerpt":{"rendered":"<p><span style=\"font-family: arial, helvetica, sans-serif; color: #000000;\">O\u010dn\u00ed kr\u00e9m s aplik\u00e1torem na 5 v\u00e1le\u010dk\u016f, kter\u00fd okam\u017eit\u011b odtekl\u00ed o\u010di, rozjasn\u00ed a zredukuje tmav\u00e9 kruhy a kruhy pod o\u010dima. Poskytuje okam\u017eit\u011b upravenou a dokonalou oblast o\u010d\u00ed. Vegansk\u00e1 p\u00e9\u010de o ple\u0165.<\/span><\/p>\n<ul class=\"products-app-emotion-tr0r3x\">\n<li data-testid=\"Presentation-product-detail-product-benefit\"><span style=\"font-family: arial, helvetica, sans-serif; color: #000000;\">Zbav\u00ed se natekl\u00fdch o\u010d\u00ed jako skv\u011bl\u00fd sp\u00e1nek b\u011bhem p\u00e1r minut!<\/span><\/li>\n<li data-testid=\"Presentation-product-detail-product-benefit\"><span style=\"font-family: arial, helvetica, sans-serif; color: #000000;\">Okam\u017eit\u00fd osv\u011b\u017euj\u00edc\u00ed efekt kolem o\u010d\u00ed<\/span><\/li>\n<li data-testid=\"Presentation-product-detail-product-benefit\"><span style=\"font-family: arial, helvetica, sans-serif; color: #000000;\">Viditeln\u011b se okam\u017eit\u011b sn\u00ed\u017e\u00ed kruhy pod o\u010dima a tmav\u00e9 kruhy pod o\u010dima<\/span><\/li>\n<\/ul>\n<p><span style=\"font-family: arial, helvetica, sans-serif; color: #000000;\">15ml<\/span><\/p>\n<div class=\"woocommerce-product-details__short-description\">\n<div class=\"woocommerce-product-details__short-description\">\n<div class=\"woocommerce-product-details__short-description\">\n<div class=\"woocommerce-product-details__short-description\">\n<div class=\"woocommerce-product-details__short-description\">\n<div class=\"woocommerce-product-details__short-description\">\n<div class=\"woocommerce-product-details__short-description\">\n<div class=\"woocommerce-product-details__short-description\">\n<div class=\"product-detail-yv4fe8\">\n<div class=\"product-detail-v4i4af\">\n<div class=\"woocommerce-product-details__short-description\">\n<div class=\"product-detail-vdfylx\">\n<div class=\"product-detail-d0oxj1\">\n<div class=\"product-detail-1yhj3ra\">\n<p class=\"product-detail-17mztir\" data-testid=\"Presentation-product-detail-LowestPreviousPrice\"><span style=\"font-family: arial, helvetica, sans-serif; font-size: 10pt;\">Nejni\u017e\u0161\u00ed cena platn\u00e1 ve 30 dnech p\u0159ed platnost\u00ed sou\u010dasn\u00e9 ceny byla 230 K\u010d<\/span><\/p>\n<\/div>\n<\/div>\n<\/div>\n<\/div>\n<\/div>\n<\/div>\n<\/div>\n<\/div>\n<\/div>\n<\/div>\n<\/div>\n<\/div>\n<\/div>\n<\/div>\n<form class=\"cart\" action=\"https:\/\/priroda-uvadi.cz\/beauty\/produkt\/jemny-myci-gel-pro-intimni-hygienu-s-vytazkem-z-bavlny-feminelle-300ml\/\" enctype=\"multipart\/form-data\" method=\"post\">\n<div class=\"quantity\"><\/div>\n<\/form>\n","protected":false},"featured_media":8220,"comment_status":"closed","ping_status":"closed","template":"","meta":[],"pwb-brand":[27],"product_brand":[91],"product_cat":[41,30,79],"product_tag":[],"class_list":{"0":"post-8219","1":"product","2":"type-product","3":"status-publish","4":"has-post-thumbnail","6":"pwb-brand-https-cz-oriflame-com-cataloguesstorebeautyobchod","7":"product_brand-oriflame","8":"product_cat-ocni-pece","9":"product_cat-pece-o-plet","10":"product_cat-waunt","12":"first","13":"instock","14":"sale","15":"taxable","16":"shipping-taxable","17":"purchasable","18":"product-type-simple"},"brands":[{"id":27,"name":"Oriflame","slug":"https-cz-oriflame-com-cataloguesstorebeautyobchod"}],"_links":{"self":[{"href":"https:\/\/priroda-uvadi.cz\/beauty\/wp-json\/wp\/v2\/product\/8219","targetHints":{"allow":["GET"]}}],"collection":[{"href":"https:\/\/priroda-uvadi.cz\/beauty\/wp-json\/wp\/v2\/product"}],"about":[{"href":"https:\/\/priroda-uvadi.cz\/beauty\/wp-json\/wp\/v2\/types\/product"}],"replies":[{"embeddable":true,"href":"https:\/\/priroda-uvadi.cz\/beauty\/wp-json\/wp\/v2\/comments?post=8219"}],"wp:featuredmedia":[{"embeddable":true,"href":"https:\/\/priroda-uvadi.cz\/beauty\/wp-json\/wp\/v2\/media\/8220"}],"wp:attachment":[{"href":"https:\/\/priroda-uvadi.cz\/beauty\/wp-json\/wp\/v2\/media?parent=8219"}],"wp:term":[{"taxonomy":"pwb-brand","embeddable":true,"href":"https:\/\/priroda-uvadi.cz\/beauty\/wp-json\/wp\/v2\/pwb-brand?post=8219"},{"taxonomy":"product_brand","embeddable":true,"href":"https:\/\/priroda-uvadi.cz\/beauty\/wp-json\/wp\/v2\/product_brand?post=8219"},{"taxonomy":"product_cat","embeddable":true,"href":"https:\/\/priroda-uvadi.cz\/beauty\/wp-json\/wp\/v2\/product_cat?post=8219"},{"taxonomy":"product_tag","embeddable":true,"href":"https:\/\/priroda-uvadi.cz\/beauty\/wp-json\/wp\/v2\/product_tag?post=8219"}],"curies":[{"name":"wp","href":"https:\/\/api.w.org\/{rel}","templated":true}]}}