{"id":8188,"date":"2026-01-05T16:09:45","date_gmt":"2026-01-05T15:09:45","guid":{"rendered":"https:\/\/priroda-uvadi.cz\/beauty\/?post_type=product&#038;p=8188"},"modified":"2026-01-21T16:10:59","modified_gmt":"2026-01-21T15:10:59","slug":"cistici-pletovy-balzam-95ml","status":"publish","type":"product","link":"https:\/\/priroda-uvadi.cz\/beauty\/produkt\/cistici-pletovy-balzam-95ml\/","title":{"rendered":"\u010cistic\u00ed ple\u0165ov\u00fd balz\u00e1m 95ml"},"content":{"rendered":"<p><span style=\"color: #000000;\"><strong><span style=\"font-family: arial, helvetica, sans-serif;\">PRO\u010c HO MILUJEME?<\/span><\/strong><\/span><\/p>\n<p><span style=\"font-family: arial, helvetica, sans-serif; color: #000000;\">\u25cf Jemn\u011b, ale \u00fa\u010dinn\u011b odstra\u0148uje trvanliv\u00fd a siln\u00fd make-up<\/span><\/p>\n<p><span style=\"font-family: arial, helvetica, sans-serif; color: #000000;\">\u25cf Hydratuje, o\u0161et\u0159uje a poko\u017eku zanech\u00e1v\u00e1 hladkou a jemnou<\/span><\/p>\n<p><span style=\"font-family: arial, helvetica, sans-serif; color: #000000;\">\u25cf P\u0159iprav\u00ed va\u0161i ple\u0165 na dal\u0161\u00ed kroky va\u0161\u00ed rutiny p\u00e9\u010de o ple\u0165.<\/span><\/p>\n<p><strong><span style=\"font-family: arial, helvetica, sans-serif; color: #000000;\">CO OBSAHUJE?<\/span><\/strong><\/p>\n<div class=\"styles_accordionItem__n7xC5 productDetail_productInfoDetailsItem___Uz3t\">\n<div id=\"accordion-content-0\" class=\"styles_accordionPanel__rwEyY\" role=\"region\" aria-labelledby=\"accordion-heading-0\">\n<div id=\"accordion-content-0\" class=\"styles_accordionContent__EP31p productDetail_productInfoDetailsItemContent__tfM8c\">\n<div class=\"productDetail_productInfoDetailsText__sQfsQ\">\n<p><span style=\"font-family: arial, helvetica, sans-serif; color: #000000;\">Bambuck\u00e9 m\u00e1slo Toto hluboce vy\u017eivuj\u00edc\u00ed m\u00e1slo poskytuje p\u0159i \u010di\u0161t\u011bn\u00ed intenzivn\u00ed hydrataci. Kaprylov\u00fd\/kaprinov\u00fd triglycerid Toto zm\u011bk\u010dovadlo, z\u00edskan\u00e9 z kokosu, pom\u00e1h\u00e1 hydratovat ochrannou bari\u00e9ru poko\u017eky. Butylenglykol \u010cinidlo pro p\u00e9\u010di o poko\u017eku, kter\u00e9 zm\u011bk\u010duje, hydratuje a zjem\u0148uje ple\u0165. Vitamin E Antioxidant, kter\u00fd chr\u00e1n\u00ed a o\u0161et\u0159uje poko\u017eku, podporuje zdrav\u00fd lesk.<\/span><\/p>\n<p><span style=\"color: #000000;\"><strong><span style=\"font-family: arial, helvetica, sans-serif;\">JAK POU\u017d\u00cdVAT<\/span><\/strong><\/span><\/p>\n<p><span style=\"font-family: arial, helvetica, sans-serif; color: #000000;\">Naneste na suchou poko\u017eku such\u00fdmi kone\u010dky prst\u016f. Jemn\u011b vmas\u00edrujte, pot\u00e9 d\u016fkladn\u011b opl\u00e1chn\u011bte teplou vodou. Pokra\u010dujte v b\u011b\u017en\u00e9 p\u00e9\u010di o ple\u0165.<\/span><\/p>\n<hr \/>\n<p><span style=\"font-size: 10pt;\"><strong><span style=\"font-family: arial, helvetica, sans-serif;\">SLO\u017dEN\u00cd<\/span><\/strong><\/span><\/p>\n<div id=\"insider_product\" class=\"containerV5 productDetail_card__U7wi2\">\n<div class=\"productDetail_productInfo__X6dWh\">\n<section>\n<div class=\"styles_container__BK9qG undefined\" role=\"presentation\">\n<div class=\"styles_accordionItem__n7xC5 productDetail_productInfoDetailsItem___Uz3t\">\n<div id=\"accordion-content-2\" class=\"styles_accordionPanel__rwEyY\" role=\"region\" aria-labelledby=\"accordion-heading-2\">\n<div id=\"accordion-content-2\" class=\"styles_accordionContent__EP31p productDetail_productInfoDetailsItemContent__tfM8c\">\n<div class=\"productDetail_productInfoDetailsText__sQfsQ\"><span style=\"font-family: arial, helvetica, sans-serif; font-size: 10pt;\">Ethylhexyl Palmitate, Caprylic\/Capric Triglyceride, Synthetic Beeswax, Butylene Glycol, Oryza Sativa (Rice) Bran Wax, Polyethylene, Glycine Soja (Soybean) Oil, Gossypium Herbaceum (Cotton) Seed Oil, Mangifera Indica (Mango) Seed Butter, Microcrystalline Wax, Olea Europaea (Olive) Fruit Oil, Persea Gratissima (Avocado) Oil, Prunus Amygdalus Dulcis (Sweet Almond) Oil, Theobroma Cacao (Cocoa) Seed Butter, Butyrospermum Parkii (Shea) Butter, Tocopheryl Acetate<\/span><\/div>\n<\/div>\n<\/div>\n<\/div>\n<\/div>\n<\/section>\n<\/div>\n<\/div>\n<div id=\"reviewSection\">\n<div class=\"styles_tabButtonsContainer__scbio\"><\/div>\n<\/div>\n<\/div>\n<\/div>\n<\/div>\n<\/div>\n<div class=\"styles_accordionItem__n7xC5 productDetail_productInfoDetailsItem___Uz3t\"><\/div>\n","protected":false},"excerpt":{"rendered":"<p><span style=\"font-family: arial, helvetica, sans-serif; color: #000000;\">\u010cistic\u00ed ple\u0165ov\u00e9 ml\u00e9ko Dr. C. Tuna \u010cistic\u00ed ple\u0165ov\u00e9 balz\u00e1mem, kter\u00e9 se m\u011bn\u00ed na olej, hydratuje a vy\u017eivuje poko\u017eku.<\/span><\/p>\n<p><span style=\"font-family: arial, helvetica, sans-serif; color: #000000;\">\u010cistic\u00ed ple\u0165ov\u00e9 ml\u00e9ko Dr. C. Tuna vyu\u017e\u00edv\u00e1 jedine\u010dn\u00e9 transformace ple\u0165ov\u00e9ho ml\u00e9ka na olej pro hloubkov\u00e9 \u010di\u0161t\u011bn\u00ed a odstran\u011bn\u00ed make-upu a z\u00e1rove\u0148 zvlh\u010duje poko\u017eku. Je obohacen\u00fd o vy\u017eivuj\u00edc\u00ed sm\u011bs m\u00e1sla a olej\u016f, v\u010detn\u011b bambuck\u00e9ho m\u00e1sla a vitaminu E. Poskytuje hloubkov\u00e9 \u010di\u0161t\u011bn\u00ed a nezbytnou hydrataci.<\/span><\/p>\n<p><span style=\"font-family: arial, helvetica, sans-serif; color: #000000;\">95ml<\/span><\/p>\n<p><span class=\"MuiTypography-root MuiTypography-caption products-app-emotion-1k9uf6s\" style=\"font-family: arial, helvetica, sans-serif; font-size: 10pt;\" data-testid=\"Presentation-product-detail-LowestPreviousPrice\">Nejni\u017e\u0161\u00ed cena platn\u00e1 ve 30 dnech p\u0159ed platnost\u00ed sou\u010dasn\u00e9 ceny byla 370 K\u010d<\/span><\/p>\n","protected":false},"featured_media":8189,"comment_status":"closed","ping_status":"closed","template":"","meta":[],"pwb-brand":[87],"product_brand":[94],"product_cat":[30],"product_tag":[],"class_list":{"0":"post-8188","1":"product","2":"type-product","3":"status-publish","4":"has-post-thumbnail","6":"pwb-brand-https-www-farmasi-cz-inka-catalog","7":"product_brand-farmasi","8":"product_cat-pece-o-plet","10":"first","11":"instock","12":"sale","13":"taxable","14":"shipping-taxable","15":"purchasable","16":"product-type-simple"},"brands":[{"id":87,"name":"Farmasi","slug":"https-www-farmasi-cz-inka-catalog"}],"_links":{"self":[{"href":"https:\/\/priroda-uvadi.cz\/beauty\/wp-json\/wp\/v2\/product\/8188","targetHints":{"allow":["GET"]}}],"collection":[{"href":"https:\/\/priroda-uvadi.cz\/beauty\/wp-json\/wp\/v2\/product"}],"about":[{"href":"https:\/\/priroda-uvadi.cz\/beauty\/wp-json\/wp\/v2\/types\/product"}],"replies":[{"embeddable":true,"href":"https:\/\/priroda-uvadi.cz\/beauty\/wp-json\/wp\/v2\/comments?post=8188"}],"wp:featuredmedia":[{"embeddable":true,"href":"https:\/\/priroda-uvadi.cz\/beauty\/wp-json\/wp\/v2\/media\/8189"}],"wp:attachment":[{"href":"https:\/\/priroda-uvadi.cz\/beauty\/wp-json\/wp\/v2\/media?parent=8188"}],"wp:term":[{"taxonomy":"pwb-brand","embeddable":true,"href":"https:\/\/priroda-uvadi.cz\/beauty\/wp-json\/wp\/v2\/pwb-brand?post=8188"},{"taxonomy":"product_brand","embeddable":true,"href":"https:\/\/priroda-uvadi.cz\/beauty\/wp-json\/wp\/v2\/product_brand?post=8188"},{"taxonomy":"product_cat","embeddable":true,"href":"https:\/\/priroda-uvadi.cz\/beauty\/wp-json\/wp\/v2\/product_cat?post=8188"},{"taxonomy":"product_tag","embeddable":true,"href":"https:\/\/priroda-uvadi.cz\/beauty\/wp-json\/wp\/v2\/product_tag?post=8188"}],"curies":[{"name":"wp","href":"https:\/\/api.w.org\/{rel}","templated":true}]}}