{"id":8162,"date":"2025-12-25T16:58:03","date_gmt":"2025-12-25T15:58:03","guid":{"rendered":"https:\/\/priroda-uvadi.cz\/beauty\/?post_type=product&#038;p=8162"},"modified":"2025-12-25T16:58:36","modified_gmt":"2025-12-25T15:58:36","slug":"oriflame-krem-na-oci-a-rty-novage-time-restore-30ml","status":"publish","type":"product","link":"https:\/\/priroda-uvadi.cz\/beauty\/produkt\/oriflame-krem-na-oci-a-rty-novage-time-restore-30ml\/","title":{"rendered":"Oriflame kr\u00e9m na o\u010di a rty NovAge Time Restore, 30ml"},"content":{"rendered":"<p><span style=\"font-family: arial, helvetica, sans-serif; font-size: 10pt;\">Slo\u017een\u00ed<\/span><\/p>\n<p><span style=\"font-family: arial, helvetica, sans-serif; font-size: 10pt;\">AQUA, GLYCERIN, BUTYROSPERMUM PARKII BUTTER, HYDROGENATED POLYISOBUTENE, PRUNUS AMYGDALUS DULCIS OIL, ISOPROPYL MYRISTATE, HYDROGENATED OLIVE OIL CETYL ESTERS, SORBITOL, GLYCERYL STEARATE SE, BUTYLENE GLYCOL, POLYACRYLATE-13, CETEARETH-20, PHENOXYETHANOL, POLYISOBUTENE, CAFFEINE, TOCOPHERYL ACETATE, CETYL ALCOHOL, STEARYL ALCOHOL, CAPRYLYL GLYCOL, IMIDAZOLIDINYL UREA, CARBOMER, PANTHENOL, TETRAHYDROXYPROPYL ETHYLENEDIAMINE, POTASSIUM CETYL PHOSPHATE, MICA, POLYSORBATE 20, SORBITAN ISOSTEARATE, PISUM SATIVUM EXTRACT, EUPHRASIA OFFICINALIS EXTRACT, SODIUM CITRATE, ALCOHOL, POLYSORBATE 80, LECITHIN, POTASSIUM SORBATE, SODIUM BENZOATE, SOY ISOFLAVONES<\/span><\/p>\n","protected":false},"excerpt":{"rendered":"<p><span style=\"font-family: arial, helvetica, sans-serif; color: #000000;\">Vysoce \u00fa\u010dinn\u00fd kr\u00e9m na o\u010di a rty s komplexem GenisteinSOY\u00a0a v\u00fdta\u017ekem na rozjasn\u011bn\u00ed o\u010dn\u00edch parti\u00ed zpev\u0148uje kontury a vyhlazuje hlubok\u00e9 vr\u00e1sky kolem o\u010d\u00ed a nad horn\u00edm rtem. Zm\u00edr\u0148uje otoky a tmav\u00e9 kruhy pod o\u010dima.<\/span><\/p>\n<p><span style=\"font-family: arial, helvetica, sans-serif; color: #000000;\">30ml<\/span><\/p>\n<p><span class=\"MuiTypography-root MuiTypography-caption products-app-emotion-1k9uf6s\" style=\"font-family: arial, helvetica, sans-serif; color: #000000; font-size: 10pt;\" data-testid=\"Presentation-product-detail-LowestPreviousPrice\">Nejni\u017e\u0161\u00ed cena platn\u00e1 ve 30 dnech p\u0159ed platnost\u00ed sou\u010dasn\u00e9 ceny byla 300 K\u010d<\/span><\/p>\n<p>&nbsp;<\/p>\n","protected":false},"featured_media":232,"comment_status":"closed","ping_status":"closed","template":"","meta":[],"pwb-brand":[27],"product_brand":[91],"product_cat":[44,41,30],"product_tag":[],"class_list":{"0":"post-8162","1":"product","2":"type-product","3":"status-publish","4":"has-post-thumbnail","6":"pwb-brand-https-cz-oriflame-com-cataloguesstorebeautyobchod","7":"product_brand-oriflame","8":"product_cat-sady-novage","9":"product_cat-ocni-pece","10":"product_cat-pece-o-plet","12":"first","13":"instock","14":"sale","15":"taxable","16":"shipping-taxable","17":"purchasable","18":"product-type-simple"},"brands":[{"id":27,"name":"Oriflame","slug":"https-cz-oriflame-com-cataloguesstorebeautyobchod"}],"_links":{"self":[{"href":"https:\/\/priroda-uvadi.cz\/beauty\/wp-json\/wp\/v2\/product\/8162","targetHints":{"allow":["GET"]}}],"collection":[{"href":"https:\/\/priroda-uvadi.cz\/beauty\/wp-json\/wp\/v2\/product"}],"about":[{"href":"https:\/\/priroda-uvadi.cz\/beauty\/wp-json\/wp\/v2\/types\/product"}],"replies":[{"embeddable":true,"href":"https:\/\/priroda-uvadi.cz\/beauty\/wp-json\/wp\/v2\/comments?post=8162"}],"wp:featuredmedia":[{"embeddable":true,"href":"https:\/\/priroda-uvadi.cz\/beauty\/wp-json\/wp\/v2\/media\/232"}],"wp:attachment":[{"href":"https:\/\/priroda-uvadi.cz\/beauty\/wp-json\/wp\/v2\/media?parent=8162"}],"wp:term":[{"taxonomy":"pwb-brand","embeddable":true,"href":"https:\/\/priroda-uvadi.cz\/beauty\/wp-json\/wp\/v2\/pwb-brand?post=8162"},{"taxonomy":"product_brand","embeddable":true,"href":"https:\/\/priroda-uvadi.cz\/beauty\/wp-json\/wp\/v2\/product_brand?post=8162"},{"taxonomy":"product_cat","embeddable":true,"href":"https:\/\/priroda-uvadi.cz\/beauty\/wp-json\/wp\/v2\/product_cat?post=8162"},{"taxonomy":"product_tag","embeddable":true,"href":"https:\/\/priroda-uvadi.cz\/beauty\/wp-json\/wp\/v2\/product_tag?post=8162"}],"curies":[{"name":"wp","href":"https:\/\/api.w.org\/{rel}","templated":true}]}}