{"id":8058,"date":"2025-11-11T17:35:09","date_gmt":"2025-11-11T16:35:09","guid":{"rendered":"https:\/\/priroda-uvadi.cz\/beauty\/?post_type=product&#038;p=8058"},"modified":"2025-11-11T17:36:36","modified_gmt":"2025-11-11T16:36:36","slug":"zesvetlujici-a-vyzivujici-pletove-a-telove-mleko-pro-citliva-mista-a-pigmentove-skvrny-150-ml","status":"publish","type":"product","link":"https:\/\/priroda-uvadi.cz\/beauty\/produkt\/zesvetlujici-a-vyzivujici-pletove-a-telove-mleko-pro-citliva-mista-a-pigmentove-skvrny-150-ml\/","title":{"rendered":"Zesv\u011btluj\u00edc\u00ed a vy\u017eivuj\u00edc\u00ed ple\u0165ov\u00e9 a t\u011blov\u00e9 ml\u00e9ko pro citliv\u00e1 m\u00edsta a pigmentov\u00e9 skvrny 150 ml"},"content":{"rendered":"<p><span style=\"font-family: arial, helvetica, sans-serif;\">Lehk\u00e1 textura se rychle vst\u0159eb\u00e1v\u00e1 a okam\u017eit\u011b zanech\u00e1v\u00e1 poko\u017eku hladkou, revitalizovanou a sv\u011b\u017e\u00ed. Kombinace p\u0159\u00edrodn\u00edch aktivn\u00edch l\u00e1tek p\u016fsob\u00ed ve vz\u00e1jemn\u00e9 synergii \u2013 zpev\u0148uje, zesv\u011btluje a zpomaluje projevy st\u00e1rnut\u00ed.<\/span><\/p>\n<p><span style=\"font-family: arial, helvetica, sans-serif;\">Koenzym Q10 jako siln\u00fd antioxidant chr\u00e1n\u00ed poko\u017eku p\u0159ed voln\u00fdmi radik\u00e1ly, podporuje tvorbu kolagenu a zlep\u0161uje jej\u00ed pevnost. Niacinamid posiluje ko\u017en\u00ed bari\u00e9ru, minimalizuje p\u00f3ry a sjednocuje t\u00f3n pleti, zat\u00edmco vitamin C rozjas\u0148uje, redukuje hyperpigmentaci a dod\u00e1v\u00e1 pleti zdrav\u00fd, mladistv\u00fd vzhled.<\/span><\/p>\n<p><span style=\"font-family: arial, helvetica, sans-serif;\">D\u00edky sv\u00e9mu komplexn\u00edmu \u00fa\u010dinku pom\u00e1h\u00e1 ml\u00e9ko obnovit a zpevnit poko\u017eku, sjednotit jej\u00ed t\u00f3n a navr\u00e1tit j\u00ed p\u0159irozen\u00fd jas.<\/span><\/p>\n<p>&nbsp;<\/p>\n","protected":false},"excerpt":{"rendered":"<p><span style=\"font-family: arial, helvetica, sans-serif; color: #000000;\">Objevte c\u00edlenou b\u011blic\u00ed p\u00e9\u010di, kter\u00e1 sjednocuje t\u00f3n pleti a pom\u00e1h\u00e1 redukovat pigmentov\u00e9 skvrny i ztmavl\u00e1 m\u00edsta vznikl\u00e1 t\u0159en\u00edm.<\/span><\/p>\n<p><span style=\"font-family: arial, helvetica, sans-serif; color: #000000;\"> D\u00edky jemn\u00e9mu slo\u017een\u00ed je ml\u00e9ko ide\u00e1ln\u00ed i pro choulostiv\u00e9 partie a citliv\u00e9 oblasti poko\u017eky.<\/span><\/p>\n<p><span style=\"font-family: arial, helvetica, sans-serif; color: #000000;\">150ml<\/span><\/p>\n<div class=\"woocommerce-product-details__short-description\">\n<div class=\"products-app-emotion-3hwh7p\"><span class=\"MuiTypography-root MuiTypography-caption products-app-emotion-1k9uf6s\" style=\"font-family: arial, helvetica, sans-serif; font-size: 10pt;\" data-testid=\"Presentation-product-detail-LowestPreviousPrice\">Nejni\u017e\u0161\u00ed cena platn\u00e1 ve 30 dnech p\u0159ed platnost\u00ed sou\u010dasn\u00e9 ceny byla 250 K\u010d<\/span><\/div>\n<div class=\"products-app-emotion-1dv05e4\" data-testid=\"Presentation-product-detail-info-and-benefits\"><\/div>\n<\/div>\n","protected":false},"featured_media":8060,"comment_status":"closed","ping_status":"closed","template":"","meta":[],"pwb-brand":[87],"product_brand":[94],"product_cat":[30,15],"product_tag":[],"class_list":{"0":"post-8058","1":"product","2":"type-product","3":"status-publish","4":"has-post-thumbnail","6":"pwb-brand-https-www-farmasi-cz-inka-catalog","7":"product_brand-farmasi","8":"product_cat-pece-o-plet","9":"product_cat-nezarazene","11":"first","12":"instock","13":"sale","14":"taxable","15":"shipping-taxable","16":"purchasable","17":"product-type-simple"},"brands":[{"id":87,"name":"Farmasi","slug":"https-www-farmasi-cz-inka-catalog"}],"_links":{"self":[{"href":"https:\/\/priroda-uvadi.cz\/beauty\/wp-json\/wp\/v2\/product\/8058","targetHints":{"allow":["GET"]}}],"collection":[{"href":"https:\/\/priroda-uvadi.cz\/beauty\/wp-json\/wp\/v2\/product"}],"about":[{"href":"https:\/\/priroda-uvadi.cz\/beauty\/wp-json\/wp\/v2\/types\/product"}],"replies":[{"embeddable":true,"href":"https:\/\/priroda-uvadi.cz\/beauty\/wp-json\/wp\/v2\/comments?post=8058"}],"wp:featuredmedia":[{"embeddable":true,"href":"https:\/\/priroda-uvadi.cz\/beauty\/wp-json\/wp\/v2\/media\/8060"}],"wp:attachment":[{"href":"https:\/\/priroda-uvadi.cz\/beauty\/wp-json\/wp\/v2\/media?parent=8058"}],"wp:term":[{"taxonomy":"pwb-brand","embeddable":true,"href":"https:\/\/priroda-uvadi.cz\/beauty\/wp-json\/wp\/v2\/pwb-brand?post=8058"},{"taxonomy":"product_brand","embeddable":true,"href":"https:\/\/priroda-uvadi.cz\/beauty\/wp-json\/wp\/v2\/product_brand?post=8058"},{"taxonomy":"product_cat","embeddable":true,"href":"https:\/\/priroda-uvadi.cz\/beauty\/wp-json\/wp\/v2\/product_cat?post=8058"},{"taxonomy":"product_tag","embeddable":true,"href":"https:\/\/priroda-uvadi.cz\/beauty\/wp-json\/wp\/v2\/product_tag?post=8058"}],"curies":[{"name":"wp","href":"https:\/\/api.w.org\/{rel}","templated":true}]}}