{"id":8019,"date":"2025-10-29T12:17:21","date_gmt":"2025-10-29T11:17:21","guid":{"rendered":"https:\/\/priroda-uvadi.cz\/beauty\/?post_type=product&#038;p=8019"},"modified":"2025-10-29T12:17:22","modified_gmt":"2025-10-29T11:17:22","slug":"10-niacinamidove-serum-novage-proceuticals-30ml","status":"publish","type":"product","link":"https:\/\/priroda-uvadi.cz\/beauty\/produkt\/10-niacinamidove-serum-novage-proceuticals-30ml\/","title":{"rendered":"10% niacinamidov\u00e9 s\u00e9rum Novage+ Proceuticals, 30ml"},"content":{"rendered":"<p><span style=\"font-family: arial, helvetica, sans-serif; color: #000000;\">POU\u017dIT\u00cd<\/span><\/p>\n<ul class=\"MuiTypography-root MuiTypography-body1 products-app-emotion-1qn0wr5\">\n<li><span style=\"font-family: arial, helvetica, sans-serif; color: #000000;\">Aplikujte r\u00e1no a ve\u010der na \u010distou ple\u0165<\/span><\/li>\n<li><span style=\"font-family: arial, helvetica, sans-serif; color: #000000;\">2\u20133 kapky vmas\u00edrujte do poko\u017eky cel\u00e9ho obli\u010deje, vyhn\u011bte se o\u010dn\u00edmu okol\u00ed.<\/span><\/li>\n<li><span style=\"font-family: arial, helvetica, sans-serif; color: #000000;\">P\u0159ed nanesen\u00edm hydrata\u010dn\u00edho kr\u00e9mu a\/nebo SPF nechte vst\u0159ebat.<\/span><\/li>\n<\/ul>\n<p>&nbsp;<\/p>\n<p><span style=\"font-family: arial, helvetica, sans-serif;\"><strong class=\"MuiTypography-root MuiTypography-body1 products-app-emotion-1rnazt1\">Zm\u00e1\u010dkn\u011bte reset a z\u00edskejte proz\u00e1\u0159enou, vypln\u011bnou, hebkou a pru\u017enou ple\u0165, kter\u00e1 se c\u00edt\u00ed dob\u0159e!<\/strong><\/span><\/p>\n<p class=\"MuiTypography-root MuiTypography-body1 products-app-emotion-1qn0wr5\"><span style=\"font-family: arial, helvetica, sans-serif;\">Seznamte se s p\u0159\u00edpravkem p\u00e9\u010de o ple\u0165, kter\u00fd byste si vzali na opu\u0161t\u011bn\u00fd ostrov! 10% niacinamidov\u00e9 s\u00e9rum Novage+ Proceuticals p\u016fsob\u00ed jako hlubok\u00fd n\u00e1dech p\u0159i omlazuj\u00edc\u00ed meditaci pro v\u0161echny typy pleti \u2013 v\u010detn\u011b citliv\u00e9: posiluje ko\u017en\u00ed bari\u00e9ru, podporuje hydrataci pleti, navrac\u00ed j\u00ed rovnov\u00e1hu, chr\u00e1ni ji a zklid\u0148uje.<\/span><\/p>\n<p class=\"MuiTypography-root MuiTypography-body1 products-app-emotion-1qn0wr5\"><span style=\"font-family: arial, helvetica, sans-serif;\">Nav\u00edc k 10 % niacinamidu toto koncentrovan\u00e9 s\u00e9rum obsahuje i siln\u00fd antioxidant EGCG (ze zelen\u00e9ho \u010daje) a komplex Tri-Comfort \u2013 zklid\u0148uj\u00edc\u00ed komplex alantoinu, panthenolu a v\u00fdta\u017eku z l\u00e9ko\u0159ice.<\/span><\/p>\n<p><span style=\"font-family: arial, helvetica, sans-serif;\"><strong class=\"MuiTypography-root MuiTypography-body1 products-app-emotion-1rnazt1\">Ve spot\u0159ebitelsk\u00e9m testov\u00e1n\u00ed:<\/strong><\/span><\/p>\n<ul class=\"MuiTypography-root MuiTypography-body1 products-app-emotion-1qn0wr5\">\n<li><span style=\"font-family: arial, helvetica, sans-serif;\">90 % pozorovalo projasn\u011bn\u011bj\u0161\u00ed ple\u0165*<\/span><\/li>\n<li><span style=\"font-family: arial, helvetica, sans-serif;\">90 % poc\u00edtilo zlep\u0161en\u00ed textury peti*<\/span><\/li>\n<li><span style=\"font-family: arial, helvetica, sans-serif;\">86 % souhlasilo, \u017ee jsou m\u00e9n\u011b viditeln\u00e9 jemn\u00e9 linky*<\/span><\/li>\n<li><span style=\"font-family: arial, helvetica, sans-serif;\">90 % uvedlo, \u017ee poci\u0165uj\u00ed zklidn\u011bn\u00ed pleti*<\/span><\/li>\n<\/ul>\n<p>&nbsp;<\/p>\n<p class=\"MuiTypography-root MuiTypography-body1 products-app-emotion-1qn0wr5\"><span style=\"font-family: arial, helvetica, sans-serif;\">&#8222;M\u00e1 ple\u0165 je \u010dist\u0161\u00ed, proz\u00e1\u0159en\u011bj\u0161\u00ed a hydratovan\u011bj\u0161\u00ed ne\u017e kdy d\u0159\u00edv!&#8220;<sup>#<\/sup><\/span><\/p>\n<p class=\"MuiTypography-root MuiTypography-body1 products-app-emotion-1qn0wr5\"><span style=\"font-family: arial, helvetica, sans-serif;\">Nelepkav\u00e9 s\u00e9rum bez obsahu oleje a bez parfemace se rychle vst\u0159eb\u00e1v\u00e1 a okam\u017eit\u011b pleti p\u0159in\u00e1\u0161\u00ed p\u0159\u00edjemn\u00fd pocit hydratace a hebkosti \u2013 skv\u011bl\u00fd dopln\u011bk ka\u017edodenn\u00edho ritu\u00e1lu p\u00e9\u010de o ple\u0165.<\/span><\/p>\n<p class=\"MuiTypography-root MuiTypography-body1 products-app-emotion-1qn0wr5\"><span style=\"font-family: arial, helvetica, sans-serif;\">Spot\u0159ebitelsky a dermatologicky testov\u00e1no.<\/span><\/p>\n<p><span style=\"font-family: arial, helvetica, sans-serif;\"><strong class=\"MuiTypography-root MuiTypography-body1 products-app-emotion-1rnazt1\">Niacinamid<\/strong><\/span><\/p>\n<p class=\"MuiTypography-root MuiTypography-body1 products-app-emotion-1qn0wr5\"><span style=\"font-family: arial, helvetica, sans-serif;\">Niacinamid neboli vitamin B3 \u010di tak\u00e9 nikotinamid je \u00fa\u010dinn\u00e1 l\u00e1tka s mnoha p\u0159\u00ednosy pro ple\u0165. Reguluje tvorbu melaninu, udr\u017euje hladinu hydratace a pom\u00e1h\u00e1 podpo\u0159it tvorbu kolagenu a ceramid\u016f, \u010d\u00edm\u017e podporuje silnou ko\u017en\u00ed bari\u00e9ru a proz\u00e1\u0159enou, hebkou, pru\u017enou a vl\u00e1\u010dnou ple\u0165.<\/span><\/p>\n<p><span style=\"font-family: arial, helvetica, sans-serif;\"><strong class=\"MuiTypography-root MuiTypography-body1 products-app-emotion-1rnazt1\">EGCG (ze zelen\u00e9ho \u010daje)<\/strong><\/span><\/p>\n<p class=\"MuiTypography-root MuiTypography-body1 products-app-emotion-1qn0wr5\"><span style=\"font-family: arial, helvetica, sans-serif;\">Aktivn\u00ed antioxida\u010dn\u00ed slo\u017eka zelen\u00e9ho \u010daje neutralizuje \u0161kodliv\u00e9 voln\u00e9 radik\u00e1ly a pom\u00e1h\u00e1 tak ple\u0165 chr\u00e1nit p\u0159ed p\u0159ed\u010dasn\u00fdm st\u00e1rnut\u00edm. EGCG pou\u017eit\u00fd v tomto p\u0159\u00edpravku je inovativn\u00ed biotechnologick\u00e1 forma t\u00e9to molekuly.<\/span><\/p>\n<p><span style=\"font-family: arial, helvetica, sans-serif;\"><strong class=\"MuiTypography-root MuiTypography-body1 products-app-emotion-1rnazt1\">Komplex Tri-Comfort<\/strong><\/span><\/p>\n<p class=\"MuiTypography-root MuiTypography-body1 products-app-emotion-1qn0wr5\"><span style=\"font-family: arial, helvetica, sans-serif;\">Sm\u011bs alantoinu, panthenolu a v\u00fdta\u017eku z l\u00e9ko\u0159ice, kter\u00e1 ple\u0165 pom\u00e1h\u00e1 zklidnit a zti\u0161it.<\/span><\/p>\n<p>&#8212;&#8212;&#8212;&#8212;&#8212;&#8212;&#8212;&#8212;&#8212;&#8212;&#8212;&#8212;&#8212;&#8212;&#8212;&#8212;&#8212;&#8212;&#8212;&#8212;&#8212;&#8212;&#8212;&#8212;&#8212;&#8212;&#8212;&#8212;&#8212;&#8212;&#8212;&#8212;&#8212;&#8212;&#8212;&#8212;&#8212;&#8211;<\/p>\n<div class=\"products-app-emotion-1q7njkh\">\n<div class=\"TextWithHtml-root products-app-emotion-1q94rgb\">\n<div class=\"TextWithHtml-text products-app-emotion-18slqyo\" data-testid=\"Presentation-product-detail-wysiwyg\"><span style=\"font-family: arial, helvetica, sans-serif; font-size: 10pt;\">AQUA, NIACINAMIDE, GLYCERETH-26, METHYL GLUCETH-20, GLYCERIN, PROPANEDIOL, BETAINE, BUTYLENE GLYCOL, PANTHENOL, PENTYLENE GLYCOL, ALLANTOIN, TRIDECETH-9, HYDROXYACETOPHENONE, OLETH-20, PEG-7 GLYCERYL COCOATE, CARBOMER, PEG-5 ETHYLHEXANOATE, DIPOTASSIUM GLYCYRRHIZATE, SODIUM HYDROXIDE, EPIGALLOCATECHIN GALLATYL GLUCOSIDE, DISODIUM EDTA, PHENOXYETHANOL, CI 19140, CI 42090<\/span><\/div>\n<\/div>\n<\/div>\n<p class=\"MuiTypography-root MuiTypography-body1 products-app-emotion-1qn0wr5\"><span style=\"font-family: arial, helvetica, sans-serif; font-size: 10pt;\">* Spot\u0159ebitelsk\u00fd test po dobu 6 t\u00fddn\u016f.\u00a0<sup>#<\/sup>\u00a0Spont\u00e1nn\u00ed koment\u00e1\u0159 spot\u0159ebitele.<\/span><\/p>\n<div class=\"products-app-emotion-1nacawr\">\n<div class=\"products-app-emotion-bco1gb\">\n<p class=\"MuiTypography-root MuiTypography-body1 products-app-emotion-1qn0wr5\" data-testid=\"Presentation-product-detail-dimensions\"><span style=\"font-family: arial, helvetica, sans-serif; font-size: 10pt;\">Rozm\u011bry: D\u00e9lka 112mm, V\u00fd\u0161ka 38mm, Hloubka 38mm, Hmotnost 99g<\/span><\/p>\n<p class=\"MuiTypography-root MuiTypography-body1 products-app-emotion-1qn0wr5\" data-testid=\"Presentation-product-detail-full-product-name\"><span style=\"font-family: arial, helvetica, sans-serif; font-size: 10pt;\">\u00dapln\u00fd n\u00e1zev produktu: 10% niacinamidov\u00e9 s\u00e9rum Novage+ Proceuticals<\/span><\/p>\n<\/div>\n<\/div>\n","protected":false},"excerpt":{"rendered":"<p><span style=\"font-family: arial, helvetica, sans-serif; color: #000000;\">Multiaktivn\u00ed koncentr\u00e1t s 10 % niacinamidu, s antioxidantem EGCG (extrahovan\u00fdm ze zelen\u00e9ho \u010daje) a se zklid\u0148uj\u00edc\u00edm alantoinem, panthenolem a v\u00fdta\u017ekem z l\u00e9ko\u0159ice.<\/span><\/p>\n<ul class=\"products-app-emotion-tr0r3x\">\n<li data-testid=\"Presentation-product-detail-product-benefit\"><span style=\"font-family: arial, helvetica, sans-serif; color: #000000;\">Rozjas\u0148uje, vypl\u0148uje, vyhlazuje a zklid\u0148uje ple\u0165<\/span><\/li>\n<li data-testid=\"Presentation-product-detail-product-benefit\"><span style=\"font-family: arial, helvetica, sans-serif; color: #000000;\">90 % pozorovalo projasn\u011bn\u011bj\u0161\u00ed ple\u0165<\/span><\/li>\n<li data-testid=\"Presentation-product-detail-product-benefit\"><span style=\"font-family: arial, helvetica, sans-serif; color: #000000;\">Spot\u0159ebitelsky a dermatologicky testov\u00e1no<\/span><\/li>\n<\/ul>\n<p><span style=\"font-family: arial, helvetica, sans-serif; color: #000000;\">30ml<\/span><\/p>\n<div class=\"woocommerce-product-details__short-description\">\n<div class=\"woocommerce-product-details__short-description\">\n<div class=\"products-app-emotion-wjcy9n\">\n<div id=\"tabs\" class=\"products-app-emotion-1xyaxzq\">\n<div class=\"products-app-emotion-qsaw8\" data-testid=\"Presentation-product-detail-tabs\">\n<div class=\"products-app-emotion-15ojik8\" role=\"tabpanel\" data-testid=\"Presentation-product-detail-tab-panel\" aria-labelledby=\"description\">\n<div class=\"products-app-emotion-ikburi\">\n<div class=\"TextWithHtml-root products-app-emotion-1q94rgb\">\n<div class=\"TextWithHtml-text products-app-emotion-2zfhel\" data-testid=\"Presentation-product-detail-wysiwyg\">\n<div class=\"woocommerce-product-details__short-description\">\n<div class=\"woocommerce-product-details__short-description\">\n<div class=\"woocommerce-product-details__short-description\">\n<div class=\"woocommerce-product-details__short-description\">\n<div class=\"woocommerce-product-details__short-description\">\n<div class=\"woocommerce-product-details__short-description\">\n<div class=\"woocommerce-product-details__short-description\">\n<div class=\"description__content_I0dkn description__content--is-expanded_fLsfD\">\n<div>\n<div class=\"woocommerce-product-details__short-description\">\n<div class=\"product-detail-v4i4af\" data-testid=\"Presentation-product-detail-benefits\">\n<div>\n<div class=\"woocommerce-product-details__short-description\">\n<div class=\"product-detail-v4i4af\" data-testid=\"Presentation-product-detail-benefits\">\n<div class=\"woocommerce-product-details__short-description\">\n<div class=\"product-detail-v4i4af\" data-testid=\"Presentation-product-detail-benefits\">\n<div class=\"woocommerce-product-details__short-description\">\n<div class=\"product-detail-v4i4af\" data-testid=\"Presentation-product-detail-benefits\">\n<div class=\"woocommerce-product-details__short-description\">\n<div class=\"product-detail-v4i4af\" data-testid=\"Presentation-product-detail-benefits\">\n<div class=\"woocommerce-product-details__short-description\">\n<div class=\"product-detail-v4i4af\" data-testid=\"Presentation-product-detail-benefits\">\n<div class=\"product-detail-o40nju\" data-testid=\"Presentation-product-detail-price-section\"><span class=\"MuiTypography-root MuiTypography-caption product-detail-8q5iga\" style=\"font-family: arial, helvetica, sans-serif; font-size: 10pt;\" data-testid=\"Presentation-product-detail-LowestPreviousPrice\">Nejni\u017e\u0161\u00ed cena platn\u00e1 ve 30 dnech p\u0159ed platnost\u00ed sou\u010dasn\u00e9 ceny byla 380 K\u010d<\/span><\/div>\n<\/div>\n<\/div>\n<\/div>\n<\/div>\n<\/div>\n<\/div>\n<\/div>\n<\/div>\n<\/div>\n<\/div>\n<\/div>\n<\/div>\n<\/div>\n<\/div>\n<\/div>\n<\/div>\n<\/div>\n<\/div>\n<\/div>\n<\/div>\n<\/div>\n<\/div>\n<\/div>\n<\/div>\n<\/div>\n<\/div>\n<\/div>\n<\/div>\n<\/div>\n<\/div>\n<\/div>\n","protected":false},"featured_media":8020,"comment_status":"closed","ping_status":"closed","template":"","meta":[],"pwb-brand":[27],"product_brand":[91],"product_cat":[30,43],"product_tag":[],"class_list":{"0":"post-8019","1":"product","2":"type-product","3":"status-publish","4":"has-post-thumbnail","6":"pwb-brand-https-cz-oriflame-com-cataloguesstorebeautyobchod","7":"product_brand-oriflame","8":"product_cat-pece-o-plet","9":"product_cat-pletova-sera","11":"first","12":"instock","13":"sale","14":"taxable","15":"shipping-taxable","16":"purchasable","17":"product-type-simple"},"brands":[{"id":27,"name":"Oriflame","slug":"https-cz-oriflame-com-cataloguesstorebeautyobchod"}],"_links":{"self":[{"href":"https:\/\/priroda-uvadi.cz\/beauty\/wp-json\/wp\/v2\/product\/8019","targetHints":{"allow":["GET"]}}],"collection":[{"href":"https:\/\/priroda-uvadi.cz\/beauty\/wp-json\/wp\/v2\/product"}],"about":[{"href":"https:\/\/priroda-uvadi.cz\/beauty\/wp-json\/wp\/v2\/types\/product"}],"replies":[{"embeddable":true,"href":"https:\/\/priroda-uvadi.cz\/beauty\/wp-json\/wp\/v2\/comments?post=8019"}],"wp:featuredmedia":[{"embeddable":true,"href":"https:\/\/priroda-uvadi.cz\/beauty\/wp-json\/wp\/v2\/media\/8020"}],"wp:attachment":[{"href":"https:\/\/priroda-uvadi.cz\/beauty\/wp-json\/wp\/v2\/media?parent=8019"}],"wp:term":[{"taxonomy":"pwb-brand","embeddable":true,"href":"https:\/\/priroda-uvadi.cz\/beauty\/wp-json\/wp\/v2\/pwb-brand?post=8019"},{"taxonomy":"product_brand","embeddable":true,"href":"https:\/\/priroda-uvadi.cz\/beauty\/wp-json\/wp\/v2\/product_brand?post=8019"},{"taxonomy":"product_cat","embeddable":true,"href":"https:\/\/priroda-uvadi.cz\/beauty\/wp-json\/wp\/v2\/product_cat?post=8019"},{"taxonomy":"product_tag","embeddable":true,"href":"https:\/\/priroda-uvadi.cz\/beauty\/wp-json\/wp\/v2\/product_tag?post=8019"}],"curies":[{"name":"wp","href":"https:\/\/api.w.org\/{rel}","templated":true}]}}