{"id":8008,"date":"2025-10-27T16:13:04","date_gmt":"2025-10-27T15:13:04","guid":{"rendered":"https:\/\/priroda-uvadi.cz\/beauty\/?post_type=product&#038;p=8008"},"modified":"2025-10-27T16:13:04","modified_gmt":"2025-10-27T15:13:04","slug":"antiperspiracni-deodoracni-sprej-na-nohy-48h-feet-up-expert-150ml","status":"publish","type":"product","link":"https:\/\/priroda-uvadi.cz\/beauty\/produkt\/antiperspiracni-deodoracni-sprej-na-nohy-48h-feet-up-expert-150ml\/","title":{"rendered":"Antiperspira\u010dn\u00ed deodora\u010dn\u00ed sprej na nohy 48h Feet Up Expert, 150ml"},"content":{"rendered":"<p><span style=\"font-family: arial, helvetica, sans-serif; color: #000000;\">R\u00e1no nast\u0159\u00edkejte na \u010dist\u00e9, such\u00e9 nohy, nezapome\u0148te na prostor mezi prsty. V p\u0159\u00edpad\u011b pot\u0159eby pou\u017eijte znovu b\u011bhem dne. Vhodn\u00e9 pro pou\u017eit\u00ed uvnit\u0159 obuvi.<\/span><\/p>\n<p><span style=\"font-family: arial, helvetica, sans-serif; color: #000000;\">Bu\u010fte sv\u011b\u017e\u00ed a v suchu s t\u00edmto 48hodinov\u00fdm antiperspirantem na nohy ve spreji, kter\u00fd bojuje proti pocen\u00ed a pach\u016fm a star\u00e1 se o p\u0159\u00edjemn\u00fd pocit va\u0161ich nohou. Vyu\u017e\u00edv\u00e1 technologii Pro-Resist, d\u00edky n\u00ed\u017e aktivn\u011b pom\u00e1h\u00e1 potla\u010dovat r\u016fst bakteri\u00ed a star\u00e1 se, aby va\u0161e nohy byly such\u00e9, bez z\u00e1pachu a v pohodl\u00ed po cel\u00fd den.<\/span><\/p>\n<p><span style=\"font-family: arial, helvetica, sans-serif; color: #000000;\"><strong class=\"MuiTypography-root MuiTypography-body1 products-app-emotion-1rnazt1\">Technologie Pro-Resist<\/strong><\/span><\/p>\n<p class=\"MuiTypography-root MuiTypography-body1 products-app-emotion-1qn0wr5\"><span style=\"font-family: arial, helvetica, sans-serif; color: #000000;\">Technologie Pro-Resist va\u0161e nohy chr\u00e1n\u00ed p\u0159ed nadm\u011brn\u00fdm pocen\u00edm, pachem a nep\u0159\u00edjemn\u00fdmi pocity pomoc\u00ed efektivn\u00edho p\u0159\u00edstupu &#8218;t\u0159i v jednom&#8216;. Sv\u00fdm antiperspira\u010dn\u00edm \u00fa\u010dinkem, postaven\u00fdm na p\u016fsoben\u00ed chlorohydr\u00e1tu hlin\u00edku, redukuje pocen\u00ed a omezuje r\u016fst bakteri\u00ed, zat\u00edmco deodora\u010dn\u00ed efekt, kter\u00fd vych\u00e1z\u00ed z triethyl-citr\u00e1tu, p\u0159edch\u00e1z\u00ed nep\u0159\u00edjemn\u00fdm pach\u016fm. Mentolov\u00e9 zchlazen\u00ed podporuje pocit sv\u011b\u017eesti a revitalizuje poko\u017eku.<\/span><\/p>\n<p>&#8212;&#8212;&#8212;&#8212;&#8212;&#8212;&#8212;&#8212;&#8212;&#8212;&#8212;&#8212;&#8212;&#8212;&#8212;&#8212;&#8212;&#8212;&#8212;&#8212;&#8212;&#8212;&#8212;&#8212;&#8212;&#8212;&#8212;&#8212;&#8212;&#8212;&#8212;&#8212;&#8212;&#8212;&#8212;&#8212;&#8212;&#8212;&#8212;-<\/p>\n<div class=\"products-app-emotion-1q7njkh\">\n<div class=\"TextWithHtml-root products-app-emotion-1q94rgb\">\n<div class=\"TextWithHtml-text products-app-emotion-18slqyo\" data-testid=\"Presentation-product-detail-wysiwyg\"><span style=\"font-family: arial, helvetica, sans-serif; font-size: 10pt;\">BUTANE, ISOBUTANE, PROPANE, AQUA, ALUMINUM CHLOROHYDRATE, DIMETHICONE, ETHYLHEXYLGLYCERIN, LINOLEIC ACID, ALPHA-ISOMETHYL IONONE, PANTHENOL, TRIETHYL CITRATE, CETYL PEG\/PPG-10\/1 DIMETHICONE, MENTHOL, OLEIC ACID, PALMITIC ACID, STEARIC ACID, TOCOPHEROL, LINOLENIC ACID, TOCOPHEROL, PARFUM, BENZYL SALICYLATE, HEXYL CINNAMAL, LINALOOL, LIMONENE, CITRONELLOL<\/span><\/div>\n<\/div>\n<\/div>\n<p class=\"MuiTypography-root MuiTypography-body1 products-app-emotion-1qn0wr5\" data-testid=\"Presentation-product-detail-dimensions\"><span style=\"font-family: arial, helvetica, sans-serif; font-size: 10pt;\">Rozm\u011bry: D\u00e9lka 180mm, V\u00fd\u0161ka 50mm, Hloubka 50mm, Hmotnost 124g<\/span><\/p>\n<p class=\"MuiTypography-root MuiTypography-body1 products-app-emotion-1qn0wr5\" data-testid=\"Presentation-product-detail-dimensions-details\"><span style=\"font-family: arial, helvetica, sans-serif; font-size: 10pt;\">Podrobnosti: 150 ml, kovov\u00fd obal<\/span><\/p>\n<p class=\"MuiTypography-root MuiTypography-body1 products-app-emotion-1qn0wr5\" data-testid=\"Presentation-product-detail-full-product-name\"><span style=\"font-family: arial, helvetica, sans-serif; font-size: 10pt;\">\u00dapln\u00fd n\u00e1zev produktu: Antiperspira\u010dn\u00ed deodora\u010dn\u00ed sprej na nohy 48h Feet Up Expert<\/span><\/p>\n","protected":false},"excerpt":{"rendered":"<p><span style=\"font-family: arial, helvetica, sans-serif; color: #000000;\">Bu\u010fte sv\u011b\u017e\u00ed a v suchu s t\u00edmto 48hodinov\u00fdm antiperspirantem na nohy ve spreji, kter\u00fd bojuje proti pocen\u00ed a pach\u016fm a star\u00e1 se o p\u0159\u00edjemn\u00fd pocit va\u0161ich nohou.<\/span><\/p>\n<ul class=\"products-app-emotion-tr0r3x\">\n<li data-testid=\"Presentation-product-detail-product-benefit\"><span style=\"font-family: arial, helvetica, sans-serif; color: #000000;\">Klinicky ov\u011b\u0159en\u00e1 48hodinov\u00e1 kontrola nad pachy<\/span><\/li>\n<li data-testid=\"Presentation-product-detail-product-benefit\"><span style=\"font-family: arial, helvetica, sans-serif; color: #000000;\">P\u0159in\u00e1\u0161\u00ed poko\u017ece okam\u017eit\u00fd pocit sv\u011b\u017eesti a zchlazen\u00ed<\/span><\/li>\n<li data-testid=\"Presentation-product-detail-product-benefit\"><span style=\"font-family: arial, helvetica, sans-serif; color: #000000;\">Rychle schne<\/span><\/li>\n<\/ul>\n<p><span style=\"font-family: arial, helvetica, sans-serif; color: #000000;\">150ml<\/span><\/p>\n<div class=\"woocommerce-product-details__short-description\">\n<div class=\"woocommerce-product-details__short-description\">\n<div class=\"woocommerce-product-details__short-description\">\n<div class=\"woocommerce-product-details__short-description\">\n<div class=\"woocommerce-product-details__short-description\">\n<div class=\"woocommerce-product-details__short-description\">\n<div class=\"description__content_I0dkn description__content--is-expanded_fLsfD\">\n<div>\n<div class=\"woocommerce-product-details__short-description\">\n<div class=\"product-detail-v4i4af\" data-testid=\"Presentation-product-detail-benefits\">\n<div>\n<div class=\"woocommerce-product-details__short-description\">\n<div class=\"product-detail-v4i4af\" data-testid=\"Presentation-product-detail-benefits\">\n<div class=\"woocommerce-product-details__short-description\">\n<div class=\"product-detail-v4i4af\" data-testid=\"Presentation-product-detail-benefits\">\n<div class=\"woocommerce-product-details__short-description\">\n<div class=\"product-detail-v4i4af\" data-testid=\"Presentation-product-detail-benefits\">\n<div class=\"woocommerce-product-details__short-description\">\n<div class=\"product-detail-v4i4af\" data-testid=\"Presentation-product-detail-benefits\">\n<div class=\"woocommerce-product-details__short-description\">\n<div class=\"product-detail-v4i4af\" data-testid=\"Presentation-product-detail-benefits\">\n<div class=\"product-detail-o40nju\" data-testid=\"Presentation-product-detail-price-section\"><span class=\"MuiTypography-root MuiTypography-caption product-detail-8q5iga\" style=\"font-family: arial, helvetica, sans-serif; font-size: 10pt;\" data-testid=\"Presentation-product-detail-LowestPreviousPrice\">Nejni\u017e\u0161\u00ed cena platn\u00e1 ve 30 dnech p\u0159ed platnost\u00ed sou\u010dasn\u00e9 ceny byla 160 K\u010d<\/span><\/div>\n<\/div>\n<\/div>\n<\/div>\n<\/div>\n<\/div>\n<\/div>\n<\/div>\n<\/div>\n<\/div>\n<\/div>\n<\/div>\n<\/div>\n<\/div>\n<\/div>\n<\/div>\n<\/div>\n<\/div>\n<\/div>\n<\/div>\n<\/div>\n<\/div>\n","protected":false},"featured_media":8009,"comment_status":"closed","ping_status":"closed","template":"","meta":[],"pwb-brand":[27],"product_brand":[91],"product_cat":[66,15],"product_tag":[],"class_list":{"0":"post-8008","1":"product","2":"type-product","3":"status-publish","4":"has-post-thumbnail","6":"pwb-brand-https-cz-oriflame-com-cataloguesstorebeautyobchod","7":"product_brand-oriflame","8":"product_cat-pece-o-nohy","9":"product_cat-nezarazene","11":"first","12":"instock","13":"sale","14":"taxable","15":"shipping-taxable","16":"purchasable","17":"product-type-simple"},"brands":[{"id":27,"name":"Oriflame","slug":"https-cz-oriflame-com-cataloguesstorebeautyobchod"}],"_links":{"self":[{"href":"https:\/\/priroda-uvadi.cz\/beauty\/wp-json\/wp\/v2\/product\/8008","targetHints":{"allow":["GET"]}}],"collection":[{"href":"https:\/\/priroda-uvadi.cz\/beauty\/wp-json\/wp\/v2\/product"}],"about":[{"href":"https:\/\/priroda-uvadi.cz\/beauty\/wp-json\/wp\/v2\/types\/product"}],"replies":[{"embeddable":true,"href":"https:\/\/priroda-uvadi.cz\/beauty\/wp-json\/wp\/v2\/comments?post=8008"}],"wp:featuredmedia":[{"embeddable":true,"href":"https:\/\/priroda-uvadi.cz\/beauty\/wp-json\/wp\/v2\/media\/8009"}],"wp:attachment":[{"href":"https:\/\/priroda-uvadi.cz\/beauty\/wp-json\/wp\/v2\/media?parent=8008"}],"wp:term":[{"taxonomy":"pwb-brand","embeddable":true,"href":"https:\/\/priroda-uvadi.cz\/beauty\/wp-json\/wp\/v2\/pwb-brand?post=8008"},{"taxonomy":"product_brand","embeddable":true,"href":"https:\/\/priroda-uvadi.cz\/beauty\/wp-json\/wp\/v2\/product_brand?post=8008"},{"taxonomy":"product_cat","embeddable":true,"href":"https:\/\/priroda-uvadi.cz\/beauty\/wp-json\/wp\/v2\/product_cat?post=8008"},{"taxonomy":"product_tag","embeddable":true,"href":"https:\/\/priroda-uvadi.cz\/beauty\/wp-json\/wp\/v2\/product_tag?post=8008"}],"curies":[{"name":"wp","href":"https:\/\/api.w.org\/{rel}","templated":true}]}}