{"id":8004,"date":"2025-10-27T15:55:25","date_gmt":"2025-10-27T14:55:25","guid":{"rendered":"https:\/\/priroda-uvadi.cz\/beauty\/?post_type=product&#038;p=8004"},"modified":"2026-03-31T16:01:12","modified_gmt":"2026-03-31T14:01:12","slug":"mleko-na-ruce-a-telo-s-lotosem-a-cedrovym-drevem-essenseco-300ml","status":"publish","type":"product","link":"https:\/\/priroda-uvadi.cz\/beauty\/produkt\/mleko-na-ruce-a-telo-s-lotosem-a-cedrovym-drevem-essenseco-300ml\/","title":{"rendered":"Ml\u00e9ko na ruce a t\u011blo s lotosem a cedrov\u00fdm d\u0159evem Essense&#038;Co. 300ml"},"content":{"rendered":"<p class=\"MuiTypography-root MuiTypography-body1 products-app-emotion-1qn0wr5\"><span style=\"font-family: arial, helvetica, sans-serif; color: #000000;\">Zahr\u0148te poko\u017eku lahodn\u011b provon\u011bnou hydratac\u00ed ml\u00e9ka na ruce a t\u011blo s lotosem a cedrov\u00fdm d\u0159evem Essense&amp;Co s v\u016fn\u00ed inspirovanou vybran\u00fdmi parf\u00e9my. Vodn\u00ed, kv\u011btinov\u00e9 t\u00f3ny lotosu se snoub\u00ed s h\u0159ejivost\u00ed cedrov\u00e9ho d\u0159eva a spole\u010dn\u011b vytv\u00e1\u0159ej\u00ed zasn\u011bn\u00fd, slan\u011b mo\u0161usov\u00fd oblak sofistikovan\u00e9 sv\u011b\u017eesti.<\/span><\/p>\n<ul class=\"MuiTypography-root MuiTypography-body1 products-app-emotion-1qn0wr5\">\n<li><span style=\"font-family: arial, helvetica, sans-serif; color: #000000;\">48hodinov\u00e1 hydratace<sup>\u0394<\/sup><\/span><\/li>\n<li><span style=\"font-family: arial, helvetica, sans-serif; color: #000000;\">Klinicky a dermatologicky testov\u00e1no<\/span><\/li>\n<li><span style=\"font-family: arial, helvetica, sans-serif; color: #000000;\">Bez paraben\u016f<\/span><\/li>\n<li><span style=\"font-family: arial, helvetica, sans-serif; color: #000000;\">Lahvi\u010dka obsahuje minim\u00e1ln\u011b 50 % recyklovan\u00e9ho plastu<\/span><\/li>\n<\/ul>\n<p class=\"MuiTypography-root MuiTypography-body1 products-app-emotion-1qn0wr5\"><span style=\"font-family: arial, helvetica, sans-serif; color: #000000;\">Dopl\u0148te sprchov\u00fdm gelem s lotosem a cedrov\u00fdm d\u0159evem Essense&amp;Co pro p\u0159ekr\u00e1sn\u011b hebkou, hladkou, decentn\u011b provon\u011bnou poko\u017eku.<\/span><\/p>\n<p><span style=\"font-family: arial, helvetica, sans-serif; color: #000000;\"><strong class=\"MuiTypography-root MuiTypography-body1 products-app-emotion-1rnazt1\">Lotosov\u00fd kv\u011bt<\/strong><\/span><\/p>\n<p class=\"MuiTypography-root MuiTypography-body1 products-app-emotion-1qn0wr5\"><span style=\"font-family: arial, helvetica, sans-serif; color: #000000;\">Lotos, kter\u00fd je v mnoha starov\u011bk\u00fdch kultur\u00e1ch symbolem \u010distoty a osv\u00edcen\u00ed, m\u00e1 k\u0159ehkou vodn\u00ed, kv\u011btinovou v\u016fni. Je zn\u00e1m\u00fd svou schopnost\u00ed pos\u00edlit hydrataci pleti a pom\u00e1h\u00e1 ji pro\u010distit a zvl\u00e1\u010dnit.<\/span><\/p>\n<p><span style=\"font-family: arial, helvetica, sans-serif; color: #000000;\"><strong class=\"MuiTypography-root MuiTypography-body1 products-app-emotion-1rnazt1\">Cedrov\u00e9 d\u0159evo<\/strong><\/span><\/p>\n<p class=\"MuiTypography-root MuiTypography-body1 products-app-emotion-1qn0wr5\"><span style=\"font-family: arial, helvetica, sans-serif; color: #000000;\">Cedrov\u00e9 d\u0159evo proslulo sv\u00fdmi zklid\u0148uj\u00edc\u00edmi a zvlh\u010duj\u00edc\u00edmi \u00fa\u010dinky, jeho rafinovan\u00e9, d\u0159evit\u011b h\u0159ejiv\u00e9 t\u00f3ny vytv\u00e1\u0159ej\u00ed atmosf\u00e9ru nad\u010dasov\u00e9 elegance.<\/span><\/p>\n<p>&#8212;&#8212;&#8212;&#8212;&#8212;&#8212;&#8212;&#8212;&#8212;&#8212;&#8212;&#8212;&#8212;&#8212;&#8212;&#8212;&#8212;&#8212;&#8212;&#8212;&#8212;&#8212;&#8212;&#8212;&#8212;&#8212;&#8212;&#8212;&#8212;&#8212;&#8212;&#8212;&#8212;&#8212;&#8212;&#8212;&#8212;&#8212;&#8211;<\/p>\n<div class=\"products-app-emotion-1q7njkh\">\n<div class=\"TextWithHtml-root products-app-emotion-1q94rgb\">\n<div class=\"TextWithHtml-text products-app-emotion-18slqyo\" data-testid=\"Presentation-product-detail-wysiwyg\"><span style=\"font-family: arial, helvetica, sans-serif; font-size: 10pt;\">AQUA, GLYCERIN, ETHYLHEXYL PALMITATE, CETYL ALCOHOL, STEARYL ALCOHOL, GLYCERYL STEARATE SE, ALPHA-ISOMETHYL IONONE, NELUMBIUM SPECIOSUM FLOWER EXTRACT, CAPRYLYL GLYCOL, CETEARETH-20, CARBOMER, STEARIC ACID, PALMITIC ACID, SODIUM HYDROXIDE, PARFUM, PHENOXYETHANOL, DISODIUM EDTA, BENZYL SALICYLATE, LINALOOL, LIMONENE, CITRUS AURANTIUM PEEL OIL, JUNIPERUS VIRGINIANA OIL, SODIUM BENZOATE, POTASSIUM SORBATE, CI 16035, CI 42090, CI 60730<\/span><\/div>\n<\/div>\n<\/div>\n","protected":false},"excerpt":{"rendered":"<p><span style=\"font-family: arial, helvetica, sans-serif; color: #000000;\">Luxusn\u00ed, hedv\u00e1bn\u011b jemn\u00e9 ml\u00e9ko s p\u0159\u00edrodn\u00edmi esenci\u00e1ln\u00edmi oleji pro intenzivn\u011b hydratovanou, hebkou, vl\u00e1\u010dnou poko\u017eku decentn\u011b prodchnutou sofistikovanou v\u016fn\u00ed lotosu a cedrov\u00e9ho d\u0159eva.<\/span><\/p>\n<ul class=\"products-app-emotion-tr0r3x\">\n<li data-testid=\"Presentation-product-detail-product-benefit\"><span style=\"font-family: arial, helvetica, sans-serif; color: #000000;\">48hodinov\u00e1 hydratace<\/span><\/li>\n<li data-testid=\"Presentation-product-detail-product-benefit\"><span style=\"font-family: arial, helvetica, sans-serif; color: #000000;\">P\u0159\u00edrodn\u00ed lotos a cedrov\u00e9 d\u0159evo pom\u00e1haj\u00ed revitalizovat poko\u017eku<\/span><\/li>\n<li data-testid=\"Presentation-product-detail-product-benefit\"><span style=\"font-family: arial, helvetica, sans-serif; color: #000000;\">Bez paraben\u016f<\/span><\/li>\n<\/ul>\n<p><span style=\"font-family: arial, helvetica, sans-serif; color: #000000;\">300 ml<\/span><\/p>\n<div class=\"woocommerce-product-details__short-description\">\n<div class=\"woocommerce-product-details__short-description\">\n<div class=\"woocommerce-product-details__short-description\">\n<div class=\"woocommerce-product-details__short-description\">\n<div class=\"woocommerce-product-details__short-description\">\n<div class=\"description__content_I0dkn description__content--is-expanded_fLsfD\">\n<div>\n<div class=\"woocommerce-product-details__short-description\">\n<div class=\"product-detail-v4i4af\" data-testid=\"Presentation-product-detail-benefits\">\n<div>\n<div class=\"woocommerce-product-details__short-description\">\n<div class=\"product-detail-v4i4af\" data-testid=\"Presentation-product-detail-benefits\">\n<div class=\"woocommerce-product-details__short-description\">\n<div class=\"product-detail-v4i4af\" data-testid=\"Presentation-product-detail-benefits\">\n<div class=\"woocommerce-product-details__short-description\">\n<div class=\"product-detail-v4i4af\" data-testid=\"Presentation-product-detail-benefits\">\n<div class=\"woocommerce-product-details__short-description\">\n<div class=\"product-detail-v4i4af\" data-testid=\"Presentation-product-detail-benefits\">\n<div class=\"woocommerce-product-details__short-description\">\n<div class=\"product-detail-v4i4af\" data-testid=\"Presentation-product-detail-benefits\">\n<div class=\"product-detail-o40nju\" data-testid=\"Presentation-product-detail-price-section\"><span class=\"MuiTypography-root MuiTypography-caption product-detail-8q5iga\" style=\"font-family: arial, helvetica, sans-serif; font-size: 10pt;\" data-testid=\"Presentation-product-detail-LowestPreviousPrice\">Nejni\u017e\u0161\u00ed cena platn\u00e1 ve 30 dnech p\u0159ed platnost\u00ed sou\u010dasn\u00e9 ceny byla 200 K\u010d<\/span><\/div>\n<\/div>\n<\/div>\n<\/div>\n<\/div>\n<\/div>\n<\/div>\n<\/div>\n<\/div>\n<\/div>\n<\/div>\n<\/div>\n<\/div>\n<\/div>\n<\/div>\n<\/div>\n<\/div>\n<\/div>\n<\/div>\n<\/div>\n<\/div>\n","protected":false},"featured_media":8006,"comment_status":"closed","ping_status":"closed","template":"","meta":[],"pwb-brand":[27],"product_brand":[91],"product_cat":[15],"product_tag":[],"class_list":{"0":"post-8004","1":"product","2":"type-product","3":"status-publish","4":"has-post-thumbnail","6":"pwb-brand-https-cz-oriflame-com-cataloguesstorebeautyobchod","7":"product_brand-oriflame","8":"product_cat-nezarazene","10":"first","11":"instock","12":"sale","13":"taxable","14":"shipping-taxable","15":"purchasable","16":"product-type-simple"},"brands":[{"id":27,"name":"Oriflame","slug":"https-cz-oriflame-com-cataloguesstorebeautyobchod"}],"_links":{"self":[{"href":"https:\/\/priroda-uvadi.cz\/beauty\/wp-json\/wp\/v2\/product\/8004","targetHints":{"allow":["GET"]}}],"collection":[{"href":"https:\/\/priroda-uvadi.cz\/beauty\/wp-json\/wp\/v2\/product"}],"about":[{"href":"https:\/\/priroda-uvadi.cz\/beauty\/wp-json\/wp\/v2\/types\/product"}],"replies":[{"embeddable":true,"href":"https:\/\/priroda-uvadi.cz\/beauty\/wp-json\/wp\/v2\/comments?post=8004"}],"wp:featuredmedia":[{"embeddable":true,"href":"https:\/\/priroda-uvadi.cz\/beauty\/wp-json\/wp\/v2\/media\/8006"}],"wp:attachment":[{"href":"https:\/\/priroda-uvadi.cz\/beauty\/wp-json\/wp\/v2\/media?parent=8004"}],"wp:term":[{"taxonomy":"pwb-brand","embeddable":true,"href":"https:\/\/priroda-uvadi.cz\/beauty\/wp-json\/wp\/v2\/pwb-brand?post=8004"},{"taxonomy":"product_brand","embeddable":true,"href":"https:\/\/priroda-uvadi.cz\/beauty\/wp-json\/wp\/v2\/product_brand?post=8004"},{"taxonomy":"product_cat","embeddable":true,"href":"https:\/\/priroda-uvadi.cz\/beauty\/wp-json\/wp\/v2\/product_cat?post=8004"},{"taxonomy":"product_tag","embeddable":true,"href":"https:\/\/priroda-uvadi.cz\/beauty\/wp-json\/wp\/v2\/product_tag?post=8004"}],"curies":[{"name":"wp","href":"https:\/\/api.w.org\/{rel}","templated":true}]}}