{"id":8003,"date":"2025-10-27T15:37:57","date_gmt":"2025-10-27T14:37:57","guid":{"rendered":"https:\/\/priroda-uvadi.cz\/beauty\/?post_type=product&#038;p=8003"},"modified":"2025-10-27T15:42:47","modified_gmt":"2025-10-27T14:42:47","slug":"pletove-olejove-serum-wellosophy-ageless-blissful-30ml","status":"publish","type":"product","link":"https:\/\/priroda-uvadi.cz\/beauty\/produkt\/pletove-olejove-serum-wellosophy-ageless-blissful-30ml\/","title":{"rendered":"Ple\u0165ov\u00e9 olejov\u00e9 s\u00e9rum Wellosophy Ageless &#038; Blissful, 30ml"},"content":{"rendered":"<p class=\"MuiTypography-root MuiTypography-body1 products-app-emotion-1qn0wr5\"><span style=\"font-family: arial, helvetica, sans-serif; color: #000000;\">N\u011bkolik kapek s\u00e9ra naneste do dlan\u011b a vdechn\u011bte jeho uvol\u0148uj\u00edc\u00ed v\u016fni. Jemn\u00fdmi krou\u017eiv\u00fdmi pohyby vmas\u00edrujte do \u010dist\u00e9 poko\u017eky tv\u00e1\u0159e, krku a dekoltu. Nechte vst\u0159ebat.<\/span><\/p>\n<p class=\"MuiTypography-root MuiTypography-body1 products-app-emotion-1qn0wr5\"><span style=\"font-family: arial, helvetica, sans-serif; color: #000000;\"><strong class=\"MuiTypography-root MuiTypography-body1 products-app-emotion-1rnazt1\">Tip profesion\u00e1l\u016f:\u00a0<\/strong>Je\u0161t\u011b lep\u0161\u00ed z\u00e1\u017eitek si dop\u0159ejete, kdy\u017e s\u00e9rum do poko\u017eky vmas\u00edrujete mas\u00e1\u017en\u00edm kamenem Gua-Shroom ve tvaru houbi\u010dky.<\/span><\/p>\n<p><span style=\"font-family: arial, helvetica, sans-serif; color: #000000;\"><strong class=\"MuiTypography-root MuiTypography-body1 products-app-emotion-1rnazt1\">V\u00fdta\u017eek z houby shiitake<\/strong><\/span><\/p>\n<p class=\"MuiTypography-root MuiTypography-body1 products-app-emotion-1qn0wr5\"><span style=\"font-family: arial, helvetica, sans-serif; color: #000000;\">Houby shiitake jsou zn\u00e1m\u00e9 sv\u00fdmi \u00fa\u010dinky proti st\u00e1rnut\u00ed. Tento adaptogen bohat\u00fd na antioxidanty pom\u00e1h\u00e1 zvy\u0161ovat produkci kolagenu, p\u0159isp\u00edv\u00e1 k viditeln\u00e9mu zpevn\u011bn\u00ed pleti a postupem \u010dasu podporuje jej\u00ed mladistv\u011bj\u0161\u00ed, vyhlazen\u011bj\u0161\u00ed vzhled.<\/span><\/p>\n<p><span style=\"font-family: arial, helvetica, sans-serif; color: #000000;\"><strong class=\"MuiTypography-root MuiTypography-body1 products-app-emotion-1rnazt1\">Nikotinamid<\/strong><\/span><\/p>\n<p class=\"MuiTypography-root MuiTypography-body1 products-app-emotion-1qn0wr5\"><span style=\"font-family: arial, helvetica, sans-serif; color: #000000;\">Nikotinamid nebo tak\u00e9 niacinamid pom\u00e1h\u00e1 obnovit proz\u00e1\u0159en\u00fd vzhled pleti a rozjas\u0148uje a vyhlazuje jej\u00ed t\u00f3n. Tento hrdina boje proti st\u00e1rnut\u00ed je prov\u011b\u0159enou st\u00e1lic\u00ed p\u00e9\u010de o ple\u0165, viditeln\u011b redukuje pigmentaci a vzhled tmav\u00fdch kruh\u016f pod o\u010dima a nav\u00edc minimalizuje viditelnost p\u00f3r\u016f, \u010d\u00edm\u017e zlep\u0161uje texturu pleti. Podporuje optim\u00e1ln\u00ed stav ko\u017en\u00ed bari\u00e9ry a hydrataci pleti, \u010d\u00edm\u017e pom\u00e1h\u00e1 udr\u017eovat jej\u00ed pru\u017enost.<\/span><\/p>\n<p class=\"MuiTypography-root MuiTypography-body1 products-app-emotion-1qn0wr5\"><strong><span style=\"font-family: arial, helvetica, sans-serif; color: #000000;\">REVITALIZA\u010cN\u00cd ADAPTOGEN A NIKOTINAMID<\/span><\/strong><\/p>\n<p class=\"MuiTypography-root MuiTypography-body1 products-app-emotion-1qn0wr5\"><span style=\"font-family: arial, helvetica, sans-serif; color: #000000;\">Kl\u00ed\u010dov\u00e1 slo\u017eka, v\u00fdta\u017eek z houby shiitake, b\u00fdv\u00e1 ozna\u010dov\u00e1na za elix\u00edr \u017eivota. Pom\u00e1h\u00e1 podpo\u0159it obsah kolagenu v pleti a p\u0159edch\u00e1z\u00ed jeho \u00fabytku, \u010d\u00edm\u017e ple\u0165 postupn\u011b zpev\u0148uje a vyhlazuje. Ve spojen\u00ed se silou nikotinamidu tato receptura pom\u00e1h\u00e1 viditeln\u011b redukovat projevy st\u00e1rnut\u00ed.<\/span><\/p>\n<p class=\"MuiTypography-root MuiTypography-body1 products-app-emotion-1qn0wr5\"><strong><span style=\"font-family: arial, helvetica, sans-serif; color: #000000;\">ZPEVN\u011aN\u00c1 ple\u0165, VYROVNAN\u00c1 n\u00e1lada<\/span><\/strong><\/p>\n<p class=\"MuiTypography-root MuiTypography-body1 products-app-emotion-1qn0wr5\"><span style=\"font-family: arial, helvetica, sans-serif; color: #000000;\">Uvol\u0148uj\u00edc\u00ed v\u016fn\u011b s esenci\u00e1ln\u00edmi oleji z mu\u0161k\u00e1tu a levandule byla vyvinut\u00e1 pomoc\u00ed speci\u00e1ln\u00ed technologie a m\u00e1 v\u011bdecky prok\u00e1zanou schopnost zklidnit n\u00e1ladu a povzbudit smysly.<\/span><\/p>\n<p><span style=\"font-family: arial, helvetica, sans-serif; color: #000000;\">Ple\u0165ov\u00e9 olejov\u00e9 s\u00e9rum Wellosophy Ageless &amp; Blissful zpev\u0148uje a vyp\u00edn\u00e1 ple\u0165 a z\u00e1rove\u0148 p\u0159edch\u00e1z\u00ed jej\u00edmu p\u0159ed\u010dasn\u00e9mu st\u00e1rnut\u00ed. Vegansk\u00e1 receptura s 86 % slo\u017eek p\u0159\u00edrodn\u00edho p\u016fvodu je vhodn\u00e1 pro v\u0161echny typy pleti v\u010detn\u011b citliv\u00e9. Lehou\u010dk\u00e1 textura pom\u00e1h\u00e1 zklidnit stresem nam\u00e1hanou ple\u0165 a rychle se vst\u0159eb\u00e1v\u00e1.<\/span><\/p>\n<p>&#8212;&#8212;&#8212;&#8212;&#8212;&#8212;&#8212;&#8212;&#8212;&#8212;&#8212;&#8212;&#8212;&#8212;&#8212;&#8212;&#8212;&#8212;&#8212;&#8212;&#8212;&#8212;&#8212;&#8212;&#8212;&#8212;&#8212;&#8212;&#8212;&#8212;&#8212;&#8212;&#8212;&#8212;&#8212;&#8212;&#8212;&#8212;<\/p>\n<div class=\"products-app-emotion-1q7njkh\">\n<div class=\"TextWithHtml-root products-app-emotion-1q94rgb\">\n<div class=\"TextWithHtml-text products-app-emotion-18slqyo\" data-testid=\"Presentation-product-detail-wysiwyg\"><span style=\"font-family: arial, helvetica, sans-serif; font-size: 10pt; color: #000000;\">AQUA, GLYCERIN, NIACINAMIDE, PROPANEDIOL, GLYCERETH-26, METHYL GLUCETH-20, BETAINE, BUTYLENE GLYCOL, OLIVE OIL PEG-7 ESTERS, PENTYLENE GLYCOL, LENTINUS EDODES EXTRACT, BIOSACCHARIDE GUM-4, OLEA EUROPAEA FRUIT OIL, AMYL SALICYLATE, OLETH-20, CAPRYLYL\/CAPRYL GLUCOSIDE, HYDROXYACETOPHENONE, POLYACRYLATE CROSSPOLYMER-6, DIISOPROPYL ADIPATE, SODIUM CITRATE, TRIETHYL CITRATE, LINALYL ACETATE, TETRAMETHYLACETYLOCTAHYDRONAPHTHALENES, LAVANDULA OIL\/EXTRACT, PELARGONIUM GRAVEOLENS FLOWER OIL, DIMETHYL PHENETHYL ACETATE, TRIMETHYLBENZENEPROPANOL, PARFUM, DISODIUM EDTA, PHENOXYETHANOL, POTASSIUM SORBATE, SODIUM BENZOATE, PHYTIC ACID, CI 15510, CI 19140<\/span><\/div>\n<\/div>\n<\/div>\n<p><span style=\"font-family: arial, helvetica, sans-serif; font-size: 10pt; color: #000000;\"><strong class=\"MuiTypography-root MuiTypography-body1 products-app-emotion-1rnazt1\">Po pou\u017e\u00edv\u00e1n\u00ed ple\u0165ov\u00e9ho olejov\u00e9ho s\u00e9ra Wellosophy Ageless &amp; Blissful po dobu 2 t\u00fddn\u016f:<\/strong><\/span><\/p>\n<p class=\"MuiTypography-root MuiTypography-body1 products-app-emotion-1qn0wr5\"><span style=\"font-family: arial, helvetica, sans-serif; font-size: 10pt; color: #000000;\">81 % souhlas\u00ed, \u017ee ple\u0165 vypad\u00e1 pevn\u011bj\u0161\u00ed<sup>*<\/sup><\/span><\/p>\n<p class=\"MuiTypography-root MuiTypography-body1 products-app-emotion-1qn0wr5\"><span style=\"font-family: arial, helvetica, sans-serif; font-size: 10pt; color: #000000;\">79 % souhlas\u00ed s t\u00edm, \u017ee ple\u0165 vypad\u00e1 vypnut\u011bj\u0161\u00ed<sup>*<\/sup><\/span><\/p>\n<p class=\"MuiTypography-root MuiTypography-body1 products-app-emotion-1qn0wr5\"><span style=\"font-family: arial, helvetica, sans-serif; font-size: 10pt; color: #000000;\">79 % souhlas\u00ed, \u017ee kontury obli\u010deje p\u016fsob\u00ed zpevn\u011bn\u011b<sup>*<\/sup><\/span><\/p>\n<p class=\"MuiTypography-root MuiTypography-body1 products-app-emotion-1qn0wr5\"><span style=\"font-family: arial, helvetica, sans-serif; font-size: 10pt; color: #000000;\">*Spot\u0159ebitelsky testov\u00e1no ve Velk\u00e9 Brit\u00e1nii na 96 \u017een\u00e1ch r\u016fzn\u00fdch etnik ve v\u011bku 18\u201345 let<\/span><\/p>\n<div class=\"products-app-emotion-1nacawr\">\n<div class=\"products-app-emotion-bco1gb\">\n<p class=\"MuiTypography-root MuiTypography-body1 products-app-emotion-1qn0wr5\" data-testid=\"Presentation-product-detail-dimensions\"><span style=\"font-family: arial, helvetica, sans-serif; font-size: 10pt; color: #000000;\">Rozm\u011bry: D\u00e9lka 122mm, V\u00fd\u0161ka 38mm, Hloubka 42mm, Hmotnost 100g<\/span><\/p>\n<p class=\"MuiTypography-root MuiTypography-body1 products-app-emotion-1qn0wr5\" data-testid=\"Presentation-product-detail-full-product-name\"><span style=\"font-family: arial, helvetica, sans-serif; font-size: 10pt; color: #000000;\">\u00dapln\u00fd n\u00e1zev produktu: Ple\u0165ov\u00e9 olejov\u00e9 s\u00e9rum Wellosophy Ageless &amp; Blissful<\/span><\/p>\n<\/div>\n<\/div>\n","protected":false},"excerpt":{"rendered":"<p><span style=\"font-family: arial, helvetica, sans-serif; color: #000000;\">Relaxa\u010dn\u00ed olejov\u00e9 s\u00e9rum s v\u00fdta\u017ekem z houby shiitake a s nikotinamidem zpev\u0148uje a vyp\u00edn\u00e1 ple\u0165. Svou uklid\u0148uj\u00edc\u00ed v\u016fn\u00ed p\u0159etv\u00e1\u0159\u00ed rutinn\u00ed p\u00e9\u010di v p\u0159ekr\u00e1sn\u00fd z\u00e1\u017eitek.<\/span><\/p>\n<ul class=\"products-app-emotion-tr0r3x\">\n<li data-testid=\"Presentation-product-detail-product-benefit\"><span style=\"font-family: arial, helvetica, sans-serif; color: #000000;\">Ji\u017e b\u011bhem dvou t\u00fddn\u016f pom\u00e1h\u00e1 pleti su\u017eovan\u00e9 stresem dos\u00e1hnout pevn\u011bj\u0161\u00edho vzhledu<\/span><\/li>\n<li data-testid=\"Presentation-product-detail-product-benefit\"><span style=\"font-family: arial, helvetica, sans-serif; color: #000000;\">V\u016fn\u011b s esenci\u00e1ln\u00edmi oleji z mu\u0161k\u00e1tu a levandule podporuje vyrovnan\u00e9 rozpolo\u017een\u00ed<\/span><\/li>\n<li data-testid=\"Presentation-product-detail-product-benefit\"><span style=\"font-family: arial, helvetica, sans-serif; color: #000000;\">Lehou\u010dk\u00e1 konzistence se rychle vst\u0159eb\u00e1v\u00e1 a p\u0159in\u00e1\u0161\u00ed pleti hebkost<\/span><\/li>\n<\/ul>\n<p><span style=\"font-family: arial, helvetica, sans-serif; color: #000000;\">30ml<\/span><\/p>\n<div class=\"woocommerce-product-details__short-description\">\n<div class=\"woocommerce-product-details__short-description\">\n<div class=\"woocommerce-product-details__short-description\">\n<div class=\"woocommerce-product-details__short-description\">\n<div class=\"description__content_I0dkn description__content--is-expanded_fLsfD\">\n<div>\n<div class=\"woocommerce-product-details__short-description\">\n<div class=\"product-detail-v4i4af\" data-testid=\"Presentation-product-detail-benefits\">\n<div>\n<div class=\"woocommerce-product-details__short-description\">\n<div class=\"product-detail-v4i4af\" data-testid=\"Presentation-product-detail-benefits\">\n<div class=\"woocommerce-product-details__short-description\">\n<div class=\"product-detail-v4i4af\" data-testid=\"Presentation-product-detail-benefits\">\n<div class=\"woocommerce-product-details__short-description\">\n<div class=\"product-detail-v4i4af\" data-testid=\"Presentation-product-detail-benefits\">\n<div class=\"woocommerce-product-details__short-description\">\n<div class=\"product-detail-v4i4af\" data-testid=\"Presentation-product-detail-benefits\">\n<div class=\"woocommerce-product-details__short-description\">\n<div class=\"product-detail-v4i4af\" data-testid=\"Presentation-product-detail-benefits\">\n<div class=\"product-detail-o40nju\" data-testid=\"Presentation-product-detail-price-section\"><span class=\"MuiTypography-root MuiTypography-caption product-detail-8q5iga\" style=\"font-family: arial, helvetica, sans-serif; font-size: 10pt;\" data-testid=\"Presentation-product-detail-LowestPreviousPrice\">Nejni\u017e\u0161\u00ed cena platn\u00e1 ve 30 dnech p\u0159ed platnost\u00ed sou\u010dasn\u00e9 ceny byla 300 K\u010d<\/span><\/div>\n<\/div>\n<\/div>\n<\/div>\n<\/div>\n<\/div>\n<\/div>\n<\/div>\n<\/div>\n<\/div>\n<\/div>\n<\/div>\n<\/div>\n<\/div>\n<\/div>\n<\/div>\n<\/div>\n<\/div>\n<\/div>\n<\/div>\n","protected":false},"featured_media":8005,"comment_status":"closed","ping_status":"closed","template":"","meta":[],"pwb-brand":[27],"product_brand":[91],"product_cat":[30,43],"product_tag":[],"class_list":{"0":"post-8003","1":"product","2":"type-product","3":"status-publish","4":"has-post-thumbnail","6":"pwb-brand-https-cz-oriflame-com-cataloguesstorebeautyobchod","7":"product_brand-oriflame","8":"product_cat-pece-o-plet","9":"product_cat-pletova-sera","11":"first","12":"instock","13":"sale","14":"taxable","15":"shipping-taxable","16":"purchasable","17":"product-type-simple"},"brands":[{"id":27,"name":"Oriflame","slug":"https-cz-oriflame-com-cataloguesstorebeautyobchod"}],"_links":{"self":[{"href":"https:\/\/priroda-uvadi.cz\/beauty\/wp-json\/wp\/v2\/product\/8003","targetHints":{"allow":["GET"]}}],"collection":[{"href":"https:\/\/priroda-uvadi.cz\/beauty\/wp-json\/wp\/v2\/product"}],"about":[{"href":"https:\/\/priroda-uvadi.cz\/beauty\/wp-json\/wp\/v2\/types\/product"}],"replies":[{"embeddable":true,"href":"https:\/\/priroda-uvadi.cz\/beauty\/wp-json\/wp\/v2\/comments?post=8003"}],"wp:featuredmedia":[{"embeddable":true,"href":"https:\/\/priroda-uvadi.cz\/beauty\/wp-json\/wp\/v2\/media\/8005"}],"wp:attachment":[{"href":"https:\/\/priroda-uvadi.cz\/beauty\/wp-json\/wp\/v2\/media?parent=8003"}],"wp:term":[{"taxonomy":"pwb-brand","embeddable":true,"href":"https:\/\/priroda-uvadi.cz\/beauty\/wp-json\/wp\/v2\/pwb-brand?post=8003"},{"taxonomy":"product_brand","embeddable":true,"href":"https:\/\/priroda-uvadi.cz\/beauty\/wp-json\/wp\/v2\/product_brand?post=8003"},{"taxonomy":"product_cat","embeddable":true,"href":"https:\/\/priroda-uvadi.cz\/beauty\/wp-json\/wp\/v2\/product_cat?post=8003"},{"taxonomy":"product_tag","embeddable":true,"href":"https:\/\/priroda-uvadi.cz\/beauty\/wp-json\/wp\/v2\/product_tag?post=8003"}],"curies":[{"name":"wp","href":"https:\/\/api.w.org\/{rel}","templated":true}]}}