{"id":8001,"date":"2025-10-27T14:53:22","date_gmt":"2025-10-27T13:53:22","guid":{"rendered":"https:\/\/priroda-uvadi.cz\/beauty\/?post_type=product&#038;p=8001"},"modified":"2025-10-27T14:53:22","modified_gmt":"2025-10-27T13:53:22","slug":"pletovy-krem-opt-optimals-the-beyond-spf-25-30ml","status":"publish","type":"product","link":"https:\/\/priroda-uvadi.cz\/beauty\/produkt\/pletovy-krem-opt-optimals-the-beyond-spf-25-30ml\/","title":{"rendered":"Ple\u0165ov\u00fd kr\u00e9m Opt Optimals The Beyond SPF 25, 30ml"},"content":{"rendered":"<p class=\"MuiTypography-root MuiTypography-body1 products-app-emotion-1qn0wr5\"><span style=\"font-family: arial, helvetica, sans-serif; color: #000000;\">Pou\u017e\u00edvejte r\u00e1no na \u010distou ple\u0165.<\/span><\/p>\n<ul class=\"MuiTypography-root MuiTypography-body1 products-app-emotion-1qn0wr5\">\n<li><span style=\"font-family: arial, helvetica, sans-serif; color: #000000;\">5 te\u010dek kr\u00e9mu o velikosti hr\u00e1\u0161ku naneste na \u010delo, na ka\u017edou tv\u00e1\u0159, nos a bradu.<\/span><\/li>\n<li><span style=\"font-family: arial, helvetica, sans-serif; color: #000000;\">\u0160pi\u010dkami prst\u016f kr\u00e9m klep\u00e1n\u00edm jemn\u011b rozet\u0159ete nebo lehce vmas\u00edrujte do pleti cel\u00e9ho obli\u010deje, dokud se nevst\u0159eb\u00e1.<\/span><\/li>\n<li><span style=\"font-family: arial, helvetica, sans-serif; color: #000000;\">Vyhn\u011bte se o\u010dn\u00edmu okol\u00ed.<\/span><\/li>\n<\/ul>\n<p class=\"MuiTypography-root MuiTypography-body1 products-app-emotion-1qn0wr5\"><span style=\"font-family: arial, helvetica, sans-serif; color: #000000;\">Ple\u0165ov\u00fd kr\u00e9m Optimals The Beyond SPF 25 obsahuje ektoin a SPF 25.<\/span><\/p>\n<ul class=\"MuiTypography-root MuiTypography-body1 products-app-emotion-1qn0wr5\">\n<li><span style=\"font-family: arial, helvetica, sans-serif; color: #000000;\">10 p\u0159\u00ednos\u016f v 1<\/span><\/li>\n<li><span style=\"font-family: arial, helvetica, sans-serif; color: #000000;\">Okam\u017eit\u00e1 hydratace vydr\u017e\u00ed 48 hodin \u2013 klinicky prok\u00e1z\u00e1no<sup>\u0394<\/sup><\/span><\/li>\n<li><span style=\"font-family: arial, helvetica, sans-serif; color: #000000;\">Vyhlazuje ple\u0165 \u2013 94 % souhlas\u00ed*<sup>3<\/sup><\/span><\/li>\n<li><span style=\"font-family: arial, helvetica, sans-serif; color: #000000;\">Vypl\u0148uje \u2013 90 % souhlas\u00ed*<sup>3<\/sup><\/span><\/li>\n<li><span style=\"font-family: arial, helvetica, sans-serif; color: #000000;\">Podporuje proz\u00e1\u0159en\u00ed pleti \u2013 91 % souhlas\u00ed*<sup>3<\/sup><\/span><\/li>\n<li><span style=\"font-family: arial, helvetica, sans-serif; color: #000000;\">Sjednocuje t\u00f3n pleti \u2013 87 % souhlas\u00ed*<sup>3<\/sup><\/span><\/li>\n<li><span style=\"font-family: arial, helvetica, sans-serif; color: #000000;\">Redukuje viditelnost jemn\u00fdch linek \u2013 85 % souhlas\u00ed*<sup>3<\/sup><\/span><\/li>\n<li><span style=\"font-family: arial, helvetica, sans-serif; color: #000000;\">Minimalizuje viditelnost p\u00f3r\u016f \u2013 83 % souhlas\u00ed*<sup>3<\/sup><\/span><\/li>\n<li><span style=\"font-family: arial, helvetica, sans-serif; color: #000000;\">Ektoin pom\u00e1h\u00e1 chr\u00e1nit rovnov\u00e1hu ko\u017en\u00edho mikrobiomu<\/span><\/li>\n<li><span style=\"font-family: arial, helvetica, sans-serif; color: #000000;\">Pom\u00e1h\u00e1 chr\u00e1nit proti zne\u010di\u0161t\u011bn\u00e9mu prost\u0159ed\u00ed<\/span><\/li>\n<li><span style=\"font-family: arial, helvetica, sans-serif; color: #000000;\">Klinicky, spot\u0159ebitelsky a dermatologicky testov\u00e1no<\/span><\/li>\n<li><span style=\"font-family: arial, helvetica, sans-serif; color: #000000;\">Lahvi\u010dka z alespo\u0148 25 % recyklovan\u00e9ho skla<\/span><\/li>\n<li><span style=\"font-family: arial, helvetica, sans-serif; color: #000000;\">30 ml<\/span><\/li>\n<\/ul>\n<p class=\"MuiTypography-root MuiTypography-body1 products-app-emotion-1qn0wr5\"><span style=\"font-family: arial, helvetica, sans-serif; color: #000000;\">Receptura s ektoinem a SPF 25.<\/span><\/p>\n<p class=\"MuiTypography-root MuiTypography-body1 products-app-emotion-1qn0wr5\"><span style=\"font-family: arial, helvetica, sans-serif; color: #000000;\">Ektoin<\/span><\/p>\n<p class=\"MuiTypography-root MuiTypography-body1 products-app-emotion-1qn0wr5\"><span style=\"font-family: arial, helvetica, sans-serif; color: #000000;\">Siln\u00e1 multifunk\u010dn\u00ed aktivn\u00e1 l\u00e1tka, kter\u00e1 pom\u00e1h\u00e1 mikroorganism\u016fm v prost\u0159ed\u00edch, jako jsou pou\u0161t\u011b \u010di soln\u00e1 jezera, p\u0159e\u017e\u00edvat i navzdory extr\u00e9mn\u00edm podm\u00ednk\u00e1m. Ektoin m\u00e1 velkou schopnost hydratovat, podobn\u011b jako kyselina hyaluronov\u00e1, ale z\u00e1rove\u0148 pleti p\u0159in\u00e1\u0161\u00ed ochranu a omlazuj\u00edc\u00ed \u00fa\u010dinky. Pom\u00e1h\u00e1 podpo\u0159it jej\u00ed vlastn\u00ed obranu proti UV z\u00e1\u0159en\u00ed a zne\u010di\u0161t\u011bn\u00e9mu prost\u0159ed\u00ed<sup>\u03942<\/sup>, pom\u00e1h\u00e1 pos\u00edlit ko\u017en\u00ed bari\u00e9ru<sup>\u03942<\/sup>\u00a0a uchov\u00e1vat rovnov\u00e1hu ko\u017en\u00edho mikrobiomu<sup>\u03943<\/sup>, pom\u00e1h\u00e1 redukovat viditelnost vr\u00e1sek<sup>\u03942<\/sup>, pom\u00e1h\u00e1 omezovat po\u0161kozen\u00ed pleti v d\u016fsledku zne\u010di\u0161t\u011bn\u00ed<sup>\u03942<\/sup>\u00a0a pom\u00e1h\u00e1 sni\u017eovat pigmentaci pleti<sup>\u03942<\/sup>.<\/span><\/p>\n<p><span style=\"font-family: arial, helvetica, sans-serif; color: #000000;\"><sup>\u03942<\/sup>\u00a0<em>in vivo<\/em>\u00a0testovan\u00e1 aktivn\u00ed l\u00e1tka.\u00a0<sup>\u03943<\/sup>\u00a0<em>in vitro<\/em>\u00a0testovan\u00e1 aktivn\u00ed l\u00e1tka.<\/span><\/p>\n<div class=\"products-app-emotion-1q7njkh\">\n<div class=\"TextWithHtml-root products-app-emotion-1q94rgb\">\n<div class=\"TextWithHtml-text products-app-emotion-18slqyo\" data-testid=\"Presentation-product-detail-wysiwyg\"><span style=\"font-family: arial, helvetica, sans-serif; font-size: 10pt;\">AQUA, DIBUTYL ADIPATE, GLYCERIN, PROPYLHEPTYL CAPRYLATE, ETHYLHEXYL TRIAZONE, DIETHYLAMINO HYDROXYBENZOYL HEXYL BENZOATE, PROPANEDIOL, BIS-ETHYLHEXYLOXYPHENOL METHOXYPHENYL TRIAZINE, METHYLENE BIS-BENZOTRIAZOLYL TETRAMETHYLBUTYLPHENOL (NANO), BETAINE, POLYGLYCERYL-6 DISTEARATE, UNDECANE, CETEARYL ALCOHOL, ECTOIN, SILICA, SODIUM STEAROYL GLUTAMATE, ETHYLHEXYLGLYCERIN, JOJOBA ESTERS, DECYL GLUCOSIDE, ACRYLATES\/C10-30 ALKYL ACRYLATE CROSSPOLYMER, CETYL ALCOHOL, POLYGLYCERYL-3 BEESWAX, 1,2-HEXANEDIOL, CAPRYLYL GLYCOL, SODIUM HYDROXIDE, XANTHAN GUM, PROPYLENE GLYCOL, TOCOPHEROL, TRIDECANE, PARFUM, DISODIUM EDTA, CAPRYLHYDROXAMIC ACID<\/span><\/div>\n<\/div>\n<\/div>\n<p class=\"MuiTypography-root MuiTypography-body1 products-app-emotion-1qn0wr5\"><span style=\"font-family: arial, helvetica, sans-serif; font-size: 10pt;\">\u201eHrozn\u011b se mi l\u00edb\u00ed, jak se ple\u0165ov\u00fd kr\u00e9m vp\u00edj\u00ed do poko\u017eky a vytv\u00e1\u0159\u00ed pocit mimo\u0159\u00e1dn\u00e9 hydratace\u201c<sup>#<\/sup><\/span><\/p>\n<p class=\"MuiTypography-root MuiTypography-body1 products-app-emotion-1qn0wr5\"><span style=\"font-family: arial, helvetica, sans-serif; font-size: 10pt;\">\u201eRozhodn\u011b jsem zaznamenala zmen\u0161en\u00ed jemn\u00fdch linek, zdaj\u00ed se vypln\u011bn\u011bj\u0161\u00ed, po pou\u017e\u00edv\u00e1n\u00ed kr\u00e9mu jsem tak\u00e9 m\u011bla pocit proz\u00e1\u0159en\u011bj\u0161\u00ed pleti\u201c<sup>#<\/sup><\/span><\/p>\n<p class=\"MuiTypography-root MuiTypography-body1 products-app-emotion-1qn0wr5\"><span style=\"font-family: arial, helvetica, sans-serif; font-size: 10pt;\">\u201eN\u00e1dhern\u011b von\u00ed, ple\u0165 je po pou\u017e\u00edv\u00e1n\u00ed kr\u00e9mu opravdu proz\u00e1\u0159en\u00e1 a hydratovan\u00e1. Zamilovala jsem se.\u201c<sup>#<\/sup><\/span><\/p>\n<p class=\"MuiTypography-root MuiTypography-body1 products-app-emotion-1qn0wr5\"><span style=\"font-family: arial, helvetica, sans-serif; font-size: 10pt;\">*<sup>3<\/sup><small>\u00a0Spot\u0159ebitelsky testov\u00e1no po dobu 6 t\u00fddn\u016f.\u00a0<\/small><sup>\u0394<\/sup><small>\u00a0Klinicky testov\u00e1no.\u00a0<\/small><sup>#<\/sup><small>\u00a0Spont\u00e1nn\u00ed koment\u00e1\u0159 spot\u0159ebitele.<\/small><\/span><\/p>\n<div class=\"products-app-emotion-1nacawr\">\n<div class=\"products-app-emotion-bco1gb\">\n<p class=\"MuiTypography-root MuiTypography-body1 products-app-emotion-1qn0wr5\" data-testid=\"Presentation-product-detail-dimensions\"><span style=\"font-family: arial, helvetica, sans-serif; font-size: 10pt;\">Rozm\u011bry: D\u00e9lka 125mm, V\u00fd\u0161ka 35mm, Hloubka 35mm, Hmotnost 108g<\/span><\/p>\n<p class=\"MuiTypography-root MuiTypography-body1 products-app-emotion-1qn0wr5\" data-testid=\"Presentation-product-detail-full-product-name\"><span style=\"font-family: arial, helvetica, sans-serif; font-size: 10pt;\">\u00dapln\u00fd n\u00e1zev produktu: Ple\u0165ov\u00fd kr\u00e9m Opt Optimals The Beyond SPF 25<\/span><\/p>\n<\/div>\n<\/div>\n","protected":false},"excerpt":{"rendered":"<p><span style=\"font-family: arial, helvetica, sans-serif; color: #000000;\">Tento ple\u0165ov\u00fd kr\u00e9m s 10 p\u0159\u00ednosy v 1 pleti p\u0159in\u00e1\u0161\u00ed intenzivn\u00ed hydrataci, ochranu a omlazuj\u00edc\u00ed \u00fa\u010dinky. Lehou\u010dk\u00e1 receptura s ektoinem a SPF 25 pro hebkou, vypln\u011bnou, sjednocenou a proz\u00e1\u0159enou ple\u0165.<\/span><\/p>\n<ul class=\"products-app-emotion-tr0r3x\">\n<li data-testid=\"Presentation-product-detail-product-benefit\"><span style=\"font-family: arial, helvetica, sans-serif; color: #000000;\">Okam\u017eit\u00e1 48hodinov\u00e1 hydratace<\/span><\/li>\n<li data-testid=\"Presentation-product-detail-product-benefit\"><span style=\"font-family: arial, helvetica, sans-serif; color: #000000;\">Vyhlazuje, vypl\u0148uje, proz\u00e1\u0159\u00ed a sjednocuje t\u00f3n pleti<\/span><\/li>\n<li data-testid=\"Presentation-product-detail-product-benefit\"><span style=\"font-family: arial, helvetica, sans-serif; color: #000000;\">Vhodn\u00e9 pro citlivou poko\u017eku<\/span><\/li>\n<\/ul>\n<p><span style=\"font-family: arial, helvetica, sans-serif; color: #000000;\">30ml<\/span><\/p>\n<div class=\"woocommerce-product-details__short-description\">\n<div class=\"woocommerce-product-details__short-description\">\n<div class=\"woocommerce-product-details__short-description\">\n<div class=\"description__content_I0dkn description__content--is-expanded_fLsfD\">\n<div>\n<div class=\"woocommerce-product-details__short-description\">\n<div class=\"product-detail-v4i4af\" data-testid=\"Presentation-product-detail-benefits\">\n<div>\n<div class=\"woocommerce-product-details__short-description\">\n<div class=\"product-detail-v4i4af\" data-testid=\"Presentation-product-detail-benefits\">\n<div class=\"woocommerce-product-details__short-description\">\n<div class=\"product-detail-v4i4af\" data-testid=\"Presentation-product-detail-benefits\">\n<div class=\"woocommerce-product-details__short-description\">\n<div class=\"product-detail-v4i4af\" data-testid=\"Presentation-product-detail-benefits\">\n<div class=\"woocommerce-product-details__short-description\">\n<div class=\"product-detail-v4i4af\" data-testid=\"Presentation-product-detail-benefits\">\n<div class=\"woocommerce-product-details__short-description\">\n<div class=\"product-detail-v4i4af\" data-testid=\"Presentation-product-detail-benefits\">\n<div class=\"product-detail-o40nju\" data-testid=\"Presentation-product-detail-price-section\"><span class=\"MuiTypography-root MuiTypography-caption product-detail-8q5iga\" style=\"font-family: arial, helvetica, sans-serif; font-size: 10pt;\" data-testid=\"Presentation-product-detail-LowestPreviousPrice\">Nejni\u017e\u0161\u00ed cena platn\u00e1 ve 30 dnech p\u0159ed platnost\u00ed sou\u010dasn\u00e9 ceny byla 200 K\u010d<\/span><\/div>\n<\/div>\n<\/div>\n<\/div>\n<\/div>\n<\/div>\n<\/div>\n<\/div>\n<\/div>\n<\/div>\n<\/div>\n<\/div>\n<\/div>\n<\/div>\n<\/div>\n<\/div>\n<\/div>\n<\/div>\n<\/div>\n","protected":false},"featured_media":8002,"comment_status":"closed","ping_status":"closed","template":"","meta":[],"pwb-brand":[27],"product_brand":[91],"product_cat":[40,30],"product_tag":[],"class_list":{"0":"post-8001","1":"product","2":"type-product","3":"status-publish","4":"has-post-thumbnail","6":"pwb-brand-https-cz-oriflame-com-cataloguesstorebeautyobchod","7":"product_brand-oriflame","8":"product_cat-denni-kremy","9":"product_cat-pece-o-plet","11":"first","12":"instock","13":"sale","14":"taxable","15":"shipping-taxable","16":"purchasable","17":"product-type-simple"},"brands":[{"id":27,"name":"Oriflame","slug":"https-cz-oriflame-com-cataloguesstorebeautyobchod"}],"_links":{"self":[{"href":"https:\/\/priroda-uvadi.cz\/beauty\/wp-json\/wp\/v2\/product\/8001","targetHints":{"allow":["GET"]}}],"collection":[{"href":"https:\/\/priroda-uvadi.cz\/beauty\/wp-json\/wp\/v2\/product"}],"about":[{"href":"https:\/\/priroda-uvadi.cz\/beauty\/wp-json\/wp\/v2\/types\/product"}],"replies":[{"embeddable":true,"href":"https:\/\/priroda-uvadi.cz\/beauty\/wp-json\/wp\/v2\/comments?post=8001"}],"wp:featuredmedia":[{"embeddable":true,"href":"https:\/\/priroda-uvadi.cz\/beauty\/wp-json\/wp\/v2\/media\/8002"}],"wp:attachment":[{"href":"https:\/\/priroda-uvadi.cz\/beauty\/wp-json\/wp\/v2\/media?parent=8001"}],"wp:term":[{"taxonomy":"pwb-brand","embeddable":true,"href":"https:\/\/priroda-uvadi.cz\/beauty\/wp-json\/wp\/v2\/pwb-brand?post=8001"},{"taxonomy":"product_brand","embeddable":true,"href":"https:\/\/priroda-uvadi.cz\/beauty\/wp-json\/wp\/v2\/product_brand?post=8001"},{"taxonomy":"product_cat","embeddable":true,"href":"https:\/\/priroda-uvadi.cz\/beauty\/wp-json\/wp\/v2\/product_cat?post=8001"},{"taxonomy":"product_tag","embeddable":true,"href":"https:\/\/priroda-uvadi.cz\/beauty\/wp-json\/wp\/v2\/product_tag?post=8001"}],"curies":[{"name":"wp","href":"https:\/\/api.w.org\/{rel}","templated":true}]}}