{"id":7952,"date":"2025-10-14T16:58:11","date_gmt":"2025-10-14T14:58:11","guid":{"rendered":"https:\/\/priroda-uvadi.cz\/beauty\/?post_type=product&#038;p=7952"},"modified":"2026-02-10T12:08:07","modified_gmt":"2026-02-10T11:08:07","slug":"spachtlicka-na-pletovy-krem","status":"publish","type":"product","link":"https:\/\/priroda-uvadi.cz\/beauty\/produkt\/spachtlicka-na-pletovy-krem\/","title":{"rendered":"\u0160pachtli\u010dka na ple\u0165ov\u00fd kr\u00e9m"},"content":{"rendered":"<p class=\"MuiTypography-root MuiTypography-body1 products-app-emotion-1qn0wr5\"><span style=\"font-family: arial, helvetica, sans-serif; color: #000000;\">D\u00edky silikonov\u00e9 \u0161pachtli\u010dce bez obsahu latexu je nan\u00e1\u0161en\u00ed hydrata\u010dn\u00edho kr\u00e9mu snadn\u00e9, p\u0159\u00edjemn\u00e9 a hygieni\u010dt\u011bj\u0161\u00ed. U\u017e \u017e\u00e1dn\u00e9 loven\u00ed ne v\u017edy \u010derstv\u011b umyt\u00fdmi prsty v kel\u00edmc\u00edch s va\u0161\u00edm obl\u00edben\u00fdm kr\u00e9mem. Dop\u0159ejte si p\u0159\u00edjemn\u011bj\u0161\u00ed a profesion\u00e1ln\u011bj\u0161\u00ed ritu\u00e1l p\u00e9\u010de o ple\u0165 a v\u011bnujte si \u010das, kter\u00fd si zaslou\u017e\u00edte.<\/span><\/p>\n<div class=\"products-app-emotion-1nacawr\">\n<div class=\"products-app-emotion-bco1gb\">\n<p class=\"MuiTypography-root MuiTypography-body1 products-app-emotion-1qn0wr5\" data-testid=\"Presentation-product-detail-dimensions\"><span style=\"font-family: arial, helvetica, sans-serif; color: #000000;\">Rozm\u011bry: D\u00e9lka 150mm, V\u00fd\u0161ka 23mm, Hloubka 23mm, Hmotnost 8g<\/span><\/p>\n<p class=\"MuiTypography-root MuiTypography-body1 products-app-emotion-1qn0wr5\" data-testid=\"Presentation-product-detail-dimensions-details\"><span style=\"font-family: arial, helvetica, sans-serif; color: #000000;\">Podrobnosti: Materi\u00e1l: silikon bez latexu, d\u0159evo. 14 x 1 cm.<\/span><\/p>\n<p class=\"MuiTypography-root MuiTypography-body1 products-app-emotion-1qn0wr5\" data-testid=\"Presentation-product-detail-full-product-name\"><span style=\"font-family: arial, helvetica, sans-serif; color: #000000;\">\u00dapln\u00fd n\u00e1zev produktu: \u0160pachtli\u010dka na ple\u0165ov\u00fd kr\u00e9m<\/span><\/p>\n<\/div>\n<\/div>\n","protected":false},"excerpt":{"rendered":"<p><span style=\"font-family: arial, helvetica, sans-serif; color: #000000;\">Naberte pot\u0159ebn\u00e9 mno\u017estv\u00ed sv\u00e9ho obl\u00edben\u00e9ho p\u0159\u00edpravku p\u00e9\u010de o ple\u0165 touto elegantn\u00ed silikonovou \u0161pachtli\u010dkou bez obsahu latexu. U\u017e \u017e\u00e1dn\u00e9 zamazan\u00e9 prsty!<\/span><\/p>\n<ul class=\"products-app-emotion-tr0r3x\">\n<li data-testid=\"Presentation-product-detail-product-benefit\"><span style=\"font-family: arial, helvetica, sans-serif; color: #000000;\">Pro lep\u0161\u00ed, hygieni\u010dt\u011bj\u0161\u00ed ritu\u00e1l p\u00e9\u010de o ple\u0165<\/span><\/li>\n<li data-testid=\"Presentation-product-detail-product-benefit\"><span style=\"font-family: arial, helvetica, sans-serif; color: #000000;\">Pro efektivn\u00ed a hygienick\u00e9 nab\u00edr\u00e1n\u00ed p\u0159\u00edpravk\u016f p\u00e9\u010de o ple\u0165<\/span><\/li>\n<li data-testid=\"Presentation-product-detail-product-benefit\"><span style=\"font-family: arial, helvetica, sans-serif; color: #000000;\">Pom\u00e1h\u00e1 minimalizovat zbyte\u010dn\u00e9 pl\u00fdtv\u00e1n\u00ed<\/span><\/li>\n<\/ul>\n<div id=\"tabs\" class=\"products-app-emotion-1xyaxzq\">\n<div class=\"products-app-emotion-qsaw8\" data-testid=\"Presentation-product-detail-tabs\">\n<div class=\"products-app-emotion-15ojik8\" role=\"tabpanel\" data-testid=\"Presentation-product-detail-tab-panel\" aria-labelledby=\"howToUse\">\n<div class=\"TextWithHtml-root products-app-emotion-1q94rgb\">\n<div class=\"TextWithHtml-text products-app-emotion-2zfhel\" data-testid=\"Presentation-product-detail-wysiwyg\">\n<p class=\"MuiTypography-root MuiTypography-body1 products-app-emotion-1qn0wr5\"><span style=\"font-family: arial, helvetica, sans-serif; color: #000000;\">Naberte p\u0159\u00edpravek a naneste p\u0159\u00edmo na tv\u00e1\u0159, bu\u010f \u0161t\u011btcem nebo p\u0159\u00edmo \u0161pachtli\u010dkou. Vyhn\u011bte se jemn\u00e9mu o\u010dn\u00edmu okol\u00ed.<\/span><\/p>\n<div class=\"woocommerce-product-details__short-description\">\n<div class=\"woocommerce-product-details__short-description\">\n<div class=\"woocommerce-product-details__short-description\">\n<div class=\"woocommerce-product-details__short-description\">\n<div class=\"product-detail-vdfylx\">\n<div class=\"product-detail-d0oxj1\">\n<div class=\"product-detail-1yhj3ra\">\n<p class=\"product-detail-17mztir\" data-testid=\"Presentation-product-detail-LowestPreviousPrice\"><span style=\"font-family: arial, helvetica, sans-serif; font-size: 10pt;\">Nejni\u017e\u0161\u00ed cena platn\u00e1 ve 30 dnech p\u0159ed platnost\u00ed sou\u010dasn\u00e9 ceny byla 70 K\u010d<\/span><\/p>\n<\/div>\n<\/div>\n<\/div>\n<\/div>\n<\/div>\n<\/div>\n<form class=\"cart\" action=\"https:\/\/priroda-uvadi.cz\/beauty\/produkt\/dlouhotrvajici-tekute-ocni-stiny-the-one-matte-sand-5ml\/\" enctype=\"multipart\/form-data\" method=\"post\">\n<div class=\"quantity\"><\/div>\n<\/form>\n<\/div>\n<\/div>\n<\/div>\n<\/div>\n<\/div>\n<\/div>\n<div id=\"guarantees\" class=\"products-app-emotion-1xyaxzq\">\n<div class=\"products-app-emotion-1fxqtsw\" data-testid=\"Presentation-product-detail-guarantees\">\n<div class=\"products-app-emotion-1hbrs3p\" data-testid=\"Presentation-product-detail-guarantee\">\n<div class=\"products-app-emotion-b6meum\"><\/div>\n<\/div>\n<\/div>\n<\/div>\n","protected":false},"featured_media":7953,"comment_status":"closed","ping_status":"closed","template":"","meta":[],"pwb-brand":[27],"product_brand":[91],"product_cat":[31],"product_tag":[],"class_list":{"0":"post-7952","1":"product","2":"type-product","3":"status-publish","4":"has-post-thumbnail","6":"pwb-brand-https-cz-oriflame-com-cataloguesstorebeautyobchod","7":"product_brand-oriflame","8":"product_cat-nekosmeticke-vyrobky","10":"first","11":"instock","12":"sale","13":"taxable","14":"shipping-taxable","15":"purchasable","16":"product-type-simple"},"brands":[{"id":27,"name":"Oriflame","slug":"https-cz-oriflame-com-cataloguesstorebeautyobchod"}],"_links":{"self":[{"href":"https:\/\/priroda-uvadi.cz\/beauty\/wp-json\/wp\/v2\/product\/7952","targetHints":{"allow":["GET"]}}],"collection":[{"href":"https:\/\/priroda-uvadi.cz\/beauty\/wp-json\/wp\/v2\/product"}],"about":[{"href":"https:\/\/priroda-uvadi.cz\/beauty\/wp-json\/wp\/v2\/types\/product"}],"replies":[{"embeddable":true,"href":"https:\/\/priroda-uvadi.cz\/beauty\/wp-json\/wp\/v2\/comments?post=7952"}],"wp:featuredmedia":[{"embeddable":true,"href":"https:\/\/priroda-uvadi.cz\/beauty\/wp-json\/wp\/v2\/media\/7953"}],"wp:attachment":[{"href":"https:\/\/priroda-uvadi.cz\/beauty\/wp-json\/wp\/v2\/media?parent=7952"}],"wp:term":[{"taxonomy":"pwb-brand","embeddable":true,"href":"https:\/\/priroda-uvadi.cz\/beauty\/wp-json\/wp\/v2\/pwb-brand?post=7952"},{"taxonomy":"product_brand","embeddable":true,"href":"https:\/\/priroda-uvadi.cz\/beauty\/wp-json\/wp\/v2\/product_brand?post=7952"},{"taxonomy":"product_cat","embeddable":true,"href":"https:\/\/priroda-uvadi.cz\/beauty\/wp-json\/wp\/v2\/product_cat?post=7952"},{"taxonomy":"product_tag","embeddable":true,"href":"https:\/\/priroda-uvadi.cz\/beauty\/wp-json\/wp\/v2\/product_tag?post=7952"}],"curies":[{"name":"wp","href":"https:\/\/api.w.org\/{rel}","templated":true}]}}