{"id":7908,"date":"2025-09-26T16:00:28","date_gmt":"2025-09-26T14:00:28","guid":{"rendered":"https:\/\/priroda-uvadi.cz\/beauty\/?post_type=product&#038;p=7908"},"modified":"2026-03-23T10:47:19","modified_gmt":"2026-03-23T09:47:19","slug":"hutny-omlazujici-denni-krem-multi-active-s-spf-30-novage-50ml","status":"publish","type":"product","link":"https:\/\/priroda-uvadi.cz\/beauty\/produkt\/hutny-omlazujici-denni-krem-multi-active-s-spf-30-novage-50ml\/","title":{"rendered":"Hutn\u00fd omlazuj\u00edc\u00ed denn\u00ed kr\u00e9m Multi-Active s SPF 30 Novage+ 50ml"},"content":{"rendered":"<p><span style=\"font-family: arial, helvetica, sans-serif; color: #000000;\"><strong class=\"MuiTypography-root MuiTypography-body1 products-app-emotion-1rnazt1\">Hutn\u00fd omlazuj\u00edc\u00ed denn\u00ed kr\u00e9m s SPF 30 Novage+<\/strong>\u00a0posiluje a chr\u00e1n\u00ed ko\u017en\u00ed bari\u00e9ru, intenzivn\u011b ple\u0165 hydratuje a bojuje proti mnoha projev\u016fm st\u00e1rnut\u00ed, a to s klinicky ov\u011b\u0159en\u00fdmi okam\u017eit\u00fdmi v\u00fdsledky! Vysp\u011bl\u00e1 receptura vych\u00e1z\u00ed z patentovan\u00fdch bio aktiva\u010dn\u00edch technologi\u00ed, kter\u00e9 p\u0159in\u00e1\u0161ej\u00ed kosmeceutick\u00e9 \u00fa\u010dinky, ale s \u0161etrn\u00fdm p\u0159\u00edstupem k pleti.<\/span><\/p>\n<p><span style=\"font-family: arial, helvetica, sans-serif; color: #000000;\"><strong class=\"MuiTypography-root MuiTypography-body1 products-app-emotion-1rnazt1\">+ Bio Re:Barrier<\/strong>\u00a0posiluje ko\u017en\u00ed bari\u00e9ru \u00fa\u010dinn\u011bji ne\u017e nikotinamid<sup>\u03943<\/sup><\/span><br \/>\n<span style=\"font-family: arial, helvetica, sans-serif; color: #000000;\"><strong class=\"MuiTypography-root MuiTypography-body1 products-app-emotion-1rnazt1\">+ Advanced Pollution System<\/strong>\u00a0ko\u017en\u00ed bari\u00e9ru chr\u00e1n\u00ed proti agresivn\u00edm vliv\u016fm prost\u0159ed\u00ed, kter\u00e9 urychluj\u00ed st\u00e1rnut\u00ed pleti<\/span><\/p>\n<p><span style=\"font-family: arial, helvetica, sans-serif; color: #000000;\"><strong class=\"MuiTypography-root MuiTypography-body1 products-app-emotion-1rnazt1\">\u0158E\u0160\u00cd 10 HLAVN\u00cd PROJEV\u016e ST\u00c1RNUT\u00cd!<\/strong>*<sup>2<\/sup><\/span><\/p>\n<ul class=\"MuiTypography-root MuiTypography-body1 products-app-emotion-1qn0wr5\">\n<li><span style=\"font-family: arial, helvetica, sans-serif; color: #000000;\">Ztr\u00e1ta objemu<\/span><\/li>\n<li><span style=\"font-family: arial, helvetica, sans-serif; color: #000000;\">Vysou\u0161en\u00ed pleti<\/span><\/li>\n<li><span style=\"font-family: arial, helvetica, sans-serif; color: #000000;\">Zhrubnut\u00ed<\/span><\/li>\n<li><span style=\"font-family: arial, helvetica, sans-serif; color: #000000;\">Roz\u0161\u00ed\u0159en\u00e9 p\u00f3ry<\/span><\/li>\n<li><span style=\"font-family: arial, helvetica, sans-serif; color: #000000;\">Mdl\u00e1 ple\u0165<\/span><\/li>\n<li><span style=\"font-family: arial, helvetica, sans-serif; color: #000000;\">Jemn\u00e9 linky a vr\u00e1sky<\/span><\/li>\n<li><span style=\"font-family: arial, helvetica, sans-serif; color: #000000;\">Ztr\u00e1ta pevnosti<\/span><\/li>\n<li><span style=\"font-family: arial, helvetica, sans-serif; color: #000000;\">Nadm\u011brn\u00e1 mastnota<\/span><\/li>\n<li><span style=\"font-family: arial, helvetica, sans-serif; color: #000000;\">Nerovnom\u011brn\u00fd t\u00f3n pleti<\/span><\/li>\n<li><span style=\"font-family: arial, helvetica, sans-serif; color: #000000;\">K\u0159ehk\u00e1 poko\u017eka<\/span><\/li>\n<\/ul>\n<p><span style=\"font-family: arial, helvetica, sans-serif; color: #000000;\"><strong class=\"MuiTypography-root MuiTypography-body1 products-app-emotion-1rnazt1\">B\u011bhem pouh\u00fdch 15 minut minimalizuje vzhled vr\u00e1sek a projasn\u00ed ple\u0165 \u2013 klinicky prok\u00e1z\u00e1no!<\/strong><sup>\u0394<\/sup><\/span><br \/>\n<span style=\"font-family: arial, helvetica, sans-serif; color: #000000;\">Ji\u017e b\u011bhem 6 t\u00fddn\u016f zlep\u0161uje stav jemn\u00fdch linek a vr\u00e1sek*<\/span><\/p>\n<p class=\"MuiTypography-root MuiTypography-body1 products-app-emotion-1qn0wr5\"><span style=\"font-family: arial, helvetica, sans-serif; color: #000000;\">Pevn\u011bj\u0161\u00ed ple\u0165 b\u011bhem pouh\u00fdch 6 t\u00fddn\u016f!*<\/span><\/p>\n<p><span style=\"font-family: arial, helvetica, sans-serif; color: #000000;\"><strong class=\"MuiTypography-root MuiTypography-body1 products-app-emotion-1rnazt1\">92 % souhlas\u00ed, \u017ee poko\u017eka je okam\u017eit\u011b hlad\u0161\u00ed!<\/strong>*<\/span><br \/>\n<span style=\"font-family: arial, helvetica, sans-serif; color: #000000;\">94 % souhlas\u00ed, \u017ee ple\u0165 vypad\u00e1 hydratovan\u00e1 a je heb\u010d\u00ed \u2013 okam\u017eit\u011b!*<\/span><br \/>\n<span style=\"font-family: arial, helvetica, sans-serif; color: #000000;\">96 % souhlas\u00ed, \u017ee doch\u00e1z\u00ed k okam\u017eit\u00e9mu zlep\u0161en\u00ed textury pleti*<\/span><br \/>\n<span style=\"font-family: arial, helvetica, sans-serif; color: #000000;\">92 % pozorovalo proz\u00e1\u0159en\u011bj\u0161\u00ed ple\u0165 u\u017e b\u011bhem 6 t\u00fddn\u016f*<\/span><br \/>\n<span style=\"font-family: arial, helvetica, sans-serif; color: #000000;\">91 % souhlas\u00ed, \u017ee u\u017e b\u011bhem 6 t\u00fddn\u016f\u00a0poci\u0165uj\u00ed, \u017ee je poko\u017eka siln\u011bj\u0161\u00ed*<\/span><\/p>\n<p class=\"MuiTypography-root MuiTypography-body1 products-app-emotion-1qn0wr5\"><span style=\"font-family: arial, helvetica, sans-serif;\">S bio aktiva\u010dn\u00edmi technologiemi Bio Re:Barrier a Advanced Pollution System a s kyselinou hyaluronovou, vitaminem E, v\u00fdta\u017ekem z vrbovky \u00fazkolist\u00e9 a SPF 30. Kr\u00e9m m\u00e1 p\u0159i nan\u00e1\u0161en\u00ed vy\u017eivuj\u00edc\u00ed, m\u00e1slovou texturu, kter\u00e1 se rychle vst\u0159eb\u00e1v\u00e1 a prop\u016fj\u010duje pleti hladkou hebkost.<\/span><\/p>\n<p class=\"MuiTypography-root MuiTypography-body1 products-app-emotion-1qn0wr5\"><span style=\"font-family: arial, helvetica, sans-serif;\">Je vhodn\u00fd pro v\u0161echny typy pleti v\u010detn\u011b citliv\u00e9. Dermatologicky testov\u00e1no.<\/span><\/p>\n<p class=\"MuiTypography-root MuiTypography-body1 products-app-emotion-1qn0wr5\"><span style=\"font-family: arial, helvetica, sans-serif;\">Vhodn\u00e9 zejm\u00e9na pro norm\u00e1ln\u00ed a\u017e suchou ple\u0165.<\/span><\/p>\n<p><span style=\"font-family: arial, helvetica, sans-serif; color: #000000;\"><strong class=\"MuiTypography-root MuiTypography-body1 products-app-emotion-1rnazt1\">HYDRATACE \u2013<\/strong>\u00a0OCHRANA + OBNOVA<\/span><\/p>\n<p class=\"MuiTypography-root MuiTypography-body1 products-app-emotion-1qn0wr5\"><span style=\"font-family: arial, helvetica, sans-serif; color: #000000;\">Denn\u00ed kr\u00e9my Novage+ va\u0161\u00ed pleti p\u0159in\u00e1\u0161ej\u00ed vysoce \u00fa\u010dinn\u00e9 omlazuj\u00edc\u00ed aktivn\u00ed p\u0159\u00edsady a pom\u00e1haj\u00ed v n\u00ed uzamknout \u00fa\u010dinn\u00e9 l\u00e1tky s\u00e9ra. Obsahuj\u00ed bio aktiva\u010dn\u00ed technologie, kter\u00e9 pom\u00e1haj\u00ed pos\u00edlit ko\u017en\u00ed bari\u00e9ru a chr\u00e1nit ple\u0165 p\u0159ed ka\u017edodenn\u00edmi stresuj\u00edc\u00edmi vlivy prost\u0159ed\u00ed.<\/span><\/p>\n<p class=\"MuiTypography-root MuiTypography-body1 products-app-emotion-1qn0wr5\"><span style=\"font-family: arial, helvetica, sans-serif; color: #000000;\">Naneste r\u00e1no po aplikaci s\u00e9ra.<\/span><\/p>\n<p class=\"MuiTypography-root MuiTypography-body1 products-app-emotion-1qn0wr5\"><span style=\"font-family: arial, helvetica, sans-serif; color: #000000;\">\u00b7 Pou\u017eijte kr\u00e9m zhruba v objemu perly.<\/span><\/p>\n<p class=\"MuiTypography-root MuiTypography-body1 products-app-emotion-1qn0wr5\"><span style=\"font-family: arial, helvetica, sans-serif; color: #000000;\">\u00b7 Naneste na \u010delo, tv\u00e1\u0159e a bradu.<\/span><\/p>\n<p class=\"MuiTypography-root MuiTypography-body1 products-app-emotion-1qn0wr5\"><span style=\"font-family: arial, helvetica, sans-serif; color: #000000;\">\u00b7 Rovnom\u011brn\u011b kr\u00e9m rozet\u0159ete po tv\u00e1\u0159i, krku a dekoltu, dokud se nevst\u0159eb\u00e1.<\/span><\/p>\n<p class=\"MuiTypography-root MuiTypography-body1 products-app-emotion-1qn0wr5\"><span style=\"font-family: arial, helvetica, sans-serif; color: #000000;\">\u00b7 Vyhn\u011bte se o\u010dn\u00edmu okol\u00ed.<\/span><\/p>\n<p class=\"MuiTypography-root MuiTypography-body1 products-app-emotion-1qn0wr5\"><span style=\"font-family: arial, helvetica, sans-serif; color: #000000;\">Nejlep\u0161\u00edch v\u00fdsledk\u016f dos\u00e1hnete p\u0159i pou\u017e\u00edv\u00e1n\u00ed v r\u00e1mci 4 krok\u016f ritu\u00e1lu Novage+.<\/span><\/p>\n<p class=\"MuiTypography-root MuiTypography-body1 products-app-emotion-1qn0wr5\"><span style=\"font-family: arial, helvetica, sans-serif;\">S bio aktiva\u010dn\u00edmi technologiemi Bio Re:Barrier a Advanced Pollution System a s kyselinou hyaluronovou, vitaminem E, v\u00fdta\u017ekem z vrbovky \u00fazkolist\u00e9 a SPF 30.<\/span><\/p>\n<p class=\"MuiTypography-root MuiTypography-body1 products-app-emotion-1qn0wr5\"><span style=\"font-family: arial, helvetica, sans-serif;\"><strong class=\"MuiTypography-root MuiTypography-body1 products-app-emotion-1rnazt1\">Bio Re:Barrier<\/strong><\/span><\/p>\n<p class=\"MuiTypography-root MuiTypography-body1 products-app-emotion-1qn0wr5\"><span style=\"font-family: arial, helvetica, sans-serif;\">Na\u0161e patentovan\u00e1 technologie p\u0159\u00edrodn\u00edho p\u016fvodu posiluje ko\u017en\u00ed bari\u00e9ru \u00fa\u010dinn\u011bji ne\u017e nikotinamid, jak potvrzuj\u00ed testy\u03943. Pom\u00e1h\u00e1 obnovovat funkce ko\u017en\u00ed bari\u00e9ry, kter\u00e1 v pleti uzamyk\u00e1 hydrataci, a br\u00e1n\u00ed rozkladu kolagenu a kyseliny hyaluronov\u00e9\u25ca2, \u010d\u00edm\u017e bojuje proti projev\u016fm st\u00e1rnut\u00ed.<\/span><\/p>\n<p class=\"MuiTypography-root MuiTypography-body1 products-app-emotion-1qn0wr5\"><span style=\"font-family: arial, helvetica, sans-serif; color: #000000;\"><strong class=\"MuiTypography-root MuiTypography-body1 products-app-emotion-1rnazt1\">Advanced Pollution System<\/strong><\/span><\/p>\n<p class=\"MuiTypography-root MuiTypography-body1 products-app-emotion-1qn0wr5\"><span style=\"font-family: arial, helvetica, sans-serif; color: #000000;\">Tato p\u0159\u00edrodn\u00ed biomimetick\u00e1 technologie na va\u0161\u00ed pleti vytv\u00e1\u0159\u00ed jemnou, prody\u0161nou, ochrannou vrstvu, kter\u00e1 ji pom\u00e1h\u00e1 chr\u00e1nit proti stresuj\u00edc\u00edm vliv\u016fm okoln\u00edho prost\u0159ed\u00ed, jako je zne\u010di\u0161t\u011bn\u00ed, kou\u0159 a voln\u00e9 radik\u00e1ly. Tak\u00e9 vytv\u00e1\u0159\u00ed efekt okam\u017eit\u00e9ho vypnut\u00ed a vyhlazen\u00ed pleti, kter\u00e9 pom\u00e1h\u00e1 redukovat viditelnost jemn\u00fdch linek a vr\u00e1sek.<\/span><\/p>\n<p class=\"MuiTypography-root MuiTypography-body1 products-app-emotion-1qn0wr5\"><span style=\"font-family: arial, helvetica, sans-serif; color: #000000;\"><strong class=\"MuiTypography-root MuiTypography-body1 products-app-emotion-1rnazt1\">Kyselina hyaluronov\u00e1<\/strong><\/span><\/p>\n<p class=\"MuiTypography-root MuiTypography-body1 products-app-emotion-1qn0wr5\"><span style=\"font-family: arial, helvetica, sans-serif; color: #000000;\">Osv\u011bd\u010den\u00e1 omlazuj\u00edc\u00ed a hydratuj\u00edc\u00ed p\u0159\u00edsada, kter\u00e1 dok\u00e1\u017ee zadr\u017eet vodu v objemu nejm\u00e9n\u011b tis\u00edcin\u00e1sobku sv\u00e9 vlastn\u00ed v\u00e1hy, \u010d\u00edm\u017e pom\u00e1h\u00e1 poko\u017eku hydratovat a vyplnit.<\/span><\/p>\n<p class=\"MuiTypography-root MuiTypography-body1 products-app-emotion-1qn0wr5\"><span style=\"font-family: arial, helvetica, sans-serif; color: #000000;\"><strong class=\"MuiTypography-root MuiTypography-body1 products-app-emotion-1rnazt1\">Vitamin E<\/strong><\/span><\/p>\n<p class=\"MuiTypography-root MuiTypography-body1 products-app-emotion-1qn0wr5\"><span style=\"font-family: arial, helvetica, sans-serif; color: #000000;\">Siln\u00fd antioxidant, kter\u00fd pom\u00e1h\u00e1 ko\u017en\u00ed bu\u0148ky chr\u00e1nit p\u0159ed po\u0161kozen\u00edm voln\u00fdmi radik\u00e1ly.<\/span><\/p>\n<p class=\"MuiTypography-root MuiTypography-body1 products-app-emotion-1qn0wr5\"><span style=\"font-family: arial, helvetica, sans-serif; color: #000000;\"><strong class=\"MuiTypography-root MuiTypography-body1 products-app-emotion-1rnazt1\">V\u00fdta\u017eek z vrbovky \u00fazkolist\u00e9<\/strong><\/span><\/p>\n<p class=\"MuiTypography-root MuiTypography-body1 products-app-emotion-1qn0wr5\"><span style=\"font-family: arial, helvetica, sans-serif; color: #000000;\">P\u0159\u00edrodn\u00ed antioxidant se zmat\u0148uj\u00edc\u00edmi \u00fa\u010dinky proti tvorb\u011b pup\u00ednk\u016f, kter\u00fd z\u00e1rove\u0148 v poko\u017ece pom\u00e1h\u00e1 udr\u017eet vlhkost.<\/span><\/p>\n<p class=\"MuiTypography-root MuiTypography-body1 products-app-emotion-1qn0wr5\"><span style=\"font-family: arial, helvetica, sans-serif; font-size: 10pt;\">Bio Re:Barrier Patent v \u0159\u00edzen\u00ed \u010d.: SE2020376-4.\u00a0<sup>\u03943<\/sup>\u00a0Klinicky testovan\u00e1 aktivn\u00ed p\u0159\u00edsada.\u00a0<sup>\u25ca2<\/sup>\u00a0<em>in vitro.<\/em><\/span><\/p>\n<div class=\"products-app-emotion-1q7njkh\">\n<div class=\"TextWithHtml-root products-app-emotion-1q94rgb\">\n<div class=\"TextWithHtml-text products-app-emotion-18slqyo\" data-testid=\"Presentation-product-detail-wysiwyg\"><span style=\"font-family: arial, helvetica, sans-serif; font-size: 10pt;\">AQUA, NEOPENTYL GLYCOL DIHEPTANOATE, GLYCERIN, DIBUTYL ADIPATE, ETHYLHEXYL TRIAZONE, DIETHYLAMINO HYDROXYBENZOYL HEXYL BENZOATE, BIS-ETHYLHEXYLOXYPHENOL METHOXYPHENYL TRIAZINE, METHYLENE BIS-BENZOTRIAZOLYL TETRAMETHYLBUTYLPHENOL (NANO), BETAINE, POLYGLYCERYL-6 DISTEARATE, DIMETHICONE, ETHYLHEXYLGLYCERIN, EMPETRUM NIGRUM FRUIT JUICE, EPILOBIUM ANGUSTIFOLIUM FLOWER\/LEAF\/STEM EXTRACT, KAPPAPHYCUS ALVAREZII EXTRACT, RICINUS COMMUNIS SEED OIL, SODIUM POLYACRYLATE, SILICA, JOJOBA ESTERS, GLYCERYL CAPRYLATE, ARACHIDYL ALCOHOL, CETEARYL ALCOHOL, METHYL METHACRYLATE CROSSPOLYMER, POTASSIUM CETYL PHOSPHATE, TOCOPHERYL ACETATE, PROPANEDIOL, DECYL GLUCOSIDE, BEHENYL ALCOHOL, CETYL ALCOHOL, POLYGLYCERYL-3 BEESWAX, XANTHAN GUM, SODIUM HYALURONATE, ARACHIDYL GLUCOSIDE, MALTODEXTRIN, CAESALPINIA SPINOSA FRUIT EXTRACT, CERA ALBA, HYDROGENATED CASTOR OIL, COPERNICIA CERIFERA CERA, PROPYLENE GLYCOL, CITRIC ACID, BETULA ALBA BARK EXTRACT, TETRAMETHYLACETYLOCTAHYDRONAPHTHALENES, PHENOXYETHANOL, CAPRYLHYDROXAMIC ACID, DISODIUM EDTA, PARFUM, POTASSIUM SORBATE, SODIUM BENZOATE<\/span><\/div>\n<\/div>\n<\/div>\n<p class=\"MuiTypography-root MuiTypography-body1 products-app-emotion-1qn0wr5\"><span style=\"font-family: arial, helvetica, sans-serif; font-size: 10pt;\">Bio Re:Barrier Patent v \u0159\u00edzen\u00ed \u010d.: SE2020376-4.\u00a0<sup>\u0394<\/sup>\u00a0Klinicky testov\u00e1no.\u00a0<sup>\u03943<\/sup>\u00a0Klinicky testovan\u00e1 aktivn\u00ed p\u0159\u00edsada. * Spot\u0159ebitelsk\u00fd test. *<sup>2<\/sup>\u00a0Spot\u0159ebitelsky testov\u00e1no na 207 \u017een\u00e1ch ve v\u011bku 25-65 let, kter\u00e9 pou\u017e\u00edvaly produkty 41043, 41044, 41047 a 41048.\u00a0<sup>#<\/sup>\u00a0Nevy\u017e\u00e1dan\u00fd koment\u00e1\u0159 spot\u0159ebitele.<\/span><\/p>\n<div class=\"products-app-emotion-1nacawr\">\n<div class=\"products-app-emotion-bco1gb\">\n<p class=\"MuiTypography-root MuiTypography-body1 products-app-emotion-1qn0wr5\" data-testid=\"Presentation-product-detail-dimensions\"><span style=\"font-family: arial, helvetica, sans-serif; font-size: 10pt;\">Rozm\u011bry: D\u00e9lka 75mm, V\u00fd\u0161ka 60mm, Hloubka 75mm, Hmotnost 205g<\/span><\/p>\n<p class=\"MuiTypography-root MuiTypography-body1 products-app-emotion-1qn0wr5\" data-testid=\"Presentation-product-detail-full-product-name\"><span style=\"font-family: arial, helvetica, sans-serif; font-size: 10pt;\">\u00dapln\u00fd n\u00e1zev produktu: Hutn\u00fd omlazuj\u00edc\u00ed denn\u00ed kr\u00e9m Multi-Active s SPF 30 Novage+<\/span><\/p>\n<\/div>\n<\/div>\n","protected":false},"excerpt":{"rendered":"<p><span style=\"font-family: arial, helvetica, sans-serif; color: #000000;\">Hutn\u00fd omlazuj\u00edc\u00ed denn\u00ed kr\u00e9m Multi-Active s SPF 30 Novage+ intenzivn\u011b hydratuje a vy\u017eivuje, posiluje a chr\u00e1n\u00ed ko\u017en\u00ed bari\u00e9ru, \u010d\u00edm\u017e bojuje proti mnoha projev\u016fm st\u00e1rnut\u00ed. Zpev\u0148uje ple\u0165, redukuje viditelnost jemn\u00fdch linek a vr\u00e1sek a je\u0161t\u011b v\u00edce poko\u017eku proz\u00e1\u0159\u00ed. S technologi\u00ed chr\u00e1n\u00edc\u00ed ple\u0165 proti zne\u010di\u0161t\u011bn\u00ed a s kyselinou hyaluronovou.<\/span><\/p>\n<ul class=\"products-app-emotion-tr0r3x\">\n<li data-testid=\"Presentation-product-detail-product-benefit\"><span style=\"font-family: arial, helvetica, sans-serif; color: #000000;\">Okam\u017eit\u011b redukuje vr\u00e1sky a pom\u00e1h\u00e1 proz\u00e1\u0159it ple\u0165 \u2013 klinicky prok\u00e1z\u00e1no!<\/span><\/li>\n<li data-testid=\"Presentation-product-detail-product-benefit\"><span style=\"font-family: arial, helvetica, sans-serif; color: #000000;\">Patentovan\u00e1 technologie Bio Re:Barrier poko\u017eku posiluje \u00fa\u010dinn\u011bji ne\u017e nikotinamid<\/span><\/li>\n<li data-testid=\"Presentation-product-detail-product-benefit\"><span style=\"font-family: arial, helvetica, sans-serif; color: #000000;\">Vhodn\u00fd pro v\u0161echny typy pleti v\u010detn\u011b citliv\u00e9<\/span><\/li>\n<\/ul>\n<p><span style=\"font-family: arial, helvetica, sans-serif; color: #000000;\">50ml<\/span><\/p>\n<div class=\"woocommerce-product-details__short-description\">\n<div class=\"woocommerce-product-details__short-description\">\n<div class=\"woocommerce-product-details__short-description\">\n<div class=\"product-detail-vdfylx\">\n<div class=\"product-detail-d0oxj1\">\n<div class=\"product-detail-1yhj3ra\">\n<p class=\"product-detail-17mztir\" data-testid=\"Presentation-product-detail-LowestPreviousPrice\"><span style=\"font-family: arial, helvetica, sans-serif; font-size: 10pt;\">Nejni\u017e\u0161\u00ed cena platn\u00e1 ve 30 dnech p\u0159ed platnost\u00ed sou\u010dasn\u00e9 ceny byla 500 K\u010d<\/span><\/p>\n<\/div>\n<\/div>\n<\/div>\n<\/div>\n<\/div>\n<\/div>\n<form class=\"cart\" action=\"https:\/\/priroda-uvadi.cz\/beauty\/produkt\/dlouhotrvajici-tekute-ocni-stiny-the-one-matte-sand-5ml\/\" enctype=\"multipart\/form-data\" method=\"post\">\n<div class=\"quantity\"><\/div>\n<\/form>\n","protected":false},"featured_media":7909,"comment_status":"closed","ping_status":"closed","template":"","meta":[],"pwb-brand":[27],"product_brand":[91],"product_cat":[40,30],"product_tag":[],"class_list":{"0":"post-7908","1":"product","2":"type-product","3":"status-publish","4":"has-post-thumbnail","6":"pwb-brand-https-cz-oriflame-com-cataloguesstorebeautyobchod","7":"product_brand-oriflame","8":"product_cat-denni-kremy","9":"product_cat-pece-o-plet","11":"first","12":"instock","13":"sale","14":"taxable","15":"shipping-taxable","16":"purchasable","17":"product-type-simple"},"brands":[{"id":27,"name":"Oriflame","slug":"https-cz-oriflame-com-cataloguesstorebeautyobchod"}],"_links":{"self":[{"href":"https:\/\/priroda-uvadi.cz\/beauty\/wp-json\/wp\/v2\/product\/7908","targetHints":{"allow":["GET"]}}],"collection":[{"href":"https:\/\/priroda-uvadi.cz\/beauty\/wp-json\/wp\/v2\/product"}],"about":[{"href":"https:\/\/priroda-uvadi.cz\/beauty\/wp-json\/wp\/v2\/types\/product"}],"replies":[{"embeddable":true,"href":"https:\/\/priroda-uvadi.cz\/beauty\/wp-json\/wp\/v2\/comments?post=7908"}],"wp:featuredmedia":[{"embeddable":true,"href":"https:\/\/priroda-uvadi.cz\/beauty\/wp-json\/wp\/v2\/media\/7909"}],"wp:attachment":[{"href":"https:\/\/priroda-uvadi.cz\/beauty\/wp-json\/wp\/v2\/media?parent=7908"}],"wp:term":[{"taxonomy":"pwb-brand","embeddable":true,"href":"https:\/\/priroda-uvadi.cz\/beauty\/wp-json\/wp\/v2\/pwb-brand?post=7908"},{"taxonomy":"product_brand","embeddable":true,"href":"https:\/\/priroda-uvadi.cz\/beauty\/wp-json\/wp\/v2\/product_brand?post=7908"},{"taxonomy":"product_cat","embeddable":true,"href":"https:\/\/priroda-uvadi.cz\/beauty\/wp-json\/wp\/v2\/product_cat?post=7908"},{"taxonomy":"product_tag","embeddable":true,"href":"https:\/\/priroda-uvadi.cz\/beauty\/wp-json\/wp\/v2\/product_tag?post=7908"}],"curies":[{"name":"wp","href":"https:\/\/api.w.org\/{rel}","templated":true}]}}