{"id":7788,"date":"2025-08-28T16:24:04","date_gmt":"2025-08-28T14:24:04","guid":{"rendered":"https:\/\/priroda-uvadi.cz\/beauty\/?post_type=product&#038;p=7788"},"modified":"2026-02-03T13:45:11","modified_gmt":"2026-02-03T12:45:11","slug":"make-up-the-one-everlasting-sync-stress-free-spf-20-uva-natural-sienna-30ml","status":"publish","type":"product","link":"https:\/\/priroda-uvadi.cz\/beauty\/produkt\/make-up-the-one-everlasting-sync-stress-free-spf-20-uva-natural-sienna-30ml\/","title":{"rendered":"Make-up The ONE Everlasting Sync Stress-Free SPF 20 + UVA Natural &#8211; Sienna  30ml"},"content":{"rendered":"<p class=\"MuiTypography-root MuiTypography-body1 products-app-emotion-1qn0wr5\"><span style=\"font-family: arial, helvetica, sans-serif;\">PLE\u0164 BEZ STRESU<\/span><\/p>\n<p class=\"MuiTypography-root MuiTypography-body1 products-app-emotion-1qn0wr5\"><span style=\"font-family: arial, helvetica, sans-serif;\">Vn\u00edm\u00e1te na pleti zn\u00e1mky stresu? \u017d\u00e1dn\u00e9 strachy! Na pomoc p\u0159ich\u00e1z\u00ed make-up The ONE Everlasting<\/span><\/p>\n<p class=\"MuiTypography-root MuiTypography-body1 products-app-emotion-1qn0wr5\"><span style=\"font-family: arial, helvetica, sans-serif;\">ODST\u00cdNY BEZ STRESU<\/span><\/p>\n<p class=\"MuiTypography-root MuiTypography-body1 products-app-emotion-1qn0wr5\"><span style=\"font-family: arial, helvetica, sans-serif; color: #000000;\">Naj\u00edt ten perfektn\u00ed odst\u00edn je nyn\u00ed je\u0161t\u011b snaz\u0161\u00ed d\u00edky zjednodu\u0161en\u00e9 palet\u011b 12 odst\u00edn\u016f vytvo\u0159en\u00fdch tak, aby ladily s ka\u017ed\u00fdm t\u00f3nem pleti \u2013 dal\u0161\u00ed d\u016fvod, pro\u010d se nestresovat!<\/span><\/p>\n<p class=\"MuiTypography-root MuiTypography-body1 products-app-emotion-1qn0wr5\"><span style=\"font-family: arial, helvetica, sans-serif; color: #000000;\">V\u00ddHODY NAV\u00cdC BEZ STRESU<\/span><\/p>\n<p class=\"MuiTypography-root MuiTypography-body1 products-app-emotion-1qn0wr5\"><span style=\"font-family: arial, helvetica, sans-serif; color: #000000;\">SPF20 &amp; ochrana proti UVA<\/span><\/p>\n<p><span style=\"font-family: arial, helvetica, sans-serif; color: #000000;\"><strong class=\"MuiTypography-root MuiTypography-body1 products-app-emotion-1rnazt1\">Dop\u0159ejte si upraven\u00fd vzhled bez stresu<\/strong><\/span><\/p>\n<p class=\"MuiTypography-root MuiTypography-body1 products-app-emotion-1qn0wr5\"><span style=\"font-family: arial, helvetica, sans-serif; color: #000000;\">Jednodu\u0161e stiskn\u011bte pumpi\u010dku, rozet\u0159ete a u\u017eijte si to hebk\u00e9 proz\u00e1\u0159en\u00ed!<\/span><\/p>\n<p><span style=\"font-family: arial, helvetica, sans-serif; color: #000000;\"><strong class=\"MuiTypography-root MuiTypography-body1 products-app-emotion-1rnazt1\">\u2022 Naneste make-up<\/strong>\u00a0na \u010delo, nos a tv\u00e1\u0159e, rozt\u00edrejte sm\u011brem ven, opticky rozost\u0159\u00edte nedokonalosti pleti.<\/span><br \/>\n<span style=\"font-family: arial, helvetica, sans-serif; color: #000000;\"><strong class=\"MuiTypography-root MuiTypography-body1 products-app-emotion-1rnazt1\">\u2022 P\u0159izp\u016fsobte kryt\u00ed<\/strong>\u00a0\u2013 tam, kde pot\u0159ebujete, m\u016f\u017eete make-up vrstvit, k tomu v\u00e1m nejl\u00e9pe poslou\u017e\u00ed kosmetick\u00e1 houbi\u010dka nebo \u0161t\u011btec na make-up. Nan\u00e1\u0161ejte po\u0165uk\u00e1v\u00e1n\u00edm.<\/span><br \/>\n<span style=\"font-family: arial, helvetica, sans-serif; color: #000000;\"><strong class=\"MuiTypography-root MuiTypography-body1 products-app-emotion-1rnazt1\">\u2022 Vyhla\u010fte a rozet\u0159ete na okraj\u00edch do ztracena<\/strong>\u00a0pro p\u0159irozen\u00fd vzhled.<\/span><\/p>\n<p class=\"MuiTypography-root MuiTypography-body1 products-app-emotion-1qn0wr5\"><span style=\"font-family: arial, helvetica, sans-serif; color: #000000;\">Receptura se zklid\u0148uj\u00edc\u00edmi p\u0159\u00edsadami a adaptivn\u00ed technologi\u00ed pro kr\u00e1sn\u00fd vzhled a pohodov\u00fd pocit bez stresu.<\/span><\/p>\n<p><span style=\"font-family: arial, helvetica, sans-serif; color: #000000;\">Nekomedogenn\u00ed receptura vhodn\u00e1 pro v\u0161echny typy pleti<\/span><\/p>\n<p class=\"MuiTypography-root MuiTypography-body1 products-app-emotion-1qn0wr5\"><span style=\"font-family: arial, helvetica, sans-serif; color: #000000;\">SV\u011a\u017dEST BEZ STRESU<\/span><\/p>\n<p><span style=\"font-family: arial, helvetica, sans-serif; color: #000000;\"><strong class=\"MuiTypography-root MuiTypography-body1 products-app-emotion-1rnazt1\">Technologie SkinResponse<\/strong>\u00a0se synchronizuje s va\u0161\u00ed pleti i prost\u0159ed\u00edm a pom\u00e1h\u00e1 vyv\u00e1\u017eit hydrataci t\u00edm, \u017ee poko\u017eku neust\u00e1le adaptuje na okoln\u00ed podm\u00ednky \u2013 ple\u0165 vypad\u00e1 sv\u011b\u017ee, vyrovnan\u011b a hydratovan\u011b, dokonce i kdy\u017e je vlhko, p\u0159\u00edli\u0161 sucho \u010di zima.<\/span><\/p>\n<p class=\"MuiTypography-root MuiTypography-body1 products-app-emotion-1qn0wr5\"><span style=\"font-family: arial, helvetica, sans-serif; color: #000000;\">POHODL\u00cd PLETI BEZ STRESU<\/span><\/p>\n<p><span style=\"font-family: arial, helvetica, sans-serif; color: #000000;\"><strong class=\"MuiTypography-root MuiTypography-body1 products-app-emotion-1rnazt1\">V\u00fdta\u017eek z cistu kr\u00e9tsk\u00e9ho<\/strong>\u00a0pom\u00e1h\u00e1 redukovat projevy stresu na poko\u017ece v\u010detn\u011b zarudnut\u00ed, jemn\u00fdch linek a vr\u00e1sek. Tento jedine\u010dn\u00fd extrakt zn\u00e1m\u00fd svou schopnost\u00ed blokovat v ko\u017en\u00edch bu\u0148k\u00e1ch stresov\u00e9 receptory napodobuje \u00fa\u010dinek meditace a p\u0159in\u00e1\u0161\u00ed pocit uvoln\u011bn\u00ed, p\u0159\u00edjemn\u011b se nan\u00e1\u0161\u00ed a pom\u00e1h\u00e1 ple\u0165 zklid\u0148ovat.<\/span><\/p>\n<p class=\"MuiTypography-root MuiTypography-body1 products-app-emotion-1qn0wr5\"><span style=\"font-family: arial, helvetica, sans-serif; color: #000000;\">VZHLED BEZ STRESU<\/span><\/p>\n<p><span style=\"font-family: arial, helvetica, sans-serif; color: #000000;\"><strong class=\"MuiTypography-root MuiTypography-body1 products-app-emotion-1rnazt1\">Korek\u010dn\u00ed pigmenty<\/strong>\u00a0v synchronn\u00ed spolupr\u00e1ci s\u00a0<strong class=\"MuiTypography-root MuiTypography-body1 products-app-emotion-1rnazt1\">ultra-jemn\u00fdmi perli\u010dkami<\/strong>\u00a0okam\u017eit\u011b opticky rozost\u0159uj\u00ed projevy stresu na pleti. Zakr\u00fdvaj\u00ed nejednotn\u00fd t\u00f3n poko\u017eky a barevn\u00e9 nedokonalosti a nav\u00edc ple\u0165 hebce proz\u00e1\u0159\u00ed, \u010d\u00edm\u017e i mdl\u00e9 poko\u017ece prop\u016fj\u010duj\u00ed p\u0159irozen\u011b zdrav\u00fd vzhled.<\/span><\/p>\n<p><span style=\"font-family: arial, helvetica, sans-serif; color: #000000;\"><strong class=\"MuiTypography-root MuiTypography-body1 products-app-emotion-1rnazt1\">Technologie Gel in silicone<\/strong>\u00a0p\u0159in\u00e1\u0161\u00ed d\u00e1vku sv\u011b\u017eesti, mimo\u0159\u00e1dn\u011b hebk\u00fd pocit.a jemn\u00e9 proz\u00e1\u0159en\u00ed s p\u0159irozen\u011b sv\u011b\u017e\u00edm efektem.<\/span><\/p>\n<p class=\"MuiTypography-root MuiTypography-body1 products-app-emotion-1qn0wr5\"><span style=\"font-family: arial, helvetica, sans-serif; color: #000000;\">ODOLNOST BEZ STRESU<\/span><\/p>\n<p><span style=\"font-family: arial, helvetica, sans-serif; color: #000000;\"><strong class=\"MuiTypography-root MuiTypography-body1 products-app-emotion-1rnazt1\">Komplex pro dlouhodobou odolnost Longwear<\/strong>\u00a0make-up okam\u017eit\u011b zafixuje a pom\u00e1h\u00e1 mu odol\u00e1vat potu d\u00edky vod\u011bodoln\u00e9 receptu\u0159e, kter\u00e1 se nest\u00edr\u00e1 a je vytvo\u0159ena pro celodenn\u00ed no\u0161en\u00ed \u2013 a lehou\u010dk\u00fd, prody\u0161n\u00fd pocit na pleti.<\/span><\/p>\n<p class=\"MuiTypography-root MuiTypography-body1 products-app-emotion-1qn0wr5\"><span style=\"font-family: arial, helvetica, sans-serif; color: #000000;\">V\u016eN\u011a BEZ STRESU<\/span><\/p>\n<p class=\"MuiTypography-root MuiTypography-body1 products-app-emotion-1qn0wr5\"><span style=\"font-family: arial, helvetica, sans-serif; color: #000000;\">Uvol\u0148uj\u00edc\u00ed v\u016fn\u011b s\u00a0<strong class=\"MuiTypography-root MuiTypography-body1 products-app-emotion-1rnazt1\">levandulov\u00fdm esenci\u00e1ln\u00edm olejem<\/strong>\u00a0a\u00a0<strong class=\"MuiTypography-root MuiTypography-body1 products-app-emotion-1rnazt1\">kardamomem<\/strong>\u00a0inspiruje k tomu si p\u0159i ka\u017ed\u00e9m l\u00ed\u010den\u00ed u\u017e\u00edt zklid\u0148uj\u00edc\u00ed okam\u017eiky p\u00e9\u010de o sebe.<\/span><\/p>\n<p>\u2014\u2014\u2014\u2014\u2014\u2014\u2014\u2014\u2014\u2014\u2014\u2014\u2014\u2014\u2014\u2014\u2014\u2014\u2014\u2014\u2014\u2014\u2014\u2014\u2014\u2014\u2014\u2014\u2014\u2014\u2014\u2014\u2014\u2014\u2014\u2014\u2014\u2014\u2013<\/p>\n<div class=\"products-app-emotion-1q7njkh\">\n<div class=\"TextWithHtml-root products-app-emotion-1q94rgb\">\n<div class=\"TextWithHtml-text products-app-emotion-18slqyo\" data-testid=\"Presentation-product-detail-wysiwyg\"><span style=\"font-family: arial, helvetica, sans-serif; font-size: 10pt;\">AQUA, CAPRYLIC\/CAPRIC TRIGLYCERIDE, DIISOPROPYL ADIPATE, ISODODECANE, PROPANEDIOL, LAURYL PEG-10 TRIS(TRIMETHYLSILOXY)SILYLETHYL DIMETHICONE, ETHYLHEXYL METHOXYCINNAMATE, TITANIUM DIOXIDE, DIETHYLAMINO HYDROXYBENZOYL HEXYL BENZOATE, DIMETHICONE, SODIUM CHLORIDE, TRIMETHYLSILOXYSILICATE, SODIUM POLYACRYLOYLDIMETHYL TAURATE, POLYHYDROXYSTEARIC ACID, STEARALKONIUM HECTORITE, HYDROXYACETOPHENONE, PHENOXYETHANOL, SILICA, ALUMINA, PROPYLENE CARBONATE, SODIUM GLUCONATE, PARFUM, STEARIC ACID, MICA, TRIETHOXYCAPRYLYLSILANE, GLYCERIN, POLYQUATERNIUM-51, BHT, CISTUS INCANUS FLOWER\/LEAF\/STEM EXTRACT, PHENYLPROPANOL, ELETTARIA CARDAMOMUM SEED OIL, 1,2-HEXANEDIOL, +\/-: CI 77891, CI 77492, CI 77491, CI 77499<\/span><\/div>\n<\/div>\n<\/div>\n<div class=\"products-app-emotion-1nacawr\">\n<div class=\"products-app-emotion-bco1gb\">\n<p class=\"MuiTypography-root MuiTypography-body1 products-app-emotion-1qn0wr5\" data-testid=\"Presentation-product-detail-dimensions\"><span style=\"font-family: arial, helvetica, sans-serif; font-size: 10pt;\">Rozm\u011bry: D\u00e9lka 120mm, V\u00fd\u0161ka 35mm, Hloubka 35mm, Hmotnost 112g<\/span><\/p>\n<p class=\"MuiTypography-root MuiTypography-body1 products-app-emotion-1qn0wr5\" data-testid=\"Presentation-product-detail-full-product-name\"><span style=\"font-family: arial, helvetica, sans-serif; font-size: 10pt;\">\u00dapln\u00fd n\u00e1zev produktu: Make-up The ONE Everlasting Sync Stress-Free SPF 20 + UVA Natural<\/span><\/p>\n<\/div>\n<\/div>\n","protected":false},"excerpt":{"rendered":"<p><span style=\"font-family: arial, helvetica, sans-serif; color: #000000;\">Dlouhotrvaj\u00edc\u00ed make-up s vrstviteln\u00fdm kryt\u00edm pro p\u0159irozen\u011b sv\u011b\u017e\u00ed vzhled.<\/span><\/p>\n<ul class=\"products-app-emotion-tr0r3x\">\n<li data-testid=\"Presentation-product-detail-product-benefit\"><span style=\"font-family: arial, helvetica, sans-serif; color: #000000;\">Opticky rozost\u0159uje nedokonalosti pleti \u2013 make-up bez stresu<\/span><\/li>\n<li data-testid=\"Presentation-product-detail-product-benefit\"><span style=\"font-family: arial, helvetica, sans-serif; color: #000000;\">Receptura se neot\u00edr\u00e1 a odol\u00e1v\u00e1 vod\u011b, hebce p\u0159ilne k pleti, kde vydr\u017e\u00ed cel\u00fd den \u2013 bez \u0161mouh a bez sl\u00e9v\u00e1n\u00ed do mimick\u00fdch vr\u00e1sek<\/span><\/li>\n<li data-testid=\"Presentation-product-detail-product-benefit\"><span style=\"font-family: arial, helvetica, sans-serif; color: #000000;\">Technologie SkinResponse umo\u017e\u0148uje synchronizaci s va\u0161\u00ed plet\u00ed a pom\u00e1h\u00e1 bojovat proti potu a vlhkosti<\/span><\/li>\n<\/ul>\n<p><span style=\"font-family: arial, helvetica, sans-serif; color: #000000;\">30ml<\/span><\/p>\n<div class=\"woocommerce-product-details__short-description\">\n<div class=\"woocommerce-product-details__short-description\">\n<div>\n<div class=\"product-detail-o40nju\" data-testid=\"Presentation-product-detail-price-section\"><span class=\"MuiTypography-root MuiTypography-caption product-detail-8q5iga\" style=\"font-family: arial, helvetica, sans-serif; font-size: 10pt;\" data-testid=\"Presentation-product-detail-LowestPreviousPrice\"><span style=\"color: #000000;\">Nejni\u017e\u0161<\/span>\u00ed cena platn\u00e1 ve 30 dnech p\u0159ed platnost\u00ed sou\u010dasn\u00e9 ceny byla 100 K\u010d<\/span><\/div>\n<\/div>\n<\/div>\n<\/div>\n","protected":false},"featured_media":7789,"comment_status":"closed","ping_status":"closed","template":"","meta":[],"pwb-brand":[27],"product_brand":[91],"product_cat":[46,61],"product_tag":[],"class_list":{"0":"post-7788","1":"product","2":"type-product","3":"status-publish","4":"has-post-thumbnail","6":"pwb-brand-https-cz-oriflame-com-cataloguesstorebeautyobchod","7":"product_brand-oriflame","8":"product_cat-dekorativni-kosmetika","9":"product_cat-make-upy-bb-kremy","11":"first","12":"outofstock","13":"sale","14":"taxable","15":"shipping-taxable","16":"purchasable","17":"product-type-simple"},"brands":[{"id":27,"name":"Oriflame","slug":"https-cz-oriflame-com-cataloguesstorebeautyobchod"}],"_links":{"self":[{"href":"https:\/\/priroda-uvadi.cz\/beauty\/wp-json\/wp\/v2\/product\/7788","targetHints":{"allow":["GET"]}}],"collection":[{"href":"https:\/\/priroda-uvadi.cz\/beauty\/wp-json\/wp\/v2\/product"}],"about":[{"href":"https:\/\/priroda-uvadi.cz\/beauty\/wp-json\/wp\/v2\/types\/product"}],"replies":[{"embeddable":true,"href":"https:\/\/priroda-uvadi.cz\/beauty\/wp-json\/wp\/v2\/comments?post=7788"}],"wp:featuredmedia":[{"embeddable":true,"href":"https:\/\/priroda-uvadi.cz\/beauty\/wp-json\/wp\/v2\/media\/7789"}],"wp:attachment":[{"href":"https:\/\/priroda-uvadi.cz\/beauty\/wp-json\/wp\/v2\/media?parent=7788"}],"wp:term":[{"taxonomy":"pwb-brand","embeddable":true,"href":"https:\/\/priroda-uvadi.cz\/beauty\/wp-json\/wp\/v2\/pwb-brand?post=7788"},{"taxonomy":"product_brand","embeddable":true,"href":"https:\/\/priroda-uvadi.cz\/beauty\/wp-json\/wp\/v2\/product_brand?post=7788"},{"taxonomy":"product_cat","embeddable":true,"href":"https:\/\/priroda-uvadi.cz\/beauty\/wp-json\/wp\/v2\/product_cat?post=7788"},{"taxonomy":"product_tag","embeddable":true,"href":"https:\/\/priroda-uvadi.cz\/beauty\/wp-json\/wp\/v2\/product_tag?post=7788"}],"curies":[{"name":"wp","href":"https:\/\/api.w.org\/{rel}","templated":true}]}}