{"id":7780,"date":"2025-08-28T15:24:23","date_gmt":"2025-08-28T13:24:23","guid":{"rendered":"https:\/\/priroda-uvadi.cz\/beauty\/?post_type=product&#038;p=7780"},"modified":"2025-08-28T15:24:44","modified_gmt":"2025-08-28T13:24:44","slug":"intenzivne-rozjasnujici-serum-bright-intense-novage-30ml","status":"publish","type":"product","link":"https:\/\/priroda-uvadi.cz\/beauty\/produkt\/intenzivne-rozjasnujici-serum-bright-intense-novage-30ml\/","title":{"rendered":"Intenzivn\u011b rozjas\u0148uj\u00edc\u00ed s\u00e9rum Bright Intense Novage+  30ml"},"content":{"rendered":"<p class=\"MuiTypography-root MuiTypography-body1 products-app-emotion-1qn0wr5\"><span style=\"font-family: arial, helvetica, sans-serif; color: #000000;\">S\u00e9rum Novage+ Bright Intense se \u0161pi\u010dkovou multi-aktivn\u00ed recepturou proti st\u00e1rnut\u00ed stav\u00ed na patentovan\u00fdch bio aktiva\u010dn\u00edch technologi\u00edch a vytv\u00e1\u0159\u00ed kosmeceutick\u00e9 \u00fa\u010dinky s \u0161etrn\u00fdm p\u0159\u00edstupem k pleti. Jeho slo\u017een\u00ed v poko\u017ece aktivuje mechanismy regulace melaninu, \u010d\u00edm\u017e redukuje projevy hyperpigmentace, projas\u0148uje a sjednocuje t\u00f3n pleti a aktivuje vlastn\u00ed synt\u00e9zu kolagenu.<\/span><\/p>\n<p><span style=\"font-family: arial, helvetica, sans-serif; color: #000000;\"><strong class=\"MuiTypography-root MuiTypography-body1 products-app-emotion-1rnazt1\">PODPORA \u2013 AKTIVACE S\u00cdLY<\/strong><\/span><\/p>\n<p class=\"MuiTypography-root MuiTypography-body1 products-app-emotion-1qn0wr5\"><span style=\"font-family: arial, helvetica, sans-serif; color: #000000;\">S\u00e9ra Novage v ka\u017ed\u00e9 kapce ukr\u00fdvaj\u00ed mocn\u00e9 bio aktiva\u010dn\u00ed technologie. Lehou\u010dk\u00e1 receptura zaji\u0161\u0165uje maxim\u00e1ln\u00ed vst\u0159ebatelnost aktivn\u00edch l\u00e1tek pro mimo\u0159\u00e1dn\u00e9 \u00fa\u010dinky na ple\u0165.<\/span><\/p>\n<p class=\"MuiTypography-root MuiTypography-body1 products-app-emotion-1qn0wr5\"><span style=\"font-family: arial, helvetica, sans-serif; color: #000000;\">Aplikujte r\u00e1no a ve\u010der po vy\u010di\u0161t\u011bn\u00ed pleti.<\/span><\/p>\n<p class=\"MuiTypography-root MuiTypography-body1 products-app-emotion-1qn0wr5\"><span style=\"font-family: arial, helvetica, sans-serif; color: #000000;\">+ Pou\u017eijte s\u00e9rum v objemu jednoho a\u017e dvou stisknut\u00ed pumpi\u010dky.<\/span><\/p>\n<p class=\"MuiTypography-root MuiTypography-body1 products-app-emotion-1qn0wr5\"><span style=\"font-family: arial, helvetica, sans-serif; color: #000000;\">+ Naneste na \u010delo, tv\u00e1\u0159e a bradu.<\/span><\/p>\n<p class=\"MuiTypography-root MuiTypography-body1 products-app-emotion-1qn0wr5\"><span style=\"font-family: arial, helvetica, sans-serif; color: #000000;\">+ Jemn\u011b a rovnom\u011brn\u011b rozet\u0159ete po cel\u00e9m obli\u010deji.<\/span><\/p>\n<p class=\"MuiTypography-root MuiTypography-body1 products-app-emotion-1qn0wr5\"><span style=\"font-family: arial, helvetica, sans-serif; color: #000000;\">+ Vyhn\u011bte se okol\u00ed o\u010d\u00ed.<\/span><\/p>\n<p class=\"MuiTypography-root MuiTypography-body1 products-app-emotion-1qn0wr5\"><span style=\"font-family: arial, helvetica, sans-serif; color: #000000;\">Nejlep\u0161\u00edch v\u00fdsledk\u016f dos\u00e1hnete p\u0159i pou\u017e\u00edv\u00e1n\u00ed s\u00e9ra v r\u00e1mci 4 krok\u016f ritu\u00e1lu Novage+.<\/span><\/p>\n<p><span style=\"font-family: arial, helvetica, sans-serif; color: #000000;\"><strong class=\"MuiTypography-root MuiTypography-body1 products-app-emotion-1rnazt1\">Multi-aktivn\u00ed technologie, kter\u00e9 zlep\u0161uj\u00ed t\u00f3n pleti a p\u016fsob\u00ed proti st\u00e1rnut\u00ed:<\/strong><\/span><br \/>\n<span style=\"font-family: arial, helvetica, sans-serif; color: #000000;\"><strong class=\"MuiTypography-root MuiTypography-body1 products-app-emotion-1rnazt1\">+ Bio Lumilock<\/strong>\u00a0p\u0159in\u00e1\u0161\u00ed podobn\u00e9 \u00fa\u010dinky jako kyselina kojov\u00e1<sup>\u25ca2<\/sup>, k pleti je ale \u0161etrn\u011bj\u0161\u00ed<\/span><br \/>\n<span style=\"font-family: arial, helvetica, sans-serif; color: #000000;\"><strong class=\"MuiTypography-root MuiTypography-body1 products-app-emotion-1rnazt1\">+ Oripeptide-3<\/strong>podporuje tvorbu kolagenu rychleji ne\u017e vitamin C<sup>\u25ca<\/sup>\u00a0a redukuje tak vr\u00e1sky<\/span><\/p>\n<p><span style=\"font-family: arial, helvetica, sans-serif; color: #000000;\"><strong class=\"MuiTypography-root MuiTypography-body1 products-app-emotion-1rnazt1\">97 % souhlas\u00ed, \u017ee u\u017e po 6 t\u00fddnech<\/strong>\u00a0je poko\u017eka projasn\u011bn\u011bj\u0161\u00ed a proz\u00e1\u0159en\u011bj\u0161\u00ed*<\/span><br \/>\n<span style=\"font-family: arial, helvetica, sans-serif; color: #000000;\"><strong class=\"MuiTypography-root MuiTypography-body1 products-app-emotion-1rnazt1\">94 % souhlas\u00ed, \u017ee u\u017e po 6 t\u00fddnech<\/strong>\u00a0jsou jemn\u00e9 linky a vr\u00e1sky m\u00e9n\u011b viditeln\u00e9*<\/span><br \/>\n<span style=\"font-family: arial, helvetica, sans-serif; color: #000000;\"><strong class=\"MuiTypography-root MuiTypography-body1 products-app-emotion-1rnazt1\">92 % souhlas\u00ed, \u017ee do\u0161lo ke sn\u00ed\u017een\u00ed po\u010dtu pigmentov\u00fdch skvrn, a to u\u017e po 6 t\u00fddnech<\/strong>*<\/span><br \/>\n<span style=\"font-family: arial, helvetica, sans-serif; color: #000000;\"><strong class=\"MuiTypography-root MuiTypography-body1 products-app-emotion-1rnazt1\">Redukuje vr\u00e1sky ve 4 dimenz\u00edch \u2013 klinicky prok\u00e1z\u00e1no<\/strong><sup>\u03943<\/sup><\/span><\/p>\n<p class=\"MuiTypography-root MuiTypography-body1 products-app-emotion-1qn0wr5\"><span style=\"font-family: arial, helvetica, sans-serif; color: #000000;\">S patentovan\u00fdmi bio aktiva\u010dn\u00edmi technologiemi Bio Lumilock a Oripeptide-3 a s nikotinamidem, skvalenem a betainem. Sv\u011b\u017e\u00ed gelov\u00e1 konzistence u\u017e od prvn\u00edho pou\u017eit\u00ed okam\u017eit\u011b zlep\u0161uje funkce pleti.<\/span><\/p>\n<p class=\"MuiTypography-root MuiTypography-body1 products-app-emotion-1qn0wr5\"><span style=\"font-family: arial, helvetica, sans-serif; color: #000000;\">Je vhodn\u00fd pro v\u0161echny typy pleti v\u010detn\u011b citliv\u00e9.<\/span><\/p>\n<p class=\"MuiTypography-root MuiTypography-body1 products-app-emotion-1qn0wr5\"><span style=\"font-family: arial, helvetica, sans-serif; color: #000000;\">Dermatologicky testov\u00e1no.<\/span><\/p>\n<p class=\"MuiTypography-root MuiTypography-body1 products-app-emotion-1qn0wr5\"><span style=\"font-family: arial, helvetica, sans-serif; color: #000000;\">S patentovan\u00fdmi bio aktiva\u010dn\u00edmi technologiemi Bio Lumilock a Oripeptide-3 a s nikotinamidem, skvalenem a betainem.<\/span><\/p>\n<p><span style=\"font-family: arial, helvetica, sans-serif; color: #000000;\"><strong class=\"MuiTypography-root MuiTypography-body1 products-app-emotion-1rnazt1\">Bio Lumilock<\/strong><\/span><\/p>\n<p class=\"MuiTypography-root MuiTypography-body1 products-app-emotion-1qn0wr5\"><span style=\"font-family: arial, helvetica, sans-serif; color: #000000;\">Na\u0161e patentovan\u00e1 projas\u0148uj\u00edc\u00ed technologie odvozen\u00e1 z citrusov\u00e9 k\u016fry v pleti aktivuje mechanismy reguluj\u00edc\u00ed tvorbu melaninu, \u010d\u00edm\u017e v\u00fdrazn\u011b zlep\u0161uje t\u00f3n pleti a viditeln\u011b redukuje hyperpigmentaci, nap\u0159\u00edklad sta\u0159eck\u00e9 \u010di pigmentov\u00e9 skvrny. M\u00e1 podobn\u00e9 \u00fa\u010dinky jako kyselina kojov\u00e1<sup>\u25ca2<\/sup>, ale zklid\u0148uje poko\u017eku a je k n\u00ed \u0161etrn\u011bj\u0161\u00ed.<\/span><\/p>\n<p class=\"MuiTypography-root MuiTypography-body1 products-app-emotion-1qn0wr5\"><span style=\"font-family: arial, helvetica, sans-serif; color: #000000;\">+ Redukuje projevy hyperpigmentace \u2013 klinicky prok\u00e1z\u00e1no<sup>\u03943<\/sup><\/span><\/p>\n<p class=\"MuiTypography-root MuiTypography-body1 products-app-emotion-1qn0wr5\"><span style=\"font-family: arial, helvetica, sans-serif; color: #000000;\">+ Zam\u011b\u0159uje se na r\u016fzn\u00e9 typy ne\u017e\u00e1douc\u00edho zbarven\u00ed pleti, jak p\u0159ed jeho vznikem, tak po n\u011bm<sup>\u03943<\/sup><\/span><\/p>\n<p class=\"MuiTypography-root MuiTypography-body1 products-app-emotion-1qn0wr5\"><span style=\"font-family: arial, helvetica, sans-serif; color: #000000;\">+ Reguluje tvorbu melaninu<sup>\u03943<\/sup><\/span><\/p>\n<p class=\"MuiTypography-root MuiTypography-body1 products-app-emotion-1qn0wr5\"><span style=\"font-family: arial, helvetica, sans-serif; color: #000000;\">+ Projas\u0148uje a proz\u00e1\u0159\u00ed ple\u0165 a zlep\u0161uje jej\u00ed t\u00f3n \u2013 klinicky prok\u00e1z\u00e1no<sup>\u03943<\/sup><\/span><\/p>\n<p><span style=\"font-family: arial, helvetica, sans-serif; color: #000000;\"><strong class=\"MuiTypography-root MuiTypography-body1 products-app-emotion-1rnazt1\">Oripeptide-3<\/strong><\/span><\/p>\n<p class=\"MuiTypography-root MuiTypography-body1 products-app-emotion-1qn0wr5\"><span style=\"font-family: arial, helvetica, sans-serif; color: #000000;\">Na\u0161e patentovan\u00e1 omlazuj\u00edc\u00ed technologie p\u0159\u00edrodn\u00edho p\u016fvodu z kvasnic, r\u00fd\u017ee a p\u0161enice pom\u00e1h\u00e1 aktivovat vlastn\u00ed tvorbu kolagenu v pleti, co\u017e vede ke zlep\u0161en\u00ed vzhledu jemn\u00fdch linek a vr\u00e1sek. Prokazateln\u011b podporuje tvorbu kolagenu je\u0161t\u011b rychleji ne\u017e vitamin C<sup>\u25ca<\/sup>.<\/span><\/p>\n<p class=\"MuiTypography-root MuiTypography-body1 products-app-emotion-1qn0wr5\"><span style=\"font-family: arial, helvetica, sans-serif; color: #000000;\">+ Redukuje vr\u00e1sky ve 4 dimenz\u00edch \u2013 klinicky ov\u011b\u0159eno<sup>\u03943<\/sup><\/span><\/p>\n<p><span style=\"font-family: arial, helvetica, sans-serif; color: #000000;\"><strong class=\"MuiTypography-root MuiTypography-body1 products-app-emotion-1rnazt1\">Nikotinamid<\/strong><\/span><\/p>\n<p class=\"MuiTypography-root MuiTypography-body1 products-app-emotion-1qn0wr5\"><span style=\"font-family: arial, helvetica, sans-serif; color: #000000;\">Aktivn\u00ed forma vitaminu B3, kter\u00fd poko\u017eku op\u011bt proz\u00e1\u0159\u00ed a hydratuje<\/span><\/p>\n<p><span style=\"font-family: arial, helvetica, sans-serif; color: #000000;\"><strong class=\"MuiTypography-root MuiTypography-body1 products-app-emotion-1rnazt1\">Betain<\/strong><\/span><\/p>\n<p class=\"MuiTypography-root MuiTypography-body1 products-app-emotion-1qn0wr5\"><span style=\"font-family: arial, helvetica, sans-serif; color: #000000;\">Zvlh\u010duj\u00edc\u00ed l\u00e1tka podobn\u00e1 l\u00e1tk\u00e1m p\u0159irozen\u011b p\u0159\u00edtomn\u00fdm v pleti, kter\u00e1 v poko\u017ece p\u0159itahuje a zadr\u017euje hydrataci.<\/span><\/p>\n<p><span style=\"font-family: arial, helvetica, sans-serif; color: #000000;\"><strong class=\"MuiTypography-root MuiTypography-body1 products-app-emotion-1rnazt1\">Skvalen<\/strong><\/span><\/p>\n<p class=\"MuiTypography-root MuiTypography-body1 products-app-emotion-1qn0wr5\"><span style=\"font-family: arial, helvetica, sans-serif; color: #000000;\">P\u0159\u00edsada s hydrata\u010dn\u00edmi \u00fa\u010dinky napodobuj\u00edc\u00ed l\u00e1tky p\u0159irozen\u011b p\u0159\u00edtomn\u00e9 v pleti, kter\u00e1 z\u00e1rove\u0148 pe\u010duje o ko\u017en\u00ed bari\u00e9ru.<\/span><\/p>\n<p><span style=\"font-family: arial, helvetica, sans-serif; color: #000000;\"><sup>\u03943<\/sup>\u00a0Klinicky testovan\u00e1 aktivn\u00ed p\u0159\u00edsada. * Spot\u0159ebitelsk\u00fd test.\u00a0<sup>\u25ca2<\/sup>\u00a0<em>in vitro.<\/em>\u00a0<sup>\u25ca<\/sup>\u00a0<em>ex vivo.<\/em>\u00a0Bio Lumilock Patent \u010d. SE2862600. Oripeptide-3 Patent \u010d. SE531484.<\/span><br \/>\n&#8212;&#8212;&#8212;&#8212;&#8212;&#8212;&#8212;&#8212;&#8212;&#8212;&#8212;&#8212;&#8212;&#8212;&#8212;&#8212;&#8212;&#8212;&#8212;&#8212;&#8212;&#8212;&#8212;&#8212;&#8212;&#8212;&#8212;&#8212;&#8212;&#8212;&#8212;&#8212;&#8212;&#8212;&#8212;&#8212;&#8212;&#8211;<\/p>\n<div class=\"products-app-emotion-1q7njkh\">\n<div class=\"TextWithHtml-root products-app-emotion-1q94rgb\">\n<div class=\"TextWithHtml-text products-app-emotion-18slqyo\" data-testid=\"Presentation-product-detail-wysiwyg\"><span style=\"font-family: arial, helvetica, sans-serif; font-size: 10pt;\">AQUA, NIACINAMIDE, PROPANEDIOL, DIMETHICONE, BETAINE, SILICA, CETEARETH-20, ETHYLHEXYLGLYCERIN, TETRASODIUM TETRACARBOXYMETHYL NARINGENINCHALCONE, GLYCERIN, AMMONIUM ACRYLOYLDIMETHYLTAURATE\/VP COPOLYMER, SQUALANE, CAPRYLYL GLYCOL, BUTYLENE GLYCOL, DIMETHICONOL, TRITICUM MONOCOCCUM SEED EXTRACT, HYDROLYZED RICE PROTEIN, HYDROLYZED YEAST PROTEIN, PHENOXYETHANOL, DISODIUM EDTA, PARFUM<\/span><\/div>\n<\/div>\n<\/div>\n<div class=\"products-app-emotion-1nacawr\">\n<div class=\"products-app-emotion-bco1gb\">\n<p class=\"MuiTypography-root MuiTypography-body1 products-app-emotion-1qn0wr5\" data-testid=\"Presentation-product-detail-dimensions\"><span style=\"font-family: arial, helvetica, sans-serif; color: #000000;\">Rozm\u011bry: D\u00e9lka 135mm, V\u00fd\u0161ka 40mm, Hloubka 40mm, Hmotnost 106g<\/span><\/p>\n<p class=\"MuiTypography-root MuiTypography-body1 products-app-emotion-1qn0wr5\" data-testid=\"Presentation-product-detail-full-product-name\"><span style=\"font-family: arial, helvetica, sans-serif; color: #000000;\">\u00dapln\u00fd n\u00e1zev produktu: Intenzivn\u011b rozjas\u0148uj\u00edc\u00ed s\u00e9rum Bright Intense Novage+<\/span><\/p>\n<\/div>\n<\/div>\n","protected":false},"excerpt":{"rendered":"<p><span style=\"font-family: arial, helvetica, sans-serif; color: #000000;\">S\u00e9rum Novage+ Bright Intense je multi-aktivn\u00ed s\u00e9rum proti st\u00e1rnut\u00ed, kter\u00e9 redukuje projevy hyperpigmentace a pigmentov\u00e9 skvrny, projas\u0148uje a sjednocuje t\u00f3n pleti a redukuje viditelnost jemn\u00fdch linek a vr\u00e1sek.<\/span><\/p>\n<ul class=\"products-app-emotion-tr0r3x\">\n<li data-testid=\"Presentation-product-detail-product-benefit\"><span style=\"font-family: arial, helvetica, sans-serif; color: #000000;\">Technologie p\u0159\u00edrodn\u00edho p\u016fvodu s podobn\u00fdmi \u00fa\u010dinky jako kyselina kojov\u00e1, ale \u0161etrn\u011bj\u0161\u00ed k pleti<\/span><\/li>\n<li data-testid=\"Presentation-product-detail-product-benefit\"><span style=\"font-family: arial, helvetica, sans-serif; color: #000000;\">Technologie p\u0159\u00edrodn\u00edho p\u016fvodu rychleji ne\u017e vitamin C podporuje tvorbu kolagenu, \u010d\u00edm\u017e redukuje vr\u00e1sky<\/span><\/li>\n<li data-testid=\"Presentation-product-detail-product-benefit\"><span style=\"font-family: arial, helvetica, sans-serif; color: #000000;\">Vhodn\u00e9 pro v\u0161echny typy pleti v\u010detn\u011b citliv\u00e9<\/span><\/li>\n<\/ul>\n<p><span style=\"font-family: arial, helvetica, sans-serif; color: #000000;\">30ml<\/span><\/p>\n<div class=\"woocommerce-product-details__short-description\">\n<div class=\"woocommerce-product-details__short-description\">\n<div class=\"woocommerce-product-details__short-description\">\n<div class=\"woocommerce-product-details__short-description\">\n<div>\n<div class=\"woocommerce-product-details__short-description\">\n<div class=\"woocommerce-product-details__short-description\">\n<div class=\"woocommerce-product-details__short-description\">\n<p><span style=\"font-family: arial, helvetica, sans-serif; font-size: 10pt;\">Nejni\u017e\u0161\u00ed cena platn\u00e1 ve 30 dnech p\u0159ed platnost\u00ed sou\u010dasn\u00e9 ceny byla 400 K\u010d.<\/span><\/p>\n<\/div>\n<\/div>\n<\/div>\n<\/div>\n<\/div>\n<\/div>\n<\/div>\n<\/div>\n","protected":false},"featured_media":7781,"comment_status":"closed","ping_status":"closed","template":"","meta":[],"pwb-brand":[27],"product_brand":[91],"product_cat":[30,43],"product_tag":[],"class_list":{"0":"post-7780","1":"product","2":"type-product","3":"status-publish","4":"has-post-thumbnail","6":"pwb-brand-https-cz-oriflame-com-cataloguesstorebeautyobchod","7":"product_brand-oriflame","8":"product_cat-pece-o-plet","9":"product_cat-pletova-sera","11":"first","12":"instock","13":"sale","14":"taxable","15":"shipping-taxable","16":"purchasable","17":"product-type-simple"},"brands":[{"id":27,"name":"Oriflame","slug":"https-cz-oriflame-com-cataloguesstorebeautyobchod"}],"_links":{"self":[{"href":"https:\/\/priroda-uvadi.cz\/beauty\/wp-json\/wp\/v2\/product\/7780","targetHints":{"allow":["GET"]}}],"collection":[{"href":"https:\/\/priroda-uvadi.cz\/beauty\/wp-json\/wp\/v2\/product"}],"about":[{"href":"https:\/\/priroda-uvadi.cz\/beauty\/wp-json\/wp\/v2\/types\/product"}],"replies":[{"embeddable":true,"href":"https:\/\/priroda-uvadi.cz\/beauty\/wp-json\/wp\/v2\/comments?post=7780"}],"wp:featuredmedia":[{"embeddable":true,"href":"https:\/\/priroda-uvadi.cz\/beauty\/wp-json\/wp\/v2\/media\/7781"}],"wp:attachment":[{"href":"https:\/\/priroda-uvadi.cz\/beauty\/wp-json\/wp\/v2\/media?parent=7780"}],"wp:term":[{"taxonomy":"pwb-brand","embeddable":true,"href":"https:\/\/priroda-uvadi.cz\/beauty\/wp-json\/wp\/v2\/pwb-brand?post=7780"},{"taxonomy":"product_brand","embeddable":true,"href":"https:\/\/priroda-uvadi.cz\/beauty\/wp-json\/wp\/v2\/product_brand?post=7780"},{"taxonomy":"product_cat","embeddable":true,"href":"https:\/\/priroda-uvadi.cz\/beauty\/wp-json\/wp\/v2\/product_cat?post=7780"},{"taxonomy":"product_tag","embeddable":true,"href":"https:\/\/priroda-uvadi.cz\/beauty\/wp-json\/wp\/v2\/product_tag?post=7780"}],"curies":[{"name":"wp","href":"https:\/\/api.w.org\/{rel}","templated":true}]}}