{"id":7588,"date":"2025-06-26T17:50:58","date_gmt":"2025-06-26T15:50:58","guid":{"rendered":"https:\/\/priroda-uvadi.cz\/beauty\/?post_type=product&#038;p=7588"},"modified":"2026-04-15T00:00:25","modified_gmt":"2026-04-14T22:00:25","slug":"peeling-aha-proceuticals-novage-30ml","status":"publish","type":"product","link":"https:\/\/priroda-uvadi.cz\/beauty\/produkt\/peeling-aha-proceuticals-novage-30ml\/","title":{"rendered":"Peeling AHA Proceuticals Novage+  30ml"},"content":{"rendered":"<p><span style=\"font-family: arial, helvetica, sans-serif; color: #000000;\">Ple\u0165ov\u00fd peeling s 6% AHA v kombinaci 3% kyseliny glykolov\u00e9 a 3% kyseliny ml\u00e9\u010dn\u00e9 spolu se zklid\u0148uj\u00edc\u00edm panthenolem pleti navrac\u00ed jej\u00ed hebkost a jas. Odstra\u0148uje z povrchu poko\u017eky odum\u0159el\u00e9 ko\u017en\u00ed bu\u0148ky a odhaluje mlad\u0161\u00ed bu\u0148ky ukryt\u00e9 pod nimi.<\/span><\/p>\n<ul class=\"products-app-emotion-tr0r3x\">\n<li data-testid=\"Presentation-product-detail-product-benefit\"><span style=\"font-family: arial, helvetica, sans-serif; color: #000000;\">92 % souhlas\u00ed, \u017ee p\u00f3ry vypadaj\u00ed men\u0161\u00ed a \u010dist\u00e9*<\/span><\/li>\n<li data-testid=\"Presentation-product-detail-product-benefit\"><span style=\"font-family: arial, helvetica, sans-serif; color: #000000;\">91 % souhlas\u00ed, \u017ee ple\u0165 je m\u00e9n\u011b zhrubl\u00e1*<\/span><\/li>\n<li data-testid=\"Presentation-product-detail-product-benefit\"><span style=\"font-family: arial, helvetica, sans-serif; color: #000000;\">Pom\u00e1h\u00e1 poko\u017eku obnovovat na bun\u011b\u010dn\u00e9 \u00farovni, a tak vytv\u00e1\u0159\u00ed proz\u00e1\u0159en\u011bj\u0161\u00ed vzhled<\/span><\/li>\n<\/ul>\n<p><span style=\"font-family: arial, helvetica, sans-serif; color: #000000;\">30ml<\/span><\/p>\n<p class=\"MuiTypography-root MuiTypography-body1 products-app-emotion-1qn0wr5\"><span style=\"font-family: arial, helvetica, sans-serif; color: #000000;\">Mdl\u00e1, zhrubl\u00e1 poko\u017eka s velk\u00fdmi, ucpan\u00fdmi p\u00f3ry? Neklamn\u00e1 zn\u00e1mka toho, \u017ee v\u00e1\u0161 proces bun\u011b\u010dn\u00e9 obnovy si zaslou\u017e\u00ed pomoc! Cel\u00fd proces od tvorby nov\u00fdch ko\u017en\u00edch bun\u011bk a\u017e po odstran\u011bn\u00ed t\u011bch odum\u0159el\u00fdch obvykle trv\u00e1 zhruba 28 dn\u00ed, ale mnoho faktor\u016f \u2013 v\u010detn\u011b p\u0159irozen\u00e9ho st\u00e1rnut\u00ed \u2013 m\u016f\u017ee cel\u00fd proces naru\u0161it a zpomalit, co\u017e vede k hromad\u011bn\u00ed odum\u0159el\u00fdch ko\u017en\u00edch bun\u011bk na povrchu pleti. Poko\u017eka pak vypad\u00e1 matn\u00e1 a zhrubl\u00e1, co\u017e je\u0161t\u011b podtrhuje viditelnost p\u00f3r\u016f, linek a vr\u00e1sek.<\/span><\/p>\n<p class=\"MuiTypography-root MuiTypography-body1 products-app-emotion-1qn0wr5\"><span style=\"font-family: arial, helvetica, sans-serif; color: #000000;\">Peeling AHA Proceuticals Novage+ \u0161etrn\u011b ale \u00fa\u010dinn\u011b odstra\u0148uje zhrubl\u00e9, mdl\u00e9, odum\u0159el\u00e9 bu\u0148ky z povrchu pleti a odhaluje heb\u010d\u00ed, sv\u011b\u017eej\u0161\u00ed, mlad\u0161\u00ed bu\u0148ky ukryt\u00e9 pod nimi. V\u00fdsledek? O\u017eiven\u00e1, vyhlazen\u00e1 ple\u0165, kter\u00e1 z\u00e1\u0159\u00ed mladistvou vitalitou!<\/span><\/p>\n<p class=\"MuiTypography-root MuiTypography-body1 products-app-emotion-1qn0wr5\"><span style=\"font-family: arial, helvetica, sans-serif; color: #000000;\">Ve dvout\u00fddenn\u00edch spot\u0159ebitelsk\u00fdch testech \u00fa\u010dastn\u00edci potvrdili, \u017ee Peeling AHA Proceuticals odstra\u0148uje matn\u00fd vzhled, zlep\u0161uje texturu pleti a vzhled p\u00f3r\u016f a odhaluje sv\u011b\u017eej\u0161\u00ed, mladistv\u011bj\u0161\u00ed poko\u017eku.<\/span><\/p>\n<p class=\"MuiTypography-root MuiTypography-body1 products-app-emotion-1qn0wr5\"><span style=\"font-family: arial, helvetica, sans-serif; color: #000000;\">Tato k\u00fara je ur\u010dena k za\u010dlen\u011bn\u00ed do va\u0161eho pravideln\u00e9ho ritu\u00e1lu p\u00e9\u010de o ple\u0165.<\/span><\/p>\n<p class=\"MuiTypography-root MuiTypography-body1 products-app-emotion-1qn0wr5\"><span style=\"font-family: arial, helvetica, sans-serif; color: #000000;\">Pou\u017e\u00edvejte 1\u20132x t\u00fddn\u011b. Aplikujte ve\u010der.<\/span><\/p>\n<ol class=\"MuiTypography-root MuiTypography-body1 products-app-emotion-1qn0wr5\">\n<li><span style=\"font-family: arial, helvetica, sans-serif; color: #000000;\">Ple\u0165 vy\u010dist\u011bte.<\/span><\/li>\n<li><span style=\"font-family: arial, helvetica, sans-serif; color: #000000;\">Naneste 1\u20132 kapky na \u0161pi\u010dky prst\u016f.<\/span><\/li>\n<li><span style=\"font-family: arial, helvetica, sans-serif; color: #000000;\">Jemn\u011b rozet\u0159ete na poko\u017eku tv\u00e1\u0159e a krku, vyhn\u011bte se o\u010dn\u00edmu okol\u00ed.<\/span><\/li>\n<li><span style=\"font-family: arial, helvetica, sans-serif; color: #000000;\">Pokra\u010dujte dal\u0161\u00edmi kroky ritu\u00e1lu.<\/span><\/li>\n<\/ol>\n<p><span style=\"font-family: arial, helvetica, sans-serif; color: #000000;\"><strong class=\"MuiTypography-root MuiTypography-body1 products-app-emotion-1rnazt1\">Pozn\u00e1mka:<\/strong><\/span><\/p>\n<p class=\"MuiTypography-root MuiTypography-body1 products-app-emotion-1qn0wr5\"><span style=\"font-family: arial, helvetica, sans-serif; color: #000000;\">M\u016f\u017eete o\u010dek\u00e1vat ur\u010dit\u00e9 brn\u011bn\u00ed nebo lehk\u00fd diskomfort.<\/span><\/p>\n<p class=\"MuiTypography-root MuiTypography-body1 products-app-emotion-1qn0wr5\"><span style=\"font-family: arial, helvetica, sans-serif; color: #000000;\">B\u011bhem pou\u017e\u00edv\u00e1n\u00ed tohoto p\u0159\u00edpravku pou\u017e\u00edvejte SPF.<\/span><\/p>\n<p><span style=\"font-family: arial, helvetica, sans-serif; color: #000000;\"><strong class=\"MuiTypography-root MuiTypography-body1 products-app-emotion-1rnazt1\">Varov\u00e1n\u00ed:\u202f<\/strong><\/span><\/p>\n<p class=\"MuiTypography-root MuiTypography-body1 products-app-emotion-1qn0wr5\"><span style=\"font-family: arial, helvetica, sans-serif; color: #000000;\">Nepou\u017e\u00edvejte na naru\u0161enou nebo poran\u011bnou poko\u017eku.<\/span><\/p>\n<p class=\"MuiTypography-root MuiTypography-body1 products-app-emotion-1qn0wr5\"><span style=\"font-family: arial, helvetica, sans-serif; color: #000000;\"><strong class=\"MuiTypography-root MuiTypography-body1 products-app-emotion-1rnazt1\">6% AHA \u2013 3% kyselina glykolov\u00e1 a 3% kyselina ml\u00e9\u010dn\u00e1 spolu se zklid\u0148uj\u00edc\u00edm panthenolem.<\/strong><\/span><\/p>\n<p><span style=\"font-family: arial, helvetica, sans-serif; color: #000000;\"><strong class=\"MuiTypography-root MuiTypography-body1 products-app-emotion-1rnazt1\">AHA (alfa-hydroxykyseliny)<\/strong><\/span><\/p>\n<p class=\"MuiTypography-root MuiTypography-body1 products-app-emotion-1qn0wr5\"><span style=\"font-family: arial, helvetica, sans-serif; color: #000000;\">AHA (alfa-hydroxykyseliny) jsou p\u0159irozen\u011b se vyskytuj\u00edc\u00ed kyseliny, kter\u00e9 podporuj\u00ed bun\u011b\u010dnou obnovu a t\u00edm i zdrav\u00fd vzhled pleti. Kyselina glykolov\u00e1 a kyselina ml\u00e9\u010dn\u00e1 jsou ty nejstudovan\u011bj\u0161\u00ed a nejvyu\u017e\u00edvan\u011bj\u0161\u00ed AHA. Sv\u00fdm p\u016fsoben\u00edm rozru\u0161uj\u00ed proteinov\u00e9 vazby, kter\u00e9 propojuj\u00ed matn\u00e9, odum\u0159el\u00e9 ko\u017en\u00ed bu\u0148ky, a t\u00edm je odstra\u0148uj\u00ed z vn\u011bj\u0161\u00edch vrstev poko\u017eky. D\u00edky tomu odhaluj\u00ed sv\u011b\u017eej\u0161\u00ed, mlad\u0161\u00ed bu\u0148ky ukryt\u00e9 pod nimi a pom\u00e1haj\u00ed ple\u0165 celkov\u011b vyhladit a navr\u00e1tit j\u00ed jej\u00ed proz\u00e1\u0159en\u00fd vzhled, minimalizovat viditelnost zv\u011bt\u0161en\u00fdch p\u00f3r\u016f, pigmentov\u00fdch skvrn, ne\u010distot, jemn\u00fdch linek a vr\u00e1sek.<\/span><\/p>\n<p class=\"MuiTypography-root MuiTypography-body1 products-app-emotion-1qn0wr5\"><span style=\"font-family: arial, helvetica, sans-serif; color: #000000;\"><strong class=\"MuiTypography-root MuiTypography-body1 products-app-emotion-1rnazt1\">Panthenol<\/strong><\/span><\/p>\n<p class=\"MuiTypography-root MuiTypography-body1 products-app-emotion-1qn0wr5\"><span style=\"font-family: arial, helvetica, sans-serif; color: #000000;\">Panthenol je dob\u0159e zn\u00e1m\u00e1 zvlh\u010duj\u00edc\u00ed a zvl\u00e1\u010d\u0148uj\u00edc\u00ed l\u00e1tka. Pom\u00e1h\u00e1 poko\u017eku zklid\u0148ovat, pe\u010duje o ni a sni\u017euje ztr\u00e1ty vlhkosti z povrchu pleti.<\/span><\/p>\n<p class=\"MuiTypography-root MuiTypography-body1 products-app-emotion-1qn0wr5\">&#8212;&#8212;&#8212;&#8212;&#8212;&#8212;&#8212;&#8212;&#8212;&#8212;&#8212;&#8212;&#8212;&#8212;&#8212;&#8212;&#8212;&#8212;&#8212;&#8212;&#8212;&#8212;&#8212;&#8212;&#8212;&#8212;&#8212;&#8212;&#8212;&#8212;&#8212;&#8212;&#8212;&#8212;&#8212;&#8212;&#8212;&#8212;<\/p>\n<div class=\"products-app-emotion-1q7njkh\">\n<div class=\"TextWithHtml-root products-app-emotion-1q94rgb\">\n<div class=\"TextWithHtml-text products-app-emotion-6dv9ly\" data-testid=\"Presentation-product-detail-wysiwyg\"><span style=\"font-family: arial, helvetica, sans-serif; font-size: 10pt;\">AQUA, GLYCERIN, ALCOHOL DENAT., LACTIC ACID, GLYCOLIC ACID, BUTYLENE GLYCOL, SODIUM HYDROXIDE, PANTHENOL, HYDROXYETHYLCELLULOSE, DISODIUM PHOSPHATE, POLYSORBATE 60, SODIUM PHOSPHATE, SODIUM BENZOATE<\/span><\/div>\n<\/div>\n<\/div>\n<p class=\"MuiTypography-root MuiTypography-body1 products-app-emotion-1qn0wr5\"><span style=\"font-family: arial, helvetica, sans-serif; color: #000000; font-size: 10pt;\">* Spot\u0159ebitelsk\u00fd test po 2 t\u00fddnech pou\u017e\u00edv\u00e1n\u00ed.<\/span><\/p>\n<p><span style=\"font-family: arial, helvetica, sans-serif; color: #000000; font-size: 10pt;\"><sup>#<\/sup>\u00a0Spont\u00e1nn\u00ed koment\u00e1\u0159 spot\u0159ebitele.<\/span><\/p>\n<div class=\"products-app-emotion-1nacawr\">\n<div class=\"products-app-emotion-bco1gb\">\n<p class=\"MuiTypography-root MuiTypography-body1 products-app-emotion-1qn0wr5\" data-testid=\"Presentation-product-detail-dimensions\"><span style=\"font-family: arial, helvetica, sans-serif; color: #000000; font-size: 10pt;\">Rozm\u011bry: D\u00e9lka 130mm, V\u00fd\u0161ka 30mm, Hloubka 40mm, Hmotnost 118g<\/span><\/p>\n<p class=\"MuiTypography-root MuiTypography-body1 products-app-emotion-1qn0wr5\" data-testid=\"Presentation-product-detail-full-product-name\"><span style=\"font-family: arial, helvetica, sans-serif; color: #000000; font-size: 10pt;\">\u00dapln\u00fd n\u00e1zev produktu: Peeling AHA Proceuticals Novage+<\/span><\/p>\n<p class=\"MuiTypography-root MuiTypography-body1 products-app-emotion-1hd9jwd\"><span style=\"font-family: arial, helvetica, sans-serif; font-size: 10pt;\">N\u00e1zev a adresa v\u00fdrobce(\u016f) a zem\u011b p\u016fvodu<\/span><\/p>\n<div class=\"MuiBox-root products-app-emotion-p1vtja\">\n<div class=\"MuiBox-root products-app-emotion-0\"><span style=\"font-family: arial, helvetica, sans-serif; font-size: 10pt;\">V\u00fdrobcem produktu je jeden z n\u00ed\u017ee uveden\u00fdch subjekt\u016f. Pro p\u0159esn\u00e9 informace pros\u00edm vyhledejte konkr\u00e9tn\u00ed produkt.<\/span><\/div>\n<div class=\"MuiBox-root products-app-emotion-0\">\n<p class=\"MuiTypography-root MuiTypography-body1 products-app-emotion-i7jdvl\"><span style=\"font-family: arial, helvetica, sans-serif; font-size: 10pt;\">Cetes Cosmetics Poland Sp. z o. o.<\/span><\/p>\n<p class=\"MuiTypography-root MuiTypography-body1 products-app-emotion-i7jdvl\"><span style=\"font-family: arial, helvetica, sans-serif; font-size: 10pt;\">ul. Bohater\u00f3w Warszawy 2<\/span><\/p>\n<\/div>\n<div class=\"MuiBox-root products-app-emotion-0\">\n<p class=\"MuiTypography-root MuiTypography-body1 products-app-emotion-i7jdvl\"><span style=\"font-family: arial, helvetica, sans-serif; font-size: 10pt;\">Warszawa\u00a002-495<\/span><\/p>\n<p class=\"MuiTypography-root MuiTypography-body1 products-app-emotion-i7jdvl\"><span style=\"font-family: arial, helvetica, sans-serif; font-size: 10pt;\">POLAND<\/span><\/p>\n<p class=\"MuiTypography-root MuiTypography-body1 products-app-emotion-i7jdvl\"><span style=\"font-family: arial, helvetica, sans-serif; font-size: 10pt;\">Zem\u011b p\u016fvodu\u00a0POLAND<\/span><\/p>\n<\/div>\n<\/div>\n<\/div>\n<\/div>\n","protected":false},"excerpt":{"rendered":"<div class=\"Y3BBE\"><span style=\"font-family: arial, helvetica, sans-serif; color: #000000;\"><strong class=\"Yjhzub\">Mrz\u00ed n\u00e1s to, ale produkt je zde moment\u00e1ln\u011b vyprodan\u00fd.<\/strong><\/span><\/div>\n<div class=\"Y3BBE\"><span style=\"font-family: arial, helvetica, sans-serif;\"><span style=\"color: #000000;\">Pokud na produkt sp\u011bch\u00e1te, doporu\u010dujeme objednat p\u0159\u00edmo p\u0159es<\/span> \ud83d\udc49\u00a0<span style=\"color: #ff0000;\"><em><a style=\"color: #ff0000;\" title=\"Peeling AHA Proceuticals Novage+\" href=\"https:\/\/cz.oriflame.com\/products\/product?code=47104&amp;query=47104&amp;store=CZ-beautyobchod\" target=\"_blank\" rel=\"nofollow noopener noreferrer\"><strong>ORIFLAME<\/strong><\/a><\/em>.<\/span><\/span><\/div>\n<div><\/div>\n<div class=\"Y3BBE\"><span style=\"font-family: arial, helvetica, sans-serif; color: #000000;\"><em>Pro nov\u00e9 z\u00e1kazn\u00edky je te\u010f p\u0159ipraven\u00a0bal\u00ed\u010dek v\u00fdhod<\/em>:<\/span><\/div>\n<div class=\"Y3BBE\"><span style=\"font-family: arial, helvetica, sans-serif;\">\u2705\u00a0<strong class=\"Yjhzub\">1<span style=\"color: #000000;\">5% UV\u00cdTAC\u00cd SLEVA<\/span><\/strong><span style=\"color: #000000;\">\u00a0na prvn\u00ed n\u00e1kup<\/span><\/span><\/div>\n<div class=\"Y3BBE\"><span style=\"color: #080809; font-family: arial, helvetica, sans-serif; font-size: 15px; white-space-collapse: preserve;\"> \ud83d\udc47\ud83d\udc47\ud83d\udc47\ud83d\udc47<\/span><\/div>\n<div class=\"Y3BBE\"><span style=\"font-family: arial, helvetica, sans-serif;\">\u2705<span style=\"color: #000000;\">Sta\u010d\u00ed vlo\u017eit produkt do ko\u0161\u00edku\u00a0\ud83d\uded2\u00a0\u00a0a sleva se v\u00e1m okam\u017eit\u011b ode\u010dte<\/span>.<\/span><\/div>\n<div class=\"Y3BBE\"><span style=\"font-family: arial, helvetica, sans-serif;\">\u2705\u00a0<span style=\"color: #000000;\"><strong class=\"Yjhzub\">15% CASHBACK<\/strong>\u00a0z ka\u017ed\u00e9 objedn\u00e1vky<\/span><\/span><br \/>\n<span style=\"font-family: arial, helvetica, sans-serif;\">\u2705\u00a0<span style=\"color: #000000;\"><strong class=\"Yjhzub\">DOPRAVA ZDARMA<\/strong>\u00a0nad 750 K\u010d<\/span><\/span><\/div>\n<p>&nbsp;<\/p>\n<div class=\"woocommerce-product-details__short-description\">\n<div class=\"woocommerce-product-details__short-description\">\n<div>\n<div class=\"product-detail-o40nju\" data-testid=\"Presentation-product-detail-price-section\"><span class=\"MuiTypography-root MuiTypography-caption product-detail-8q5iga\" style=\"font-family: arial, helvetica, sans-serif; font-size: 10pt;\" data-testid=\"Presentation-product-detail-LowestPreviousPrice\">Nejni\u017e\u0161\u00ed cena platn\u00e1 ve 30 dnech p\u0159ed platnost\u00ed sou\u010dasn\u00e9 ceny byla 250 K\u010d<\/span><\/div>\n<div data-testid=\"Presentation-product-detail-price-section\"><\/div>\n<\/div>\n<\/div>\n<\/div>\n","protected":false},"featured_media":7589,"comment_status":"closed","ping_status":"closed","template":"","meta":[],"pwb-brand":[27],"product_brand":[91],"product_cat":[38,30],"product_tag":[],"class_list":{"0":"post-7588","1":"product","2":"type-product","3":"status-publish","4":"has-post-thumbnail","6":"pwb-brand-https-cz-oriflame-com-cataloguesstorebeautyobchod","7":"product_brand-oriflame","8":"product_cat-cisteni-pleti","9":"product_cat-pece-o-plet","11":"first","12":"outofstock","13":"taxable","14":"shipping-taxable","15":"purchasable","16":"product-type-simple"},"brands":[{"id":27,"name":"Oriflame","slug":"https-cz-oriflame-com-cataloguesstorebeautyobchod"}],"_links":{"self":[{"href":"https:\/\/priroda-uvadi.cz\/beauty\/wp-json\/wp\/v2\/product\/7588","targetHints":{"allow":["GET"]}}],"collection":[{"href":"https:\/\/priroda-uvadi.cz\/beauty\/wp-json\/wp\/v2\/product"}],"about":[{"href":"https:\/\/priroda-uvadi.cz\/beauty\/wp-json\/wp\/v2\/types\/product"}],"replies":[{"embeddable":true,"href":"https:\/\/priroda-uvadi.cz\/beauty\/wp-json\/wp\/v2\/comments?post=7588"}],"wp:featuredmedia":[{"embeddable":true,"href":"https:\/\/priroda-uvadi.cz\/beauty\/wp-json\/wp\/v2\/media\/7589"}],"wp:attachment":[{"href":"https:\/\/priroda-uvadi.cz\/beauty\/wp-json\/wp\/v2\/media?parent=7588"}],"wp:term":[{"taxonomy":"pwb-brand","embeddable":true,"href":"https:\/\/priroda-uvadi.cz\/beauty\/wp-json\/wp\/v2\/pwb-brand?post=7588"},{"taxonomy":"product_brand","embeddable":true,"href":"https:\/\/priroda-uvadi.cz\/beauty\/wp-json\/wp\/v2\/product_brand?post=7588"},{"taxonomy":"product_cat","embeddable":true,"href":"https:\/\/priroda-uvadi.cz\/beauty\/wp-json\/wp\/v2\/product_cat?post=7588"},{"taxonomy":"product_tag","embeddable":true,"href":"https:\/\/priroda-uvadi.cz\/beauty\/wp-json\/wp\/v2\/product_tag?post=7588"}],"curies":[{"name":"wp","href":"https:\/\/api.w.org\/{rel}","templated":true}]}}