{"id":7478,"date":"2025-05-28T16:43:54","date_gmt":"2025-05-28T14:43:54","guid":{"rendered":"https:\/\/priroda-uvadi.cz\/beauty\/?post_type=product&#038;p=7478"},"modified":"2026-02-13T14:07:58","modified_gmt":"2026-02-13T13:07:58","slug":"naturelle-oliva-sampon-360-ml","status":"publish","type":"product","link":"https:\/\/priroda-uvadi.cz\/beauty\/produkt\/naturelle-oliva-sampon-360-ml\/","title":{"rendered":"Naturelle Oliva \u0160ampon 360 ml"},"content":{"rendered":"<p><span style=\"font-family: arial, helvetica, sans-serif; color: #000000;\">Aplikujte na vlhk\u00e9 vlasy a poko\u017eku hlavy.<\/span><br \/>\n<span style=\"font-family: arial, helvetica, sans-serif; color: #000000;\">Vmas\u00edrujte do p\u011bny a d\u016fkladn\u011b opl\u00e1chn\u011bte.<\/span><br \/>\n<span style=\"font-family: arial, helvetica, sans-serif; color: #000000;\">V p\u0159\u00edpad\u011b pot\u0159eby naneste znovu.<\/span><\/p>\n<p><span style=\"font-family: arial, helvetica, sans-serif; color: #000000;\">Upozorn\u011bn\u00ed: <\/span><span style=\"font-family: arial, helvetica, sans-serif; color: #000000;\">Pouze k zevn\u00edmu pou\u017eit\u00ed, zamezte kontaktu s o\u010dima.<\/span><br \/>\n<span style=\"font-family: arial, helvetica, sans-serif; color: #000000;\">V p\u0159\u00edpad\u011b kontaktu d\u016fkladn\u011b opl\u00e1chn\u011bte vodou.<\/span><br \/>\n<span style=\"font-family: arial, helvetica, sans-serif; color: #000000;\">Uchov\u00e1vejte mimo dosah d\u011bt\u00ed.<\/span><\/p>\n<hr \/>\n<p><span style=\"font-family: arial, helvetica, sans-serif; font-size: 10pt;\">Slo\u017een\u00ed:<\/span><\/p>\n<p><span style=\"font-family: arial, helvetica, sans-serif; font-size: 10pt;\">Aqua (Water), Paraffinum Liquidum (Mineral Oil), Cetyl Alcohol, Glyceryl Stearate SE, Glycerin, Petrolatum, Ceteareth-20, Dimethicone, Phenoxyethanol, Dicaprylyl Carbonate, Cyclopentasiloxane, Parfum (Fragrance), Carbomer, Olea Europaea (Oliva) Fruit Oil, Olive Oil PEG-7 Esters, Benzyl Salicylate, Ethylhexylglycerin, Hexyl Cinnamal, Limonene<\/span><\/p>\n<p>&nbsp;<\/p>\n","protected":false},"excerpt":{"rendered":"<p><span style=\"font-family: arial, helvetica, sans-serif; color: #000000;\">\u0160ampon, obohacen\u00fd o olivov\u00fd olej se speci\u00e1ln\u00edm slo\u017een\u00edm bez silikon\u016f, je ur\u010den pro such\u00e9 a po\u0161kozen\u00e9 vlasy. Jemn\u011b je \u010dist\u00ed, hydratuje a dod\u00e1v\u00e1 jim lesk.<\/span><\/p>\n<p><span style=\"font-family: arial, helvetica, sans-serif; color: #000000;\">360 ml<\/span><\/p>\n<div class=\"woocommerce-product-details__short-description\">\n<div class=\"woocommerce-product-details__short-description\">\n<div class=\"Description_description__content__GhYzs Description_description__content--is-expanded__25XuA\">\n<div>\n<div class=\"woocommerce-product-details__short-description\">\n<div class=\"products-app-emotion-1xez6c\">\n<div class=\"woocommerce-product-details__short-description\">\n<p><span class=\"MuiTypography-root MuiTypography-caption product-detail-8q5iga\" style=\"font-family: arial, helvetica, sans-serif; font-size: 10pt;\" data-testid=\"Presentation-product-detail-LowestPreviousPrice\">Nejni\u017e\u0161\u00ed cena platn\u00e1 ve 30 dnech p\u0159ed platnost\u00ed sou\u010dasn\u00e9 ceny byla 120 K\u010d<\/span><\/p>\n<\/div>\n<\/div>\n<\/div>\n<\/div>\n<\/div>\n<\/div>\n<\/div>\n","protected":false},"featured_media":7479,"comment_status":"closed","ping_status":"closed","template":"","meta":[],"pwb-brand":[87],"product_brand":[94],"product_cat":[15,32],"product_tag":[],"class_list":{"0":"post-7478","1":"product","2":"type-product","3":"status-publish","4":"has-post-thumbnail","6":"pwb-brand-https-www-farmasi-cz-inka-catalog","7":"product_brand-farmasi","8":"product_cat-nezarazene","9":"product_cat-pece-o-vlasy","11":"first","12":"instock","13":"sale","14":"taxable","15":"shipping-taxable","16":"purchasable","17":"product-type-simple"},"brands":[{"id":87,"name":"Farmasi","slug":"https-www-farmasi-cz-inka-catalog"}],"_links":{"self":[{"href":"https:\/\/priroda-uvadi.cz\/beauty\/wp-json\/wp\/v2\/product\/7478","targetHints":{"allow":["GET"]}}],"collection":[{"href":"https:\/\/priroda-uvadi.cz\/beauty\/wp-json\/wp\/v2\/product"}],"about":[{"href":"https:\/\/priroda-uvadi.cz\/beauty\/wp-json\/wp\/v2\/types\/product"}],"replies":[{"embeddable":true,"href":"https:\/\/priroda-uvadi.cz\/beauty\/wp-json\/wp\/v2\/comments?post=7478"}],"wp:featuredmedia":[{"embeddable":true,"href":"https:\/\/priroda-uvadi.cz\/beauty\/wp-json\/wp\/v2\/media\/7479"}],"wp:attachment":[{"href":"https:\/\/priroda-uvadi.cz\/beauty\/wp-json\/wp\/v2\/media?parent=7478"}],"wp:term":[{"taxonomy":"pwb-brand","embeddable":true,"href":"https:\/\/priroda-uvadi.cz\/beauty\/wp-json\/wp\/v2\/pwb-brand?post=7478"},{"taxonomy":"product_brand","embeddable":true,"href":"https:\/\/priroda-uvadi.cz\/beauty\/wp-json\/wp\/v2\/product_brand?post=7478"},{"taxonomy":"product_cat","embeddable":true,"href":"https:\/\/priroda-uvadi.cz\/beauty\/wp-json\/wp\/v2\/product_cat?post=7478"},{"taxonomy":"product_tag","embeddable":true,"href":"https:\/\/priroda-uvadi.cz\/beauty\/wp-json\/wp\/v2\/product_tag?post=7478"}],"curies":[{"name":"wp","href":"https:\/\/api.w.org\/{rel}","templated":true}]}}