{"id":7375,"date":"2025-05-02T11:00:18","date_gmt":"2025-05-02T09:00:18","guid":{"rendered":"https:\/\/priroda-uvadi.cz\/beauty\/?post_type=product&#038;p=7375"},"modified":"2026-04-01T07:29:09","modified_gmt":"2026-04-01T05:29:09","slug":"nutriplus-instantni-kava-s-cekankou-a-kolagenem-100-g","status":"publish","type":"product","link":"https:\/\/priroda-uvadi.cz\/beauty\/produkt\/nutriplus-instantni-kava-s-cekankou-a-kolagenem-100-g\/","title":{"rendered":"Nutriplus Instantn\u00ed k\u00e1va s \u010dekankou a kolagenem 100 g"},"content":{"rendered":"<div id=\"reviewSection\">\n<div>\n<div class=\"undefined \">\n<div class=\"container\">\n<div class=\"styles_content__cEwmD\">\n<p><strong><span style=\"font-family: arial, helvetica, sans-serif; color: #000000;\">Pou\u017eit\u00ed:<\/span><\/strong><\/p>\n<p><span style=\"font-family: arial, helvetica, sans-serif; color: #000000;\">P\u0159i nab\u00edr\u00e1n\u00ed pou\u017eijte suchou l\u017ei\u010dku. N\u00e1vod k pou\u017eit\u00ed: P\u0159idejte 1 \u010dajovou l\u017ei\u010dku (2 g) instantn\u00edho n\u00e1poje do 175 ml hork\u00e9 vody. Dob\u0159e prom\u00edchejte. Hotov\u00fd n\u00e1poj m\u016f\u017eete ochutit sladidlem, ml\u00e9kem nebo smetanou do k\u00e1vy.<\/span><\/p>\n<p class=\"styles_title__nSwUl productDetail_productInfoDetailsItemTitle__6thbB styles_defaults__ttgfN undefined\" data-testid=\"accordionButtonTitle\" data-value=\"Slo\u017een\u00ed\"><strong><span style=\"font-family: arial, helvetica, sans-serif; color: #000000;\">Slo\u017een\u00ed<\/span><\/strong><\/p>\n<div id=\"accordion-content-2\" class=\"styles_accordionPanel__rwEyY\" role=\"region\" aria-labelledby=\"accordion-heading-2\">\n<div id=\"accordion-content-2\" class=\"styles_accordionContent__EP31p productDetail_productInfoDetailsItemContent__tfM8c\">\n<div class=\"productDetail_productInfoDetailsText__sQfsQ\">\n<p><span style=\"font-family: arial, helvetica, sans-serif; color: #000000;\">Slo\u017een\u00ed: rozpustn\u00e1 cikorka 51%, instantn\u00ed k\u00e1va 34%, hydrolyzovan\u00fd kolagen (hov\u011bz\u00ed) 15%. M\u016f\u017ee obsahovat s\u00f3ju, lepek a ml\u00e9ko.<\/span><\/p>\n<\/div>\n<\/div>\n<\/div>\n<\/div>\n<div class=\"styles_content__cEwmD\">\n<p><span style=\"font-family: arial, helvetica, sans-serif; color: #000000;\">\u2022 pom\u00e1h\u00e1 p\u0159i ztr\u00e1t\u011b hmotnosti<\/span><\/p>\n<p><span style=\"font-family: arial, helvetica, sans-serif; color: #000000;\">\u2022 posiluje imunitn\u00ed syst\u00e9m<\/span><\/p>\n<p><span style=\"font-family: arial, helvetica, sans-serif; color: #000000;\">\u2022 obsahuje antioxidanty<\/span><\/p>\n<p><span style=\"font-family: arial, helvetica, sans-serif; color: #000000;\">\u2022 podporuje zdrav\u00e9 tr\u00e1ven\u00ed<\/span><\/p>\n<p><span style=\"font-family: arial, helvetica, sans-serif; color: #000000;\">\u2022 eliminuje pocit \u00fazkosti a stres<\/span><\/p>\n<p><span style=\"font-family: arial, helvetica, sans-serif; color: #000000;\">\u2022 posiluje pojivov\u00e9 tk\u00e1n\u011b a dod\u00e1v\u00e1 poko\u017ece pru\u017enost<\/span><\/p>\n<p><span style=\"font-family: arial, helvetica, sans-serif; color: #000000;\">Pou\u017eit\u00ed: Nalijte 2-3 dcl tepl\u00e9 nebo stud\u00e9 vody, p\u0159idejte 2 pol\u00e9vkov\u00e9 l\u017e\u00edce k\u00e1vy, prom\u00edchejte a pop\u00edjejte kouzlo.<\/span><\/p>\n<p><span style=\"font-family: arial, helvetica, sans-serif; color: #000000;\">\u010cekanka rozpustn\u00e1 (51 %), instantn\u00ed k\u00e1va (34 %), hydrolyzovan\u00fd hov\u011bz\u00ed kolagen typu 1 a 3 (15 %).<\/span><\/p>\n<p><span style=\"font-family: arial, helvetica, sans-serif; font-size: 10pt;\">Minim\u00e1ln\u00ed trvanlivost do konce:\/ \u0160ar\u017ee: datum vyzna\u010den\u00fd na zadn\u00ed stran\u011b obalu. Skladujte v suchu, dob\u0159e uzav\u0159en\u00e9, chra\u0148te p\u0159ed teplem a p\u0159\u00edm\u00fdm slune\u010dn\u00edm z\u00e1\u0159en\u00edm. Dovozce: Farmasi Central Europe, s.r.o., Po\u0161tov\u00e1 1, 811 06 Bratislava, Slovensk\u00e1 republika<\/span><\/p>\n<\/div>\n<\/div>\n<\/div>\n<\/div>\n<div>\n<div id=\"reviewSectionMobile\"><\/div>\n<\/div>\n<\/div>\n","protected":false},"excerpt":{"rendered":"<p><span style=\"font-family: arial, helvetica, sans-serif; color: #000000;\">S \u010dekankovou k\u00e1vou Nutriplus obohacenou o kolagen m\u016f\u017eete zv\u00fd\u0161it p\u0159\u00edjem kolagenu, z\u00e1rove\u0148 si vychutn\u00e1vat k\u00e1vu ka\u017ed\u00fdm dou\u0161kem. <\/span><\/p>\n<p><span style=\"font-family: arial, helvetica, sans-serif; color: #000000;\">Dop\u0159ejte si pot\u011b\u0161en\u00ed z k\u00e1vy a dopl\u0148ujte denn\u00ed d\u00e1vku kr\u00e1sy d\u00edky kolagenu.<\/span><\/p>\n<div class=\"woocommerce-product-details__short-description\">\n<div class=\"woocommerce-product-details__short-description\">\n<div class=\"woocommerce-product-details__short-description\">\n<div class=\"woocommerce-product-details__short-description\">\n<div class=\"woocommerce-product-details__short-description\">\n<div class=\"woocommerce-product-details__short-description\">\n<div class=\"woocommerce-product-details__short-description\">\n<div class=\"woocommerce-product-details__short-description\">\n<div id=\"tabs\">\n<div class=\"products-app-emotion-8atqhb\" data-testid=\"Presentation-product-detail-tabs\">\n<div class=\"products-app-emotion-15ojik8\" role=\"tabpanel\" data-testid=\"Presentation-product-detail-tab-panel\" aria-labelledby=\"moreInfo\">\n<div class=\"products-app-emotion-nqycyw\" data-testid=\"Presentation-product-detail-more-info\">\n<div class=\"TextWithHtml-root products-app-emotion-1q94rgb\">\n<div class=\"TextWithHtml-text products-app-emotion-b5qotg\" data-testid=\"Presentation-product-detail-wysiwyg\">\n<div class=\"products-app-emotion-1nacawr\">\n<div class=\"products-app-emotion-bco1gb\">\n<div id=\"guarantees\">\n<div class=\"products-app-emotion-1gyt1qc\" data-testid=\"Presentation-product-detail-guarantees\">\n<div class=\"products-app-emotion-1hbrs3p\" data-testid=\"Presentation-product-detail-guarantee\">\n<div>\n<div class=\"woocommerce-product-details__short-description\">\n<div class=\"woocommerce-product-details__short-description\">\n<div class=\"woocommerce-product-details__short-description\">\n<div class=\"product-detail-1buwlw5\">\n<div class=\"product-detail-uyp0pw\">\n<div class=\"product-detail-v4i4af\">\n<div class=\"woocommerce-product-details__short-description\">\n<div class=\"woocommerce-product-details__short-description\">\n<div class=\"Summary_summary__benefits__8ar3s\">\n<div class=\"Benefits_benefits__3OGwl\">\n<div>\n<div class=\"woocommerce-product-details__short-description\">\n<div class=\"product-detail-vdfylx\">\n<div class=\"product-detail-d0oxj1\">\n<div class=\"product-detail-1yhj3ra\">\n<p class=\"product-detail-17mztir\" data-testid=\"Presentation-product-detail-LowestPreviousPrice\"><span style=\"font-family: arial, helvetica, sans-serif; font-size: 10pt;\">Nejni\u017e\u0161\u00ed cena platn\u00e1 ve 30 dnech p\u0159ed platnost\u00ed sou\u010dasn\u00e9 ceny byla 200 K\u010d<\/span><\/p>\n<\/div>\n<\/div>\n<\/div>\n<\/div>\n<\/div>\n<\/div>\n<\/div>\n<\/div>\n<\/div>\n<\/div>\n<\/div>\n<\/div>\n<\/div>\n<\/div>\n<\/div>\n<\/div>\n<\/div>\n<\/div>\n<\/div>\n<\/div>\n<\/div>\n<\/div>\n<\/div>\n<\/div>\n<\/div>\n<\/div>\n<\/div>\n<\/div>\n<\/div>\n<\/div>\n<\/div>\n<\/div>\n<\/div>\n<\/div>\n<\/div>\n","protected":false},"featured_media":7376,"comment_status":"closed","ping_status":"closed","template":"","meta":[],"pwb-brand":[87],"product_brand":[94],"product_cat":[90],"product_tag":[],"class_list":{"0":"post-7375","1":"product","2":"type-product","3":"status-publish","4":"has-post-thumbnail","6":"pwb-brand-https-www-farmasi-cz-inka-catalog","7":"product_brand-farmasi","8":"product_cat-doplnky-stravy-farmasi","10":"first","11":"instock","12":"sale","13":"taxable","14":"shipping-taxable","15":"purchasable","16":"product-type-simple"},"brands":[{"id":87,"name":"Farmasi","slug":"https-www-farmasi-cz-inka-catalog"}],"_links":{"self":[{"href":"https:\/\/priroda-uvadi.cz\/beauty\/wp-json\/wp\/v2\/product\/7375","targetHints":{"allow":["GET"]}}],"collection":[{"href":"https:\/\/priroda-uvadi.cz\/beauty\/wp-json\/wp\/v2\/product"}],"about":[{"href":"https:\/\/priroda-uvadi.cz\/beauty\/wp-json\/wp\/v2\/types\/product"}],"replies":[{"embeddable":true,"href":"https:\/\/priroda-uvadi.cz\/beauty\/wp-json\/wp\/v2\/comments?post=7375"}],"wp:featuredmedia":[{"embeddable":true,"href":"https:\/\/priroda-uvadi.cz\/beauty\/wp-json\/wp\/v2\/media\/7376"}],"wp:attachment":[{"href":"https:\/\/priroda-uvadi.cz\/beauty\/wp-json\/wp\/v2\/media?parent=7375"}],"wp:term":[{"taxonomy":"pwb-brand","embeddable":true,"href":"https:\/\/priroda-uvadi.cz\/beauty\/wp-json\/wp\/v2\/pwb-brand?post=7375"},{"taxonomy":"product_brand","embeddable":true,"href":"https:\/\/priroda-uvadi.cz\/beauty\/wp-json\/wp\/v2\/product_brand?post=7375"},{"taxonomy":"product_cat","embeddable":true,"href":"https:\/\/priroda-uvadi.cz\/beauty\/wp-json\/wp\/v2\/product_cat?post=7375"},{"taxonomy":"product_tag","embeddable":true,"href":"https:\/\/priroda-uvadi.cz\/beauty\/wp-json\/wp\/v2\/product_tag?post=7375"}],"curies":[{"name":"wp","href":"https:\/\/api.w.org\/{rel}","templated":true}]}}