{"id":7362,"date":"2025-04-28T14:15:11","date_gmt":"2025-04-28T12:15:11","guid":{"rendered":"https:\/\/priroda-uvadi.cz\/beauty\/?post_type=product&#038;p=7362"},"modified":"2026-03-31T13:08:15","modified_gmt":"2026-03-31T11:08:15","slug":"sada-restore-novage-5ks","status":"publish","type":"product","link":"https:\/\/priroda-uvadi.cz\/beauty\/produkt\/sada-restore-novage-5ks\/","title":{"rendered":"\ufeffSada Restore Novage+ 5ks"},"content":{"rendered":"<p class=\"MuiTypography-root MuiTypography-body1 products-app-emotion-1qn0wr5\"><span style=\"font-family: arial, helvetica, sans-serif; color: #000000;\">OBNOVA HUTNOSTI PLETI, PODPORA + REGENERACE<\/span><\/p>\n<p class=\"MuiTypography-root MuiTypography-body1 products-app-emotion-1qn0wr5\"><span style=\"font-family: arial, helvetica, sans-serif; color: #000000;\">Zv\u00fdrazn\u011bte kontury pleti a podpo\u0159te jej\u00ed pevnost, pru\u017enost a texturu ritu\u00e1lem o 4 kroc\u00edch, ktecr\u00fd se zam\u011b\u0159uje na obnovu vitality pleti ochuzen\u00e9 o estrogen a jej\u00ed reaktivaci.<\/span><\/p>\n<p class=\"MuiTypography-root MuiTypography-body1 products-app-emotion-1qn0wr5\"><span style=\"font-family: arial, helvetica, sans-serif; color: #000000;\">VYCH\u00c1Z\u00cd Z POZNATK\u016e V\u011aDY O DLOUHOV\u011aKOSTI<\/span><\/p>\n<p class=\"MuiTypography-root MuiTypography-body1 products-app-emotion-1qn0wr5\"><span style=\"font-family: arial, helvetica, sans-serif; color: #000000;\">P\u0159\u00edpravky tvo\u0159\u00edc\u00ed ritu\u00e1l Novage+ Restore obsahuj\u00ed 8 bioaktiva\u010dn\u00edch technologi\u00ed a synergicky spolupracuj\u00ed na efektivn\u00edm \u0159e\u0161en\u00ed probl\u00e9m\u016f, jim\u017e ple\u0165 \u010del\u00ed v obdob\u00ed menopauzy.<\/span><\/p>\n<p class=\"MuiTypography-root MuiTypography-body1 products-app-emotion-1qn0wr5\"><span style=\"font-family: arial, helvetica, sans-serif; color: #000000;\">93 % SOUHLAS\u00cd \u017dE PLE\u0164 JE S POSTUPEM \u010cASU HUTN\u011aJ\u0160\u00cd**<\/span><\/p>\n<p><span style=\"font-family: arial, helvetica, sans-serif;\"><strong class=\"MuiTypography-root MuiTypography-body1 products-app-emotion-1rnazt1\">4 kroky k vypln\u011bn\u011bj\u0161\u00ed, energi\u010dt\u011bj\u0161\u00ed pleti<\/strong><\/span><\/p>\n<p class=\"MuiTypography-root MuiTypography-body1 products-app-emotion-1qn0wr5\"><span style=\"font-family: arial, helvetica, sans-serif;\">Ritu\u00e1l p\u00e9\u010de o ple\u0165 Novage+ Restore.<\/span><\/p>\n<p class=\"MuiTypography-root MuiTypography-body1 products-app-emotion-1qn0wr5\"><span style=\"font-family: arial, helvetica, sans-serif;\">Ritu\u00e1ly Novage+ posouvaj\u00ed vrstven\u00ed p\u0159\u00edpravk\u016f na novou \u00farove\u0148 a dop\u0159\u00e1vaj\u00ed tak va\u0161\u00ed pleti je\u0161t\u011b v\u00edce p\u00e9\u010de. Ka\u017ed\u00fd p\u0159\u00edpravek je vytvo\u0159en tak, aby je\u0161t\u011b umocnil \u00fa\u010dinky toho, kter\u00fd n\u00e1sleduje za n\u00edm, mocn\u00e9 bioaktiva\u010dn\u00ed technologie pracuj\u00ed se specifick\u00fdmi mechanismy pleti a vytv\u00e1\u0159ej\u00ed tak optim\u00e1ln\u00ed v\u00fdsledky. Komplexn\u00ed v\u00fdsledky v pouh\u00fdch \u010dty\u0159ech kroc\u00edch.<\/span><\/p>\n<p class=\"MuiTypography-root MuiTypography-body1 products-app-emotion-1qn0wr5\"><span style=\"font-family: arial, helvetica, sans-serif;\">Prov\u00e1d\u011bjte 4 kroky ritu\u00e1lu Novage+ dvakr\u00e1t denn\u011b \u2013 a sledujte viditelnou transformaci pleti.<\/span><\/p>\n<p class=\"MuiTypography-root MuiTypography-body1 products-app-emotion-1qn0wr5\"><span style=\"font-family: arial, helvetica, sans-serif;\">KROK 1: \u010cI\u0160T\u011aN\u00cd<\/span><\/p>\n<p class=\"MuiTypography-root MuiTypography-body1 products-app-emotion-1qn0wr5\"><span style=\"font-family: arial, helvetica, sans-serif;\">Pou\u017e\u00edvejte r\u00e1no a ve\u010der. Navlh\u010den\u00fdma rukama gel nap\u011b\u0148te. Jemn\u011b krou\u017eiv\u00fdmi pohyby vmas\u00edrujte do pleti tv\u00e1\u0159e. D\u016fkladn\u011b opl\u00e1chn\u011bte. Vyh\u00fdbejte se okol\u00ed o\u010d\u00ed.<\/span><\/p>\n<p class=\"MuiTypography-root MuiTypography-body1 products-app-emotion-1qn0wr5\"><span style=\"font-family: arial, helvetica, sans-serif;\">KROK 2: O\u010cI + RTY<\/span><\/p>\n<p class=\"MuiTypography-root MuiTypography-body1 products-app-emotion-1qn0wr5\"><span style=\"font-family: arial, helvetica, sans-serif;\">R\u00e1no a ve\u010der jemn\u011b naneste na poko\u017eku v okol\u00ed o\u010d\u00ed a rt\u016f, rozet\u0159ete kr\u00e9m pod o\u010dima a na pleti kolem rt\u016f \u2013 nenan\u00e1\u0161ejte p\u0159\u00edmo na rty.<\/span><\/p>\n<p class=\"MuiTypography-root MuiTypography-body1 products-app-emotion-1qn0wr5\"><span style=\"font-family: arial, helvetica, sans-serif;\">KROK 3: POS\u00cdLEN\u00cd<\/span><\/p>\n<p class=\"MuiTypography-root MuiTypography-body1 products-app-emotion-1qn0wr5\"><span style=\"font-family: arial, helvetica, sans-serif;\">R\u00e1no a ve\u010der naneste s\u00e9rum rovnom\u011brn\u011b na vy\u010di\u0161t\u011bnou ple\u0165 cel\u00e9ho obli\u010deje p\u0159ed pou\u017eit\u00edm denn\u00edho \u010di no\u010dn\u00edho kr\u00e9mu. Vyh\u00fdbejte se o\u010dn\u00edmu okol\u00ed.<\/span><\/p>\n<p class=\"MuiTypography-root MuiTypography-body1 products-app-emotion-1qn0wr5\"><span style=\"font-family: arial, helvetica, sans-serif;\">KROK 4: HYDRATACE<\/span><\/p>\n<p class=\"MuiTypography-root MuiTypography-body1 products-app-emotion-1qn0wr5\"><span style=\"font-family: arial, helvetica, sans-serif;\">Naneste na \u010distou ple\u0165 po aplikaci s\u00e9ra \u2013 denn\u00ed kr\u00e9m r\u00e1no, no\u010dn\u00ed kr\u00e9m ve\u010der. Jemn\u011b, krou\u017eiv\u00fdmi pohyby vet\u0159ete do pleti. Vyh\u00fdbejte se o\u010dn\u00edmu okol\u00ed.<\/span><\/p>\n<p><span style=\"font-family: arial, helvetica, sans-serif; color: #000000;\"><strong class=\"MuiTypography-root MuiTypography-body1 products-app-emotion-1rnazt1\">Pou\u017e\u00edv\u00e1n\u00ed ritu\u00e1lu Novage+ Restore zlep\u0161uje:<\/strong><\/span><\/p>\n<p class=\"MuiTypography-root MuiTypography-body1 products-app-emotion-1qn0wr5\"><span style=\"font-family: arial, helvetica, sans-serif; color: #000000;\">+ Pru\u017enost pleti*<\/span><\/p>\n<p class=\"MuiTypography-root MuiTypography-body1 products-app-emotion-1qn0wr5\"><span style=\"font-family: arial, helvetica, sans-serif; color: #000000;\">+ V\u00fdrazn\u011bj\u0161\u00ed kontury pleti**<\/span><\/p>\n<p class=\"MuiTypography-root MuiTypography-body1 products-app-emotion-1qn0wr5\"><span style=\"font-family: arial, helvetica, sans-serif; color: #000000;\">+ Pevnost pleti*<\/span><\/p>\n<p class=\"MuiTypography-root MuiTypography-body1 products-app-emotion-1qn0wr5\"><span style=\"font-family: arial, helvetica, sans-serif; color: #000000;\">+ Texturu pleti*<\/span><\/p>\n<p class=\"MuiTypography-root MuiTypography-body1 products-app-emotion-1qn0wr5\"><span style=\"font-family: arial, helvetica, sans-serif; color: #000000;\">+ T\u00f3n pleti*<\/span><\/p>\n<p>&nbsp;<\/p>\n<p class=\"MuiTypography-root MuiTypography-body1 products-app-emotion-1qn0wr5\"><span style=\"font-family: arial, helvetica, sans-serif; color: #000000;\">Ritu\u00e1l Novage+ Restore tvo\u0159\u00ed 5 p\u0159\u00edpravk\u016f standardn\u00ed velikosti:<\/span><\/p>\n<p><span style=\"font-family: arial, helvetica, sans-serif; color: #000000;\"><strong class=\"MuiTypography-root MuiTypography-body1 products-app-emotion-1rnazt1\">+ Obnovuj\u00edc\u00ed \u010distic\u00ed gel Novage+<\/strong>\u00a0\u2013 \u00fa\u010dinn\u00e9 a z\u00e1rove\u0148 jemn\u00e9 \u010di\u0161t\u011bn\u00ed, kter\u00e9 zajist\u00ed, \u017ee va\u0161e ple\u0165 bude vyv\u00e1\u017een\u00e1 a optim\u00e1ln\u011b p\u0159ipraven\u00e1 k absorpci \u00fa\u010dinn\u00fdch l\u00e1tek z dal\u0161\u00edch produkt\u016f ritu\u00e1lu.<\/span><\/p>\n<p><span style=\"color: #000000;\"><span style=\"font-family: arial, helvetica, sans-serif;\"><strong class=\"MuiTypography-root MuiTypography-body1 products-app-emotion-1rnazt1\">+ Obnovuj\u00edc\u00ed kr\u00e9m na kontury o\u010d\u00ed a rt\u016f Restore Novage+<\/strong>\u00a0\u2013 v\u00edce\u00fa\u010delov\u00e9 aktivn\u00ed slo\u017eky se<\/span> <span style=\"font-family: arial, helvetica, sans-serif;\">zam\u011b\u0159uj\u00ed na kontury o\u010d\u00ed a rt\u016f \u2013 vyhlazuj\u00ed vr\u00e1sky, pozvedaj\u00ed ochabuj\u00edc\u00ed o\u010dn\u00ed v\u00ed\u010dka, redukuj\u00ed otoky a vzhled tmav\u00fdch kruh\u016f pod o\u010dima.<\/span><\/span><\/p>\n<p><span style=\"font-family: arial, helvetica, sans-serif; color: #000000;\"><strong class=\"MuiTypography-root MuiTypography-body1 products-app-emotion-1rnazt1\">+ Obnovuj\u00edc\u00ed ple\u0165ov\u00e9 s\u00e9rum Restore Novage+<\/strong>\u00a0\u2013 reaktivuje zralou ple\u0165 mladistvou vitalitou, zlep\u0161uje jej\u00ed pru\u017enost a celkov\u00fd pocit \u2013 ple\u0165 je hlad\u0161\u00ed, hutn\u011bj\u0161\u00ed a okam\u017eit\u011b zpevn\u011bn\u00e1.<\/span><\/p>\n<p><span style=\"font-family: arial, helvetica, sans-serif; color: #000000;\"><strong class=\"MuiTypography-root MuiTypography-body1 products-app-emotion-1rnazt1\">+ Denn\u00ed multikorek\u010dn\u00ed kr\u00e9m SPF 30 Restore Novage+<\/strong>\u00a0\u2013 chr\u00e1n\u00ed zralou poko\u017eku a do hloubky ji vy\u017eivuje, t\u00edm viditeln\u011b zlep\u0161uje jej\u00ed pevnost, vyhlazuje hlubok\u00e9 vr\u00e1sky a pom\u00e1h\u00e1 pos\u00edlit ko\u017en\u00ed bari\u00e9ru \u2013 pro z\u00e1\u0159iv\u011bj\u0161\u00ed vzhled pleti.<\/span><\/p>\n<p><span style=\"font-family: arial, helvetica, sans-serif; color: #000000;\"><strong class=\"MuiTypography-root MuiTypography-body1 products-app-emotion-1rnazt1\">+ No\u010dn\u00ed multiregenera\u010dn\u00ed kr\u00e9m Restore Novage+<\/strong>\u00a0\u2013 intenzivn\u011b vy\u017eivuj\u00edc\u00ed receptura zklid\u0148uje zralou poko\u017eku a umo\u017e\u0148uje jej\u00ed regeneraci. V noci ji vyhlazuje a omlazuje a pokro\u010dil\u00fdmi p\u0159\u00ednosy proti st\u00e1rnut\u00ed vytv\u00e1\u0159\u00ed pevn\u011bj\u0161\u00ed ple\u0165 s v\u00fdrazn\u011bj\u0161\u00edmi konturami ji\u017e b\u011bhem 1 t\u00fddne.<\/span><\/p>\n<p class=\"MuiTypography-root MuiTypography-body1 products-app-emotion-1qn0wr5\"><span style=\"font-family: arial, helvetica, sans-serif; color: #000000;\">Vhodn\u00e9 pro v\u0161echny typy pleti v\u010detn\u011b citliv\u00e9.<\/span><\/p>\n<p class=\"MuiTypography-root MuiTypography-body1 products-app-emotion-1qn0wr5\"><span style=\"font-family: arial, helvetica, sans-serif; color: #000000;\">Klinicky + dermatologicky testov\u00e1no.<\/span><\/p>\n<p class=\"MuiTypography-root MuiTypography-body1 products-app-emotion-1qn0wr5\"><span style=\"font-family: arial, helvetica, sans-serif; color: #000000;\">O\u010dn\u00ed kr\u00e9m byl oftalmologicky testov\u00e1n.<\/span><\/p>\n<p><span style=\"font-family: arial, helvetica, sans-serif; color: #000000;\"><small><small>*Klinicky testov\u00e1no jako ritu\u00e1l s pou\u017eit\u00edm sady Novage+ Restore: 41070, 41075, 44098, 44285<br \/>\n<\/small><\/small><\/span><\/p>\n<p class=\"MuiTypography-root MuiTypography-body1 products-app-emotion-1qn0wr5\"><span style=\"font-family: arial, helvetica, sans-serif; color: #000000;\">**Spot\u0159ebitelsky testov\u00e1no jako ritu\u00e1l s pou\u017eit\u00edm sady Novage+ Restore: 41070, 41075, 44098, 44285<\/span><\/p>\n<p class=\"MuiTypography-root MuiTypography-body1 products-app-emotion-1qn0wr5\"><span style=\"font-family: arial, helvetica, sans-serif;\"><strong class=\"MuiTypography-root MuiTypography-body1 products-app-emotion-1rnazt1\">1 ritu\u00e1l, 8 bioaktiva\u010dn\u00edch technologi\u00ed!<\/strong><\/span><\/p>\n<p class=\"MuiTypography-root MuiTypography-body1 products-app-emotion-1qn0wr5\"><span style=\"font-family: arial, helvetica, sans-serif;\">+ Bio-Boost<\/span><\/p>\n<p class=\"MuiTypography-root MuiTypography-body1 products-app-emotion-1qn0wr5\"><span style=\"font-family: arial, helvetica, sans-serif;\">+ Bio-Regen<\/span><\/p>\n<p class=\"MuiTypography-root MuiTypography-body1 products-app-emotion-1qn0wr5\"><span style=\"font-family: arial, helvetica, sans-serif;\">+ Bio CeramidesPro<\/span><\/p>\n<p class=\"MuiTypography-root MuiTypography-body1 products-app-emotion-1qn0wr5\"><span style=\"font-family: arial, helvetica, sans-serif;\">+ Bio Re:Barrier<\/span><\/p>\n<p class=\"MuiTypography-root MuiTypography-body1 products-app-emotion-1qn0wr5\"><span style=\"font-family: arial, helvetica, sans-serif;\">+ Oripeptide-3<\/span><\/p>\n<p class=\"MuiTypography-root MuiTypography-body1 products-app-emotion-1qn0wr5\"><span style=\"font-family: arial, helvetica, sans-serif;\">+ Eye Vital<\/span><\/p>\n<p class=\"MuiTypography-root MuiTypography-body1 products-app-emotion-1qn0wr5\"><span style=\"font-family: arial, helvetica, sans-serif;\">+ Advanced Pollution System<\/span><\/p>\n<p class=\"MuiTypography-root MuiTypography-body1 products-app-emotion-1qn0wr5\"><span style=\"font-family: arial, helvetica, sans-serif;\">+ V\u00fdta\u017eek z vrbovky \u00fazkolist\u00e9<\/span><\/p>\n<p class=\"MuiTypography-root MuiTypography-body1 products-app-emotion-1qn0wr5\"><span style=\"font-family: arial, helvetica, sans-serif;\">Bioaktiva\u010dn\u00ed technologie Novage+ jsou pokro\u010dil\u00e9 technologie, kter\u00e9 \u00fa\u010dinn\u011b \u2013 ale \u0161etrn\u011b \u2013 pracuj\u00ed s vlastn\u00edmi biologick\u00fdmi funkcemi pleti a pom\u00e1haj\u00ed tak poko\u017ece napravovat \u0161kody, resetovat se a pos\u00edlit vlastn\u00edmi procesy.<\/span><\/p>\n<p class=\"MuiTypography-root MuiTypography-body1 products-app-emotion-1qn0wr5\"><span style=\"font-family: arial, helvetica, sans-serif;\"><strong class=\"MuiTypography-root MuiTypography-body1 products-app-emotion-1rnazt1\">+ Bio-Boost<\/strong>, patentovan\u00e1 bioaktiva\u010dn\u00ed technologie s klinicky prok\u00e1zanou schopnost\u00ed obnovovat hustotu pleti podporuje robustn\u011bj\u0161\u00ed, odoln\u011bj\u0161\u00ed ple\u0165. Tato aktivn\u00ed l\u00e1tka s bohat\u00fdm obsahem fytoestrogen\u016f odvozen\u00e1 z \u010d\u00ednsk\u00e9 l\u00e9ko\u0159ice pom\u00e1h\u00e1 stimulovat tvorbu kolagenu a podporuje elastin<sup>\u25ca<\/sup>, z\u00e1rove\u0148 \u00fa\u010dinn\u011b p\u016fsob\u00ed proti glykaci<sup>\u25ca<\/sup>, \u010d\u00edm\u017e ple\u0165 chr\u00e1n\u00ed a pom\u00e1h\u00e1 v n\u00ed zadr\u017eovat vlhkost \u2013 pro mladistvou, zdravou poko\u017eku s jednotn\u011bj\u0161\u00edm t\u00f3nem. Nav\u00edc ple\u0165 chr\u00e1n\u00ed proti zne\u010di\u0161t\u011bn\u00e9mu prost\u0159ed\u00ed.<\/span><\/p>\n<p><span style=\"font-family: arial, helvetica, sans-serif;\"><strong class=\"MuiTypography-root MuiTypography-body1 products-app-emotion-1rnazt1\">+ Bio-Regen<\/strong>\u00a0m\u00e1 p\u016fsobiv\u00e9 regenera\u010dn\u00ed \u00fa\u010dinky, zejm\u00e9na na bu\u0148ky pojivov\u00e9 tk\u00e1n\u011b, kter\u00e9 s v\u011bkem sl\u00e1bnou. Bylo v\u011bdecky prok\u00e1z\u00e1no, \u017ee zlep\u0161uje kvalitu zral\u00e9 pleti, od redukce viditelnosti jemn\u00fdch linek, vr\u00e1sek a zarudnut\u00ed, a\u017e po pos\u00edlen\u00ed pevnosti a pru\u017enosti pleti. Tato revolu\u010dn\u00ed biotechnologick\u00e1 aktivn\u00ed p\u0159\u00edsada vyu\u017e\u00edv\u00e1 p\u0159\u00edrodn\u00ed kvasnicov\u00fd v\u00fdta\u017eek pro dosa\u017een\u00ed z\u00e1\u0159iv\u00e9, mladistv\u011bj\u0161\u00ed pleti.<\/span><\/p>\n<p><span style=\"font-family: arial, helvetica, sans-serif;\"><strong class=\"MuiTypography-root MuiTypography-body1 products-app-emotion-1rnazt1\">+ Bio CeramidesPro<\/strong>\u00a0je technologie p\u0159\u00edrodn\u00edho p\u016fvodu z ovsa, jej\u00edm\u017e c\u00edlem je b\u011bhem sp\u00e1nku opravovat ko\u017en\u00ed bari\u00e9ru a tak zlep\u0161ovat projevy st\u00e1rnut\u00ed. Navrac\u00ed ko\u017en\u00ed bari\u00e9\u0159e cenn\u00e9 ceramidy a prokazateln\u011b podporuje p\u0159irozenou tvorbu kyseliny hyaluronov\u00e9 v pleti<sup>\u25ca<\/sup>.<\/span><\/p>\n<p><span style=\"font-family: arial, helvetica, sans-serif;\"><strong class=\"MuiTypography-root MuiTypography-body1 products-app-emotion-1rnazt1\">+ Bio Re:Barrier<\/strong>\u00a0je na\u0161e patentovan\u00e1 technologie p\u0159\u00edrodn\u00edho p\u016fvodu s v\u011bdecky prok\u00e1zanou schopnost\u00ed posilovat ko\u017en\u00ed bari\u00e9ru \u00fa\u010dinn\u011bji ne\u017e nikotinamid<sup>\u03943<\/sup>. Pom\u00e1h\u00e1 obnovovat jej\u00ed fukce, kter\u00e9 v pleti udr\u017euj\u00ed vlhkost, a pom\u00e1h\u00e1 p\u0159edch\u00e1zet rozpadu kolagenu, \u010d\u00edm\u017e bojuje proti projev\u016fm st\u00e1rnut\u00ed.<\/span><\/p>\n<p><span style=\"font-family: arial, helvetica, sans-serif;\"><strong class=\"MuiTypography-root MuiTypography-body1 products-app-emotion-1rnazt1\">+ Oripeptide-3<\/strong>\u00a0pom\u00e1h\u00e1 v pleti aktivovat tvorbu vlastn\u00edho kolagenu, \u010d\u00edm\u017e zlep\u0161uje vzhled jemn\u00fdch linek a vr\u00e1sek. Tato patentovan\u00e1 omlazuj\u00edc\u00ed technologie p\u0159\u00edrodn\u00edho p\u016fvodu vych\u00e1z\u00ed z kvasnic, r\u00fd\u017ee a p\u0161enice \u2013 a synt\u00e9zu kolagenu prokazateln\u011b posiluje je\u0161t\u011b rychleji ne\u017e vitamin C<sup>\u25ca<\/sup>.<\/span><\/p>\n<p><span style=\"font-family: arial, helvetica, sans-serif; color: #000000;\"><strong class=\"MuiTypography-root MuiTypography-body1 products-app-emotion-1rnazt1\">+ Eye Vital<\/strong>\u00a0je technologie bohat\u00e1 na flavonoidy, kter\u00e1 spojuje \u00fa\u010dinky l\u00e1tek p\u0159\u00edrodn\u00edho p\u016fvodu z arabsk\u00e9ho jasm\u00ednu a hlohu, aby pomohla redukovat vzhled tmav\u00fdch kruh\u016f pod o\u010dima a zm\u00edr\u0148ovat otoky.<\/span><br \/>\n<span style=\"font-family: arial, helvetica, sans-serif; color: #000000;\"><strong class=\"MuiTypography-root MuiTypography-body1 products-app-emotion-1rnazt1\">+ Advanced Pollution System<\/strong>\u00a0je p\u0159\u00edrodn\u00ed biomimetick\u00e1 technologie, kter\u00e1 na va\u0161\u00ed pleti vytv\u00e1\u0159\u00ed jemnou, prody\u0161nou, ochrannou vrstvu, kter\u00e1 ji pom\u00e1h\u00e1 chr\u00e1nit proti stresuj\u00edc\u00edm vliv\u016fm okoln\u00edho prost\u0159ed\u00ed, jako je zne\u010di\u0161t\u011bn\u00ed, kou\u0159 a voln\u00e9 radik\u00e1ly. Tak\u00e9 vytv\u00e1\u0159\u00ed efekt okam\u017eit\u00e9ho vypnut\u00ed a vyhlazen\u00ed pleti, kter\u00e9 pom\u00e1h\u00e1 redukovat viditelnost jemn\u00fdch linek a vr\u00e1sek.<\/span><\/p>\n<p><span style=\"font-family: arial, helvetica, sans-serif; color: #000000;\"><strong class=\"MuiTypography-root MuiTypography-body1 products-app-emotion-1rnazt1\">+ V\u00fdta\u017eek z vrbovky \u00fazkolist\u00e9<\/strong>\u00a0je p\u0159\u00edrodn\u00ed antioxidant se zmat\u0148uj\u00edc\u00edmi \u00fa\u010dinky proti tvorb\u011b pup\u00ednk\u016f, kter\u00fd z\u00e1rove\u0148 v poko\u017ece pom\u00e1h\u00e1 udr\u017eet vlhkost.<\/span><\/p>\n<p><span style=\"font-family: arial, helvetica, sans-serif; color: #000000;\"><sup>\u25ca<\/sup><small>P\u0159\u00edsada testovan\u00e1 In vitro\/ex-vivo<\/small><\/span><br \/>\n<span style=\"font-family: arial, helvetica, sans-serif; color: #000000;\"><sup>\u03943<\/sup><small><small>Klinicky testovan\u00e1 aktivn\u00ed p\u0159\u00edsada<br \/>\n<\/small><\/small><\/span><\/p>\n<p class=\"MuiTypography-root MuiTypography-body1 products-app-emotion-1qn0wr5\"><span style=\"font-family: arial, helvetica, sans-serif; color: #000000;\">Bio-Boost Patent \u010d. SE542639<\/span><\/p>\n<div class=\"products-app-emotion-1nacawr\">\n<div class=\"products-app-emotion-bco1gb\">\n<p class=\"MuiTypography-root MuiTypography-body1 products-app-emotion-1qn0wr5\" data-testid=\"Presentation-product-detail-dimensions\"><span style=\"font-family: arial, helvetica, sans-serif; color: #000000;\">Rozm\u011bry: D\u00e9lka 210mm, V\u00fd\u0161ka 70mm, Hloubka 145mm, Hmotnost 842g<\/span><\/p>\n<p class=\"MuiTypography-root MuiTypography-body1 products-app-emotion-1qn0wr5\" data-testid=\"Presentation-product-detail-dimensions-details\"><span style=\"font-family: arial, helvetica, sans-serif; color: #000000;\">Podrobnosti: 5 produkt\u016f v pln\u00e9 velikosti \u2013 \u010distic\u00ed gel, kr\u00e9m na o\u010di a rty, s\u00e9rum, denn\u00ed a no\u010dn\u00ed kr\u00e9m.<\/span><\/p>\n<p class=\"MuiTypography-root MuiTypography-body1 products-app-emotion-1qn0wr5\" data-testid=\"Presentation-product-detail-full-product-name\"><span style=\"font-family: arial, helvetica, sans-serif; color: #000000;\">\u00dapln\u00fd n\u00e1zev produktu: Sada Restore Novage+<\/span><\/p>\n<\/div>\n<\/div>\n","protected":false},"excerpt":{"rendered":"<p><span style=\"font-family: arial, helvetica, sans-serif; color: #000000;\">Kompletn\u00ed ritu\u00e1l p\u00e9\u010de, kter\u00fd transformuje zralou poko\u017eku a ji\u017e b\u011bhem 2 t\u00fddn\u016f reaktivuje ple\u0165 ochuzenou o estrogen. Zam\u011b\u0159uje se na projevy hormon\u00e1ln\u00edho st\u00e1rnut\u00ed pleti ve v\u0161ech st\u00e1di\u00edch menopauzy s p\u016fsobiv\u00fdmi v\u00fdsledky.<\/span><\/p>\n<ul class=\"products-app-emotion-tr0r3x\">\n<li data-testid=\"Presentation-product-detail-product-benefit\"><span style=\"font-family: arial, helvetica, sans-serif; color: #000000;\">B\u011bhem 2 m\u011bs\u00edc\u016f v\u00fdrazn\u011b zlep\u0161uje tlou\u0161\u0165ku epidermis*<\/span><\/li>\n<li data-testid=\"Presentation-product-detail-product-benefit\"><span style=\"font-family: arial, helvetica, sans-serif; color: #000000;\">Ji\u017e b\u011bhem 2 t\u00fddn\u016f viditeln\u011b zlep\u0161uje vzhled 4 typ\u016f vr\u00e1sek [mimick\u00e9 vr\u00e1sky v koutc\u00edch o\u010d\u00ed, vr\u00e1sky pod o\u010dima, ,mra\u010div\u00e9&#8216; vr\u00e1sky na \u010dele, vr\u00e1sky na horn\u00edm rtu]<\/span><\/li>\n<li data-testid=\"Presentation-product-detail-product-benefit\"><span style=\"font-family: arial, helvetica, sans-serif; color: #000000;\">Se silou bioaktiva\u010dn\u00edch technologi\u00ed<\/span><\/li>\n<\/ul>\n<p><span style=\"font-family: arial, helvetica, sans-serif; color: #000000;\">Sada 5ks<\/span><\/p>\n<p><span class=\"MuiTypography-root MuiTypography-caption products-app-emotion-f1thvn\" style=\"font-family: arial, helvetica, sans-serif; font-size: 10pt;\" data-testid=\"Presentation-product-detail-LowestPreviousPrice\">Nejni\u017e\u0161\u00ed cena platn\u00e1 ve 30 dnech p\u0159ed platnost\u00ed sou\u010dasn\u00e9 ceny byla 1800 K\u010d<\/span><\/p>\n<p><strong><span style=\"font-family: arial, helvetica, sans-serif;\">EX 09\/2028<\/span><\/strong><\/p>\n","protected":false},"featured_media":7714,"comment_status":"closed","ping_status":"closed","template":"","meta":[],"pwb-brand":[27],"product_brand":[91],"product_cat":[44,30],"product_tag":[],"class_list":{"0":"post-7362","1":"product","2":"type-product","3":"status-publish","4":"has-post-thumbnail","6":"pwb-brand-https-cz-oriflame-com-cataloguesstorebeautyobchod","7":"product_brand-oriflame","8":"product_cat-sady-novage","9":"product_cat-pece-o-plet","11":"first","12":"instock","13":"sale","14":"taxable","15":"shipping-taxable","16":"purchasable","17":"product-type-simple"},"brands":[{"id":27,"name":"Oriflame","slug":"https-cz-oriflame-com-cataloguesstorebeautyobchod"}],"_links":{"self":[{"href":"https:\/\/priroda-uvadi.cz\/beauty\/wp-json\/wp\/v2\/product\/7362","targetHints":{"allow":["GET"]}}],"collection":[{"href":"https:\/\/priroda-uvadi.cz\/beauty\/wp-json\/wp\/v2\/product"}],"about":[{"href":"https:\/\/priroda-uvadi.cz\/beauty\/wp-json\/wp\/v2\/types\/product"}],"replies":[{"embeddable":true,"href":"https:\/\/priroda-uvadi.cz\/beauty\/wp-json\/wp\/v2\/comments?post=7362"}],"wp:featuredmedia":[{"embeddable":true,"href":"https:\/\/priroda-uvadi.cz\/beauty\/wp-json\/wp\/v2\/media\/7714"}],"wp:attachment":[{"href":"https:\/\/priroda-uvadi.cz\/beauty\/wp-json\/wp\/v2\/media?parent=7362"}],"wp:term":[{"taxonomy":"pwb-brand","embeddable":true,"href":"https:\/\/priroda-uvadi.cz\/beauty\/wp-json\/wp\/v2\/pwb-brand?post=7362"},{"taxonomy":"product_brand","embeddable":true,"href":"https:\/\/priroda-uvadi.cz\/beauty\/wp-json\/wp\/v2\/product_brand?post=7362"},{"taxonomy":"product_cat","embeddable":true,"href":"https:\/\/priroda-uvadi.cz\/beauty\/wp-json\/wp\/v2\/product_cat?post=7362"},{"taxonomy":"product_tag","embeddable":true,"href":"https:\/\/priroda-uvadi.cz\/beauty\/wp-json\/wp\/v2\/product_tag?post=7362"}],"curies":[{"name":"wp","href":"https:\/\/api.w.org\/{rel}","templated":true}]}}