{"id":7152,"date":"2025-03-05T09:42:13","date_gmt":"2025-03-05T08:42:13","guid":{"rendered":"https:\/\/priroda-uvadi.cz\/beauty\/?post_type=product&#038;p=7152"},"modified":"2026-03-31T16:13:59","modified_gmt":"2026-03-31T14:13:59","slug":"zpevnujici-denni-krem-spf-20-royal-velvet-50ml","status":"publish","type":"product","link":"https:\/\/priroda-uvadi.cz\/beauty\/produkt\/zpevnujici-denni-krem-spf-20-royal-velvet-50ml\/","title":{"rendered":"Zpev\u0148uj\u00edc\u00ed denn\u00ed kr\u00e9m SPF 20 Royal Velvet 50ml"},"content":{"rendered":"<p class=\"MuiTypography-root MuiTypography-body1 css-qhldfo\"><span style=\"font-family: arial, helvetica, sans-serif; color: #000000;\">Zpev\u0148uj\u00edc\u00ed denn\u00ed kr\u00e9m Royal Velvet je \u0161pi\u010dkov\u00fd a z\u00e1rove\u0148 velmi p\u0159\u00edjemn\u00fd kr\u00e9m proti st\u00e1rnut\u00ed. Komplex Imperial Iris Infusion s v\u00fdta\u017eky z ko\u0159ene kosatce\u00a0<em>florentina<\/em>, ametystu a hr\u00e1\u0161ku \u00fa\u010dinn\u011b zpev\u0148uje, vyhlazuje a pom\u00e1h\u00e1 znovu zv\u00fdraznit kontury tv\u00e1\u0159e. P\u0159epychov\u00e1 textura a nad\u010dasov\u00e1, rafinovan\u00e1 v\u016fn\u011b poskytuj\u00ed skute\u010dn\u011b luxusn\u00ed z\u00e1\u017eitek z p\u00e9\u010de o ple\u0165. Zpev\u0148uj\u00edc\u00ed denn\u00ed kr\u00e9m tak\u00e9 obsahuje SPF 20, a tak ple\u0165 pom\u00e1h\u00e1 chr\u00e1nit p\u0159ed st\u00e1rnut\u00edm vyvol\u00e1van\u00fdm UV z\u00e1\u0159en\u00edm.<\/span><\/p>\n<p>&nbsp;<\/p>\n<p class=\"MuiTypography-root MuiTypography-body1 css-qhldfo\"><span style=\"font-family: arial, helvetica, sans-serif; color: #000000;\">Zpev\u0148uj\u00edc\u00ed denn\u00ed kr\u00e9m Royal Velvet byl klinicky a spot\u0159ebitelsky testov\u00e1n:<\/span><\/p>\n<p><span style=\"font-family: arial, helvetica, sans-serif; color: #000000;\">\u2022 V\u00fdznamn\u011b zlep\u0161uje pevnost pleti b\u011bhem 8 t\u00fddn\u016f<sup>\u03941<\/sup><\/span><\/p>\n<ul class=\"MuiTypography-root MuiTypography-body1 css-qhldfo\">\n<li><span style=\"font-family: arial, helvetica, sans-serif; color: #000000;\">2x v\u00edce hydratace, kter\u00e1 vydr\u017e\u00ed cel\u00fd den<sup>\u03942<\/sup><\/span><\/li>\n<li><span style=\"font-family: arial, helvetica, sans-serif; color: #000000;\">Pom\u00e1h\u00e1 redukovat viditelnost vr\u00e1sek*<\/span><\/li>\n<li><span style=\"font-family: arial, helvetica, sans-serif; color: #000000;\">Ple\u0165 je pocitov\u011b hedv\u00e1bn\u011b hebk\u00e1 a hladk\u00e1*<\/span><\/li>\n<li><span style=\"font-family: arial, helvetica, sans-serif; color: #000000;\">Redukuje ochabl\u00fd vzhled pleti*<\/span><\/li>\n<li><span style=\"font-family: arial, helvetica, sans-serif; color: #000000;\">50 ml<\/span><\/li>\n<li><span style=\"font-family: arial, helvetica, sans-serif; color: #000000;\">Ide\u00e1ln\u00ed pro v\u011bk 40+ let<\/span><\/li>\n<li><span style=\"font-family: arial, helvetica, sans-serif; color: #000000;\">Dermatologicky testov\u00e1no<\/span><\/li>\n<li><span style=\"font-family: arial, helvetica, sans-serif; color: #000000;\">Nekomedogenn\u00ed<\/span><\/li>\n<li><span style=\"font-family: arial, helvetica, sans-serif; color: #000000;\">Upcyklovan\u00fd ametyst<\/span><\/li>\n<li><span style=\"font-family: arial, helvetica, sans-serif; color: #000000;\">N\u00e1dobka z 25 % z recyklovan\u00e9ho skla<\/span><\/li>\n<\/ul>\n<p class=\"MuiTypography-root MuiTypography-body1 css-qhldfo\"><span style=\"font-family: arial, helvetica, sans-serif; color: #000000;\">Nejlep\u0161\u00edch v\u00fdsledk\u016f dos\u00e1hnete v kombinaci se zpev\u0148uj\u00edc\u00edm kr\u00e9mem na o\u010dn\u00ed kontury Royal Velvet a zpev\u0148uj\u00edc\u00edm no\u010dn\u00edm kr\u00e9mem Royal Velvet.<\/span><\/p>\n<p><span style=\"font-family: arial, helvetica, sans-serif; color: #000000; font-size: 10pt;\"><em>\u201eTyto 3 p\u0159\u00edpravky mi jednozna\u010dn\u011b zlep\u0161ily ple\u0165 jak vzhledem, tak pocitov\u011b. L\u00edbily se mi v\u0161echny, jejich u\u017e\u00edv\u00e1n\u00ed bylo p\u0159\u00edjemn\u00e9. O\u010dn\u00ed kr\u00e9m je opravdu dobr\u00fd, tato oblast se p\u0159i pou\u017e\u00edv\u00e1n\u00ed dvakr\u00e1t denn\u011b viditeln\u011b zlep\u0161ila. Denn\u00ed kr\u00e9m vytv\u00e1\u0159\u00ed velmi dobr\u00fd podklad pro make-up a d\u00edky no\u010dn\u00edmu kr\u00e9mu se r\u00e1no probouz\u00edm s odpo\u010datou, hebkou, ope\u010dovanou plet\u00ed. Tyto p\u0159\u00edpravky bych si koupila.\u201c<\/em><\/span><\/p>\n<p><span style=\"font-family: arial, helvetica, sans-serif; color: #000000;\"><sup>\u03941<\/sup><small>Klinicky testov\u00e1no za pou\u017eit\u00ed zpev\u0148uj\u00edc\u00edho kr\u00e9mu na o\u010dn\u00ed kontury Royal Velvet, zpev\u0148uj\u00edc\u00edho denn\u00edho kr\u00e9mu SPF 20 Royal Velvet a zpev\u0148uj\u00edc\u00edho no\u010dn\u00edho kr\u00e9mu Royal Velvet. \u03942 Klinicky testov\u00e1no porovn\u00e1n\u00edm kontroln\u00ed z\u00f3ny po 8 hodin\u00e1ch. * Spot\u0159ebitelsky testov\u00e1no za pou\u017eit\u00ed zpev\u0148uj\u00edc\u00edho kr\u00e9mu na o\u010dn\u00ed kontury Royal Velvet, zpev\u0148uj\u00edc\u00edho denn\u00edho kr\u00e9mu SPF 20 Royal Velvet a zpev\u0148uj\u00edc\u00edho no\u010dn\u00edho kr\u00e9mu Royal Velvet.<\/small><\/span><br \/>\n<span style=\"font-family: arial, helvetica, sans-serif; color: #000000;\"><sup>#<\/sup><small>Spont\u00e1nn\u00ed koment\u00e1\u0159 spot\u0159ebitele.<\/small><\/span><\/p>\n<div class=\"css-1nacawr\">\n<div class=\"css-bco1gb\">\n<p class=\"MuiTypography-root MuiTypography-body1 css-qhldfo\" data-testid=\"Presentation-product-detail-dimensions\"><span style=\"font-family: arial, helvetica, sans-serif; color: #000000; font-size: 10pt;\">Rozm\u011bry: D\u00e9lka 65mm, V\u00fd\u0161ka 60mm, Hloubka 65mm, Hmotnost 176g<\/span><\/p>\n<p class=\"MuiTypography-root MuiTypography-body1 css-qhldfo\" data-testid=\"Presentation-product-detail-full-product-name\"><span style=\"font-family: arial, helvetica, sans-serif; color: #000000; font-size: 10pt;\">\u00dapln\u00fd n\u00e1zev produktu: Zpev\u0148uj\u00edc\u00ed denn\u00ed kr\u00e9m SPF 20 Royal Velvet<\/span><\/p>\n<p class=\"MuiTypography-root MuiTypography-body1 css-qhldfo\"><span style=\"font-family: arial, helvetica, sans-serif; color: #000000;\">Pou\u017e\u00edvejte r\u00e1no na \u010distou ple\u0165.<\/span><\/p>\n<p class=\"MuiTypography-root MuiTypography-body1 css-qhldfo\"><span style=\"font-family: arial, helvetica, sans-serif; color: #000000;\">Nan\u00e1\u0161ejte jemn\u00fdmi tahy sm\u011brem vzh\u016fru od krku p\u0159es celou tv\u00e1\u0159.<\/span><\/p>\n<p class=\"MuiTypography-root MuiTypography-body1 css-qhldfo\"><span style=\"font-family: arial, helvetica, sans-serif; color: #000000;\">Vyhn\u011bte se o\u010dn\u00edmu okol\u00ed.<\/span><\/p>\n<p class=\"MuiTypography-root MuiTypography-body1 css-qhldfo\"><span style=\"font-family: arial, helvetica, sans-serif; color: #000000;\">Nejlep\u0161\u00edch v\u00fdsledk\u016f dos\u00e1hnete p\u0159i pou\u017e\u00edv\u00e1n\u00ed spolu se zpev\u0148uj\u00edc\u00edm kr\u00e9mem na o\u010dn\u00ed kontury Royal Velvet a zpev\u0148uj\u00edc\u00edm no\u010dn\u00edm kr\u00e9mem Royal Velvet.<\/span><\/p>\n<p><span style=\"font-family: arial, helvetica, sans-serif; color: #000000;\"><strong class=\"MuiTypography-root MuiTypography-body1 css-mgwimn\">Komplex Imperial Iris Infusion<\/strong><\/span><\/p>\n<p class=\"MuiTypography-root MuiTypography-body1 css-qhldfo\"><span style=\"font-family: arial, helvetica, sans-serif; color: #000000;\">Vz\u00e1cn\u00fd komplex omlazuj\u00edc\u00edch aktivn\u00edch slo\u017eek, obsahuje polypeptidov\u00fd v\u00fdta\u017eek z hr\u00e1\u0161ku (pisum sativum L.), v\u00fdta\u017eek z ko\u0159ene kosatce florentina s hojnost\u00ed flavonoid\u016f a v\u00fdta\u017eek z ametystu* s mno\u017estv\u00edm pleti prosp\u011b\u0161n\u00fdch stopov\u00fdch miner\u00e1l\u016f. Tyto v\u00fdta\u017eky spole\u010dn\u011b posiluj\u00ed a reorganizuj\u00ed ple\u0165ov\u00e9 proteiny a pom\u00e1haj\u00ed je chr\u00e1nit p\u0159ed rozpadem. Tak poko\u017eku zpev\u0148uj\u00ed a podporuj\u00ed jej\u00ed pru\u017enost, pro v\u00fdrazn\u011bj\u0161\u00ed a mladistv\u011bj\u0161\u00ed kontury tv\u00e1\u0159e.<\/span><\/p>\n<p>&nbsp;<\/p>\n<p class=\"MuiTypography-root MuiTypography-body1 css-qhldfo\"><span style=\"font-family: arial, helvetica, sans-serif; color: #000000;\">* Pou\u017e\u00edv\u00e1me ametyst upcyklovan\u00fd z v\u00fdroby \u0161perk\u016f.<\/span><\/p>\n<p>&#8212;&#8212;&#8212;&#8212;&#8212;&#8212;&#8212;&#8212;&#8212;&#8212;&#8212;&#8212;&#8212;&#8212;&#8212;&#8212;&#8212;&#8212;&#8212;&#8212;&#8212;&#8212;&#8212;&#8212;&#8212;&#8212;&#8212;&#8212;&#8212;&#8212;&#8212;&#8212;&#8212;&#8212;&#8212;&#8212;&#8212;&#8212;&#8211;<\/p>\n<div class=\"MuiBox-root css-lo8cwh\">\n<div data-testid=\"Presentation-product-detail-additional-description-title\"><span style=\"font-family: arial, helvetica, sans-serif; font-size: 10pt;\">V\u0161echny ingredience<\/span><\/div>\n<div data-testid=\"Presentation-product-detail-additional-description-text\"><span style=\"font-family: arial, helvetica, sans-serif; font-size: 10pt;\">AQUA, DIISOPROPYL ADIPATE, BUTYLENE GLYCOL, DIISOPROPYL SEBACATE, PROPANEDIOL, DICAPRYLYL CARBONATE, ETHYLHEXYL TRIAZONE, STEARYL DIMETHICONE, STEARETH-2, DIETHYLAMINO HYDROXYBENZOYL HEXYL BENZOATE, DISTARCH PHOSPHATE, STEARETH-21, TAPIOCA STARCH, METHYLENE BIS-BENZOTRIAZOLYL TETRAMETHYLBUTYLPHENOL (NANO), BIS-ETHYLHEXYLOXYPHENOL METHOXYPHENYL TRIAZINE, UNDECANE, ETHYLHEXYLGLYCERIN, PISUM SATIVUM EXTRACT, AMETHYST EXTRACT, OCTADECENE, GLYCERIN, CETEARYL ALCOHOL, SODIUM POLYACRYLATE, 1,2-HEXANEDIOL, CAPRYLYL GLYCOL, DECYL GLUCOSIDE, TOCOPHERYL ACETATE, XANTHAN GUM, CITRIC ACID, PROPYLENE GLYCOL, SODIUM CITRATE, SODIUM HYALURONATE, TOCOPHEROL, TRIDECANE, PARFUM, IRIS FLORENTINA ROOT EXTRACT, CAPRYLHYDROXAMIC ACID, PHENOXYETHANOL, SODIUM BENZOATE<\/span><\/div>\n<div data-testid=\"Presentation-product-detail-additional-description-text\">\n<p class=\"MuiTypography-root MuiTypography-body1 css-z53mru\">N\u00e1zev a adresa v\u00fdrobce(\u016f) a zem\u011b p\u016fvodu<\/p>\n<div class=\"MuiBox-root css-p1vtja\">\n<div class=\"MuiBox-root css-0\">V\u00fdrobcem produktu je jeden z n\u00ed\u017ee uveden\u00fdch subjekt\u016f. Pro p\u0159esn\u00e9 informace pros\u00edm vyhledejte konkr\u00e9tn\u00ed produkt.<\/div>\n<div class=\"MuiBox-root css-0\">\n<p class=\"MuiTypography-root MuiTypography-body1 css-1lg9s02\"><span style=\"font-family: arial, helvetica, sans-serif; font-size: 10pt;\">Cetes Cosmetics Poland Sp. z o. o.<\/span><\/p>\n<p class=\"MuiTypography-root MuiTypography-body1 css-1lg9s02\"><span style=\"font-family: arial, helvetica, sans-serif; font-size: 10pt;\">ul. Bohater\u00f3w Warszawy 2<\/span><\/p>\n<p class=\"MuiTypography-root MuiTypography-body1 css-1lg9s02\"><span style=\"font-family: arial, helvetica, sans-serif; font-size: 10pt;\">Warszawa\u00a002-495<\/span><\/p>\n<p class=\"MuiTypography-root MuiTypography-body1 css-1lg9s02\"><span style=\"font-family: arial, helvetica, sans-serif; font-size: 10pt;\">POLAND<\/span><\/p>\n<p class=\"MuiTypography-root MuiTypography-body1 css-1lg9s02\"><span style=\"font-family: arial, helvetica, sans-serif; font-size: 10pt;\">Zem\u011b p\u016fvodu\u00a0POLAND<\/span><\/p>\n<\/div>\n<div class=\"MuiBox-root css-0\">\n<p class=\"MuiTypography-root MuiTypography-body1 css-1lg9s02\"><span style=\"font-family: arial, helvetica, sans-serif; font-size: 10pt;\">Oriflame India Private Limited<\/span><\/p>\n<p class=\"MuiTypography-root MuiTypography-body1 css-1lg9s02\"><span style=\"font-family: arial, helvetica, sans-serif; font-size: 10pt;\">B-44, Phase II, Post Office &#8211; NSEZ<\/span><\/p>\n<p class=\"MuiTypography-root MuiTypography-body1 css-1lg9s02\"><span style=\"font-family: arial, helvetica, sans-serif; font-size: 10pt;\">Gautam Budh Nagar<\/span><\/p>\n<p class=\"MuiTypography-root MuiTypography-body1 css-1lg9s02\"><span style=\"font-family: arial, helvetica, sans-serif; font-size: 10pt;\">Uttar Pradesh, 201305\u00a0INDIA<\/span><\/p>\n<p class=\"MuiTypography-root MuiTypography-body1 css-1lg9s02\"><span style=\"font-family: arial, helvetica, sans-serif; font-size: 10pt;\">Zem\u011b p\u016fvodu\u00a0INDIA<\/span><\/p>\n<\/div>\n<\/div>\n<\/div>\n<\/div>\n<\/div>\n<\/div>\n","protected":false},"excerpt":{"rendered":"<p><span style=\"font-family: arial, helvetica, sans-serif;\">Luxusn\u00ed omlazuj\u00edc\u00ed denn\u00ed kr\u00e9m h\u00fd\u010dk\u00e1 va\u0161i ple\u0165 a z\u00e1rove\u0148 ji zpev\u0148uje, pom\u00e1h\u00e1 podpo\u0159it jej\u00ed pru\u017enost a zv\u00fdraz\u0148uje kontury tv\u00e1\u0159e pro mladistv\u011bj\u0161\u00ed vzhled. Obsahuje komplex Imperial Iris Infusion s aktivn\u00edmi v\u00fdta\u017eky z kosatce, ametystu a hr\u00e1\u0161ku. SPF 20.<\/span><\/p>\n<ul class=\"css-tr0r3x\">\n<li data-testid=\"Presentation-product-detail-product-benefit\"><span style=\"font-family: arial, helvetica, sans-serif;\">B\u011bhem 8 t\u00fddn\u016f v\u00fdznamn\u011b zpev\u0148uje ple\u0165<\/span><\/li>\n<li data-testid=\"Presentation-product-detail-product-benefit\"><span style=\"font-family: arial, helvetica, sans-serif;\">2x v\u00edce hydratace, kter\u00e1 vydr\u017e\u00ed cel\u00fd den<\/span><\/li>\n<li data-testid=\"Presentation-product-detail-product-benefit\"><span style=\"font-family: arial, helvetica, sans-serif;\">Pom\u00e1h\u00e1 redukovat viditelnost vr\u00e1sek<\/span><\/li>\n<\/ul>\n<div class=\"woocommerce-product-details__short-description\">\n<div class=\"woocommerce-product-details__short-description\">\n<div class=\"woocommerce-product-details__short-description\">\n<div class=\"woocommerce-product-details__short-description\">\n<div class=\"woocommerce-product-details__short-description\">\n<div class=\"woocommerce-product-details__short-description\">\n<div class=\"woocommerce-product-details__short-description\">\n<div class=\"woocommerce-product-details__short-description\">\n<div class=\"woocommerce-product-details__short-description\">\n<div class=\"woocommerce-product-details__short-description\">\n<div>\n<div class=\"woocommerce-product-details__short-description\">\n<div class=\"woocommerce-product-details__short-description\">\n<p><span style=\"font-family: arial, helvetica, sans-serif;\">50 ml<\/span><\/p>\n<p><span style=\"font-family: arial, helvetica, sans-serif; font-size: 10pt;\">Nejni\u017e\u0161\u00ed cena platn\u00e1 ve 30 dnech p\u0159ed platnost\u00ed sou\u010dasn\u00e9 ceny byla 260 K\u010d.<\/span><\/p>\n<\/div>\n<\/div>\n<\/div>\n<\/div>\n<\/div>\n<form class=\"cart\" action=\"https:\/\/priroda-uvadi.cz\/beauty\/produkt\/hydratacni-maska-na-vlasy-s-kokosem-a-vanilkou\/\" enctype=\"multipart\/form-data\" method=\"post\">\n<div class=\"quantity\"><\/div>\n<\/form>\n<\/div>\n<\/div>\n<\/div>\n<\/div>\n<\/div>\n<\/div>\n<\/div>\n<\/div>\n","protected":false},"featured_media":7153,"comment_status":"closed","ping_status":"closed","template":"","meta":[],"pwb-brand":[27],"product_brand":[91],"product_cat":[40,30],"product_tag":[],"class_list":{"0":"post-7152","1":"product","2":"type-product","3":"status-publish","4":"has-post-thumbnail","6":"pwb-brand-https-cz-oriflame-com-cataloguesstorebeautyobchod","7":"product_brand-oriflame","8":"product_cat-denni-kremy","9":"product_cat-pece-o-plet","11":"first","12":"instock","13":"sale","14":"taxable","15":"shipping-taxable","16":"purchasable","17":"product-type-simple"},"brands":[{"id":27,"name":"Oriflame","slug":"https-cz-oriflame-com-cataloguesstorebeautyobchod"}],"_links":{"self":[{"href":"https:\/\/priroda-uvadi.cz\/beauty\/wp-json\/wp\/v2\/product\/7152","targetHints":{"allow":["GET"]}}],"collection":[{"href":"https:\/\/priroda-uvadi.cz\/beauty\/wp-json\/wp\/v2\/product"}],"about":[{"href":"https:\/\/priroda-uvadi.cz\/beauty\/wp-json\/wp\/v2\/types\/product"}],"replies":[{"embeddable":true,"href":"https:\/\/priroda-uvadi.cz\/beauty\/wp-json\/wp\/v2\/comments?post=7152"}],"wp:featuredmedia":[{"embeddable":true,"href":"https:\/\/priroda-uvadi.cz\/beauty\/wp-json\/wp\/v2\/media\/7153"}],"wp:attachment":[{"href":"https:\/\/priroda-uvadi.cz\/beauty\/wp-json\/wp\/v2\/media?parent=7152"}],"wp:term":[{"taxonomy":"pwb-brand","embeddable":true,"href":"https:\/\/priroda-uvadi.cz\/beauty\/wp-json\/wp\/v2\/pwb-brand?post=7152"},{"taxonomy":"product_brand","embeddable":true,"href":"https:\/\/priroda-uvadi.cz\/beauty\/wp-json\/wp\/v2\/product_brand?post=7152"},{"taxonomy":"product_cat","embeddable":true,"href":"https:\/\/priroda-uvadi.cz\/beauty\/wp-json\/wp\/v2\/product_cat?post=7152"},{"taxonomy":"product_tag","embeddable":true,"href":"https:\/\/priroda-uvadi.cz\/beauty\/wp-json\/wp\/v2\/product_tag?post=7152"}],"curies":[{"name":"wp","href":"https:\/\/api.w.org\/{rel}","templated":true}]}}