{"id":7078,"date":"2025-02-18T16:33:54","date_gmt":"2025-02-18T15:33:54","guid":{"rendered":"https:\/\/priroda-uvadi.cz\/beauty\/?post_type=product&#038;p=7078"},"modified":"2026-04-06T10:21:37","modified_gmt":"2026-04-06T08:21:37","slug":"nutriplus-instantni-kava-s-cekankou","status":"publish","type":"product","link":"https:\/\/priroda-uvadi.cz\/beauty\/produkt\/nutriplus-instantni-kava-s-cekankou\/","title":{"rendered":"Nutriplus Instantn\u00ed k\u00e1va s \u010dekankou"},"content":{"rendered":"<ul>\n<li><span style=\"font-family: arial, helvetica, sans-serif; color: #000000;\">povzbuzuje \u010dinnost tr\u00e1vic\u00ed soustavy<\/span><\/li>\n<li><span style=\"font-family: arial, helvetica, sans-serif; color: #000000;\">p\u0159\u00edzniv\u00e9 ovliv\u0148uje pohyblivost st\u0159ev a pom\u00e1h\u00e1 odstra\u0148ovat z\u00e1cpu<\/span><\/li>\n<li><span style=\"font-family: arial, helvetica, sans-serif; color: #000000;\">sni\u017euje krevn\u00ed tlak, \u010dist\u00ed krev a podporuje zdrav\u00fd srde\u010dn\u011b-c\u00e9vn\u00ed syst\u00e9m<\/span><\/li>\n<li><span style=\"font-family: arial, helvetica, sans-serif; color: #000000;\">je vhodn\u00e1 pro diabetiky d\u00edky obsa\u017een\u00e9mu inul\u00ednu<\/span><\/li>\n<li><span style=\"font-family: arial, helvetica, sans-serif; color: #000000;\">podporuj\u00ed funkce nervov\u00e9 soustavy a m\u00e1 zklid\u0148uj\u00edc\u00ed \u00fa\u010dinky<\/span><\/li>\n<li><span style=\"font-family: arial, helvetica, sans-serif; color: #000000;\">podporuje spr\u00e1vn\u00fd krevn\u00ed ob\u011bh<\/span><\/li>\n<li><span style=\"font-family: arial, helvetica, sans-serif; color: #000000;\">p\u016fsob\u00ed mo\u010dopudn\u00e9 a napom\u00e1h\u00e1 vylu\u010dovat \u0161kodliv\u00e9 l\u00e1tky z t\u011bla<\/span><\/li>\n<li><span style=\"font-family: arial, helvetica, sans-serif; color: #000000;\">ochra\u0148uje zdrav\u00ed slinivky a jater, obnovuje funkci slinivky,<\/span><\/li>\n<li><span style=\"font-family: arial, helvetica, sans-serif; color: #000000;\">pom\u00e1h\u00e1 z t\u011bla odstra\u0148ovat toxick\u00e9 l\u00e1tky<\/span><\/li>\n<li><span style=\"font-family: arial, helvetica, sans-serif; color: #000000;\">porcovan\u00e1 k\u00e1va v s\u00e1\u010dc\u00edch<\/span><\/li>\n<\/ul>\n<div><strong><span class=\"ProductDetailHeader\" style=\"font-family: arial, helvetica, sans-serif; color: #000000;\" data-localize=\"ProductDetail.HowToUse\">N\u00e1vod na pou\u017eit\u00ed:<\/span><\/strong><\/div>\n<div><span id=\"HowToUse\" class=\"Description\" style=\"font-family: arial, helvetica, sans-serif; color: #000000;\">Do \u0161\u00e1lky nasypte s\u00e1\u010dek\u00a0 instantn\u00edho n\u00e1poje. Zalejte p\u0159eva\u0159enou vodou, podle pot\u0159eby osla\u010fte cukrem, resp. p\u0159idejte ml\u00e9ko nebo su\u0161en\u00e9 ml\u00e9ko.<\/span><\/div>\n<div>&#8212;&#8212;&#8212;&#8212;&#8212;&#8212;&#8212;&#8212;&#8212;&#8212;&#8212;&#8212;&#8212;&#8212;&#8212;&#8212;&#8212;&#8212;&#8212;&#8212;&#8212;&#8212;&#8212;&#8212;&#8212;&#8212;&#8212;&#8212;&#8212;&#8212;&#8212;&#8212;&#8212;&#8212;&#8212;&#8212;&#8212;&#8212;&#8211;<\/div>\n<div><span style=\"font-family: arial, helvetica, sans-serif; font-size: 10pt; color: #000000;\"><span class=\"ProductDetailHeader\" data-localize=\"ProductDetail.ProductTechnical\">Slo\u017een\u00ed s<\/span><span id=\"TechnicalDescription\" class=\"Description\">lo\u017een\u00ed: \u010dekankov\u00fd extrakt (60 %), k\u00e1vov\u00fd extrakt (40 %). <\/span><\/span><\/div>\n<div><span id=\"TechnicalDescription\" class=\"Description\" style=\"font-family: arial, helvetica, sans-serif; font-size: 10pt; color: #000000;\">M\u016f\u017ee obsahovat s\u00f3ju, lepek a ml\u00e9ko<\/span><\/div>\n","protected":false},"excerpt":{"rendered":"<p><span style=\"font-family: arial, helvetica, sans-serif; color: #000000;\">P\u0159esto\u017ee \u010dekankov\u00e1 k\u00e1va nen\u00ed vyrobena z k\u00e1vov\u00fdch zrn, dod\u00e1v\u00e1 j\u00ed v\u00fdbornou chu\u0165 a je bez kofeinu. \u010cekanka obsahuje zinek, ho\u0159\u010d\u00edk, mangan, v\u00e1pn\u00edk, kyselinu \u017eelezo-listovou a drasl\u00edk, jako\u017e i vitaminy A, B6, C, E a K.\u00a0\u010cekanka, vysok\u00fd zdroj inulinu ze z\u00e1zra\u010dn\u00e9 p\u0159\u00edrody.<\/span><\/p>\n<p><span style=\"font-family: arial, helvetica, sans-serif; color: #000000;\"> Z jej\u00edho su\u0161en\u00e9ho ko\u0159enu se vyr\u00e1b\u00ed \u010dekankov\u00e1 k\u00e1va. Inulin, d\u016fle\u017eit\u00fd zdroj probiotick\u00e9ho vl\u00e1kna pro metabolismus, je siln\u00e9 probiotikum, kter\u00e9 replikuje po\u010det prosp\u011b\u0161n\u00fdch bakteri\u00ed ve st\u0159evech. <\/span><\/p>\n<p><span style=\"font-family: arial, helvetica, sans-serif; color: #000000;\">Snad nejv\u00fdznamn\u011bj\u0161\u00ed slo\u017ekou \u010dekanky je vl\u00e1knina, kter\u00e1 podporuje spr\u00e1vnou peristaltiku st\u0159ev a zdravou \u010dinnost tr\u00e1vic\u00edho \u00fastroj\u00ed.<\/span><\/p>\n<p><span style=\"font-family: arial, helvetica, sans-serif; color: #000000;\">Porcovan\u00e1 k\u00e1va<\/span><\/p>\n<p><span style=\"font-family: arial, helvetica, sans-serif; color: #000000;\">Balen\u00ed obsahuje:16 ks x 2g<\/span><\/p>\n<div class=\"woocommerce-product-details__short-description\">\n<div class=\"woocommerce-product-details__short-description\">\n<div class=\"woocommerce-product-details__short-description\">\n<div class=\"woocommerce-product-details__short-description\">\n<div>\n<div class=\"woocommerce-product-details__short-description\">\n<div class=\"woocommerce-product-details__short-description\">\n<p><span style=\"font-family: arial, helvetica, sans-serif; font-size: 10pt;\">Nejni\u017e\u0161\u00ed cena platn\u00e1 ve 30 dnech p\u0159ed platnost\u00ed sou\u010dasn\u00e9 ceny byla 100 K\u010d.<\/span><\/p>\n<\/div>\n<\/div>\n<\/div>\n<\/div>\n<\/div>\n<form class=\"cart\" action=\"https:\/\/priroda-uvadi.cz\/beauty\/produkt\/hydratacni-maska-na-vlasy-s-kokosem-a-vanilkou\/\" enctype=\"multipart\/form-data\" method=\"post\">\n<div class=\"quantity\"><\/div>\n<\/form>\n<\/div>\n<\/div>\n","protected":false},"featured_media":7079,"comment_status":"closed","ping_status":"closed","template":"","meta":[],"pwb-brand":[87],"product_brand":[94],"product_cat":[15],"product_tag":[],"class_list":{"0":"post-7078","1":"product","2":"type-product","3":"status-publish","4":"has-post-thumbnail","6":"pwb-brand-https-www-farmasi-cz-inka-catalog","7":"product_brand-farmasi","8":"product_cat-nezarazene","10":"first","11":"instock","12":"sale","13":"taxable","14":"shipping-taxable","15":"purchasable","16":"product-type-simple"},"brands":[{"id":87,"name":"Farmasi","slug":"https-www-farmasi-cz-inka-catalog"}],"_links":{"self":[{"href":"https:\/\/priroda-uvadi.cz\/beauty\/wp-json\/wp\/v2\/product\/7078","targetHints":{"allow":["GET"]}}],"collection":[{"href":"https:\/\/priroda-uvadi.cz\/beauty\/wp-json\/wp\/v2\/product"}],"about":[{"href":"https:\/\/priroda-uvadi.cz\/beauty\/wp-json\/wp\/v2\/types\/product"}],"replies":[{"embeddable":true,"href":"https:\/\/priroda-uvadi.cz\/beauty\/wp-json\/wp\/v2\/comments?post=7078"}],"wp:featuredmedia":[{"embeddable":true,"href":"https:\/\/priroda-uvadi.cz\/beauty\/wp-json\/wp\/v2\/media\/7079"}],"wp:attachment":[{"href":"https:\/\/priroda-uvadi.cz\/beauty\/wp-json\/wp\/v2\/media?parent=7078"}],"wp:term":[{"taxonomy":"pwb-brand","embeddable":true,"href":"https:\/\/priroda-uvadi.cz\/beauty\/wp-json\/wp\/v2\/pwb-brand?post=7078"},{"taxonomy":"product_brand","embeddable":true,"href":"https:\/\/priroda-uvadi.cz\/beauty\/wp-json\/wp\/v2\/product_brand?post=7078"},{"taxonomy":"product_cat","embeddable":true,"href":"https:\/\/priroda-uvadi.cz\/beauty\/wp-json\/wp\/v2\/product_cat?post=7078"},{"taxonomy":"product_tag","embeddable":true,"href":"https:\/\/priroda-uvadi.cz\/beauty\/wp-json\/wp\/v2\/product_tag?post=7078"}],"curies":[{"name":"wp","href":"https:\/\/api.w.org\/{rel}","templated":true}]}}