{"id":7074,"date":"2025-02-18T16:15:04","date_gmt":"2025-02-18T15:15:04","guid":{"rendered":"https:\/\/priroda-uvadi.cz\/beauty\/?post_type=product&#038;p=7074"},"modified":"2025-02-27T09:13:41","modified_gmt":"2025-02-27T08:13:41","slug":"kozena-taska-ivory","status":"publish","type":"product","link":"https:\/\/priroda-uvadi.cz\/beauty\/produkt\/kozena-taska-ivory\/","title":{"rendered":"KO\u017dEN\u00c1 TA\u0160KA IVORY"},"content":{"rendered":"<p><span style=\"font-family: arial, helvetica, sans-serif;\">Multifunk\u010dn\u00ed design<\/span><\/p>\n<p><span style=\"font-family: arial, helvetica, sans-serif;\">Vlastnosti: Vysoce kvalitn\u00ed k\u016f\u017ee<\/span><\/p>\n<p><span style=\"font-family: arial, helvetica, sans-serif; color: #000000;\">Barva: b\u00e9\u017eov\u00e1<\/span><\/p>\n<p><span style=\"font-family: arial, helvetica, sans-serif;\">Kompaktn\u00ed rozm\u011bry<\/span><\/p>\n<p><span style=\"font-family: arial, helvetica, sans-serif;\">V\u00fd\u0161ka: 21 cm<\/span><br \/>\n<span style=\"font-family: arial, helvetica, sans-serif;\">D\u00e9lka: 30 cm<\/span><\/p>\n","protected":false},"excerpt":{"rendered":"<p><span style=\"font-family: arial, helvetica, sans-serif; color: #000000;\">Na\u0161e multifunk\u010dn\u00ed ko\u017een\u00e1 ta\u0161ka, kter\u00e1 spojuje eleganci a praktick\u00e9 vyu\u017eit\u00ed, je dokonal\u00fdm dopl\u0148kem na ka\u017edou p\u0159\u00edle\u017eitost.<\/span><\/p>\n<p><span style=\"font-family: arial, helvetica, sans-serif; color: #000000;\">M\u016f\u017eete ji nosit jako trendy psan\u00ed\u010dko nebo jako organiz\u00e9r na make-up a drobnosti ve v\u011bt\u0161\u00ed kabelce. Je vyrobena z vysoce kvalitn\u00ed k\u016f\u017ee a m\u016f\u017ee se pochlubit rafinovan\u00fdm designem, kter\u00fd upout\u00e1 pozornost ka\u017ed\u00e9ho.<\/span><\/p>\n<p><span style=\"font-family: arial, helvetica, sans-serif; color: #000000;\">Bude vhodn\u00e1 na obchodn\u00ed sch\u016fzky, neform\u00e1ln\u00ed setk\u00e1n\u00ed s p\u0159\u00e1teli a v\u0161e mezi t\u00edm.<\/span><\/p>\n<div class=\"woocommerce-product-details__short-description\">\n<div class=\"woocommerce-product-details__short-description\">\n<div class=\"woocommerce-product-details__short-description\">\n<div>\n<div class=\"woocommerce-product-details__short-description\">\n<div class=\"woocommerce-product-details__short-description\">\n<p><span style=\"font-family: arial, helvetica, sans-serif; font-size: 10pt;\">Nejni\u017e\u0161\u00ed cena platn\u00e1 ve 30 dnech p\u0159ed platnost\u00ed sou\u010dasn\u00e9 ceny byla 150 K\u010d.<\/span><\/p>\n<\/div>\n<\/div>\n<\/div>\n<\/div>\n<\/div>\n<form class=\"cart\" action=\"https:\/\/priroda-uvadi.cz\/beauty\/produkt\/hydratacni-maska-na-vlasy-s-kokosem-a-vanilkou\/\" enctype=\"multipart\/form-data\" method=\"post\">\n<div class=\"quantity\"><\/div>\n<\/form>\n<\/div>\n","protected":false},"featured_media":7075,"comment_status":"closed","ping_status":"closed","template":"","meta":[],"pwb-brand":[87],"product_brand":[],"product_cat":[22,29,31],"product_tag":[],"class_list":{"0":"post-7074","1":"product","2":"type-product","3":"status-publish","4":"has-post-thumbnail","6":"pwb-brand-https-www-farmasi-cz-inka-catalog","7":"product_cat-kabelky","8":"product_cat-kosmeticke-tasticky-a-kufriky","9":"product_cat-nekosmeticke-vyrobky","11":"first","12":"instock","13":"sale","14":"taxable","15":"shipping-taxable","16":"purchasable","17":"product-type-simple"},"brands":[{"id":87,"name":"Farmasi","slug":"https-www-farmasi-cz-inka-catalog"}],"_links":{"self":[{"href":"https:\/\/priroda-uvadi.cz\/beauty\/wp-json\/wp\/v2\/product\/7074","targetHints":{"allow":["GET"]}}],"collection":[{"href":"https:\/\/priroda-uvadi.cz\/beauty\/wp-json\/wp\/v2\/product"}],"about":[{"href":"https:\/\/priroda-uvadi.cz\/beauty\/wp-json\/wp\/v2\/types\/product"}],"replies":[{"embeddable":true,"href":"https:\/\/priroda-uvadi.cz\/beauty\/wp-json\/wp\/v2\/comments?post=7074"}],"wp:featuredmedia":[{"embeddable":true,"href":"https:\/\/priroda-uvadi.cz\/beauty\/wp-json\/wp\/v2\/media\/7075"}],"wp:attachment":[{"href":"https:\/\/priroda-uvadi.cz\/beauty\/wp-json\/wp\/v2\/media?parent=7074"}],"wp:term":[{"taxonomy":"pwb-brand","embeddable":true,"href":"https:\/\/priroda-uvadi.cz\/beauty\/wp-json\/wp\/v2\/pwb-brand?post=7074"},{"taxonomy":"product_brand","embeddable":true,"href":"https:\/\/priroda-uvadi.cz\/beauty\/wp-json\/wp\/v2\/product_brand?post=7074"},{"taxonomy":"product_cat","embeddable":true,"href":"https:\/\/priroda-uvadi.cz\/beauty\/wp-json\/wp\/v2\/product_cat?post=7074"},{"taxonomy":"product_tag","embeddable":true,"href":"https:\/\/priroda-uvadi.cz\/beauty\/wp-json\/wp\/v2\/product_tag?post=7074"}],"curies":[{"name":"wp","href":"https:\/\/api.w.org\/{rel}","templated":true}]}}