{"id":6972,"date":"2025-01-31T14:01:17","date_gmt":"2025-01-31T13:01:17","guid":{"rendered":"https:\/\/priroda-uvadi.cz\/beauty\/?post_type=product&#038;p=6972"},"modified":"2026-04-09T17:44:25","modified_gmt":"2026-04-09T15:44:25","slug":"nutriplus-vitamin-c-doplnek-stravy","status":"publish","type":"product","link":"https:\/\/priroda-uvadi.cz\/beauty\/produkt\/nutriplus-vitamin-c-doplnek-stravy\/","title":{"rendered":"Nutriplus Vitam\u00edn C 15 \u0161umiv\u00fdch tbl., 61,5 g, Dopln\u011bk stravy"},"content":{"rendered":"<div>\n<p><span style=\"font-family: arial, helvetica, sans-serif; color: #000000;\">Doporu\u010den\u00e1 denn\u00ed d\u00e1vka: Dosp\u011bl\u00ed: 1 \u0161umiv\u00e1 tableta. \u0160umivou tabletu rozpus\u0165te ve 200 ml vody<\/span><\/p>\n<p><span style=\"font-family: arial, helvetica, sans-serif; color: #000000;\">Upozorn\u011bn\u00ed: Doporu\u010den\u00e1 denn\u00ed d\u00e1vka se nesm\u00ed p\u0159ekra\u010dovat. Dopl\u0148ky stravy neslou\u017e\u00ed jako n\u00e1hrada pestr\u00e9 stravy. Dopl\u0148ky stravy ukl\u00e1dejte mimo dosah d\u011bt\u00ed. Pora\u010fte se s l\u00e9ka\u0159em p\u0159ed pou\u017eit\u00edm p\u0159\u00edpravku v p\u0159\u00edpad\u011b t\u011bhotenstv\u00ed \u010di kojen\u00ed, nebo v p\u0159\u00edpad\u011b u\u017e\u00edv\u00e1n\u00ed l\u00e9k\u016f \u010di r\u016fzn\u00fdch zdravotn\u00edch probl\u00e9m\u016f. Dbejte na vyv\u00e1\u017eenou stravu a zdrav\u00fd \u017eivotn\u00ed styl.<\/span><\/p>\n<p><span style=\"font-family: arial, helvetica, sans-serif; color: #000000;\">Balen\u00ed obsahuje 15 \u0161umiv\u00fdch tablet. Minim\u00e1ln\u00ed trvanlivost do konce: viz bo\u010dn\u00ed strana. Skladujte v suchu p\u0159i teplot\u011b do +25\u00b0C a chra\u0148te p\u0159ed teplem. Po ka\u017ed\u00e9m pou\u017eit\u00ed nezapome\u0148te uzav\u0159\u00edt tubu v\u00ed\u010dkem, aby nedo\u0161lo k absorbci vlhkosti.<\/span><\/p>\n<p><span style=\"font-family: arial, helvetica, sans-serif; color: #000000;\">Dovozce: Farmasi Central Europe, s.r.o., Po\u0161tov\u00e1 1, 811 06 Bratislava, Slovensk\u00e1 republika<\/span><\/p>\n<div id=\"tw-target-text-container\" class=\"tw-ta-container F0azHf tw-nfl\" tabindex=\"0\" role=\"text\">\n<p id=\"tw-target-text\" class=\"tw-data-text tw-text-large tw-ta\" dir=\"ltr\" data-placeholder=\"P\u0159eklad\" data-ved=\"2ahUKEwjYnZ7ggKCLAxUb1wIHHXFBIIYQ3ewLegQIBxAV\" aria-label=\"P\u0159elo\u017een\u00fd text: Obsahuje sladidlo.\"><span class=\"Y2IQFc\" lang=\"cs\" style=\"font-family: arial, helvetica, sans-serif; color: #000000;\">Obsahuje sladidlo.<\/span><\/p>\n<\/div>\n<div id=\"tw-target-rmn-container\" class=\"tw-target-rmn tw-ta-container F0azHf tw-nfl\" tabindex=\"0\" role=\"text\">\n<p id=\"tw-target-text\" class=\"tw-data-text tw-text-large tw-ta\" dir=\"ltr\" data-placeholder=\"P\u0159eklad\" data-ved=\"2ahUKEwjYnZ7ggKCLAxUb1wIHHXFBIIYQ3ewLegQIBxAV\" aria-label=\"P\u0159elo\u017een\u00fd text: Neobsahuje konzerva\u010dn\u00ed l\u00e1tky.\"><span class=\"Y2IQFc\" lang=\"cs\" style=\"font-family: arial, helvetica, sans-serif; color: #000000;\">Neobsahuje konzerva\u010dn\u00ed l\u00e1tky.<\/span><\/p>\n<\/div>\n<\/div>\n<p><span style=\"font-family: arial, helvetica, sans-serif; color: #000000;\">Slo\u017een\u00ed: regul\u00e1tor kyselosti: hydrogenuhli\u010ditan sodn\u00fd, zahu\u0161\u0165ovadlo: sorbitol, vitamin C (kyselina L-askorbov\u00e1), regul\u00e1tor kyselosti: kyselina citronov\u00e1, p\u0159\u00edrodn\u00ed pomeran\u010dov\u00e9 aroma, barvivo: \u03b2-karoten, regul\u00e1tor kyselosti: kyselina jable\u010dn\u00e1, zahu\u0161\u0165ovadlo: polyethylenglykol, zinek (s\u00edran zine\u010dnat\u00fd), sladidlo: steviol-glykosidy ze st\u00e9vie, vitamin D (cholekalciferol). M\u016f\u017ee obsahovat m\u011bkk\u00fd\u0161e.<\/span><\/p>\n<div class=\"bee-page-container\">\n<div class=\"bee-row bee-row-1\">\n<div class=\"bee-row-content\">\n<div class=\"bee-col bee-col-1 bee-col-w12\">\n<div class=\"bee-block bee-block-1 bee-image\"><img decoding=\"async\" class=\"bee-autowidth bee-center\" src=\"https:\/\/content.farmasi.cz\/images\/CZnutri\/CZ1000405.png\" alt=\"\" \/><\/div>\n<\/div>\n<\/div>\n<\/div>\n<\/div>\n<div>\n<p><span style=\"font-family: arial, helvetica, sans-serif; font-size: 10pt; color: #000000;\">Uchov\u00e1vejte mimo dosah d\u011bt\u00ed.<\/span><\/p>\n<p><span style=\"font-family: arial, helvetica, sans-serif; font-size: 10pt; color: #000000;\">Skladujte v\u00a0suchu, chra\u0148te p\u0159ed teplem a\u00a0p\u0159\u00edm\u00fdm slune\u010dn\u00fdm z\u00e1\u0159en\u00edm.<\/span><\/p>\n<p><span style=\"font-size: 10pt; color: #000000;\"><span style=\"font-family: arial, helvetica, sans-serif;\">Bez ohledu na uveden\u00e9 informace nem\u00e1 v\u00fdrobek \u017e\u00e1dn\u00e9 preventivn\u00ed, diagnostick\u00e9, l\u00e9\u010debn\u00e9 ani rehabilita\u010dn\u00ed vlastnosti, nen\u00ed to l\u00e9k a nem\u011bl by b\u00fdt pou\u017e\u00edv\u00e1n k jak\u00fdmkoli l\u00e9\u010debn\u00fdm \u00fa\u010del\u016fm. P\u0159ed pou\u017eit\u00edm se pora\u010fte s l\u00e9ka\u0159<\/span>em.<\/span><\/p>\n<\/div>\n","protected":false},"excerpt":{"rendered":"<div>\n<p id=\"tw-target-text\" class=\"tw-data-text tw-text-large tw-ta\" dir=\"ltr\" data-placeholder=\"P\u0159eklad\" data-ved=\"2ahUKEwjYnZ7ggKCLAxUb1wIHHXFBIIYQ3ewLegQIBxAV\" aria-label=\"P\u0159elo\u017een\u00fd text: Ka\u017ed\u00e1 \u010d\u00e1st; Jedn\u00e1 se o dopln\u011bk stravy s obsahem 1000 mg vitam\u00ednu C, 10 mg zinku a 25 mcg vitam\u00ednu D, kter\u00e9 p\u0159isp\u00edvaj\u00ed k norm\u00e1ln\u00ed funkci imunitn\u00edho syst\u00e9mu. Obsa\u017een\u00fd vitam\u00edn C p\u0159isp\u00edv\u00e1 ke sn\u00ed\u017een\u00ed vy\u010derp\u00e1n\u00ed a \u00fanavy. Jedinou \u0161umivou tabletou m\u016f\u017eete pokr\u00fdt 100 % sv\u00e9 denn\u00ed pot\u0159eby vitaminu C, vitaminu D a zinku. Snadno se rozpou\u0161t\u00ed ve vod\u011b.\"><span class=\"Y2IQFc\" lang=\"cs\" style=\"font-family: arial, helvetica, sans-serif; color: #000000;\"> Jedn\u00e1 se o dopln\u011bk stravy s obsahem 1000 mg vitam\u00ednu C, 10 mg zinku a 25 mcg vitam\u00ednu D, kter\u00e9 p\u0159isp\u00edvaj\u00ed k norm\u00e1ln\u00ed funkci imunitn\u00edho syst\u00e9mu. <\/span><\/p>\n<p class=\"tw-data-text tw-text-large tw-ta\" dir=\"ltr\" data-placeholder=\"P\u0159eklad\" data-ved=\"2ahUKEwjYnZ7ggKCLAxUb1wIHHXFBIIYQ3ewLegQIBxAV\" aria-label=\"P\u0159elo\u017een\u00fd text: Ka\u017ed\u00e1 \u010d\u00e1st; Jedn\u00e1 se o dopln\u011bk stravy s obsahem 1000 mg vitam\u00ednu C, 10 mg zinku a 25 mcg vitam\u00ednu D, kter\u00e9 p\u0159isp\u00edvaj\u00ed k norm\u00e1ln\u00ed funkci imunitn\u00edho syst\u00e9mu. Obsa\u017een\u00fd vitam\u00edn C p\u0159isp\u00edv\u00e1 ke sn\u00ed\u017een\u00ed vy\u010derp\u00e1n\u00ed a \u00fanavy. Jedinou \u0161umivou tabletou m\u016f\u017eete pokr\u00fdt 100 % sv\u00e9 denn\u00ed pot\u0159eby vitaminu C, vitaminu D a zinku. Snadno se rozpou\u0161t\u00ed ve vod\u011b.\"><span class=\"Y2IQFc\" lang=\"cs\" style=\"font-family: arial, helvetica, sans-serif; color: #000000;\">Obsa\u017een\u00fd vitam\u00edn C p\u0159isp\u00edv\u00e1 ke sn\u00ed\u017een\u00ed vy\u010derp\u00e1n\u00ed a \u00fanavy. Jedinou \u0161umivou tabletou m\u016f\u017eete pokr\u00fdt 100 % sv\u00e9 denn\u00ed pot\u0159eby vitaminu C, vitaminu D a zinku. Snadno se rozpou\u0161t\u00ed ve vod\u011b.<\/span><\/p>\n<p id=\"tw-target-text\" class=\"tw-data-text tw-text-large tw-ta\" dir=\"ltr\" data-placeholder=\"P\u0159eklad\" data-ved=\"2ahUKEwjYnZ7ggKCLAxUb1wIHHXFBIIYQ3ewLegQIBxAV\" aria-label=\"P\u0159elo\u017een\u00fd text: P\u0159\u00edrodn\u00ed a lahodn\u00e1 pomeran\u010dov\u00e1 p\u0159\u00edchu\u0165 ve vhodn\u00e9 form\u011b \u0161umiv\u00fdch tablet.\"><span class=\"Y2IQFc\" lang=\"cs\" style=\"font-family: arial, helvetica, sans-serif; color: #000000;\">P\u0159\u00edrodn\u00ed a lahodn\u00e1 pomeran\u010dov\u00e1 p\u0159\u00edchu\u0165 ve vhodn\u00e9 form\u011b \u0161umiv\u00fdch tablet.<\/span><\/p>\n<\/div>\n<p><span style=\"font-family: arial, helvetica, sans-serif; color: #000000;\">15 \u0161umiv\u00fdch tbl.<\/span><\/p>\n<div class=\"woocommerce-product-details__short-description\">\n<div class=\"woocommerce-product-details__short-description\">\n<div class=\"woocommerce-product-details__short-description\">\n<div>\n<div class=\"woocommerce-product-details__short-description\">\n<div class=\"woocommerce-product-details__short-description\">\n<div class=\"woocommerce-product-details__short-description\">\n<div class=\"woocommerce-product-details__short-description\">\n<div class=\"woocommerce-product-details__short-description\">\n<div class=\"woocommerce-product-details__short-description\">\n<div class=\"woocommerce-product-details__short-description\">\n<div class=\"product-detail-1buwlw5\">\n<div class=\"product-detail-uyp0pw\">\n<div class=\"product-detail-v4i4af\">\n<div class=\"woocommerce-product-details__short-description\">\n<div class=\"woocommerce-product-details__short-description\">\n<div class=\"Summary_summary__benefits__8ar3s\">\n<div class=\"Benefits_benefits__3OGwl\">\n<div>\n<div class=\"woocommerce-product-details__short-description\">\n<div class=\"product-detail-vdfylx\">\n<div class=\"product-detail-d0oxj1\">\n<div class=\"product-detail-1yhj3ra\">\n<p class=\"product-detail-17mztir\" data-testid=\"Presentation-product-detail-LowestPreviousPrice\"><span style=\"font-family: arial, helvetica, sans-serif; font-size: 10pt;\">Nejni\u017e\u0161\u00ed cena platn\u00e1 ve 30 dnech p\u0159ed platnost\u00ed sou\u010dasn\u00e9 ceny byla 130 K\u010d<\/span><\/p>\n<\/div>\n<\/div>\n<\/div>\n<\/div>\n<\/div>\n<\/div>\n<\/div>\n<\/div>\n<\/div>\n<\/div>\n<\/div>\n<\/div>\n<\/div>\n<\/div>\n<\/div>\n<\/div>\n<\/div>\n<\/div>\n<\/div>\n<\/div>\n<\/div>\n<\/div>\n<\/div>\n","protected":false},"featured_media":6973,"comment_status":"closed","ping_status":"closed","template":"","meta":[],"pwb-brand":[87],"product_brand":[94],"product_cat":[90],"product_tag":[],"class_list":{"0":"post-6972","1":"product","2":"type-product","3":"status-publish","4":"has-post-thumbnail","6":"pwb-brand-https-www-farmasi-cz-inka-catalog","7":"product_brand-farmasi","8":"product_cat-doplnky-stravy-farmasi","10":"first","11":"instock","12":"sale","13":"taxable","14":"shipping-taxable","15":"purchasable","16":"product-type-simple"},"brands":[{"id":87,"name":"Farmasi","slug":"https-www-farmasi-cz-inka-catalog"}],"_links":{"self":[{"href":"https:\/\/priroda-uvadi.cz\/beauty\/wp-json\/wp\/v2\/product\/6972","targetHints":{"allow":["GET"]}}],"collection":[{"href":"https:\/\/priroda-uvadi.cz\/beauty\/wp-json\/wp\/v2\/product"}],"about":[{"href":"https:\/\/priroda-uvadi.cz\/beauty\/wp-json\/wp\/v2\/types\/product"}],"replies":[{"embeddable":true,"href":"https:\/\/priroda-uvadi.cz\/beauty\/wp-json\/wp\/v2\/comments?post=6972"}],"wp:featuredmedia":[{"embeddable":true,"href":"https:\/\/priroda-uvadi.cz\/beauty\/wp-json\/wp\/v2\/media\/6973"}],"wp:attachment":[{"href":"https:\/\/priroda-uvadi.cz\/beauty\/wp-json\/wp\/v2\/media?parent=6972"}],"wp:term":[{"taxonomy":"pwb-brand","embeddable":true,"href":"https:\/\/priroda-uvadi.cz\/beauty\/wp-json\/wp\/v2\/pwb-brand?post=6972"},{"taxonomy":"product_brand","embeddable":true,"href":"https:\/\/priroda-uvadi.cz\/beauty\/wp-json\/wp\/v2\/product_brand?post=6972"},{"taxonomy":"product_cat","embeddable":true,"href":"https:\/\/priroda-uvadi.cz\/beauty\/wp-json\/wp\/v2\/product_cat?post=6972"},{"taxonomy":"product_tag","embeddable":true,"href":"https:\/\/priroda-uvadi.cz\/beauty\/wp-json\/wp\/v2\/product_tag?post=6972"}],"curies":[{"name":"wp","href":"https:\/\/api.w.org\/{rel}","templated":true}]}}