{"id":6882,"date":"2025-01-28T14:15:21","date_gmt":"2025-01-28T13:15:21","guid":{"rendered":"https:\/\/priroda-uvadi.cz\/beauty\/?post_type=product&#038;p=6882"},"modified":"2025-01-28T14:15:22","modified_gmt":"2025-01-28T13:15:22","slug":"masazni-kartac-na-telo-golden","status":"publish","type":"product","link":"https:\/\/priroda-uvadi.cz\/beauty\/produkt\/masazni-kartac-na-telo-golden\/","title":{"rendered":"Mas\u00e1\u017en\u00ed kart\u00e1\u010d na t\u011blo Golden"},"content":{"rendered":"<p class=\"MuiTypography-root MuiTypography-body1 css-qhldfo\"><span style=\"font-family: arial, helvetica, sans-serif; color: #000000;\">Objevte povzn\u00e1\u0161ej\u00edc\u00ed, rozmazluj\u00edc\u00ed ritu\u00e1l such\u00e9ho kart\u00e1\u010dov\u00e1n\u00ed! Kart\u00e1\u010dov\u00e1n\u00ed t\u011bla nasucho m\u00e1 ko\u0159eny v mnoha starobyl\u00fdch kultur\u00e1ch po cel\u00e9m sv\u011bt\u011b.<\/span><\/p>\n<p class=\"MuiTypography-root MuiTypography-body1 css-qhldfo\"><span style=\"font-family: arial, helvetica, sans-serif; color: #000000;\">Vytvo\u0159te je\u0161t\u011b luxusn\u011bj\u0161\u00ed a efektivn\u011bj\u0161\u00ed ritu\u00e1l p\u00e9\u010de o t\u011blo a za\u0159a\u010fte such\u00e9 kart\u00e1\u010dov\u00e1n\u00ed t\u011bla 2-3x t\u00fddn\u011b p\u0159ed koupel\u00ed nebo sprchou!<\/span><\/p>\n<p class=\"MuiTypography-root MuiTypography-body1 css-qhldfo\"><span style=\"font-family: arial, helvetica, sans-serif; color: #000000;\">Such\u00e9 kart\u00e1\u010dov\u00e1n\u00ed doporu\u010dujeme prov\u00e1d\u011bt 2-3x t\u00fddn\u011b, kdykoli b\u011bhem dne. Pokud jej za\u0159ad\u00edte p\u0159ed rann\u00ed sprchu, m\u016f\u017eete se t\u011b\u0161it na energick\u00fd start dne. Velmi jemn\u00e9 tahy kart\u00e1\u010de ve\u010der zas pomohou vytvo\u0159it zklidn\u011bnou, uvol\u0148uj\u00edc\u00ed atmosf\u00e9ru.<\/span><\/p>\n<p class=\"MuiTypography-root MuiTypography-body1 css-qhldfo\"><span style=\"font-family: arial, helvetica, sans-serif; color: #000000;\">Pou\u017e\u00edvejte dlouh\u00e9, pevn\u00e9 tahy \u2013 ale ne p\u0159\u00edli\u0161 siln\u00e9, kdy\u017e to bol\u00ed, moc tla\u010d\u00edte!<\/span><\/p>\n<ol class=\"MuiTypography-root MuiTypography-body1 css-qhldfo\">\n<li><span style=\"font-family: arial, helvetica, sans-serif; color: #000000;\">Kart\u00e1\u010dujte nohy od chodidel sm\u011brem vzh\u016fru<\/span><\/li>\n<li><span style=\"font-family: arial, helvetica, sans-serif; color: #000000;\">Ruce kart\u00e1\u010dujte od dlan\u00ed sm\u011brem k ramen\u016fm<\/span><\/li>\n<li><span style=\"font-family: arial, helvetica, sans-serif; color: #000000;\">B\u0159icho kart\u00e1\u010dujte od bok\u016f vzh\u016fru k \u017eebr\u016fm<\/span><\/li>\n<li><span style=\"font-family: arial, helvetica, sans-serif; color: #000000;\">Hrudn\u00edk kart\u00e1\u010dujte krou\u017eiv\u00fdmi pohyby kolem srdce ve sm\u011bru hodinov\u00fdch ru\u010di\u010dek<\/span><\/li>\n<li><span style=\"font-family: arial, helvetica, sans-serif; color: #000000;\">Vykoupejte se nebo se osprchujte, abyste odstranili odum\u0159el\u00e9 ko\u017en\u00ed bu\u0148ky<\/span><\/li>\n<li><span style=\"font-family: arial, helvetica, sans-serif; color: #000000;\">Naneste sv\u016fj obl\u00edben\u00fd hydrata\u010dn\u00ed kr\u00e9m<\/span><\/li>\n<\/ol>\n<p class=\"MuiTypography-root MuiTypography-body1 css-qhldfo\"><span style=\"font-family: arial, helvetica, sans-serif; color: #000000;\">Materi\u00e1l: ABS, pry\u017e, nylon.<\/span><\/p>\n<p class=\"MuiTypography-root MuiTypography-body1 css-qhldfo\"><span style=\"font-family: arial, helvetica, sans-serif; color: #000000;\">Velikost: 11 x 8,8 x 6 cm.<\/span><\/p>\n<div class=\"css-1nacawr\">\n<div class=\"css-bco1gb\">\n<p class=\"MuiTypography-root MuiTypography-body1 css-qhldfo\" data-testid=\"Presentation-product-detail-dimensions\"><span style=\"font-family: arial, helvetica, sans-serif; color: #000000;\">Rozm\u011bry: D\u00e9lka 120mm, V\u00fd\u0161ka 55mm, Hloubka 110mm, Hmotnost 102g<\/span><\/p>\n<p class=\"MuiTypography-root MuiTypography-body1 css-qhldfo\" data-testid=\"Presentation-product-detail-dimensions-details\"><span style=\"font-family: arial, helvetica, sans-serif; color: #000000;\">Podrobnosti: Materi\u00e1l: ABS, pry\u017e, nylon. Rozm\u011bry: 11 x 8.8 x 6 cm<\/span><\/p>\n<p class=\"MuiTypography-root MuiTypography-body1 css-qhldfo\" data-testid=\"Presentation-product-detail-full-product-name\"><span style=\"font-family: arial, helvetica, sans-serif; color: #000000;\">\u00dapln\u00fd n\u00e1zev produktu: Mas\u00e1\u017en\u00ed kart\u00e1\u010d na t\u011blo Golden<\/span><\/p>\n<p data-testid=\"Presentation-product-detail-full-product-name\">\n<\/div>\n<\/div>\n","protected":false},"excerpt":{"rendered":"<p><span style=\"font-family: arial, helvetica, sans-serif; color: #000000;\">Luxusn\u00ed zlatav\u00fd kart\u00e1\u010d z \u0159ady Oriflame Exklusiv se syntetick\u00fdmi \u0161t\u011btinkami pro suchou mas\u00e1\u017e poko\u017eky. \u0160etrn\u011b odstra\u0148uje odum\u0159el\u00e9 ko\u017en\u00ed bu\u0148ky a tak pom\u00e1h\u00e1 k\u016f\u017ei dodat energii, vyhlazuje ji a pom\u00e1h\u00e1 odhalit jej\u00ed n\u00e1dhern\u00e9 p\u0159irozen\u00e9 proz\u00e1\u0159en\u00ed.<\/span><\/p>\n<ul class=\"css-tr0r3x\">\n<li data-testid=\"Presentation-product-detail-product-benefit\"><span style=\"font-family: arial, helvetica, sans-serif; color: #000000;\">\u0160etrn\u00fd peeling<\/span><\/li>\n<li data-testid=\"Presentation-product-detail-product-benefit\"><span style=\"font-family: arial, helvetica, sans-serif; color: #000000;\">Pom\u00e1h\u00e1 ple\u0165 vyhladit a proz\u00e1\u0159it<\/span><\/li>\n<li data-testid=\"Presentation-product-detail-product-benefit\"><span style=\"font-family: arial, helvetica, sans-serif; color: #000000;\">\u0160t\u00edhl\u00fd ergonomick\u00fd design s elastickou p\u00e1skou pro lep\u0161\u00ed uchopen\u00ed<\/span><\/li>\n<\/ul>\n<div class=\"woocommerce-product-details__short-description\">\n<div class=\"products-app-emotion-1dv05e4\" data-testid=\"Presentation-product-detail-info-and-benefits\">\n<div class=\"MuiTypography-root MuiTypography-body1 products-app-emotion-fifwsr\">\n<div data-testid=\"Presentation-product-detail-benefit\">\n<div class=\"woocommerce-product-details__short-description\">\n<div class=\"woocommerce-product-details__short-description\">\n<div class=\"woocommerce-product-details__short-description\">\n<div class=\"woocommerce-product-details__short-description\">\n<div class=\"product-detail-vdfylx\">\n<div class=\"product-detail-d0oxj1\">\n<div class=\"product-detail-1yhj3ra\">\n<p class=\"product-detail-17mztir\" data-testid=\"Presentation-product-detail-LowestPreviousPrice\"><span style=\"font-family: arial, helvetica, sans-serif; font-size: 10pt;\">Nejni\u017e\u0161\u00ed cena platn\u00e1 ve 30 dnech p\u0159ed platnost\u00ed sou\u010dasn\u00e9 ceny byla 140 K\u010d<\/span><\/p>\n<\/div>\n<\/div>\n<\/div>\n<\/div>\n<\/div>\n<\/div>\n<\/div>\n<\/div>\n<\/div>\n<\/div>\n<\/div>\n","protected":false},"featured_media":6883,"comment_status":"closed","ping_status":"closed","template":"","meta":[],"pwb-brand":[27],"product_brand":[91],"product_cat":[31,15],"product_tag":[],"class_list":{"0":"post-6882","1":"product","2":"type-product","3":"status-publish","4":"has-post-thumbnail","6":"pwb-brand-https-cz-oriflame-com-cataloguesstorebeautyobchod","7":"product_brand-oriflame","8":"product_cat-nekosmeticke-vyrobky","9":"product_cat-nezarazene","11":"first","12":"instock","13":"sale","14":"taxable","15":"shipping-taxable","16":"purchasable","17":"product-type-simple"},"brands":[{"id":27,"name":"Oriflame","slug":"https-cz-oriflame-com-cataloguesstorebeautyobchod"}],"_links":{"self":[{"href":"https:\/\/priroda-uvadi.cz\/beauty\/wp-json\/wp\/v2\/product\/6882","targetHints":{"allow":["GET"]}}],"collection":[{"href":"https:\/\/priroda-uvadi.cz\/beauty\/wp-json\/wp\/v2\/product"}],"about":[{"href":"https:\/\/priroda-uvadi.cz\/beauty\/wp-json\/wp\/v2\/types\/product"}],"replies":[{"embeddable":true,"href":"https:\/\/priroda-uvadi.cz\/beauty\/wp-json\/wp\/v2\/comments?post=6882"}],"wp:featuredmedia":[{"embeddable":true,"href":"https:\/\/priroda-uvadi.cz\/beauty\/wp-json\/wp\/v2\/media\/6883"}],"wp:attachment":[{"href":"https:\/\/priroda-uvadi.cz\/beauty\/wp-json\/wp\/v2\/media?parent=6882"}],"wp:term":[{"taxonomy":"pwb-brand","embeddable":true,"href":"https:\/\/priroda-uvadi.cz\/beauty\/wp-json\/wp\/v2\/pwb-brand?post=6882"},{"taxonomy":"product_brand","embeddable":true,"href":"https:\/\/priroda-uvadi.cz\/beauty\/wp-json\/wp\/v2\/product_brand?post=6882"},{"taxonomy":"product_cat","embeddable":true,"href":"https:\/\/priroda-uvadi.cz\/beauty\/wp-json\/wp\/v2\/product_cat?post=6882"},{"taxonomy":"product_tag","embeddable":true,"href":"https:\/\/priroda-uvadi.cz\/beauty\/wp-json\/wp\/v2\/product_tag?post=6882"}],"curies":[{"name":"wp","href":"https:\/\/api.w.org\/{rel}","templated":true}]}}