{"id":6737,"date":"2025-01-09T16:10:43","date_gmt":"2025-01-09T15:10:43","guid":{"rendered":"https:\/\/priroda-uvadi.cz\/beauty\/?post_type=product&#038;p=6737"},"modified":"2026-02-24T16:16:01","modified_gmt":"2026-02-24T15:16:01","slug":"rtenka-giordani-gold-iconic-satin-spf-15-satin-red","status":"publish","type":"product","link":"https:\/\/priroda-uvadi.cz\/beauty\/produkt\/rtenka-giordani-gold-iconic-satin-spf-15-satin-red\/","title":{"rendered":"Rt\u011bnka Giordani Gold Iconic Satin SPF 15 &#8211; Satin Red 3,8g"},"content":{"rendered":"<p class=\"MuiTypography-root MuiTypography-body1 products-app-emotion-qhldfo\"><span style=\"font-family: arial, helvetica, sans-serif; color: #000000;\">Dop\u0159ejte rt\u016fm vylep\u0161enou recepturu s hedv\u00e1bn\u00fdm leskem, kter\u00e1 va\u0161e rty zahal\u00ed mimo\u0159\u00e1dn\u011b vy\u017eivuj\u00edc\u00edm z\u00e1vojem bohat\u011b pigmentovan\u00e9 barvy a vydr\u017e\u00ed 8 hodin.<\/span><\/p>\n<p><span style=\"font-family: arial, helvetica, sans-serif; color: #000000;\">OKAM\u017dIT\u011a POC\u00cdT\u00cdTE, \u017dE JSOU VA\u0160E RTY VY\u017dIVEN\u00c9 A CHR\u00c1N\u011aN\u00c9\u2028RTY OKAM\u017dIT\u011a P\u016eSOB\u00cd MLADISTV\u011aJI<\/span><\/p>\n<p class=\"MuiTypography-root MuiTypography-body1 products-app-emotion-qhldfo\"><span style=\"font-family: arial, helvetica, sans-serif; color: #000000;\">P\u0159\u00edsady p\u00e9\u010de o ple\u0165 s bohat\u00fdm obsahem antioxidant\u016f, jojobov\u00fd a moru\u0161kov\u00fd olej, pom\u00e1haj\u00ed rty vy\u017eivovat a chr\u00e1nit je proti agresivn\u00edm vliv\u016fm vn\u011bj\u0161\u00edho prost\u0159ed\u00ed, jako jsou \u0161kodliv\u00e9 voln\u00e9 radik\u00e1ly. Pe\u010duj\u00edc\u00ed receptura rt\u016fm dod\u00e1v\u00e1 nezbytnou hydrataci, a tak pom\u00e1h\u00e1 redukovat viditeln\u00e9 projevy st\u00e1rnut\u00ed rt\u016f, jak bezprost\u0159edn\u011b, tak postupem \u010dasu. Receptura rt\u011bnky se nerozp\u00edj\u00ed do jemn\u00fdch linek*, m\u016f\u017eete se t\u011b\u0161it na hebk\u00e9, hydratovan\u00e9 a mladistv\u00e9 rty. Ka\u017ed\u00e9 p\u0159ejet\u00ed rt\u016f je jako okam\u017eik osobn\u00ed p\u00e9\u010de.<\/span><\/p>\n<p class=\"MuiTypography-root MuiTypography-body1 products-app-emotion-qhldfo\"><span style=\"font-family: arial, helvetica, sans-serif; color: #000000;\">Nov\u00fd design hrotu umo\u017e\u0148uje naprosto precizn\u00ed nan\u00e1\u0161en\u00ed. Certifikov\u00e1no The Vegan Society\u2122. SPF 15.<\/span><\/p>\n<p class=\"MuiTypography-root MuiTypography-body1 products-app-emotion-qhldfo\"><span style=\"font-family: arial, helvetica, sans-serif; color: #000000;\">*Spot\u0159ebitelsky testov\u00e1no<\/span><\/p>\n<div class=\"products-app-emotion-1nacawr\">\n<div class=\"products-app-emotion-bco1gb\">\n<p class=\"MuiTypography-root MuiTypography-body1 products-app-emotion-qhldfo\" data-testid=\"Presentation-product-detail-dimensions\"><span style=\"font-family: arial, helvetica, sans-serif; color: #000000;\">Rozm\u011bry: D\u00e9lka 80mm, V\u00fd\u0161ka 25mm, Hloubka 25mm, Hmotnost 28g<\/span><\/p>\n<p class=\"MuiTypography-root MuiTypography-body1 products-app-emotion-qhldfo\" data-testid=\"Presentation-product-detail-full-product-name\"><span style=\"font-family: arial, helvetica, sans-serif; color: #000000;\">\u00dapln\u00fd n\u00e1zev produktu: Rt\u011bnka Giordani Gold Iconic Satin SPF 15<\/span><\/p>\n<p data-testid=\"Presentation-product-detail-full-product-name\"><strong><span style=\"font-family: arial, helvetica, sans-serif; color: #000000;\">Jak pou\u017e\u00edvat<\/span><\/strong><\/p>\n<p class=\"MuiTypography-root MuiTypography-body1 products-app-emotion-qhldfo\"><span style=\"font-family: arial, helvetica, sans-serif; color: #000000;\">Jemn\u011b naneste na rty. Vrstven\u00edm dos\u00e1hnete po\u017eadovan\u00e9 intenzity.<\/span><\/p>\n<p class=\"MuiTypography-root MuiTypography-body1 products-app-emotion-qhldfo\"><span style=\"font-family: arial, helvetica, sans-serif; color: #000000;\">Pro hebce rozost\u0159en\u00e9 l\u00ed\u010den\u00ed:<\/span><\/p>\n<ol class=\"MuiTypography-root MuiTypography-body1 products-app-emotion-qhldfo\">\n<li><span style=\"font-family: arial, helvetica, sans-serif; color: #000000;\">Naneste rt\u011bnku<\/span><\/li>\n<li><span style=\"font-family: arial, helvetica, sans-serif; color: #000000;\">Rty stiskn\u011bte pap\u00edrov\u00fd kapesn\u00ed\u010dek<\/span><\/li>\n<\/ol>\n<p class=\"MuiTypography-root MuiTypography-body1 products-app-emotion-qhldfo\"><span style=\"font-family: arial, helvetica, sans-serif; color: #000000;\">P\u0159epychov\u00e1 sm\u011bs jojobov\u00e9ho a moru\u0161kov\u00e9ho oleje pom\u00e1h\u00e1 rty vy\u017eivovat a chr\u00e1nit a pe\u010duje o to, aby jejich mladistv\u00fd vzhled vydr\u017eel je\u0161t\u011b d\u00e9le.<\/span><\/p>\n<p><span style=\"font-family: arial, helvetica, sans-serif; color: #000000;\"><strong class=\"MuiTypography-root MuiTypography-body1 products-app-emotion-mgwimn\">Jojobov\u00fd olej<\/strong>\u00a0m\u00e1 antioxida\u010dn\u00ed \u00fa\u010dinky, kter\u00e9 rty pom\u00e1haj\u00ed chr\u00e1nit proti vn\u011bj\u0161\u00edm agresor\u016fm, jako jsou nap\u0159\u00edklad \u0161kodliv\u00e9 voln\u00e9 radik\u00e1ly. Lehk\u00e1 textura oleje s bohat\u00fdm obsahem esenci\u00e1ln\u00edch<\/span> <span style=\"font-family: arial, helvetica, sans-serif; color: #000000;\">mastn\u00fdch kyselin, vitamin\u016f a miner\u00e1l\u016f se snadno vst\u0159eb\u00e1v\u00e1 a okam\u017eit\u011b pom\u00e1h\u00e1 rty vy\u017eivovat.<\/span><\/p>\n<p><span style=\"font-family: arial, helvetica, sans-serif; color: #000000;\"><strong class=\"MuiTypography-root MuiTypography-body1 products-app-emotion-mgwimn\">Moru\u0161kov\u00fd olej<\/strong>\u00a0je proslul\u00fd sv\u00fdmi antioxida\u010dn\u00edmi \u00fa\u010dinky, kter\u00e9 rty mohou pomoci chr\u00e1nit proti vn\u011bj\u0161\u00edm agresor\u016fm, jako jsou \u0161kodliv\u00e9 voln\u00e9 radik\u00e1ly. Nav\u00edc m\u00e1 mimo\u0159\u00e1dn\u011b vysok\u00fd obsah mastn\u00fdch kyselin, v\u010detn\u011b kyseliny linolov\u00e9, olejov\u00e9 a palmitov\u00e9, kter\u00e9 pleti pom\u00e1haj\u00ed dodat hydrataci a udr\u017eovat ji v n\u00ed.<\/span><\/p>\n<p><span style=\"font-family: arial, helvetica, sans-serif; color: #000000;\"><strong class=\"MuiTypography-root MuiTypography-body1 products-app-emotion-mgwimn\">SPF 15<\/strong>\u00a0rty pom\u00e1h\u00e1 chr\u00e1nit proti agresivn\u00edm vliv\u016fm vn\u011bj\u0161\u00edho okol\u00ed.<\/span><\/p>\n<p>&#8212;&#8212;&#8212;&#8212;&#8212;&#8212;&#8212;&#8212;&#8212;&#8212;&#8212;&#8212;&#8212;&#8212;&#8212;&#8212;&#8212;&#8212;&#8212;&#8212;&#8212;&#8212;&#8212;&#8212;&#8212;&#8212;&#8212;&#8212;&#8212;&#8212;&#8212;&#8212;&#8212;&#8212;&#8212;&#8212;&#8212;&#8212;-<\/p>\n<div class=\"MuiBox-root products-app-emotion-lo8cwh\">\n<div data-testid=\"Presentation-product-detail-additional-description-title\"><span style=\"font-family: arial, helvetica, sans-serif; font-size: 10pt;\">V\u0161echny ingredience<\/span><\/div>\n<div data-testid=\"Presentation-product-detail-additional-description-text\"><span style=\"font-family: arial, helvetica, sans-serif; font-size: 10pt;\">OCTYLDODECANOL, BIS-DIGLYCERYL POLYACYLADIPATE-1, PARAFFIN, PENTAERYTHRITYL TETRAISOSTEARATE, ETHYLHEXYL METHOXYCINNAMATE, CERA MICROCRISTALLINA, SYNTHETIC WAX, PENTAERYTHRITYL TETRACAPRYLATE\/TETRACAPRATE, COPERNICIA CERIFERA CERA, OCTOCRYLENE, HELIANTHUS ANNUUS SEED CERA, MICA, PARFUM, SHOREA ROBUSTA RESIN, ETHYLHEXYLGLYCERIN, GLYCERYL CAPRYLATE, RHUS VERNICIFLUA PEEL CERA, SIMMONDSIA CHINENSIS SEED OIL, TOCOPHERYL ACETATE, POLYETHYLENE, GLYCERIN, CAPRYLHYDROXAMIC ACID, PENTAERYTHRITYL TETRA-DI-T-BUTYL HYDROXYHYDROCINNAMATE, RUBUS CHAMAEMORUS SEED OIL, BHT, ASCORBYL PALMITATE, TOCOPHEROL, +\/-: CI 77492, CI 15850, CI 77891, CI 77499, CI 77491, CI 19140, CI 42090<\/span><\/div>\n<\/div>\n<\/div>\n<\/div>\n","protected":false},"excerpt":{"rendered":"<p><span style=\"font-family: arial, helvetica, sans-serif; color: #000000;\">Hedv\u00e1bn\u011b leskl\u00e1 vegansk\u00e1 rt\u011bnka s p\u0159\u00edsadami p\u00e9\u010de o rty podporuje mladistv\u00fd, vypln\u011bn\u00fd vzhled rt\u016f.<\/span><\/p>\n<ul class=\"products-app-emotion-tr0r3x\">\n<li data-testid=\"Presentation-product-detail-product-benefit\"><span style=\"font-family: arial, helvetica, sans-serif; color: #000000;\">Bohat\u011b pigmentovan\u00e1 receptura rty zahal\u00ed dlouhotrvaj\u00edc\u00ed barvou vytvo\u0159enou pro no\u0161en\u00ed po cel\u00fd den<\/span><\/li>\n<li data-testid=\"Presentation-product-detail-product-benefit\"><span style=\"font-family: arial, helvetica, sans-serif; color: #000000;\">Pe\u010duj\u00edc\u00ed receptura s jojobov\u00fdm a moru\u0161kov\u00fdm olejem<\/span><\/li>\n<li data-testid=\"Presentation-product-detail-product-benefit\"><span style=\"font-family: arial, helvetica, sans-serif; color: #000000;\">Okam\u017eit\u00fd pocit vy\u017eiven\u00fdch a chr\u00e1n\u011bn\u00fdch rt\u016f*<\/span><\/li>\n<\/ul>\n<p><span style=\"font-family: arial, helvetica, sans-serif; color: #000000;\">3,8g<\/span><\/p>\n<div class=\"woocommerce-product-details__short-description\">\n<div class=\"product-detail-1buwlw5\">\n<div class=\"product-detail-uyp0pw\">\n<div class=\"product-detail-v4i4af\">\n<div class=\"woocommerce-product-details__short-description\">\n<div class=\"woocommerce-product-details__short-description\">\n<div class=\"Summary_summary__benefits__8ar3s\">\n<div class=\"Benefits_benefits__3OGwl\">\n<div>\n<div class=\"woocommerce-product-details__short-description\">\n<div class=\"product-detail-vdfylx\">\n<div class=\"product-detail-d0oxj1\">\n<div class=\"product-detail-1yhj3ra\">\n<p class=\"product-detail-17mztir\" data-testid=\"Presentation-product-detail-LowestPreviousPrice\"><span style=\"font-family: arial, helvetica, sans-serif; font-size: 10pt;\">Nejni\u017e\u0161\u00ed cena platn\u00e1 ve 30 dnech p\u0159ed platnost\u00ed sou\u010dasn\u00e9 ceny byla 150 K\u010d<\/span><\/p>\n<\/div>\n<\/div>\n<\/div>\n<\/div>\n<\/div>\n<\/div>\n<\/div>\n<\/div>\n<\/div>\n<\/div>\n<\/div>\n<\/div>\n<\/div>\n","protected":false},"featured_media":6738,"comment_status":"closed","ping_status":"closed","template":"","meta":[],"pwb-brand":[27],"product_brand":[91],"product_cat":[46,48],"product_tag":[],"class_list":{"0":"post-6737","1":"product","2":"type-product","3":"status-publish","4":"has-post-thumbnail","6":"pwb-brand-https-cz-oriflame-com-cataloguesstorebeautyobchod","7":"product_brand-oriflame","8":"product_cat-dekorativni-kosmetika","9":"product_cat-rtenky","11":"first","12":"instock","13":"sale","14":"taxable","15":"shipping-taxable","16":"purchasable","17":"product-type-simple"},"brands":[{"id":27,"name":"Oriflame","slug":"https-cz-oriflame-com-cataloguesstorebeautyobchod"}],"_links":{"self":[{"href":"https:\/\/priroda-uvadi.cz\/beauty\/wp-json\/wp\/v2\/product\/6737","targetHints":{"allow":["GET"]}}],"collection":[{"href":"https:\/\/priroda-uvadi.cz\/beauty\/wp-json\/wp\/v2\/product"}],"about":[{"href":"https:\/\/priroda-uvadi.cz\/beauty\/wp-json\/wp\/v2\/types\/product"}],"replies":[{"embeddable":true,"href":"https:\/\/priroda-uvadi.cz\/beauty\/wp-json\/wp\/v2\/comments?post=6737"}],"wp:featuredmedia":[{"embeddable":true,"href":"https:\/\/priroda-uvadi.cz\/beauty\/wp-json\/wp\/v2\/media\/6738"}],"wp:attachment":[{"href":"https:\/\/priroda-uvadi.cz\/beauty\/wp-json\/wp\/v2\/media?parent=6737"}],"wp:term":[{"taxonomy":"pwb-brand","embeddable":true,"href":"https:\/\/priroda-uvadi.cz\/beauty\/wp-json\/wp\/v2\/pwb-brand?post=6737"},{"taxonomy":"product_brand","embeddable":true,"href":"https:\/\/priroda-uvadi.cz\/beauty\/wp-json\/wp\/v2\/product_brand?post=6737"},{"taxonomy":"product_cat","embeddable":true,"href":"https:\/\/priroda-uvadi.cz\/beauty\/wp-json\/wp\/v2\/product_cat?post=6737"},{"taxonomy":"product_tag","embeddable":true,"href":"https:\/\/priroda-uvadi.cz\/beauty\/wp-json\/wp\/v2\/product_tag?post=6737"}],"curies":[{"name":"wp","href":"https:\/\/api.w.org\/{rel}","templated":true}]}}