{"id":6711,"date":"2025-01-07T16:18:39","date_gmt":"2025-01-07T15:18:39","guid":{"rendered":"https:\/\/priroda-uvadi.cz\/beauty\/?post_type=product&#038;p=6711"},"modified":"2026-03-03T16:48:39","modified_gmt":"2026-03-03T15:48:39","slug":"lesk-na-rty-the-one-lasting-shine-glazed-fuchsia","status":"publish","type":"product","link":"https:\/\/priroda-uvadi.cz\/beauty\/produkt\/lesk-na-rty-the-one-lasting-shine-glazed-fuchsia\/","title":{"rendered":"Lesk na rty The ONE Lasting Shine &#8211; Glazed Fuchsia"},"content":{"rendered":"<p class=\"MuiTypography-root MuiTypography-body1 products-app-emotion-qhldfo\"><span style=\"font-family: arial, helvetica, sans-serif; color: #000000;\">Lesk pro objemn\u00e9 rty, kter\u00e9 z\u00e1\u0159\u00ed jako sklo. Komplex Lustrous Care va\u0161e rty pom\u00e1h\u00e1 vy\u017eivovat, hydratovat a zklid\u0148ovat a\u017e 6 hodin*. D\u00edky hebk\u00e9, nelepkav\u00e9 receptu\u0159e se lesk snadno nan\u00e1\u0161\u00ed a nav\u00edc m\u00e1 chladiv\u00fd efekt. Precizn\u00ed aplik\u00e1tor The ONE umo\u017e\u0148uje snadno zd\u016fraznit kontury rt\u016f.<\/span><\/p>\n<p class=\"MuiTypography-root MuiTypography-body1 products-app-emotion-qhldfo\"><span style=\"font-family: arial, helvetica, sans-serif; color: #000000;\">*Spot\u0159ebitelsky testov\u00e1no<\/span><\/p>\n<div class=\"products-app-emotion-1nacawr\">\n<div class=\"products-app-emotion-bco1gb\">\n<p class=\"MuiTypography-root MuiTypography-body1 products-app-emotion-qhldfo\" data-testid=\"Presentation-product-detail-dimensions\"><span style=\"font-family: arial, helvetica, sans-serif; color: #000000;\">Rozm\u011bry: D\u00e9lka 105mm, V\u00fd\u0161ka 15mm, Hloubka 15mm, Hmotnost 12g<\/span><\/p>\n<p class=\"MuiTypography-root MuiTypography-body1 products-app-emotion-qhldfo\" data-testid=\"Presentation-product-detail-full-product-name\"><span style=\"font-family: arial, helvetica, sans-serif; color: #000000;\">\u00dapln\u00fd n\u00e1zev produktu: Lesk na rty The ONE Lasting Shine<\/span><\/p>\n<p data-testid=\"Presentation-product-detail-full-product-name\"><span style=\"font-family: arial, helvetica, sans-serif; color: #000000;\"><strong class=\"MuiTypography-root MuiTypography-body1 products-app-emotion-mgwimn\">Komplex Lustrous Care<\/strong><\/span><\/p>\n<p class=\"MuiTypography-root MuiTypography-body1 products-app-emotion-qhldfo\"><span style=\"font-family: arial, helvetica, sans-serif; color: #000000;\">Tento komplex tvo\u0159\u00ed dv\u011b kl\u00ed\u010dov\u00e9 ingredience: p\u0159\u00edrodn\u00ed v\u00fdta\u017eek z gran\u00e1tov\u00e9ho jablka bohat\u00e9ho na vitaminy a miner\u00e1ly a p\u0159irozen\u011b z\u00edskan\u00e9 bambuck\u00e9 m\u00e1slo s vysok\u00fdm pod\u00edlem p\u0159\u00edrodn\u00edch tuk\u016f. Spole\u010dn\u011b tyto dv\u011b p\u0159\u00edsady va\u0161im rt\u016fm pom\u00e1haj\u00ed zajistit b\u00e1je\u010dn\u00fd pocit hydratace, hebkosti a plnosti.<\/span><\/p>\n<p>&#8212;&#8212;&#8212;&#8212;&#8212;&#8212;&#8212;&#8212;&#8212;&#8212;&#8212;&#8212;&#8212;&#8212;&#8212;&#8212;&#8212;&#8212;&#8212;&#8212;&#8212;&#8212;&#8212;&#8212;&#8212;&#8212;&#8212;&#8212;&#8212;&#8212;&#8212;&#8212;&#8212;&#8212;&#8212;&#8212;&#8212;&#8212;-<\/p>\n<div class=\"MuiBox-root products-app-emotion-lo8cwh\">\n<div data-testid=\"Presentation-product-detail-additional-description-title\"><span style=\"font-family: arial, helvetica, sans-serif; font-size: 10pt;\">V\u0161echny ingredience<\/span><\/div>\n<div data-testid=\"Presentation-product-detail-additional-description-text\"><span style=\"font-family: arial, helvetica, sans-serif; font-size: 10pt;\">POLYBUTENE, HYDROGENATED POLYISOBUTENE, OCTYLDODECANOL, ISOHEXADECANE, BIS-DIGLYCERYL POLYACYLADIPATE-2, ETHYLENE\/PROPYLENE\/STYRENE COPOLYMER, SYNTHETIC WAX, HYDROGENATED CASTOR OIL, MENTHONE GLYCERIN ACETAL, PARFUM, BUTYLENE\/ETHYLENE\/STYRENE COPOLYMER, BUTYROSPERMUM PARKII BUTTER, PUNICA GRANATUM STEROLS, PENTAERYTHRITYL TETRA-DI-T-BUTYL HYDROXYHYDROCINNAMATE, +\/-: CI 77891, CI 15850, CI 19140, CI 77492, CI 45410, CI 42090<\/span><\/div>\n<\/div>\n<\/div>\n<\/div>\n","protected":false},"excerpt":{"rendered":"<p><span style=\"font-family: arial, helvetica, sans-serif; color: #000000;\">Okam\u017eit\u011b leskl\u00e9, pln\u00e9 rty d\u00edky komplexu Lustrous Care, kter\u00fd pom\u00e1h\u00e1 vy\u017eivovat a hydratovat. Vyberte si sv\u016fj obl\u00edben\u00fd odst\u00edn, zkombinujte jej se svou obl\u00edbenou rt\u011bnkou a osl\u0148te okol\u00ed.<\/span><\/p>\n<ul class=\"products-app-emotion-tr0r3x\">\n<li data-testid=\"Presentation-product-detail-product-benefit\"><span style=\"font-family: arial, helvetica, sans-serif; color: #000000;\">Maxim\u00e1ln\u00ed pohodl\u00ed a lesk, kter\u00fd vydr\u017e\u00ed a\u017e 6 hodin*<\/span><\/li>\n<li data-testid=\"Presentation-product-detail-product-benefit\"><span style=\"font-family: arial, helvetica, sans-serif; color: #000000;\">S komplexem Lustrous Care pro v\u00fd\u017eivu a hydrataci<\/span><\/li>\n<li data-testid=\"Presentation-product-detail-product-benefit\"><span style=\"font-family: arial, helvetica, sans-serif; color: #000000;\">Lehou\u010dk\u00e9, nelepkav\u00e9 slo\u017een\u00ed se hladce nan\u00e1\u0161\u00ed<\/span><\/li>\n<\/ul>\n<p><span style=\"font-family: arial, helvetica, sans-serif; color: #000000;\">5ml<\/span><\/p>\n<div class=\"woocommerce-product-details__short-description\">\n<div class=\"woocommerce-product-details__short-description\">\n<div class=\"product-detail-1vqfu33\">\n<div class=\"product-detail-uyp0pw\">\n<div class=\"woocommerce-product-details__short-description\">\n<div class=\"product-detail-yv4fe8\">\n<div class=\"product-detail-v4i4af\">\n<div>\n<div class=\"woocommerce-product-details__short-description\">\n<div class=\"woocommerce-product-details__short-description\">\n<div class=\"product-detail-1yhj3ra\">\n<p class=\"product-detail-17mztir\" data-testid=\"Presentation-product-detail-LowestPreviousPrice\"><span style=\"font-family: arial, helvetica, sans-serif; font-size: 10pt;\">Nejni\u017e\u0161\u00ed cena platn\u00e1 ve 30 dnech p\u0159ed platnost\u00ed sou\u010dasn\u00e9 ceny byla 100 K\u010d<\/span><\/p>\n<\/div>\n<div><\/div>\n<\/div>\n<\/div>\n<\/div>\n<\/div>\n<\/div>\n<\/div>\n<\/div>\n<\/div>\n<\/div>\n<\/div>\n","protected":false},"featured_media":6712,"comment_status":"closed","ping_status":"closed","template":"","meta":[],"pwb-brand":[27],"product_brand":[],"product_cat":[46,48],"product_tag":[],"class_list":{"0":"post-6711","1":"product","2":"type-product","3":"status-publish","4":"has-post-thumbnail","6":"pwb-brand-https-cz-oriflame-com-cataloguesstorebeautyobchod","7":"product_cat-dekorativni-kosmetika","8":"product_cat-rtenky","10":"first","11":"instock","12":"sale","13":"taxable","14":"shipping-taxable","15":"purchasable","16":"product-type-simple"},"brands":[{"id":27,"name":"Oriflame","slug":"https-cz-oriflame-com-cataloguesstorebeautyobchod"}],"_links":{"self":[{"href":"https:\/\/priroda-uvadi.cz\/beauty\/wp-json\/wp\/v2\/product\/6711","targetHints":{"allow":["GET"]}}],"collection":[{"href":"https:\/\/priroda-uvadi.cz\/beauty\/wp-json\/wp\/v2\/product"}],"about":[{"href":"https:\/\/priroda-uvadi.cz\/beauty\/wp-json\/wp\/v2\/types\/product"}],"replies":[{"embeddable":true,"href":"https:\/\/priroda-uvadi.cz\/beauty\/wp-json\/wp\/v2\/comments?post=6711"}],"wp:featuredmedia":[{"embeddable":true,"href":"https:\/\/priroda-uvadi.cz\/beauty\/wp-json\/wp\/v2\/media\/6712"}],"wp:attachment":[{"href":"https:\/\/priroda-uvadi.cz\/beauty\/wp-json\/wp\/v2\/media?parent=6711"}],"wp:term":[{"taxonomy":"pwb-brand","embeddable":true,"href":"https:\/\/priroda-uvadi.cz\/beauty\/wp-json\/wp\/v2\/pwb-brand?post=6711"},{"taxonomy":"product_brand","embeddable":true,"href":"https:\/\/priroda-uvadi.cz\/beauty\/wp-json\/wp\/v2\/product_brand?post=6711"},{"taxonomy":"product_cat","embeddable":true,"href":"https:\/\/priroda-uvadi.cz\/beauty\/wp-json\/wp\/v2\/product_cat?post=6711"},{"taxonomy":"product_tag","embeddable":true,"href":"https:\/\/priroda-uvadi.cz\/beauty\/wp-json\/wp\/v2\/product_tag?post=6711"}],"curies":[{"name":"wp","href":"https:\/\/api.w.org\/{rel}","templated":true}]}}