{"id":6454,"date":"2024-10-04T10:33:15","date_gmt":"2024-10-04T08:33:15","guid":{"rendered":"https:\/\/priroda-uvadi.cz\/beauty\/?post_type=product&#038;p=6454"},"modified":"2026-01-08T11:03:24","modified_gmt":"2026-01-08T10:03:24","slug":"rasenka-the-one-wonderlash-5v1","status":"publish","type":"product","link":"https:\/\/priroda-uvadi.cz\/beauty\/produkt\/rasenka-the-one-wonderlash-5v1\/","title":{"rendered":"\u0158asenka The ONE WonderLash 5v1 8ml"},"content":{"rendered":"<p><strong><span style=\"font-family: arial, helvetica, sans-serif; color: #000000;\">Pro nejlep\u0161\u00ed v\u00fdsledky:<\/span><\/strong><\/p>\n<p><span style=\"font-family: arial, helvetica, sans-serif; color: #000000;\">Krok 1: Kr\u00e1tk\u00fdmi \u0161tetinkami \u0159asy nadzdvihn\u011bte a vytvarujte.<\/span><\/p>\n<p><span style=\"font-family: arial, helvetica, sans-serif; color: #000000;\">Krok 2: Kart\u00e1\u010dkem p\u0159itom pohybujte ze strany na stranu, abyste dos\u00e1hla je\u0161t\u011b lep\u0161\u00edch v\u00fdsledk\u016f.<\/span><\/p>\n<p><span style=\"font-family: arial, helvetica, sans-serif; color: #000000;\">Krok 3: \u0158asy pro\u010de\u0161te dlouh\u00fdmi \u0161t\u011btinkami, abyste je prodlou\u017eila a zv\u00fdraznila.<\/span><\/p>\n<p>&nbsp;<\/p>\n<div class=\"products-app-emotion-oj2xir\" data-testid=\"Presentation-product-detail-wysiwyg\">\n<p><span style=\"font-family: arial, helvetica, sans-serif; color: #000000;\">Je\u0161t\u011b v\u011bt\u0161\u00ed objem ne\u017e d\u0159\u00edv PLUS je\u0161t\u011b del\u0161\u00ed a nato\u010den\u011bj\u0161\u00ed \u0159asy \u2013 klinicky prok\u00e1z\u00e1no! \u0394<\/span><\/p>\n<ul>\n<li><span style=\"font-family: arial, helvetica, sans-serif; color: #000000;\">Dod\u00e1v\u00e1 objem \u2013 a\u017e 16x v\u011bt\u0161\u00ed objem\u0394<\/span><\/li>\n<li><span style=\"font-family: arial, helvetica, sans-serif; color: #000000;\">Prodlu\u017euje \u2013 a\u017e o 68 % del\u0161\u00ed \u0159asy\u0394<\/span><\/li>\n<li><span style=\"font-family: arial, helvetica, sans-serif; color: #000000;\">Nato\u010d\u00ed \u2013 a\u017e o 119 % v\u00fdrazn\u011bj\u0161\u00ed nato\u010den\u00ed \u0159as\u0394<\/span><\/li>\n<li><span style=\"font-family: arial, helvetica, sans-serif; color: #000000;\">Odd\u011bluje*<\/span><\/li>\n<li><span style=\"font-family: arial, helvetica, sans-serif; color: #000000;\">Pe\u010duje*<\/span><\/li>\n<\/ul>\n<p><span style=\"font-family: arial, helvetica, sans-serif; color: #000000;\">\u0394Klinicky testov\u00e1no *Spot\u0159ebitelsky testov\u00e1no<\/span><\/p>\n<p>&#8212;&#8212;&#8212;&#8212;&#8212;&#8212;&#8212;&#8212;&#8212;&#8212;&#8212;&#8212;&#8212;&#8212;&#8212;&#8212;&#8212;&#8212;&#8212;&#8212;&#8212;&#8212;&#8212;&#8212;&#8212;&#8212;&#8212;&#8212;&#8212;&#8212;&#8212;&#8212;&#8212;&#8212;&#8212;&#8212;&#8211;<\/p>\n<\/div>\n<div class=\"MuiBox-root products-app-emotion-1sqbo69\">\n<div data-testid=\"Presentation-product-detail-additional-description-title\"><span style=\"font-family: arial, helvetica, sans-serif; font-size: 10pt;\">V\u0161echny ingredience<\/span><\/div>\n<div data-testid=\"Presentation-product-detail-additional-description-text\"><span style=\"font-family: arial, helvetica, sans-serif; font-size: 10pt;\">AQUA, HYDROGENATED OLIVE OIL CETYL ESTERS, ORYZA SATIVA CERA, BUTYLENE GLYCOL, STEARIC ACID, PALMITIC ACID, METHYLGLUCAMINE, HELIANTHUS ANNUUS SEED CERA, ACACIA SENEGAL GUM, PVP, COPERNICIA CERIFERA CERA, CYCLOPENTASILOXANE, VP\/EICOSENE COPOLYMER, HYDROXYETHYLCELLULOSE, CYCLOHEXASILOXANE, SHOREA ROBUSTA RESIN, CAPRYLYL GLYCOL, DIMETHICONE, RHUS VERNICIFLUA PEEL CERA, PANTHENOL, TOCOPHERYL ACETATE, BHT, DISODIUM PHOSPHATE, SODIUM PHOSPHATE, ASCORBYL PALMITATE, TOCOPHEROL, POLYSORBATE 60, PHENOXYETHANOL, DISODIUM EDTA, CI 77499<\/span><\/div>\n<\/div>\n","protected":false},"excerpt":{"rendered":"<p><span style=\"font-family: arial, helvetica, sans-serif; color: #000000;\">V\u0161estrann\u00e1 \u0159asenka pro v\u0161estrann\u00e9 \u017eeny! Je\u0161t\u011b lep\u0161\u00ed v\u00fdhody 5-v-1 pro dokonal\u00e9 \u0159asy.<\/span><\/p>\n<p><span style=\"font-family: arial, helvetica, sans-serif; color: #000000;\">\u0158asenka s vylep\u0161enou recepturou nyn\u00ed p\u0159in\u00e1\u0161\u00ed 5 v\u00fdhod v 1 balen\u00ed a lep\u0161\u00ed v\u00fdsledky, ne\u017e kdy d\u0159\u00edv \u2013 klinicky prok\u00e1zan\u00e9.<\/span><\/p>\n<p><span style=\"font-family: arial, helvetica, sans-serif; color: #000000;\">S exkluzivn\u00edm kart\u00e1\u010dkem Wonder Brush, kter\u00fd ka\u017ed\u00fdm hladk\u00fdm tahem dod\u00e1v\u00e1 objem, prodlu\u017euje, nat\u00e1\u010d\u00ed, odd\u011bluje a vy\u017eivuje!<\/span><\/p>\n<p><span style=\"font-family: arial, helvetica, sans-serif; color: #000000;\">\u0158asenka se nerozmaz\u00e1v\u00e1, nehrudkuje, dlouho vydr\u017e\u00ed a pot\u011b\u0161\u00ed intenzivn\u00ed \u010dernou. Neobsahuje parabeny.<\/span><\/p>\n<p><span style=\"font-family: arial, helvetica, sans-serif; color: #000000;\">8ml<\/span><\/p>\n<div class=\"woocommerce-product-details__short-description\">\n<div class=\"woocommerce-product-details__short-description\">\n<div class=\"product-detail-vdfylx\">\n<div class=\"product-detail-d0oxj1\">\n<div class=\"product-detail-1yhj3ra\">\n<p class=\"product-detail-17mztir\" data-testid=\"Presentation-product-detail-LowestPreviousPrice\"><span style=\"font-family: arial, helvetica, sans-serif; font-size: 10pt;\">Nejni\u017e\u0161\u00ed cena platn\u00e1 ve 30 dnech p\u0159ed platnost\u00ed sou\u010dasn\u00e9 ceny byla 130 K\u010d<\/span><\/p>\n<\/div>\n<\/div>\n<\/div>\n<\/div>\n<\/div>\n","protected":false},"featured_media":6455,"comment_status":"closed","ping_status":"closed","template":"","meta":[],"pwb-brand":[27],"product_brand":[91],"product_cat":[46,50],"product_tag":[],"class_list":{"0":"post-6454","1":"product","2":"type-product","3":"status-publish","4":"has-post-thumbnail","6":"pwb-brand-https-cz-oriflame-com-cataloguesstorebeautyobchod","7":"product_brand-oriflame","8":"product_cat-dekorativni-kosmetika","9":"product_cat-rasenky","11":"first","12":"instock","13":"sale","14":"taxable","15":"shipping-taxable","16":"purchasable","17":"product-type-simple"},"brands":[{"id":27,"name":"Oriflame","slug":"https-cz-oriflame-com-cataloguesstorebeautyobchod"}],"_links":{"self":[{"href":"https:\/\/priroda-uvadi.cz\/beauty\/wp-json\/wp\/v2\/product\/6454","targetHints":{"allow":["GET"]}}],"collection":[{"href":"https:\/\/priroda-uvadi.cz\/beauty\/wp-json\/wp\/v2\/product"}],"about":[{"href":"https:\/\/priroda-uvadi.cz\/beauty\/wp-json\/wp\/v2\/types\/product"}],"replies":[{"embeddable":true,"href":"https:\/\/priroda-uvadi.cz\/beauty\/wp-json\/wp\/v2\/comments?post=6454"}],"wp:featuredmedia":[{"embeddable":true,"href":"https:\/\/priroda-uvadi.cz\/beauty\/wp-json\/wp\/v2\/media\/6455"}],"wp:attachment":[{"href":"https:\/\/priroda-uvadi.cz\/beauty\/wp-json\/wp\/v2\/media?parent=6454"}],"wp:term":[{"taxonomy":"pwb-brand","embeddable":true,"href":"https:\/\/priroda-uvadi.cz\/beauty\/wp-json\/wp\/v2\/pwb-brand?post=6454"},{"taxonomy":"product_brand","embeddable":true,"href":"https:\/\/priroda-uvadi.cz\/beauty\/wp-json\/wp\/v2\/product_brand?post=6454"},{"taxonomy":"product_cat","embeddable":true,"href":"https:\/\/priroda-uvadi.cz\/beauty\/wp-json\/wp\/v2\/product_cat?post=6454"},{"taxonomy":"product_tag","embeddable":true,"href":"https:\/\/priroda-uvadi.cz\/beauty\/wp-json\/wp\/v2\/product_tag?post=6454"}],"curies":[{"name":"wp","href":"https:\/\/api.w.org\/{rel}","templated":true}]}}