{"id":6424,"date":"2024-09-19T14:34:13","date_gmt":"2024-09-19T12:34:13","guid":{"rendered":"https:\/\/priroda-uvadi.cz\/beauty\/?post_type=product&#038;p=6424"},"modified":"2026-02-09T14:06:28","modified_gmt":"2026-02-09T13:06:28","slug":"keratinova-maska-na-vlasy","status":"publish","type":"product","link":"https:\/\/priroda-uvadi.cz\/beauty\/produkt\/keratinova-maska-na-vlasy\/","title":{"rendered":"Keratinov\u00e1 maska na vlasy"},"content":{"rendered":"<p><span style=\"font-family: arial, helvetica, sans-serif; color: #000000;\">D\u00e1vkov\u00e1n\u00ed:\u00a0 <\/span><span style=\"font-family: arial, helvetica, sans-serif; color: #000000;\">Nan\u00e1\u0161ejte\u00a0lok\u00e1ln\u011b na m\u00edsta poko\u017eky dle va\u0161\u00ed pot\u0159eby.\u00a0<\/span><\/p>\n<p><span style=\"font-family: arial, helvetica, sans-serif; color: #000000;\">UPOZORN\u011aN\u00cd:\u00a0 <\/span><span style=\"font-family: arial, helvetica, sans-serif; color: #000000;\">Uschovejte mimo dosah d\u011bt\u00ed!<\/span><\/p>\n<p><span style=\"font-family: arial, helvetica, sans-serif; color: #000000;\">SKLADOV\u00c1N\u00cd:\u00a0 \u00a0<\/span><span style=\"font-family: arial, helvetica, sans-serif; color: #000000;\">Skladujte v temnu a suchu.<\/span><\/p>\n<p>&#8212;&#8212;&#8212;&#8212;&#8212;&#8212;&#8212;&#8212;&#8212;&#8212;&#8212;&#8212;&#8212;&#8212;&#8212;&#8212;&#8212;&#8212;&#8212;&#8212;&#8212;&#8212;&#8212;&#8212;&#8212;&#8212;&#8212;&#8212;&#8212;&#8212;&#8212;&#8212;&#8212;&#8212;&#8212;&#8212;<\/p>\n<p><span style=\"font-family: arial, helvetica, sans-serif; color: #000000;\">Aqua(Water), Cetearyl Alcohol, Polyquaternium-7, Cetrimonium Chloride, Glyceryl Stearate, Ceteareth-20, Ceteareth-12, Cetyl Palmitate, Behentrimonium Chloride, Dimethicone, Propylene Glycol, Parfum (Fragrance), Lauryl Glucoside, Sodium Benzoate, Hydrolyzed Corn Protein, Hydrolyzed Wheat Protein, Hydrolyzed Soy Protein, Panthenol, Citric Acid, Hexyl Cinnamal, Linalool, CI 15985.<\/span><\/p>\n<p>&nbsp;<\/p>\n","protected":false},"excerpt":{"rendered":"<p><span style=\"font-family: arial, helvetica, sans-serif; color: #000000;\">Maska na vlasy uzamyk\u00e1 hydrataci a intenzivn\u011b vyhlazuje vlasy, obnovuje povrch a \u010din\u00ed ho leskle vypadaj\u00edc\u00edm.\u00a0<\/span><\/p>\n<p><span style=\"font-family: arial, helvetica, sans-serif; color: #000000;\"><strong>Pou\u017eit\u00ed:<\/strong> <\/span><\/p>\n<p><span style=\"font-family: arial, helvetica, sans-serif; color: #000000;\">Vmas\u00edrujte do mokr\u00fdch vlas\u016f po pou\u017eit\u00ed \u0161amponu. Pro\u010de\u0161te prsty pod\u00e9l vlas\u016f a soust\u0159e\u010fte se na oblast konc\u016f, pak dob\u0159e opl\u00e1chn\u011bte. Naneste obnovuj\u00edc\u00ed sprej pro lesk.<\/span><\/p>\n<p><span style=\"font-family: arial, helvetica, sans-serif; color: #000000;\">200 ml<\/span><\/p>\n<p><span style=\"font-family: arial, helvetica, sans-serif; font-size: 10pt;\"><span class=\"MuiTypography-root MuiTypography-caption product-detail-8q5iga\" data-testid=\"Presentation-product-detail-LowestPreviousPrice\">Nejni\u017e\u0161\u00ed cena platn\u00e1 ve 30 dnech p\u0159ed platnost\u00ed sou\u010dasn\u00e9 ceny byla 160<\/span><span class=\"MuiTypography-root MuiTypography-caption product-detail-8q5iga\" data-testid=\"Presentation-product-detail-LowestPreviousPrice\">\u00a0K\u010d<\/span><\/span><\/p>\n","protected":false},"featured_media":6425,"comment_status":"closed","ping_status":"closed","template":"","meta":[],"pwb-brand":[87],"product_brand":[],"product_cat":[15,32],"product_tag":[],"class_list":{"0":"post-6424","1":"product","2":"type-product","3":"status-publish","4":"has-post-thumbnail","6":"pwb-brand-https-www-farmasi-cz-inka-catalog","7":"product_cat-nezarazene","8":"product_cat-pece-o-vlasy","10":"first","11":"instock","12":"sale","13":"taxable","14":"shipping-taxable","15":"purchasable","16":"product-type-simple"},"brands":[{"id":87,"name":"Farmasi","slug":"https-www-farmasi-cz-inka-catalog"}],"_links":{"self":[{"href":"https:\/\/priroda-uvadi.cz\/beauty\/wp-json\/wp\/v2\/product\/6424","targetHints":{"allow":["GET"]}}],"collection":[{"href":"https:\/\/priroda-uvadi.cz\/beauty\/wp-json\/wp\/v2\/product"}],"about":[{"href":"https:\/\/priroda-uvadi.cz\/beauty\/wp-json\/wp\/v2\/types\/product"}],"replies":[{"embeddable":true,"href":"https:\/\/priroda-uvadi.cz\/beauty\/wp-json\/wp\/v2\/comments?post=6424"}],"wp:featuredmedia":[{"embeddable":true,"href":"https:\/\/priroda-uvadi.cz\/beauty\/wp-json\/wp\/v2\/media\/6425"}],"wp:attachment":[{"href":"https:\/\/priroda-uvadi.cz\/beauty\/wp-json\/wp\/v2\/media?parent=6424"}],"wp:term":[{"taxonomy":"pwb-brand","embeddable":true,"href":"https:\/\/priroda-uvadi.cz\/beauty\/wp-json\/wp\/v2\/pwb-brand?post=6424"},{"taxonomy":"product_brand","embeddable":true,"href":"https:\/\/priroda-uvadi.cz\/beauty\/wp-json\/wp\/v2\/product_brand?post=6424"},{"taxonomy":"product_cat","embeddable":true,"href":"https:\/\/priroda-uvadi.cz\/beauty\/wp-json\/wp\/v2\/product_cat?post=6424"},{"taxonomy":"product_tag","embeddable":true,"href":"https:\/\/priroda-uvadi.cz\/beauty\/wp-json\/wp\/v2\/product_tag?post=6424"}],"curies":[{"name":"wp","href":"https:\/\/api.w.org\/{rel}","templated":true}]}}