{"id":6422,"date":"2024-09-19T14:23:52","date_gmt":"2024-09-19T12:23:52","guid":{"rendered":"https:\/\/priroda-uvadi.cz\/beauty\/?post_type=product&#038;p=6422"},"modified":"2026-04-10T10:46:17","modified_gmt":"2026-04-10T08:46:17","slug":"keratinovy-sampon","status":"publish","type":"product","link":"https:\/\/priroda-uvadi.cz\/beauty\/produkt\/keratinovy-sampon\/","title":{"rendered":"Keratinov\u00fd \u0161ampon 360 ml"},"content":{"rendered":"<div>\n<p><span style=\"font-family: arial, helvetica, sans-serif; color: #000000;\">Revitaliza\u010dn\u00ed \u0161ampon s keratinem hloubkov\u011b \u010dist\u00ed vlasy a odstra\u0148uje v\u0161echny zbytky b\u011bhem toho, jak pronik\u00e1 do vrstev kutikuly, vlasy hloubkov\u011b vy\u017eivuje.<\/span><\/p>\n<\/div>\n<div>\n<p><span style=\"font-family: arial, helvetica, sans-serif; color: #000000;\">Pou\u017eit\u00ed:<\/span><\/p>\n<p><span style=\"font-family: arial, helvetica, sans-serif; color: #000000;\">Vmas\u00edrujte do vlhk\u00fdch vlas\u016f a zp\u011b\u0148te. Vlasy d\u016fkladn\u011b opl\u00e1chn\u011bte. N\u00e1sledn\u011b naneste masku s keratinem ze stejn\u00e9 \u0159ady pro dlouhotrvaj\u00edc\u00ed hladk\u00fd efekt. Upozorn\u011bn\u00ed: Pouze pro vn\u011bj\u0161\u00ed pou\u017eit\u00ed. Vyh\u00fdbejte se kontaktu s o\u010dima. V p\u0159\u00edpad\u011b zasa\u017een\u00ed o\u010d\u00ed je vymyjte v\u011bt\u0161\u00edm mno\u017estv\u00edm vody. Skladujte mimo dosah d\u011bt\u00ed.<\/span><\/p>\n<p>&#8212;&#8212;&#8212;&#8212;&#8212;&#8212;&#8212;&#8212;&#8212;&#8212;&#8212;&#8212;&#8212;&#8212;&#8212;&#8212;&#8212;&#8212;&#8212;&#8212;&#8212;&#8212;&#8212;&#8212;&#8212;&#8212;&#8212;&#8212;&#8212;&#8212;&#8212;&#8212;&#8212;&#8212;&#8212;&#8212;&#8212;&#8212;<\/p>\n<\/div>\n<div>\n<p><span class=\"ProductDetailHeader\" style=\"font-family: arial, helvetica, sans-serif; font-size: 10pt;\" data-localize=\"ProductDetail.ProductTechnical\">Slo\u017een\u00ed:<\/span><\/p>\n<p><span style=\"font-family: arial, helvetica, sans-serif; font-size: 10pt;\">Aqua (Water), Sodium Laureth Sulfate, Lauryl Glucoside, Cocamidopropyl Betaine, Polyquaternium-7, Sodium Chloride, Glycol Distearate, Cocamide MEA, Laureth-10, Hydrolyzed Corn Protein, Hydrolyzed Wheat Protein, Hydrolyzed Soy Protein, Styrene\/Acrylates Copolymer, Coco-Glucoside, Parfum (Fragrance), PEG-7 Glyceryl Cocoate, Guar Hydroxypropyltrimonium Chloride, Benzyl Alcohol, Methylchloroisothiazolinone, Methylisothiazolinone, Tetrasodium EDTA, Citric Acid, Hexyl Cinnamal, Linalool, CI 15985<\/span><\/p>\n<\/div>\n","protected":false},"excerpt":{"rendered":"<ul>\n<li><span style=\"font-family: arial, helvetica, sans-serif; color: #000000;\">Revitaliza\u010dn\u00ed \u0161ampon s keratinem hloubkov\u011b \u010dist\u00ed vlasy<\/span><\/li>\n<li><span style=\"font-family: arial, helvetica, sans-serif; color: #000000;\">Odstra\u0148uje v\u0161echny zbytky b\u011bhem toho, jak pronik\u00e1 do vrstev kutikuly<\/span><\/li>\n<li><span style=\"font-family: arial, helvetica, sans-serif; color: #000000;\">Vlasy hloubkov\u011b vy\u017eivuje<\/span><\/li>\n<li><span style=\"font-family: arial, helvetica, sans-serif; color: #000000;\">P\u0159\u00edjemn\u011b von\u00ed<\/span><\/li>\n<li><span style=\"font-family: arial, helvetica, sans-serif; color: #000000;\">Velmi obl\u00edben\u00fd \u0161ampon pro po\u0161kozen\u00e9 vlasy<\/span><\/li>\n<\/ul>\n<p><span style=\"font-family: arial, helvetica, sans-serif; color: #000000;\">360 ml<\/span><\/p>\n<div class=\"woocommerce-product-details__short-description\">\n<div class=\"woocommerce-product-details__short-description\">\n<div class=\"product-detail-v4i4af\" data-testid=\"Presentation-product-detail-benefits\">\n<div class=\"product-detail-o40nju\" data-testid=\"Presentation-product-detail-price-section\"><span class=\"MuiTypography-root MuiTypography-caption product-detail-8q5iga\" style=\"font-family: arial, helvetica, sans-serif; font-size: 10pt;\" data-testid=\"Presentation-product-detail-LowestPreviousPrice\">Nejni\u017e\u0161\u00ed cena platn\u00e1 ve 30 dnech p\u0159ed platnost\u00ed sou\u010dasn\u00e9 ceny byla 180 K\u010d<\/span><\/div>\n<div class=\"product-detail-3hwh7p\">\n<div class=\"product-detail-1ft5wox\" data-testid=\"Presentation-product-detail-next-availability\"><\/div>\n<\/div>\n<\/div>\n<\/div>\n<\/div>\n","protected":false},"featured_media":6423,"comment_status":"closed","ping_status":"closed","template":"","meta":[],"pwb-brand":[87],"product_brand":[94],"product_cat":[15],"product_tag":[],"class_list":{"0":"post-6422","1":"product","2":"type-product","3":"status-publish","4":"has-post-thumbnail","6":"pwb-brand-https-www-farmasi-cz-inka-catalog","7":"product_brand-farmasi","8":"product_cat-nezarazene","10":"first","11":"instock","12":"sale","13":"taxable","14":"shipping-taxable","15":"purchasable","16":"product-type-simple"},"brands":[{"id":87,"name":"Farmasi","slug":"https-www-farmasi-cz-inka-catalog"}],"_links":{"self":[{"href":"https:\/\/priroda-uvadi.cz\/beauty\/wp-json\/wp\/v2\/product\/6422","targetHints":{"allow":["GET"]}}],"collection":[{"href":"https:\/\/priroda-uvadi.cz\/beauty\/wp-json\/wp\/v2\/product"}],"about":[{"href":"https:\/\/priroda-uvadi.cz\/beauty\/wp-json\/wp\/v2\/types\/product"}],"replies":[{"embeddable":true,"href":"https:\/\/priroda-uvadi.cz\/beauty\/wp-json\/wp\/v2\/comments?post=6422"}],"wp:featuredmedia":[{"embeddable":true,"href":"https:\/\/priroda-uvadi.cz\/beauty\/wp-json\/wp\/v2\/media\/6423"}],"wp:attachment":[{"href":"https:\/\/priroda-uvadi.cz\/beauty\/wp-json\/wp\/v2\/media?parent=6422"}],"wp:term":[{"taxonomy":"pwb-brand","embeddable":true,"href":"https:\/\/priroda-uvadi.cz\/beauty\/wp-json\/wp\/v2\/pwb-brand?post=6422"},{"taxonomy":"product_brand","embeddable":true,"href":"https:\/\/priroda-uvadi.cz\/beauty\/wp-json\/wp\/v2\/product_brand?post=6422"},{"taxonomy":"product_cat","embeddable":true,"href":"https:\/\/priroda-uvadi.cz\/beauty\/wp-json\/wp\/v2\/product_cat?post=6422"},{"taxonomy":"product_tag","embeddable":true,"href":"https:\/\/priroda-uvadi.cz\/beauty\/wp-json\/wp\/v2\/product_tag?post=6422"}],"curies":[{"name":"wp","href":"https:\/\/api.w.org\/{rel}","templated":true}]}}