{"id":6326,"date":"2024-09-05T17:15:01","date_gmt":"2024-09-05T15:15:01","guid":{"rendered":"https:\/\/priroda-uvadi.cz\/beauty\/?post_type=product&#038;p=6326"},"modified":"2025-12-07T21:21:54","modified_gmt":"2025-12-07T20:21:54","slug":"dr-c-tuna-vitalizing-olej-na-vlasy-s-cesnekem-a-capixylem","status":"publish","type":"product","link":"https:\/\/priroda-uvadi.cz\/beauty\/produkt\/dr-c-tuna-vitalizing-olej-na-vlasy-s-cesnekem-a-capixylem\/","title":{"rendered":"Dr.C. Tuna Vitalizing olej na vlasy s \u010desnekem a capixylem"},"content":{"rendered":"<div><span style=\"font-family: arial, helvetica, sans-serif; color: #000000;\"><strong><span class=\"ProductDetailHeader\" data-localize=\"ProductDetail.HowToUse\">N\u00e1vod na pou\u017eit\u00ed<\/span><\/strong><span id=\"HowToUse\" class=\"Description\"><strong>:<\/strong> Nejprve naneste na kone\u010dky a n\u00e1sledn\u011b vmas\u00edrujte po cel\u00e9 d\u00e9lce vlas\u016f. Nechte p\u016fsobit 30 minut, pot\u00e9 vlasy umyjte \u0161amponem ze stejn\u00e9 \u0159ady. <\/span><\/span><\/div>\n<div><span style=\"font-family: arial, helvetica, sans-serif; color: #000000;\"><span id=\"HowToUse\" class=\"Description\">Pro kompletn\u00ed a je\u0161t\u011b efektivn\u011bj\u0161\u00ed p\u00e9\u010di pou\u017eijte i masku na vlasy ze stejn\u00e9 \u0159ady. <\/span><\/span><\/div>\n<div><span id=\"HowToUse\" class=\"Description\" style=\"font-family: arial, helvetica, sans-serif; color: #000000;\">Olej pou\u017e\u00edvejte 2kr\u00e1t t\u00fddn\u011b.<\/span><\/div>\n<div>&#8212;&#8212;&#8212;&#8212;&#8212;&#8212;&#8212;&#8212;&#8212;&#8212;&#8212;&#8212;&#8212;&#8212;&#8212;&#8212;&#8212;&#8212;&#8212;&#8212;&#8212;&#8212;&#8212;&#8212;&#8212;&#8212;&#8212;&#8212;&#8212;&#8212;&#8212;&#8212;&#8212;&#8212;&#8212;&#8212;&#8212;&#8212;&#8211;<\/div>\n<div><span style=\"font-family: arial, helvetica, sans-serif; font-size: 10pt;\"><span class=\"ProductDetailHeader\" data-localize=\"ProductDetail.ProductTechnical\">Informace o produktu<\/span>\u00a0<span id=\"TechnicalDescription\" class=\"Description\">Allium Sativum Bulb (Garlic) Oil, Prunus Amygdalus Dulcis (Sweet Almond) Oil, Helianthus Annuus (Sun Flower) Seed Oil, Isopropyl Myristate, Caprylic\/Capric Triglyceride, Tocopheryl Acetate (Vitamin E)<\/span><\/span><\/div>\n","protected":false},"excerpt":{"rendered":"<div>\n<p><span style=\"font-family: arial, helvetica, sans-serif; color: #000000;\">Omlouv\u00e1m se, ale tento produkt, zde nen\u00ed moment\u00e1ln\u011b skladem.<\/span><\/p>\n<p><span style=\"font-family: arial, helvetica, sans-serif; color: #000000;\">Vyu\u017eijte m\u016fj paraleln\u00ed web: <strong><a style=\"color: #000000;\" title=\"Dr.C. Tuna Vitalizing olej na vlasy s \u010desnekem 30 ml\" href=\"https:\/\/www.farmasi.cz\/inka\" target=\"_blank\" rel=\"nofollow noopener noreferrer\"><span style=\"color: #ff0000;\">FARMASI.CZ\/INKA<\/span><\/a><\/strong><\/span><\/p>\n<p><span style=\"font-family: arial, helvetica, sans-serif; color: #000000;\">S VIP \u00da\u010cTEM NAV\u00cdC Z\u00cdSK\u00c1TE 23% SLEVU NA KA\u017dDOU SVOJI OBJEDN\u00c1VKU<\/span><\/p>\n<\/div>\n<div><span id=\"ProductDescription\" class=\"Description\" style=\"font-family: arial, helvetica, sans-serif; color: #000000;\">D\u00edky koncentrovan\u00e9mu slo\u017een\u00ed poskytuje ide\u00e1ln\u00ed p\u00e9\u010di o slab\u00e9 a jemn\u00e9 vlasy n\u00e1chyln\u00e9 k vypad\u00e1v\u00e1n\u00ed. Slo\u017een\u00ed je obohaceno o slune\u010dnicov\u00fd olej, sladk\u00fd mandlov\u00fd olej, miner\u00e1ly a vitamin E.<\/span><\/div>\n<div><span id=\"ProductDescription\" class=\"Description\" style=\"font-family: arial, helvetica, sans-serif; color: #000000;\"> Olej se snadno oplachuje, pom\u00e1h\u00e1 stimulovat vlasov\u00e9 folikuly a posilovat kone\u010dky vlas\u016f, kter\u00e9 maj\u00ed tendenci se l\u00e1mat.<\/span><\/div>\n<div><span id=\"ProductDescription\" class=\"Description\" style=\"font-family: arial, helvetica, sans-serif; color: #000000;\"> Va\u0161e vlasy zanech\u00e1 zdrav\u00e9 a z\u00e1\u0159iv\u00e9.<\/span><\/div>\n<div><span style=\"font-family: arial, helvetica, sans-serif; color: #000000;\">30 ml<\/span><\/div>\n<div>\n<div class=\"woocommerce-product-details__short-description\">\n<div class=\"products-app-emotion-1dv05e4\" data-testid=\"Presentation-product-detail-info-and-benefits\">\n<div class=\"products-app-emotion-1xez6c\">\n<div class=\"woocommerce-product-details__short-description\">\n<div class=\"products-app-emotion-1xez6c\">\n<div class=\"woocommerce-product-details__short-description\">\n<p><span class=\"MuiTypography-root MuiTypography-caption product-detail-8q5iga\" style=\"font-family: arial, helvetica, sans-serif;\" data-testid=\"Presentation-product-detail-LowestPreviousPrice\">Nejni\u017e\u0161\u00ed cena platn\u00e1 ve 30 dnech p\u0159ed platnost\u00ed sou\u010dasn\u00e9 ceny byla 175 K\u010d<\/span><\/p>\n<\/div>\n<\/div>\n<\/div>\n<\/div>\n<\/div>\n<\/div>\n<\/div>\n<div><\/div>\n","protected":false},"featured_media":6329,"comment_status":"closed","ping_status":"closed","template":"","meta":[],"pwb-brand":[87],"product_brand":[],"product_cat":[15],"product_tag":[],"class_list":{"0":"post-6326","1":"product","2":"type-product","3":"status-publish","4":"has-post-thumbnail","6":"pwb-brand-https-www-farmasi-cz-inka-catalog","7":"product_cat-nezarazene","9":"first","10":"outofstock","11":"taxable","12":"shipping-taxable","13":"purchasable","14":"product-type-simple"},"brands":[{"id":87,"name":"Farmasi","slug":"https-www-farmasi-cz-inka-catalog"}],"_links":{"self":[{"href":"https:\/\/priroda-uvadi.cz\/beauty\/wp-json\/wp\/v2\/product\/6326","targetHints":{"allow":["GET"]}}],"collection":[{"href":"https:\/\/priroda-uvadi.cz\/beauty\/wp-json\/wp\/v2\/product"}],"about":[{"href":"https:\/\/priroda-uvadi.cz\/beauty\/wp-json\/wp\/v2\/types\/product"}],"replies":[{"embeddable":true,"href":"https:\/\/priroda-uvadi.cz\/beauty\/wp-json\/wp\/v2\/comments?post=6326"}],"wp:featuredmedia":[{"embeddable":true,"href":"https:\/\/priroda-uvadi.cz\/beauty\/wp-json\/wp\/v2\/media\/6329"}],"wp:attachment":[{"href":"https:\/\/priroda-uvadi.cz\/beauty\/wp-json\/wp\/v2\/media?parent=6326"}],"wp:term":[{"taxonomy":"pwb-brand","embeddable":true,"href":"https:\/\/priroda-uvadi.cz\/beauty\/wp-json\/wp\/v2\/pwb-brand?post=6326"},{"taxonomy":"product_brand","embeddable":true,"href":"https:\/\/priroda-uvadi.cz\/beauty\/wp-json\/wp\/v2\/product_brand?post=6326"},{"taxonomy":"product_cat","embeddable":true,"href":"https:\/\/priroda-uvadi.cz\/beauty\/wp-json\/wp\/v2\/product_cat?post=6326"},{"taxonomy":"product_tag","embeddable":true,"href":"https:\/\/priroda-uvadi.cz\/beauty\/wp-json\/wp\/v2\/product_tag?post=6326"}],"curies":[{"name":"wp","href":"https:\/\/api.w.org\/{rel}","templated":true}]}}