{"id":5899,"date":"2024-05-07T15:07:51","date_gmt":"2024-05-07T13:07:51","guid":{"rendered":"https:\/\/priroda-uvadi.cz\/beauty\/?post_type=product&#038;p=5899"},"modified":"2025-01-14T14:19:09","modified_gmt":"2025-01-14T13:19:09","slug":"dr-c-tuna-resurface-pletove-serum-s-retinolem","status":"publish","type":"product","link":"https:\/\/priroda-uvadi.cz\/beauty\/produkt\/dr-c-tuna-resurface-pletove-serum-s-retinolem\/","title":{"rendered":"Dr. C. Tuna Resurface ple\u0165ov\u00e9 s\u00e9rum s retinolem"},"content":{"rendered":"<div>\n<p><span style=\"font-family: arial, helvetica, sans-serif; color: #000000;\"><strong>Upozorn\u011bn\u00ed:<\/strong>\u00a0Pouze pro vn\u011bj\u0161\u00ed pou\u017eit\u00ed. <\/span><\/p>\n<p><span style=\"font-family: arial, helvetica, sans-serif; color: #000000;\">Vyh\u00fdbejte se kontaktu s o\u010dima a se rty. <\/span><\/p>\n<p><span style=\"font-family: arial, helvetica, sans-serif; color: #000000;\">Naneste mal\u00e9 mno\u017estv\u00ed na malou oblast na poko\u017ece a po\u010dkejte, zda se objev\u00ed n\u011bjak\u00e1 reakce. V p\u0159\u00edpad\u011b podr\u00e1\u017ed\u011bn\u00ed, zarudnut\u00ed, sv\u011bd\u011bn\u00ed nebo zv\u00fd\u0161en\u00e9 citlivosti p\u0159esta\u0148te v\u00fdrobek pou\u017e\u00edvat. V z\u00e1vislosti na citlivosti poko\u017eky se m\u016f\u017ee objevit m\u00edrn\u00e9 podr\u00e1\u017ed\u011bn\u00ed nebo zarudnut\u00ed.<\/span><\/p>\n<p><span style=\"font-family: arial, helvetica, sans-serif; color: #000000;\"> Pokud podr\u00e1\u017ed\u011bn\u00ed poko\u017eky p\u0159etrv\u00e1v\u00e1, p\u0159esta\u0148te v\u00fdrobek denn\u011b pou\u017e\u00edvat. <\/span><\/p>\n<p><span style=\"font-family: arial, helvetica, sans-serif; color: #000000;\">V p\u0159\u00edpad\u011b p\u0159etrv\u00e1vaj\u00edc\u00edho podr\u00e1\u017ed\u011bn\u00ed, p\u0159esta\u0148te v\u00fdrobek zcela pou\u017e\u00edvat a pora\u010fte se se sv\u00fdm l\u00e9ka\u0159em. B\u011bhem dne pou\u017e\u00edvejte kr\u00e9m s ochrann\u00fdm faktorem. Nedoporu\u010duje se pro t\u011bhotn\u00e9 a koj\u00edc\u00ed \u017eeny. <\/span><\/p>\n<p><span style=\"font-family: arial, helvetica, sans-serif; color: #000000;\">Uchov\u00e1vejte mimo dosah d\u011bt\u00ed. Chra\u0148te p\u0159ed slune\u010dn\u00edm z\u00e1\u0159en\u00edm. Skladujte p\u0159i pokojov\u00e9 teplot\u011b.<\/span><\/p>\n<p>&#8212;&#8212;&#8212;&#8212;&#8212;&#8212;&#8212;&#8212;&#8212;&#8212;&#8212;&#8212;&#8212;&#8212;&#8212;&#8212;&#8212;&#8212;&#8212;&#8212;&#8212;&#8212;&#8212;&#8212;&#8212;&#8212;&#8212;&#8212;&#8212;&#8212;&#8212;&#8212;&#8212;&#8212;&#8211;<\/p>\n<\/div>\n<div><span style=\"font-family: arial, helvetica, sans-serif; font-size: 10pt;\">V\u0161echny slo\u017eky<\/span><\/div>\n<div><span id=\"TechnicalDescription\" class=\"Description\" style=\"font-family: arial, helvetica, sans-serif; font-size: 10pt;\">Water\/Aqua, Caprylic\/Capric Triglyceride, Glycerin, Butylene Glycol, Squalene, Glyceryl Stearate SE, Hexyldecanol, Hexyldecyl Laurate, Sodium Ascorbate, Tocopherol, Retinol, Vaccinium Myrtillus Fruit\/Leaf Extract, Saccharum Officinarum Extract, Citrus Aurantium Dulcis Fruit Extract, Citrus Limon Fruit Extract, Acer Saccharum Extract, Phenoxyethanol, Tocopheryl Acetate, Glyceryl Caprylate\/Caprate, Triethanolamine, Helianthus Annuus Seed Oil, Chlorella Vulgaris Extract, Rosmarinus Officinalis Leaf Extract, Xanthan Gum, Sodium Polyacrylate, Niacinamide, Acrylates\/C10-30 Alkyl Acrylate Crosspolymer, Disodium EDTA, Ethylhexylglycerin.<\/span><\/div>\n","protected":false},"excerpt":{"rendered":"<p><span style=\"font-family: arial, helvetica, sans-serif; color: #000000;\">\u00da\u010dinn\u00e9 s\u00e9rum na obli\u010dej pom\u00e1h\u00e1 vyrovn\u00e1vat t\u00f3n pleti a z\u00e1rove\u0148 podporuje zdrav\u00fd a pln\u00fd vzhled. Pom\u00e1h\u00e1 poko\u017ece nab\u00fdt hydratovan\u00fd, vyhlazen\u00fd a z\u00e1\u0159iv\u00fd vzhled.<\/span><\/p>\n<p><span style=\"font-family: arial, helvetica, sans-serif; color: #000000;\">Pou\u017eit\u00ed: P\u0159ed pou\u017eit\u00edm dob\u0159e prom\u00edchejte. Aplikujte na noc na \u010distou tv\u00e1\u0159 a poko\u017eku krku. N\u00e1sledn\u011b naneste hydrata\u010dn\u00ed kr\u00e9m.<\/span><\/p>\n<p><span style=\"font-family: arial, helvetica, sans-serif; color: #000000;\">30 ml<\/span><\/p>\n<div class=\"woocommerce-product-details__short-description\">\n<div class=\"woocommerce-product-details__short-description\">\n<div class=\"product-detail-v4i4af\" data-testid=\"Presentation-product-detail-benefits\">\n<div class=\"woocommerce-product-details__short-description\">\n<div class=\"product-detail-o40nju\" data-testid=\"Presentation-product-detail-price-section\"><span class=\"MuiTypography-root MuiTypography-caption product-detail-8q5iga\" style=\"font-family: arial, helvetica, sans-serif; font-size: 10pt;\" data-testid=\"Presentation-product-detail-LowestPreviousPrice\">Nejni\u017e\u0161\u00ed cena platn\u00e1 ve 30 dnech p\u0159ed platnost\u00ed sou\u010dasn\u00e9 ceny byla 450 K\u010d<\/span><\/div>\n<\/div>\n<\/div>\n<\/div>\n<\/div>\n","protected":false},"featured_media":5900,"comment_status":"closed","ping_status":"closed","template":"","meta":[],"pwb-brand":[87],"product_brand":[],"product_cat":[30,43],"product_tag":[],"class_list":{"0":"post-5899","1":"product","2":"type-product","3":"status-publish","4":"has-post-thumbnail","6":"pwb-brand-https-www-farmasi-cz-inka-catalog","7":"product_cat-pece-o-plet","8":"product_cat-pletova-sera","10":"first","11":"instock","12":"sale","13":"taxable","14":"shipping-taxable","15":"purchasable","16":"product-type-simple"},"brands":[{"id":87,"name":"Farmasi","slug":"https-www-farmasi-cz-inka-catalog"}],"_links":{"self":[{"href":"https:\/\/priroda-uvadi.cz\/beauty\/wp-json\/wp\/v2\/product\/5899","targetHints":{"allow":["GET"]}}],"collection":[{"href":"https:\/\/priroda-uvadi.cz\/beauty\/wp-json\/wp\/v2\/product"}],"about":[{"href":"https:\/\/priroda-uvadi.cz\/beauty\/wp-json\/wp\/v2\/types\/product"}],"replies":[{"embeddable":true,"href":"https:\/\/priroda-uvadi.cz\/beauty\/wp-json\/wp\/v2\/comments?post=5899"}],"wp:featuredmedia":[{"embeddable":true,"href":"https:\/\/priroda-uvadi.cz\/beauty\/wp-json\/wp\/v2\/media\/5900"}],"wp:attachment":[{"href":"https:\/\/priroda-uvadi.cz\/beauty\/wp-json\/wp\/v2\/media?parent=5899"}],"wp:term":[{"taxonomy":"pwb-brand","embeddable":true,"href":"https:\/\/priroda-uvadi.cz\/beauty\/wp-json\/wp\/v2\/pwb-brand?post=5899"},{"taxonomy":"product_brand","embeddable":true,"href":"https:\/\/priroda-uvadi.cz\/beauty\/wp-json\/wp\/v2\/product_brand?post=5899"},{"taxonomy":"product_cat","embeddable":true,"href":"https:\/\/priroda-uvadi.cz\/beauty\/wp-json\/wp\/v2\/product_cat?post=5899"},{"taxonomy":"product_tag","embeddable":true,"href":"https:\/\/priroda-uvadi.cz\/beauty\/wp-json\/wp\/v2\/product_tag?post=5899"}],"curies":[{"name":"wp","href":"https:\/\/api.w.org\/{rel}","templated":true}]}}