{"id":589,"date":"2020-12-30T22:04:04","date_gmt":"2020-12-30T21:04:04","guid":{"rendered":"https:\/\/priroda-uvadi.cz\/beauty\/?post_type=product&#038;p=589"},"modified":"2026-02-19T09:30:08","modified_gmt":"2026-02-19T08:30:08","slug":"parfem-all-or-nothing","status":"publish","type":"product","link":"https:\/\/priroda-uvadi.cz\/beauty\/produkt\/parfem-all-or-nothing\/","title":{"rendered":"All or Nothing pafr\u00e9m pro \u017eeny W P 50 ml"},"content":{"rendered":"<p><span style=\"font-family: arial, helvetica, sans-serif; color: #000000;\">\u017dijte \u017eivot naplno s All or Nothing, neodolateln\u00fdm orient\u00e1ln\u00edm parf\u00e9mem, na n\u011bj\u017e nelze zapomenout.<\/span><\/p>\n<ul class=\"products-app-emotion-tr0r3x\">\n<li data-testid=\"Presentation-product-detail-product-benefit\"><span style=\"font-family: arial, helvetica, sans-serif; color: #000000;\">\u2022 Vytvo\u0159en s jedine\u010dn\u00fdm akordem \u010dist\u00e9 vanilky z udr\u017eiteln\u00fdch zdroj\u016f na Madagaskaru.<\/span><\/li>\n<li data-testid=\"Presentation-product-detail-product-benefit\"><span style=\"font-family: arial, helvetica, sans-serif; color: #000000;\">\u2022 Vyu\u017e\u00edv\u00e1 exkluzivn\u00ed technologii, kter\u00e1 vytv\u00e1\u0159\u00ed dlouhotrvaj\u00edc\u00ed, nezapomenuteln\u00fd dojem.<\/span><\/li>\n<li data-testid=\"Presentation-product-detail-product-benefit\"><span style=\"font-family: arial, helvetica, sans-serif; color: #000000;\">\u2022 Jedine\u010dn\u011b elegantn\u00ed a luxusn\u00ed flak\u00f3n.<\/span><\/li>\n<\/ul>\n<p class=\"MuiTypography-root MuiTypography-body1 products-app-emotion-qhldfo\"><span style=\"color: #000000; font-family: arial, helvetica, sans-serif;\">P\u0159epychov\u00fd kv\u011btinov\u00fd buket magn\u00f3lie a fr\u00e9zie se \u0161\u0165avnat\u011b sv\u011b\u017e\u00edm citronem Primo Fiore tvo\u0159\u00ed<\/span> <span style=\"font-family: arial, helvetica, sans-serif; color: #000000;\">nezapomenuteln\u00fd prvn\u00ed dojem, kter\u00fd trv\u00e1. V\u00fdrazn\u00e9 srdce sladce opojn\u00fdch okv\u011btn\u00edch pl\u00e1tk\u016f jasm\u00ednu, esence z dama\u0161sk\u00e9 r\u016f\u017ee a sv\u011b\u017e\u00ed maliny se m\u00eds\u00ed s exkluzivn\u00edm, udr\u017eiteln\u011b z\u00edskan\u00fdm akordem \u010dist\u00e9 vanilky a v\u00fdsledkem je naprosto neodolateln\u00fd pocit. V\u016fni proh\u0159\u00edv\u00e1 d\u0159evit\u00fd cedr a pi\u017emo.<\/span><\/p>\n<p class=\"MuiTypography-root MuiTypography-body1 products-app-emotion-qhldfo\"><span style=\"font-family: arial, helvetica, sans-serif; color: #000000;\">Rodina v\u016fn\u00ed<\/span><\/p>\n<p class=\"MuiTypography-root MuiTypography-body1 products-app-emotion-qhldfo\"><span style=\"font-family: arial, helvetica, sans-serif; color: #000000;\">Orient\u00e1ln\u00ed vanilkov\u00e1 ovocn\u00e1<\/span><\/p>\n<p class=\"MuiTypography-root MuiTypography-body1 products-app-emotion-qhldfo\"><span style=\"font-family: arial, helvetica, sans-serif; color: #000000;\">Kl\u00ed\u010dov\u00fd t\u00f3n<\/span><\/p>\n<p class=\"MuiTypography-root MuiTypography-body1 products-app-emotion-qhldfo\"><span style=\"font-family: arial, helvetica, sans-serif; color: #000000;\">\u010cist\u00e1 vanilka<\/span><\/p>\n<p class=\"MuiTypography-root MuiTypography-body1 products-app-emotion-qhldfo\"><span style=\"font-family: arial, helvetica, sans-serif; color: #000000;\">P\u0159\u00edb\u011bh kl\u00ed\u010dov\u00e9 ingredience<\/span><\/p>\n<p class=\"MuiTypography-root MuiTypography-body1 products-app-emotion-qhldfo\"><span style=\"font-family: arial, helvetica, sans-serif; color: #000000;\">Exkluzivn\u00ed \u010dist\u00e1 vanilka, z\u00edsk\u00e1van\u00e1 ekologicky udr\u017eiteln\u00fdm zp\u016fsobem na Madagaskaru, pat\u0159\u00ed k nejkvalitn\u011bj\u0161\u00edm druh\u016fm vanilky na sv\u011bt\u011b. Jej\u00ed bohat\u011b h\u0159ejiv\u00e1 a kouzeln\u011b neodolateln\u00e1, sladk\u00e1 v\u016fn\u011b vytv\u00e1\u0159\u00ed sv\u016fdn\u011b orient\u00e1ln\u00ed dojem.<\/span><\/p>\n<p class=\"MuiTypography-root MuiTypography-body1 products-app-emotion-qhldfo\"><span style=\"font-family: arial, helvetica, sans-serif;\">Kl\u00ed\u010dov\u00e9 t\u00f3ny<\/span><\/p>\n<p class=\"MuiTypography-root MuiTypography-body1 products-app-emotion-qhldfo\"><span style=\"font-family: arial, helvetica, sans-serif;\">\u00davodn\u00ed t\u00f3ny: citron Primo Fiore, fr\u00e9zie,\u00a0<strong class=\"MuiTypography-root MuiTypography-body1 products-app-emotion-mgwimn\">magn\u00f3lie<\/strong><\/span><\/p>\n<p class=\"MuiTypography-root MuiTypography-body1 products-app-emotion-qhldfo\"><span style=\"font-family: arial, helvetica, sans-serif;\">Srdce: okv\u011btn\u00ed pl\u00e1tky jasm\u00ednu, esence z dama\u0161kov\u00e9 r\u016f\u017ee,\u00a0<strong class=\"MuiTypography-root MuiTypography-body1 products-app-emotion-mgwimn\">malina<\/strong><\/span><\/p>\n<p class=\"MuiTypography-root MuiTypography-body1 products-app-emotion-qhldfo\"><span style=\"font-family: arial, helvetica, sans-serif;\">Dozn\u011bn\u00ed:\u00a0<strong class=\"MuiTypography-root MuiTypography-body1 products-app-emotion-mgwimn\">\u010dist\u00e1 vanilka<\/strong>, cedr, pi\u017emo<\/span><\/p>\n<p><span style=\"font-family: arial, helvetica, sans-serif;\">&#8212;&#8212;&#8212;&#8212;&#8212;&#8212;&#8212;&#8212;&#8212;&#8212;&#8212;&#8212;&#8212;&#8212;&#8212;<\/span>&#8212;&#8212;&#8212;&#8212;&#8212;&#8212;&#8212;&#8212;&#8212;&#8212;&#8212;&#8212;&#8212;&#8212;&#8212;&#8212;&#8212;&#8212;&#8212;&#8212;&#8211;<\/p>\n<div class=\"MuiBox-root products-app-emotion-lo8cwh\">\n<div data-testid=\"Presentation-product-detail-additional-description-title\"><span style=\"font-family: arial, helvetica, sans-serif; font-size: 10pt;\">V\u0161echny ingredience<\/span><\/div>\n<div data-testid=\"Presentation-product-detail-additional-description-text\"><span style=\"font-family: arial, helvetica, sans-serif; font-size: 10pt;\">ALCOHOL DENAT., PARFUM, AQUA, LINALOOL, HYDROXYCITRONELLAL, BENZYL SALICYLATE, LIMONENE, CITRONELLOL, BUTYL METHOXYDIBENZOYLMETHANE, ALPHA-ISOMETHYL IONONE, CITRAL, GERANIOL<\/span><\/div>\n<\/div>\n<p class=\"MuiTypography-root MuiTypography-body1 products-app-emotion-qhldfo\" data-testid=\"Presentation-product-detail-dimensions\"><span style=\"font-family: arial, helvetica, sans-serif; font-size: 10pt;\">Rozm\u011bry: D\u00e9lka 110mm, V\u00fd\u0161ka 40mm, Hloubka 85mm, Hmotnost 266g<\/span><\/p>\n<p class=\"MuiTypography-root MuiTypography-body1 products-app-emotion-qhldfo\" data-testid=\"Presentation-product-detail-full-product-name\"><span style=\"font-family: arial, helvetica, sans-serif; font-size: 10pt;\">\u00dapln\u00fd n\u00e1zev produktu: Parf\u00e9m All or Nothing<\/span><\/p>\n<p class=\"MuiTypography-root MuiTypography-body1 products-app-emotion-z53mru\"><span style=\"font-family: arial, helvetica, sans-serif; font-size: 10pt;\">N\u00e1zev a adresa v\u00fdrobce(\u016f) a zem\u011b p\u016fvodu<\/span><\/p>\n<div class=\"MuiBox-root products-app-emotion-p1vtja\">\n<div class=\"MuiBox-root products-app-emotion-0\"><span style=\"font-family: arial, helvetica, sans-serif; font-size: 10pt;\">V\u00fdrobcem produktu je jeden z n\u00ed\u017ee uveden\u00fdch subjekt\u016f. Pro p\u0159esn\u00e9 informace pros\u00edm vyhledejte konkr\u00e9tn\u00ed produkt.<\/span><\/div>\n<div class=\"MuiBox-root products-app-emotion-0\">\n<p class=\"MuiTypography-root MuiTypography-body1 products-app-emotion-1lg9s02\"><span style=\"font-family: arial, helvetica, sans-serif; font-size: 10pt;\">Cetes Cosmetics Poland Sp. z o. o.<\/span><\/p>\n<p class=\"MuiTypography-root MuiTypography-body1 products-app-emotion-1lg9s02\"><span style=\"font-family: arial, helvetica, sans-serif; font-size: 10pt;\">ul. Bohater\u00f3w Warszawy 2<\/span><\/p>\n<p class=\"MuiTypography-root MuiTypography-body1 products-app-emotion-1lg9s02\"><span style=\"font-family: arial, helvetica, sans-serif; font-size: 10pt;\">Warszawa\u00a002-495<\/span><\/p>\n<p class=\"MuiTypography-root MuiTypography-body1 products-app-emotion-1lg9s02\"><span style=\"font-family: arial, helvetica, sans-serif; font-size: 10pt;\">POLAND<\/span><\/p>\n<p class=\"MuiTypography-root MuiTypography-body1 products-app-emotion-1lg9s02\"><span style=\"font-family: arial, helvetica, sans-serif; font-size: 10pt;\">Zem\u011b p\u016fvodu\u00a0POLAND<\/span><\/p>\n<\/div>\n<div class=\"MuiBox-root products-app-emotion-0\">\n<p class=\"MuiTypography-root MuiTypography-body1 products-app-emotion-1lg9s02\"><span style=\"font-family: arial, helvetica, sans-serif; font-size: 10pt;\">PT. LF Beauty Manufacturing Indonesia<\/span><\/p>\n<p class=\"MuiTypography-root MuiTypography-body1 products-app-emotion-1lg9s02\"><span style=\"font-family: arial, helvetica, sans-serif; font-size: 10pt;\">JI. Raya Bogor KM.28<\/span><\/p>\n<p class=\"MuiTypography-root MuiTypography-body1 products-app-emotion-1lg9s02\"><span style=\"font-family: arial, helvetica, sans-serif; font-size: 10pt;\">RT 004\/RW 007<\/span><\/p>\n<p class=\"MuiTypography-root MuiTypography-body1 products-app-emotion-1lg9s02\"><span style=\"font-family: arial, helvetica, sans-serif; font-size: 10pt;\">Kel. Pekayon<\/span><\/p>\n<p class=\"MuiTypography-root MuiTypography-body1 products-app-emotion-1lg9s02\"><span style=\"font-family: arial, helvetica, sans-serif; font-size: 10pt;\">Kec. Pasar Rebo\u00a0INDONESIA<\/span><\/p>\n<p class=\"MuiTypography-root MuiTypography-body1 products-app-emotion-1lg9s02\"><span style=\"font-family: arial, helvetica, sans-serif; font-size: 10pt;\">Zem\u011b p\u016fvodu\u00a0INDONESIA<\/span><\/p>\n<\/div>\n<\/div>\n","protected":false},"excerpt":{"rendered":"<div class=\"tab g-center g12 active show-more-wrap\" data-rwd=\"{&quot;cssClass&quot;:{&quot;-1&quot;:&quot;g12&quot;,&quot;0&quot;:&quot;g9&quot;,&quot;1&quot;:&quot;g14&quot;,&quot;2&quot;:&quot;g18&quot;}}\">\n<p><span style=\"font-family: arial, helvetica, sans-serif; color: #000000;\">Jste jedine\u010dn\u00e1 \u2013 m\u016f\u017eete b\u00fdt k\u00fdmkoli chcete. Neboj\u00edte se postavit a skute\u010dn\u011b pro\u017e\u00edvat \u017eivot po sv\u00e9m.<\/span><\/p>\n<p><span style=\"font-family: arial, helvetica, sans-serif; color: #000000;\">\u017dijte \u017eivot NAPLNO s All or Nothing, neodolateln\u00fdm orient\u00e1ln\u00edm parf\u00e9mem, na kter\u00fd nelze zapomenout. Hlavn\u00ed slovo v n\u011bm m\u00e1 kouzeln\u00e1 osobnost \u00fachvatn\u00e9ho akordu \u010dist\u00e9 vanilky, kter\u00fd se m\u00eds\u00ed s p\u0159epychovou magn\u00f3li\u00ed a \u0161\u0165avnat\u00fdm citronem Primo Fiore. Parf\u00e9m pou\u017e\u00edv\u00e1 exkluzivn\u00ed technologii, d\u00edky n\u00ed\u017e zanech\u00e1v\u00e1 dlouhotrvaj\u00edc\u00ed, nezapomenuteln\u00fd dojem. To v\u0161e v elegantn\u00edm obalu \u2013 kter\u00fd u\u017e s\u00e1m je prvn\u00edm krokem cel\u00e9ho luxusn\u00edho z\u00e1\u017eitku.<\/span><\/p>\n<p><span style=\"font-family: arial, helvetica, sans-serif; color: #000000;\">Nebojte se b\u00fdt sv\u00e1 s t\u00edmto nov\u00fdm konceptem v\u016fn\u011b All or Nothing \u2013 v\u017edy jedine\u010dn\u00e1, v\u017edy vyjad\u0159uj\u00edc\u00ed podstatu sebe sama. <\/span><span style=\"font-family: arial, helvetica, sans-serif; color: #000000;\">50ml<\/span><\/p>\n<div class=\"woocommerce-product-details__short-description\">\n<div class=\"product-detail-yv4fe8\">\n<div class=\"product-detail-v4i4af\">\n<div>\n<div class=\"woocommerce-product-details__short-description\">\n<div class=\"woocommerce-product-details__short-description\">\n<div class=\"product-detail-1yhj3ra\">\n<p class=\"product-detail-17mztir\" data-testid=\"Presentation-product-detail-LowestPreviousPrice\"><span style=\"font-family: arial, helvetica, sans-serif; font-size: 10pt;\">Nejni\u017e\u0161\u00ed cena platn\u00e1 ve 30 dnech p\u0159ed platnost\u00ed sou\u010dasn\u00e9 ceny byla 899 K\u010d<\/span><\/p>\n<\/div>\n<div><\/div>\n<\/div>\n<\/div>\n<\/div>\n<\/div>\n<\/div>\n<\/div>\n<\/div>\n","protected":false},"featured_media":590,"comment_status":"open","ping_status":"closed","template":"","meta":[],"pwb-brand":[27],"product_brand":[91],"product_cat":[17],"product_tag":[],"class_list":{"0":"post-589","1":"product","2":"type-product","3":"status-publish","4":"has-post-thumbnail","6":"pwb-brand-https-cz-oriflame-com-cataloguesstorebeautyobchod","7":"product_brand-oriflame","8":"product_cat-vune-zeny","10":"first","11":"instock","12":"sale","13":"taxable","14":"shipping-taxable","15":"purchasable","16":"product-type-simple"},"brands":[{"id":27,"name":"Oriflame","slug":"https-cz-oriflame-com-cataloguesstorebeautyobchod"}],"_links":{"self":[{"href":"https:\/\/priroda-uvadi.cz\/beauty\/wp-json\/wp\/v2\/product\/589","targetHints":{"allow":["GET"]}}],"collection":[{"href":"https:\/\/priroda-uvadi.cz\/beauty\/wp-json\/wp\/v2\/product"}],"about":[{"href":"https:\/\/priroda-uvadi.cz\/beauty\/wp-json\/wp\/v2\/types\/product"}],"replies":[{"embeddable":true,"href":"https:\/\/priroda-uvadi.cz\/beauty\/wp-json\/wp\/v2\/comments?post=589"}],"wp:featuredmedia":[{"embeddable":true,"href":"https:\/\/priroda-uvadi.cz\/beauty\/wp-json\/wp\/v2\/media\/590"}],"wp:attachment":[{"href":"https:\/\/priroda-uvadi.cz\/beauty\/wp-json\/wp\/v2\/media?parent=589"}],"wp:term":[{"taxonomy":"pwb-brand","embeddable":true,"href":"https:\/\/priroda-uvadi.cz\/beauty\/wp-json\/wp\/v2\/pwb-brand?post=589"},{"taxonomy":"product_brand","embeddable":true,"href":"https:\/\/priroda-uvadi.cz\/beauty\/wp-json\/wp\/v2\/product_brand?post=589"},{"taxonomy":"product_cat","embeddable":true,"href":"https:\/\/priroda-uvadi.cz\/beauty\/wp-json\/wp\/v2\/product_cat?post=589"},{"taxonomy":"product_tag","embeddable":true,"href":"https:\/\/priroda-uvadi.cz\/beauty\/wp-json\/wp\/v2\/product_tag?post=589"}],"curies":[{"name":"wp","href":"https:\/\/api.w.org\/{rel}","templated":true}]}}