{"id":5831,"date":"2024-04-29T16:24:49","date_gmt":"2024-04-29T14:24:49","guid":{"rendered":"https:\/\/priroda-uvadi.cz\/beauty\/?post_type=product&#038;p=5831"},"modified":"2025-12-25T14:09:14","modified_gmt":"2025-12-25T13:09:14","slug":"rozjasnujici-make-up-the-one-illuskin-glow-vanilla-neutral","status":"publish","type":"product","link":"https:\/\/priroda-uvadi.cz\/beauty\/produkt\/rozjasnujici-make-up-the-one-illuskin-glow-vanilla-neutral\/","title":{"rendered":"Rozjas\u0148uj\u00edc\u00ed make-up The ONE Illuskin Glow &#8211; Vanilla Neutral 30ml"},"content":{"rendered":"<p><span style=\"font-family: arial, helvetica, sans-serif; color: #000000;\">Make-up, kter\u00fd odr\u00e1\u017e\u00ed sv\u011btlo a okam\u017eit\u011b opticky rozost\u0159uje a vyhlazuje jemn\u00e9 linky, p\u0159in\u00e1\u0161\u00ed va\u0161\u00ed pleti sv\u011b\u017e\u00ed jas a bezchybnou hebkost bez rozp\u00edjen\u00ed nebo vybled\u00e1n\u00ed na \u00fa\u017easn\u00fdch 12 hodin. Vhodn\u00fd pro pou\u017eit\u00ed kolem o\u010d\u00ed a pro v\u0161echny typy pleti. P\u0159irozen\u011b proz\u00e1\u0159en\u00e1 ple\u0165 \u2013 m\u016f\u017eete vyrazit!<\/span><\/p>\n<p><span style=\"font-family: arial, helvetica, sans-serif; color: #000000;\"><strong>POU\u017dIT\u00cd<\/strong><\/span><\/p>\n<p><span style=\"font-family: arial, helvetica, sans-serif; color: #000000;\">\u010cist\u00fdmi \u0161pi\u010dkami prst\u016f nebo \u0161t\u011btcem na make-up naneste p\u0159\u00edmo na tv\u00e1\u0159. Za\u010dn\u011bte ve st\u0159edu obli\u010deje a postupujte sm\u011brem ven k okraj\u016fm. Vyhla\u010fte a rozet\u0159ete do kr\u00e1sn\u011b rovnom\u011brn\u00e9ho efektu.<\/span><\/p>\n<div class=\"product-detail-bwy4oe\">\n<p><span style=\"font-family: arial, helvetica, sans-serif; color: #000000;\">P\u0159\u00edrodn\u00ed voda z ledovce zvolna prosakuje horninami a kameny \u0161v\u00fdcarsk\u00fdch Alp, filtruje se a obohacuje stopov\u00fdmi miner\u00e1ly. Tento make-up obsahuje p\u0159\u00edrodn\u00ed vodu z ledovce zapouzd\u0159enou v lipozomech, co\u017e j\u00ed umo\u017e\u0148uje l\u00e9pe proniknout do poko\u017eku a \u00fa\u010dinn\u011b ji hydratovat a osv\u011b\u017eit!<\/span><\/p>\n<p><span style=\"font-family: arial, helvetica, sans-serif; color: #000000;\">Sou\u010d\u00e1st\u00ed receptury jsou dva p\u0159irozen\u011b se vyskytuj\u00edc\u00ed miner\u00e1ly, kter\u00e9 odr\u00e1\u017eej\u00ed sv\u011btlo a pom\u00e1haj\u00ed vytv\u00e1\u0159et projas\u0148uj\u00edc\u00ed efekt, d\u00edky n\u011bmu\u017e va\u0161e ple\u0165 z\u00e1\u0159\u00ed od okam\u017eiku, kdy make-up nanesete.<\/span><\/p>\n<p><span style=\"font-family: arial, helvetica, sans-serif; color: #000000;\">HD pigmenty jsou umn\u011b nam\u00edchan\u00e9 do jednotliv\u00fdch odst\u00edn\u016f a v synergii s ostatn\u00edmi slo\u017ekami receptury zakr\u00fdvaj\u00ed viditeln\u00e9 nedokonalosti pleti v\u010detn\u011b tmav\u00fdch kruh\u016f pod o\u010dima a pigmentov\u00fdch skvrn. *<\/span><\/p>\n<p><span style=\"font-family: arial, helvetica, sans-serif; color: #000000;\"><small>* Spot\u0159ebitelsky testov\u00e1no<\/small><\/span><br \/>\n\u2014\u2014\u2014\u2014\u2014\u2014\u2014\u2014\u2014\u2014\u2014\u2014\u2014\u2014\u2014\u2014\u2014\u2014\u2014\u2014\u2014\u2014\u2014\u2014\u2014\u2014\u2014\u2014\u2014\u2014\u2014\u2014\u2014\u2014\u2014\u2014\u2014\u2014\u2014-<\/p>\n<\/div>\n<div class=\"MuiBox-root product-detail-cjr3gg\">\n<div><span style=\"font-family: arial, helvetica, sans-serif; font-size: 10pt;\">V\u0161echny slo\u017eky<\/span><\/div>\n<div><span style=\"font-family: arial, helvetica, sans-serif; font-size: 10pt;\">AQUA, CAPRYLIC\/CAPRIC TRIGLYCERIDE, DICAPRYLYL CARBONATE, BUTYLENE GLYCOL, CAPRYLYL METHICONE, DIISOPROPYL ADIPATE, LAURYL PEG-10 TRIS(TRIMETHYLSILOXY)SILYLETHYL DIMETHICONE, TRIMETHYLSILOXYSILICATE, DIMETHICONE\/VINYL DIMETHICONE CROSSPOLYMER, DIMETHICONE, SODIUM CHLORIDE, STEARALKONIUM HECTORITE, 1,2-HEXANEDIOL, MICA, PROPYLENE CARBONATE, HYDROXYACETOPHENONE, SODIUM GLUCONATE, SILICA DIMETHYL SILYLATE, ALCOHOL, ALUMINA, TITANIUM DIOXIDE, TRIETHOXYCAPRYLYLSILANE, LECITHIN, SILICA, TIN OXIDE, +\/-: CI 77891, CI 77492, CI 77491, CI 77499<\/span><\/div>\n<\/div>\n","protected":false},"excerpt":{"rendered":"<div class=\"product-detail-dbszwy\" data-testid=\"Presentation-product-detail-summary-info\"><span style=\"font-family: arial, helvetica, sans-serif; color: #000000;\">Make-up, kter\u00fd odr\u00e1\u017e\u00ed sv\u011btlo a okam\u017eit\u011b opticky rozost\u0159uje a vyhlazuje jemn\u00e9 linky, p\u0159in\u00e1\u0161\u00ed va\u0161\u00ed pleti sv\u011b\u017e\u00ed jas a bezchybnou hebkost na \u00fa\u017easn\u00fdch 12 hodin.\u00a0 30ml<\/span><\/div>\n<div class=\"product-detail-v4i4af\" data-testid=\"Presentation-product-detail-benefits\">\n<ul>\n<li class=\"product-detail-rn21vn\"><span style=\"font-family: arial, helvetica, sans-serif; color: #000000;\">Dvan\u00e1ctihodinov\u00e9 proz\u00e1\u0159en\u00ed<\/span><\/li>\n<li class=\"product-detail-rn21vn\"><span style=\"font-family: arial, helvetica, sans-serif; color: #000000;\">P\u0159\u00edrodn\u00ed ledovcov\u00e1 voda pro osv\u011b\u017euj\u00edc\u00ed hydrataci<\/span><\/li>\n<li class=\"product-detail-rn21vn\"><span style=\"font-family: arial, helvetica, sans-serif; color: #000000;\">Odoln\u00fd v\u016f\u010di potu i st\u00edr\u00e1n\u00ed<\/span><\/li>\n<\/ul>\n<div class=\"woocommerce-product-details__short-description\">\n<div class=\"product-detail-o40nju\" data-testid=\"Presentation-product-detail-price-section\"><span class=\"MuiTypography-root MuiTypography-caption product-detail-8q5iga\" style=\"font-family: arial, helvetica, sans-serif; font-size: 10pt;\" data-testid=\"Presentation-product-detail-LowestPreviousPrice\">Nejni\u017e\u0161\u00ed cena platn\u00e1 ve 30 dnech p\u0159ed platnost\u00ed sou\u010dasn\u00e9 ceny byla 170 K\u010d<\/span><\/div>\n<\/div>\n<\/div>\n<div class=\"pwb-single-product-brands pwb-clearfix\"><\/div>\n","protected":false},"featured_media":7831,"comment_status":"closed","ping_status":"closed","template":"","meta":[],"pwb-brand":[27],"product_brand":[91],"product_cat":[46,61],"product_tag":[],"class_list":{"0":"post-5831","1":"product","2":"type-product","3":"status-publish","4":"has-post-thumbnail","6":"pwb-brand-https-cz-oriflame-com-cataloguesstorebeautyobchod","7":"product_brand-oriflame","8":"product_cat-dekorativni-kosmetika","9":"product_cat-make-upy-bb-kremy","11":"first","12":"outofstock","13":"sale","14":"taxable","15":"shipping-taxable","16":"purchasable","17":"product-type-simple"},"brands":[{"id":27,"name":"Oriflame","slug":"https-cz-oriflame-com-cataloguesstorebeautyobchod"}],"_links":{"self":[{"href":"https:\/\/priroda-uvadi.cz\/beauty\/wp-json\/wp\/v2\/product\/5831","targetHints":{"allow":["GET"]}}],"collection":[{"href":"https:\/\/priroda-uvadi.cz\/beauty\/wp-json\/wp\/v2\/product"}],"about":[{"href":"https:\/\/priroda-uvadi.cz\/beauty\/wp-json\/wp\/v2\/types\/product"}],"replies":[{"embeddable":true,"href":"https:\/\/priroda-uvadi.cz\/beauty\/wp-json\/wp\/v2\/comments?post=5831"}],"wp:featuredmedia":[{"embeddable":true,"href":"https:\/\/priroda-uvadi.cz\/beauty\/wp-json\/wp\/v2\/media\/7831"}],"wp:attachment":[{"href":"https:\/\/priroda-uvadi.cz\/beauty\/wp-json\/wp\/v2\/media?parent=5831"}],"wp:term":[{"taxonomy":"pwb-brand","embeddable":true,"href":"https:\/\/priroda-uvadi.cz\/beauty\/wp-json\/wp\/v2\/pwb-brand?post=5831"},{"taxonomy":"product_brand","embeddable":true,"href":"https:\/\/priroda-uvadi.cz\/beauty\/wp-json\/wp\/v2\/product_brand?post=5831"},{"taxonomy":"product_cat","embeddable":true,"href":"https:\/\/priroda-uvadi.cz\/beauty\/wp-json\/wp\/v2\/product_cat?post=5831"},{"taxonomy":"product_tag","embeddable":true,"href":"https:\/\/priroda-uvadi.cz\/beauty\/wp-json\/wp\/v2\/product_tag?post=5831"}],"curies":[{"name":"wp","href":"https:\/\/api.w.org\/{rel}","templated":true}]}}