{"id":5767,"date":"2024-04-22T20:11:25","date_gmt":"2024-04-22T18:11:25","guid":{"rendered":"https:\/\/priroda-uvadi.cz\/beauty\/?post_type=product&#038;p=5767"},"modified":"2025-09-24T14:48:28","modified_gmt":"2025-09-24T12:48:28","slug":"dr-c-tuna-masazni-krem-v-drivku-7-g","status":"publish","type":"product","link":"https:\/\/priroda-uvadi.cz\/beauty\/produkt\/dr-c-tuna-masazni-krem-v-drivku-7-g\/","title":{"rendered":"Dr. C. Tuna Mas\u00e1\u017en\u00ed kr\u00e9m v d\u0159\u00edvku 7 g"},"content":{"rendered":"","protected":false},"excerpt":{"rendered":"<p><span id=\"ProductDescription\" class=\"Description\" style=\"font-family: arial, helvetica, sans-serif;\">Speci\u00e1ln\u011b vyvinut\u00e1 receptura obohacen\u00e1 o mandlov\u00fd a eukalyptov\u00fd olej\u00a0a aloe vera. Dop\u0159ejte si mas\u00e1\u017e a p\u0159\u00edjemn\u00e9 osv\u011b\u017een\u00ed kdykoliv b\u011bhem dne. <\/span><\/p>\n<p><span id=\"ProductDescription\" class=\"Description\" style=\"font-family: arial, helvetica, sans-serif;\">Vynikaj\u00edc\u00ed p\u0159i zvl\u00e1d\u00e1n\u00ed lok\u00e1ln\u00edch bolest\u00ed nebo bolesti hlavy.<\/span><\/p>\n<p><span style=\"font-family: arial, helvetica, sans-serif;\">7g<\/span><\/p>\n<div class=\"woocommerce-product-details__short-description\">\n<div class=\"woocommerce-product-details__short-description\">\n<div class=\"woocommerce-product-details__short-description\">\n<div class=\"woocommerce-product-details__short-description\">\n<div class=\"woocommerce-product-details__short-description\">\n<div class=\"woocommerce-product-details__short-description\">\n<p><span style=\"font-family: arial, helvetica, sans-serif; font-size: 10pt;\">Nejni\u017e\u0161\u00ed cena platn\u00e1 ve 30 dnech p\u0159ed platnost\u00ed sou\u010dasn\u00e9 ceny byla 300 K\u010d.<\/span><\/p>\n<\/div>\n<\/div>\n<\/div>\n<\/div>\n<form class=\"cart\" action=\"https:\/\/priroda-uvadi.cz\/beauty\/produkt\/jemny-cistici-krem-opt-optimals\/\" enctype=\"multipart\/form-data\" method=\"post\">\n<div class=\"quantity\"><\/div>\n<\/form>\n<\/div>\n<\/div>\n","protected":false},"featured_media":5768,"comment_status":"closed","ping_status":"closed","template":"","meta":[],"pwb-brand":[87],"product_brand":[94],"product_cat":[30],"product_tag":[],"class_list":{"0":"post-5767","1":"product","2":"type-product","3":"status-publish","4":"has-post-thumbnail","6":"pwb-brand-https-www-farmasi-cz-inka-catalog","7":"product_brand-farmasi","8":"product_cat-pece-o-plet","10":"first","11":"instock","12":"sale","13":"taxable","14":"shipping-taxable","15":"purchasable","16":"product-type-simple"},"brands":[{"id":87,"name":"Farmasi","slug":"https-www-farmasi-cz-inka-catalog"}],"_links":{"self":[{"href":"https:\/\/priroda-uvadi.cz\/beauty\/wp-json\/wp\/v2\/product\/5767","targetHints":{"allow":["GET"]}}],"collection":[{"href":"https:\/\/priroda-uvadi.cz\/beauty\/wp-json\/wp\/v2\/product"}],"about":[{"href":"https:\/\/priroda-uvadi.cz\/beauty\/wp-json\/wp\/v2\/types\/product"}],"replies":[{"embeddable":true,"href":"https:\/\/priroda-uvadi.cz\/beauty\/wp-json\/wp\/v2\/comments?post=5767"}],"wp:featuredmedia":[{"embeddable":true,"href":"https:\/\/priroda-uvadi.cz\/beauty\/wp-json\/wp\/v2\/media\/5768"}],"wp:attachment":[{"href":"https:\/\/priroda-uvadi.cz\/beauty\/wp-json\/wp\/v2\/media?parent=5767"}],"wp:term":[{"taxonomy":"pwb-brand","embeddable":true,"href":"https:\/\/priroda-uvadi.cz\/beauty\/wp-json\/wp\/v2\/pwb-brand?post=5767"},{"taxonomy":"product_brand","embeddable":true,"href":"https:\/\/priroda-uvadi.cz\/beauty\/wp-json\/wp\/v2\/product_brand?post=5767"},{"taxonomy":"product_cat","embeddable":true,"href":"https:\/\/priroda-uvadi.cz\/beauty\/wp-json\/wp\/v2\/product_cat?post=5767"},{"taxonomy":"product_tag","embeddable":true,"href":"https:\/\/priroda-uvadi.cz\/beauty\/wp-json\/wp\/v2\/product_tag?post=5767"}],"curies":[{"name":"wp","href":"https:\/\/api.w.org\/{rel}","templated":true}]}}