{"id":5676,"date":"2024-04-11T16:19:21","date_gmt":"2024-04-11T14:19:21","guid":{"rendered":"https:\/\/priroda-uvadi.cz\/beauty\/?post_type=product&#038;p=5676"},"modified":"2026-02-18T16:22:13","modified_gmt":"2026-02-18T15:22:13","slug":"antiperspiracni-krem-na-nohy-feet-up-everyday","status":"publish","type":"product","link":"https:\/\/priroda-uvadi.cz\/beauty\/produkt\/antiperspiracni-krem-na-nohy-feet-up-everyday\/","title":{"rendered":"Antiperspira\u010dn\u00ed kr\u00e9m na nohy Feet Up Everyday"},"content":{"rendered":"<p><span style=\"font-family: arial, helvetica, sans-serif; color: #000000;\">Tento lehk\u00fd kr\u00e9m s \u010dajovn\u00edkov\u00fdm olejem a m\u00e1tou peprnou se rychle vst\u0159eb\u00e1v\u00e1, okam\u017eit\u011b osv\u011b\u017e\u00ed, omezuje nadm\u011brn\u00e9 pocen\u00ed a 24 hodin chr\u00e1n\u00ed proti nep\u0159\u00edjemn\u00fdm pach\u016fm. Va\u0161e chodidla budou n\u00e1dhern\u011b sv\u011b\u017e\u00ed a such\u00e1. Dermatologicky testovan\u00e9 slo\u017een\u00ed bez obsahu paraben\u016f.<\/span><\/p>\n<p><strong><span style=\"font-family: arial, helvetica, sans-serif;\">POU\u017dIT\u00cd<\/span><\/strong><\/p>\n<p><span style=\"font-family: arial, helvetica, sans-serif; color: #000000;\">Ka\u017ed\u00e9 r\u00e1no po koupeli nebo po osprchov\u00e1n\u00ed vmas\u00edrujte mal\u00e9 mno\u017estv\u00ed kr\u00e9mu do poko\u017eky chodidel. Skv\u011bl\u00fd pomocn\u00edk pro hork\u00e9 letn\u00ed dny.<\/span><\/p>\n<div class=\"product-detail-bwy4oe\">\n<p><span style=\"font-family: arial, helvetica, sans-serif; color: #000000;\">OLEJ Z \u010cAJOVN\u00cdKU<\/span><\/p>\n<p><span style=\"font-family: arial, helvetica, sans-serif; color: #000000;\">\u010cajovn\u00edkov\u00fd olej proslul sv\u00fdmi pro\u010di\u0161\u0165uj\u00edc\u00edmi, deodora\u010dn\u00edmi ale i antibakteri\u00e1ln\u00edmi \u00fa\u010dinkyi. Kdy\u017e p\u0159id\u00e1me i jeho vy\u017eivuj\u00edc\u00ed a hydratuj\u00edc\u00ed p\u0159\u00ednosy, m\u00e1me perfektn\u00ed p\u0159\u00edsadu p\u00e9\u010de o nohy.<\/span><\/p>\n<p><span style=\"font-family: arial, helvetica, sans-serif; color: #000000;\">M\u00c1TA PEPRN\u00c1<\/span><\/p>\n<p><span style=\"font-family: arial, helvetica, sans-serif; color: #000000;\">Olej z m\u00e1ty peprn\u00e9 m\u00e1 vysok\u00fd obsah mentolu, kter\u00fd je zn\u00e1m\u00fd sv\u00fdmi pro\u010di\u0161\u0165uj\u00edc\u00edmi \u00fa\u010dinky a chladivou, povzbudivou v\u016fn\u00ed, kter\u00e1 osv\u011b\u017e\u00ed.<\/span><\/p>\n<p>&#8212;&#8212;&#8212;&#8212;&#8212;&#8212;&#8212;&#8212;&#8212;&#8212;&#8212;&#8212;&#8212;&#8212;&#8212;&#8212;&#8212;&#8212;&#8212;&#8212;&#8212;&#8212;&#8212;&#8212;&#8212;&#8212;&#8212;&#8212;&#8212;&#8212;&#8212;&#8212;&#8212;&#8212;&#8212;&#8212;&#8212;&#8212;-<\/p>\n<\/div>\n<div class=\"MuiBox-root product-detail-cjr3gg\">\n<div><span style=\"font-family: arial, helvetica, sans-serif; font-size: 10pt;\">V\u0161echny slo\u017eky<\/span><\/div>\n<div><\/div>\n<div><span style=\"font-family: arial, helvetica, sans-serif; font-size: 10pt;\">AQUA, ALUMINUM CHLOROHYDRATE, PROPYLENE GLYCOL, CETEARYL ALCOHOL, ISOPROPYL MYRISTATE, CAPRYLIC\/CAPRIC TRIGLYCERIDE, GLYCERIN, CETEARETH-12, KAOLIN, CETEARETH-20, CAPRYLYL GLYCOL, MELALEUCA ALTERNIFOLIA LEAF OIL, MENTHA PIPERITA OIL, PARFUM, PHENOXYETHANOL, DISODIUM EDTA<\/span><\/div>\n<\/div>\n","protected":false},"excerpt":{"rendered":"<div class=\"product-detail-dbszwy\" data-testid=\"Presentation-product-detail-summary-info\"><span style=\"font-family: arial, helvetica, sans-serif; color: #000000;\">Okam\u017eit\u011b osv\u011b\u017e\u00ed, redukuje nadm\u011brn\u00e9 pocen\u00ed a p\u0159in\u00e1\u0161\u00ed 24hodinovou ochranu proti pach\u016fm. \u010cajovn\u00edkov\u00fd olej a m\u00e1ta peprn\u00e1 va\u0161e nohy udr\u017euj\u00ed v suchu a sv\u011b\u017e\u00ed.\u00a0 \u00a075ml<\/span><\/div>\n<div class=\"product-detail-v4i4af\" data-testid=\"Presentation-product-detail-benefits\">\n<ul>\n<li class=\"product-detail-rn21vn\"><span style=\"font-family: arial, helvetica, sans-serif; color: #000000;\">Osv\u011b\u017e\u00ed a p\u0159edch\u00e1z\u00ed pocen\u00ed \u2013 pro sv\u011b\u017e\u00ed, such\u00e1 chodidla \u25ca<\/span><\/li>\n<li class=\"product-detail-rn21vn\"><span style=\"font-family: arial, helvetica, sans-serif; color: #000000;\">24hodinov\u00e1 ochrana proti pach\u016fm \u0394<\/span><\/li>\n<li class=\"product-detail-rn21vn\"><span style=\"font-family: arial, helvetica, sans-serif; color: #000000;\">S obsahem osv\u011b\u017euj\u00edc\u00edho antibakteri\u00e1ln\u00edho \u010dajovn\u00edkov\u00e9ho oleje a m\u00e1ty peprn\u00e9 \u25ca<\/span><\/li>\n<\/ul>\n<p><span style=\"font-family: arial, helvetica, sans-serif;\">\u0394 Klinicky prok\u00e1z\u00e1no<\/span><\/p>\n<p><span style=\"font-family: arial, helvetica, sans-serif;\">\u25ca Na z\u00e1klad\u011b ingredienc\u00ed<\/span><\/p>\n<div class=\"woocommerce-product-details__short-description\">\n<div class=\"woocommerce-product-details__short-description\">\n<div class=\"product-detail-v4i4af\" data-testid=\"Presentation-product-detail-benefits\">\n<div class=\"woocommerce-product-details__short-description\">\n<div class=\"woocommerce-product-details__short-description\">\n<div class=\"woocommerce-product-details__short-description\">\n<div class=\"Summary_summary__benefits__8ar3s\">\n<div class=\"Benefits_benefits__3OGwl\">\n<div>\n<div class=\"woocommerce-product-details__short-description\">\n<div class=\"product-detail-vdfylx\">\n<div class=\"product-detail-d0oxj1\">\n<div class=\"product-detail-1yhj3ra\">\n<p class=\"product-detail-17mztir\" data-testid=\"Presentation-product-detail-LowestPreviousPrice\"><span style=\"font-family: arial, helvetica, sans-serif; font-size: 10pt;\">Nejni\u017e\u0161\u00ed cena platn\u00e1 ve 30 dnech p\u0159ed platnost\u00ed sou\u010dasn\u00e9 ceny byla 120 K\u010d<\/span><\/p>\n<\/div>\n<\/div>\n<\/div>\n<\/div>\n<\/div>\n<\/div>\n<\/div>\n<\/div>\n<\/div>\n<\/div>\n<\/div>\n<\/div>\n<\/div>\n<\/div>\n","protected":false},"featured_media":5677,"comment_status":"closed","ping_status":"closed","template":"","meta":[],"pwb-brand":[27],"product_brand":[91],"product_cat":[66,15],"product_tag":[],"class_list":{"0":"post-5676","1":"product","2":"type-product","3":"status-publish","4":"has-post-thumbnail","6":"pwb-brand-https-cz-oriflame-com-cataloguesstorebeautyobchod","7":"product_brand-oriflame","8":"product_cat-pece-o-nohy","9":"product_cat-nezarazene","11":"first","12":"instock","13":"sale","14":"taxable","15":"shipping-taxable","16":"purchasable","17":"product-type-simple"},"brands":[{"id":27,"name":"Oriflame","slug":"https-cz-oriflame-com-cataloguesstorebeautyobchod"}],"_links":{"self":[{"href":"https:\/\/priroda-uvadi.cz\/beauty\/wp-json\/wp\/v2\/product\/5676","targetHints":{"allow":["GET"]}}],"collection":[{"href":"https:\/\/priroda-uvadi.cz\/beauty\/wp-json\/wp\/v2\/product"}],"about":[{"href":"https:\/\/priroda-uvadi.cz\/beauty\/wp-json\/wp\/v2\/types\/product"}],"replies":[{"embeddable":true,"href":"https:\/\/priroda-uvadi.cz\/beauty\/wp-json\/wp\/v2\/comments?post=5676"}],"wp:featuredmedia":[{"embeddable":true,"href":"https:\/\/priroda-uvadi.cz\/beauty\/wp-json\/wp\/v2\/media\/5677"}],"wp:attachment":[{"href":"https:\/\/priroda-uvadi.cz\/beauty\/wp-json\/wp\/v2\/media?parent=5676"}],"wp:term":[{"taxonomy":"pwb-brand","embeddable":true,"href":"https:\/\/priroda-uvadi.cz\/beauty\/wp-json\/wp\/v2\/pwb-brand?post=5676"},{"taxonomy":"product_brand","embeddable":true,"href":"https:\/\/priroda-uvadi.cz\/beauty\/wp-json\/wp\/v2\/product_brand?post=5676"},{"taxonomy":"product_cat","embeddable":true,"href":"https:\/\/priroda-uvadi.cz\/beauty\/wp-json\/wp\/v2\/product_cat?post=5676"},{"taxonomy":"product_tag","embeddable":true,"href":"https:\/\/priroda-uvadi.cz\/beauty\/wp-json\/wp\/v2\/product_tag?post=5676"}],"curies":[{"name":"wp","href":"https:\/\/api.w.org\/{rel}","templated":true}]}}