{"id":5671,"date":"2024-04-11T15:57:59","date_gmt":"2024-04-11T13:57:59","guid":{"rendered":"https:\/\/priroda-uvadi.cz\/beauty\/?post_type=product&#038;p=5671"},"modified":"2026-03-17T16:02:18","modified_gmt":"2026-03-17T15:02:18","slug":"zvlacnujici-krem-na-nohy-feet-up-everyday","status":"publish","type":"product","link":"https:\/\/priroda-uvadi.cz\/beauty\/produkt\/zvlacnujici-krem-na-nohy-feet-up-everyday\/","title":{"rendered":"Zvl\u00e1\u010d\u0148uj\u00edc\u00ed kr\u00e9m na nohy \ufeffFeet Up Everyday 150ml"},"content":{"rendered":"<p><span style=\"font-family: arial, helvetica, sans-serif; color: #000000;\">\u0158ekn\u011bte sbohem such\u00e9 k\u016f\u017ei a p\u0159iv\u00edtejte hebk\u00e1, zdrav\u00e1 chodidla! <\/span><\/p>\n<p><span style=\"font-family: arial, helvetica, sans-serif; color: #000000;\">Zvl\u00e1\u010d\u0148uj\u00edc\u00ed \u00fa\u010dinky p\u0159\u00edrodn\u00edho he\u0159m\u00e1nku a jojoby prop\u016fj\u010duj\u00ed kr\u00e9mu na nohy Feet Up Everyday \u00fa\u017easn\u011b hebkou texturu a va\u0161im noh\u00e1m p\u0159in\u00e1\u0161ej\u00ed 24hodinovou hydrataci bez jak\u00e9koli mastnoty. Dermatologicky testovan\u00e9 slo\u017een\u00ed bez obsahu paraben\u016f.<\/span><\/p>\n<div class=\"product-detail-bwy4oe\">\n<p><span style=\"font-family: arial, helvetica, sans-serif; color: #000000;\">HE\u0158M\u00c1NEK<\/span><\/p>\n<p><span style=\"font-family: arial, helvetica, sans-serif; color: #000000;\">He\u0159m\u00e1nek obsahuje velk\u00e9 mno\u017estv\u00ed flavonoid\u016f, kter\u00e9 poko\u017eku zklid\u0148uj\u00ed a z\u00e1rove\u0148 zjem\u0148uj\u00ed a zvl\u00e1\u010d\u0148uj\u00ed.<\/span><\/p>\n<p><span style=\"font-family: arial, helvetica, sans-serif; color: #000000;\">JOJOBA<\/span><\/p>\n<p><span style=\"font-family: arial, helvetica, sans-serif; color: #000000;\">Jojobov\u00fd olej velmi dob\u0159e pronik\u00e1 do poko\u017eky a podporuje jej\u00ed p\u0159irozenou poddajnost a pru\u017enost. Jojobov\u00fd olej je zn\u00e1m\u00fd jako jeden z nejlep\u0161\u00edch hydrata\u010dn\u00edch a zvl\u00e1\u010d\u0148uj\u00edc\u00edch olej\u016f pro zdravou ple\u0165.<\/span><\/p>\n<p>&#8212;&#8212;&#8212;&#8212;&#8212;&#8212;&#8212;&#8212;&#8212;&#8212;&#8212;&#8212;&#8212;&#8212;&#8212;&#8212;&#8212;&#8212;&#8212;&#8212;&#8212;&#8212;&#8212;&#8212;&#8212;&#8212;&#8212;&#8212;&#8212;&#8212;&#8212;&#8212;&#8212;&#8212;&#8212;&#8212;&#8212;&#8211;<\/p>\n<\/div>\n<div class=\"MuiBox-root product-detail-cjr3gg\">\n<div><span style=\"font-family: arial, helvetica, sans-serif; font-size: 10pt;\">V\u0161echny slo\u017eky<\/span><\/div>\n<div><span style=\"font-family: arial, helvetica, sans-serif; font-size: 10pt;\">AQUA, GLYCERIN, BUTYROSPERMUM PARKII BUTTER, CAPRYLIC\/CAPRIC TRIGLYCERIDE, CHAMOMILLA RECUTITA FLOWER EXTRACT, GLYCERYL STEARATE, PEG-100 STEARATE, CAPRYLYL GLYCOL, STEARIC ACID, PALMITIC ACID, SODIUM HYDROXIDE, SIMMONDSIA CHINENSIS SEED OIL, LACTIC ACID, PARFUM, PHENOXYETHANOL, DISODIUM EDTA, HEXYL CINNAMAL, LINALOOL, BENZYL ALCOHOL, COUMARIN, SODIUM BENZOATE, POTASSIUM SORBATE<\/span><\/div>\n<\/div>\n<p>&nbsp;<\/p>\n","protected":false},"excerpt":{"rendered":"<div data-testid=\"Presentation-product-detail-summary-info\">\n<p><span style=\"color: #000000; font-family: arial, helvetica, sans-serif;\">Snadno aplikovateln\u00fd, jemn\u00fd kr\u00e9m na nohy hydratuje such\u00e1 chodidla a p\u0159in\u00e1\u0161\u00ed jim pocit hebkosti a zdrav\u00ed.\u00a0 150ml<\/span><\/p>\n<\/div>\n<div class=\"product-detail-v4i4af\" data-testid=\"Presentation-product-detail-benefits\">\n<ul>\n<li class=\"product-detail-rn21vn\"><span style=\"font-family: arial, helvetica, sans-serif; color: #000000;\">Hydratuje poko\u017eku a p\u0159in\u00e1\u0161\u00ed j\u00ed hebkost a pru\u017enost \u25ca<\/span><\/li>\n<li class=\"product-detail-rn21vn\"><span style=\"font-family: arial, helvetica, sans-serif; color: #000000;\">24hodinov\u00e1 hydratace \u0394<\/span><\/li>\n<li class=\"product-detail-rn21vn\"><span style=\"font-family: arial, helvetica, sans-serif; color: #000000;\">Slo\u017een\u00ed se zjem\u0148uj\u00edc\u00edm he\u0159m\u00e1nkov\u00fdm a jojobov\u00fdm olejem\u25ca<\/span><\/li>\n<\/ul>\n<p><span style=\"font-family: arial, helvetica, sans-serif; color: #000000;\">\u0394 Klinicky prok\u00e1z\u00e1no<\/span><\/p>\n<p><span style=\"font-family: arial, helvetica, sans-serif; color: #000000;\">\u25ca Na z\u00e1klad\u011b ingredienc\u00ed<\/span><\/p>\n<\/div>\n<div class=\"woocommerce-product-details__short-description\">\n<div class=\"product-detail-v4i4af\" data-testid=\"Presentation-product-detail-benefits\">\n<div class=\"woocommerce-product-details__short-description\">\n<div class=\"woocommerce-product-details__short-description\">\n<div class=\"woocommerce-product-details__short-description\">\n<div class=\"Summary_summary__benefits__8ar3s\">\n<div class=\"Benefits_benefits__3OGwl\">\n<div>\n<div class=\"woocommerce-product-details__short-description\">\n<div class=\"product-detail-vdfylx\">\n<div class=\"product-detail-d0oxj1\">\n<div class=\"product-detail-1yhj3ra\">\n<p class=\"product-detail-17mztir\" data-testid=\"Presentation-product-detail-LowestPreviousPrice\"><span style=\"font-family: arial, helvetica, sans-serif; font-size: 10pt;\">Nejni\u017e\u0161\u00ed cena platn\u00e1 ve 30 dnech p\u0159ed platnost\u00ed sou\u010dasn\u00e9 ceny byla 100 K\u010d<\/span><\/p>\n<\/div>\n<\/div>\n<\/div>\n<\/div>\n<\/div>\n<\/div>\n<\/div>\n<\/div>\n<\/div>\n<\/div>\n<\/div>\n<\/div>\n","protected":false},"featured_media":5675,"comment_status":"closed","ping_status":"closed","template":"","meta":[],"pwb-brand":[27],"product_brand":[91],"product_cat":[66,15],"product_tag":[],"class_list":{"0":"post-5671","1":"product","2":"type-product","3":"status-publish","4":"has-post-thumbnail","6":"pwb-brand-https-cz-oriflame-com-cataloguesstorebeautyobchod","7":"product_brand-oriflame","8":"product_cat-pece-o-nohy","9":"product_cat-nezarazene","11":"first","12":"instock","13":"sale","14":"taxable","15":"shipping-taxable","16":"purchasable","17":"product-type-simple"},"brands":[{"id":27,"name":"Oriflame","slug":"https-cz-oriflame-com-cataloguesstorebeautyobchod"}],"_links":{"self":[{"href":"https:\/\/priroda-uvadi.cz\/beauty\/wp-json\/wp\/v2\/product\/5671","targetHints":{"allow":["GET"]}}],"collection":[{"href":"https:\/\/priroda-uvadi.cz\/beauty\/wp-json\/wp\/v2\/product"}],"about":[{"href":"https:\/\/priroda-uvadi.cz\/beauty\/wp-json\/wp\/v2\/types\/product"}],"replies":[{"embeddable":true,"href":"https:\/\/priroda-uvadi.cz\/beauty\/wp-json\/wp\/v2\/comments?post=5671"}],"wp:featuredmedia":[{"embeddable":true,"href":"https:\/\/priroda-uvadi.cz\/beauty\/wp-json\/wp\/v2\/media\/5675"}],"wp:attachment":[{"href":"https:\/\/priroda-uvadi.cz\/beauty\/wp-json\/wp\/v2\/media?parent=5671"}],"wp:term":[{"taxonomy":"pwb-brand","embeddable":true,"href":"https:\/\/priroda-uvadi.cz\/beauty\/wp-json\/wp\/v2\/pwb-brand?post=5671"},{"taxonomy":"product_brand","embeddable":true,"href":"https:\/\/priroda-uvadi.cz\/beauty\/wp-json\/wp\/v2\/product_brand?post=5671"},{"taxonomy":"product_cat","embeddable":true,"href":"https:\/\/priroda-uvadi.cz\/beauty\/wp-json\/wp\/v2\/product_cat?post=5671"},{"taxonomy":"product_tag","embeddable":true,"href":"https:\/\/priroda-uvadi.cz\/beauty\/wp-json\/wp\/v2\/product_tag?post=5671"}],"curies":[{"name":"wp","href":"https:\/\/api.w.org\/{rel}","templated":true}]}}