{"id":5253,"date":"2024-01-08T16:36:36","date_gmt":"2024-01-08T15:36:36","guid":{"rendered":"https:\/\/priroda-uvadi.cz\/beauty\/?post_type=product&#038;p=5253"},"modified":"2024-03-11T11:11:59","modified_gmt":"2024-03-11T10:11:59","slug":"sablona-na-konturovani","status":"publish","type":"product","link":"https:\/\/priroda-uvadi.cz\/beauty\/produkt\/sablona-na-konturovani\/","title":{"rendered":"\u0160ablona na konturov\u00e1n\u00ed"},"content":{"rendered":"<p><span style=\"font-family: arial, helvetica, sans-serif; color: #000000;\">POPIS<\/span><\/p>\n<ol>\n<li><span style=\"font-family: arial, helvetica, sans-serif; color: #000000;\">Jednodu\u0161e p\u0159ilo\u017ete \u0161ablonu na levou tv\u00e1\u0159 a naneste zvolen\u00fd produkt.<\/span><\/li>\n<li><span style=\"font-family: arial, helvetica, sans-serif; color: #000000;\">Oto\u010dte \u0161ablonu a p\u0159ilo\u017ete na pravou tv\u00e1\u0159. Odstra\u0148te ji a jemn\u011b rozet\u0159ete do ztracena.<\/span><\/li>\n<\/ol>\n","protected":false},"excerpt":{"rendered":"<p><span style=\"font-family: arial, helvetica, sans-serif; color: #000000;\">\u0160ablona na konturov\u00e1n\u00ed pom\u00e1h\u00e1 vytvo\u0159it p\u0159irozen\u00e9 zv\u00fdrazn\u011bn\u00ed l\u00edcn\u00edch kost\u00ed a \u010delisti. Je vyrobena z pru\u017en\u00e9ho m\u011bkk\u00e9ho materi\u00e1lu. Jednodu\u0161e ji um\u00edst\u011bte pod l\u00edcn\u00ed kosti, aplikujte po\u017eadovan\u00fd produkt a jemn\u011b rozet\u0159ete. <\/span><\/p>\n<p><span style=\"font-family: arial, helvetica, sans-serif; color: #000000;\">\u0160ablonu lze pou\u017e\u00edvat opakovan\u011b.<\/span><\/p>\n<div class=\"product-detail-1dmrthi\" data-testid=\"Presentation-product-detail-shades\">\n<div class=\"product-detail-1idxkgf\" data-testid=\"Presentation-product-detail-details\">\n<div class=\"product-detail-m0ox15\"><span style=\"font-family: arial, helvetica, sans-serif; color: #000000;\">Materi\u00e1l: PP; 15,5 x 7 cm<\/span><\/div>\n<div><\/div>\n<\/div>\n<\/div>\n<div class=\"product-detail-79rdmv\" data-testid=\"Presentation-product-detail-names\">\n<div class=\"product-detail-1gi3pcs\">\n<div class=\"woocommerce-product-details__short-description\">\n<div class=\"product-detail-v4i4af\" data-testid=\"Presentation-product-detail-benefits\">\n<div class=\"product-detail-o40nju\" data-testid=\"Presentation-product-detail-price-section\"><span class=\"MuiTypography-root MuiTypography-caption product-detail-8q5iga\" style=\"font-family: arial, helvetica, sans-serif; font-size: 10pt;\" data-testid=\"Presentation-product-detail-LowestPreviousPrice\">Nejni\u017e\u0161\u00ed cena platn\u00e1 ve 30 dnech p\u0159ed platnost\u00ed sou\u010dasn\u00e9 ceny byla 25 K\u010d<\/span><\/div>\n<div class=\"product-detail-3hwh7p\">\n<div class=\"product-detail-7uumlc\">\n<div class=\"OriMuiSplitButton-content product-detail-ek14be\">\n<div class=\"OriMuiCounter-root OriMuiCounter-sizeLarge OriMuiCounter-colorDefault OriMuiCounter-variantText OriMuiCounter-textDefaultLarge OriMuiCounter-textDefault product-detail-1klbuux\" data-testid=\"Presentation-product-detail-buy-button-counter\"><\/div>\n<\/div>\n<\/div>\n<\/div>\n<\/div>\n<\/div>\n<\/div>\n<\/div>\n","protected":false},"featured_media":5254,"comment_status":"closed","ping_status":"closed","template":"","meta":[],"pwb-brand":[27],"product_brand":[],"product_cat":[31],"product_tag":[],"class_list":{"0":"post-5253","1":"product","2":"type-product","3":"status-publish","4":"has-post-thumbnail","6":"pwb-brand-https-cz-oriflame-com-cataloguesstorebeautyobchod","7":"product_cat-nekosmeticke-vyrobky","9":"first","10":"instock","11":"sale","12":"taxable","13":"shipping-taxable","14":"purchasable","15":"product-type-simple"},"brands":[{"id":27,"name":"Oriflame","slug":"https-cz-oriflame-com-cataloguesstorebeautyobchod"}],"_links":{"self":[{"href":"https:\/\/priroda-uvadi.cz\/beauty\/wp-json\/wp\/v2\/product\/5253","targetHints":{"allow":["GET"]}}],"collection":[{"href":"https:\/\/priroda-uvadi.cz\/beauty\/wp-json\/wp\/v2\/product"}],"about":[{"href":"https:\/\/priroda-uvadi.cz\/beauty\/wp-json\/wp\/v2\/types\/product"}],"replies":[{"embeddable":true,"href":"https:\/\/priroda-uvadi.cz\/beauty\/wp-json\/wp\/v2\/comments?post=5253"}],"wp:featuredmedia":[{"embeddable":true,"href":"https:\/\/priroda-uvadi.cz\/beauty\/wp-json\/wp\/v2\/media\/5254"}],"wp:attachment":[{"href":"https:\/\/priroda-uvadi.cz\/beauty\/wp-json\/wp\/v2\/media?parent=5253"}],"wp:term":[{"taxonomy":"pwb-brand","embeddable":true,"href":"https:\/\/priroda-uvadi.cz\/beauty\/wp-json\/wp\/v2\/pwb-brand?post=5253"},{"taxonomy":"product_brand","embeddable":true,"href":"https:\/\/priroda-uvadi.cz\/beauty\/wp-json\/wp\/v2\/product_brand?post=5253"},{"taxonomy":"product_cat","embeddable":true,"href":"https:\/\/priroda-uvadi.cz\/beauty\/wp-json\/wp\/v2\/product_cat?post=5253"},{"taxonomy":"product_tag","embeddable":true,"href":"https:\/\/priroda-uvadi.cz\/beauty\/wp-json\/wp\/v2\/product_tag?post=5253"}],"curies":[{"name":"wp","href":"https:\/\/api.w.org\/{rel}","templated":true}]}}