{"id":4627,"date":"2023-07-18T15:03:36","date_gmt":"2023-07-18T13:03:36","guid":{"rendered":"https:\/\/priroda-uvadi.cz\/beauty\/?post_type=product&#038;p=4627"},"modified":"2023-07-18T15:05:53","modified_gmt":"2023-07-18T13:05:53","slug":"znovu-pouzitelny-holici-strojek","status":"publish","type":"product","link":"https:\/\/priroda-uvadi.cz\/beauty\/produkt\/znovu-pouzitelny-holici-strojek\/","title":{"rendered":"Znovu pou\u017eiteln\u00fd holic\u00ed strojek"},"content":{"rendered":"<p><span style=\"font-family: arial, helvetica, sans-serif; color: #000000;\">Znovu pou\u017eiteln\u00fd holic\u00ed strojek v r\u016f\u017eov\u00e9m proveden\u00ed s vym\u011bnitelnou hlavic\u00ed pro ekologicky udr\u017eiteln\u011bj\u0161\u00ed holen\u00ed. Pro snaz\u0161\u00ed pou\u017eit\u00ed m\u00e1 rukoje\u0165 protiskluzovou \u00fapravu, vym\u011bniteln\u00e1 holic\u00ed hlavice je vybavena hydrata\u010dn\u00edm p\u00e1skem s aloe a vitaminem E pro je\u0161t\u011b hlad\u0161\u00ed oholen\u00ed. Hlavici snadno a bezpe\u010dn\u011b vym\u011bn\u00edte d\u00edky praktick\u00e9 z\u00e1padce.<\/span><\/p>\n<p><strong><span style=\"font-family: arial, helvetica, sans-serif; color: #000000;\">POU\u017dIT\u00cd<\/span><\/strong><\/p>\n<div class=\"product-detail-1hfumhy\">\n<div class=\"product-detail-1e28vzd\" data-testid=\"Presentation-product-detail-accordion\">\n<div id=\"howToUse\" class=\"MuiPaper-root MuiPaper-elevation MuiPaper-rounded MuiPaper-elevation1 MuiAccordion-root MuiAccordion-rounded Mui-expanded MuiAccordion-gutters product-detail-1bybzpl\">\n<div class=\"MuiCollapse-root MuiCollapse-vertical MuiCollapse-entered product-detail-c4sutr\">\n<div class=\"MuiCollapse-wrapper MuiCollapse-vertical product-detail-hboir5\">\n<div class=\"MuiCollapse-wrapperInner MuiCollapse-vertical product-detail-8atqhb\">\n<div class=\"MuiAccordion-region\" role=\"region\">\n<div class=\"MuiAccordionDetails-root product-detail-wpxdbb\">\n<div class=\"product-detail-1ek59ni\">\n<p><span style=\"font-family: arial, helvetica, sans-serif; color: #000000;\">P\u0159ed pou\u017eit\u00edm poko\u017eku navlh\u010dete a naneste odpov\u00eddaj\u00edc\u00ed mno\u017estv\u00ed kr\u00e9mu nebo gelu na holen\u00ed. Holic\u00ed strojek ve\u010fte po sm\u011bru r\u016fstu chloupk\u016f a po ka\u017ed\u00e9m tahu jej d\u016fkladn\u011b opl\u00e1chn\u011bte. Jemn\u011b poko\u017eku osu\u0161te a oholen\u00ed zakon\u010dete hydrata\u010dn\u00edm kr\u00e9mem.<\/span><\/p>\n<\/div>\n<\/div>\n<\/div>\n<\/div>\n<\/div>\n<\/div>\n<\/div>\n<\/div>\n<\/div>\n<div class=\"product-detail-1ndvicx\">\n<div class=\"product-detail-95qfkf\" data-testid=\"Presentation-product-detail-summary-prices\"><\/div>\n<\/div>\n","protected":false},"excerpt":{"rendered":"<div class=\"product-detail-n8g4sa\" data-testid=\"Presentation-product-detail-summary-info\"><span style=\"font-family: arial, helvetica, sans-serif; color: #000000;\">Znovu pou\u017eiteln\u00fd holic\u00ed strojek v modern\u00ed r\u016f\u017eov\u00e9. Holic\u00ed hlavice je vybavena hydrata\u010dn\u00edm prou\u017ekem s aloe a vitaminem E pro hlad\u0161\u00ed, \u010dist\u0161\u00ed oholen\u00ed.<\/span><\/div>\n<div class=\"product-detail-yv4fe8\">\n<div class=\"product-detail-v4i4af\">\n<ul>\n<li class=\"product-detail-rn21vn\"><span style=\"font-family: arial, helvetica, sans-serif; color: #000000;\">Snadn\u00e9 pou\u017eit\u00ed d\u00edky protiskluzov\u00e9 \u00faprav\u011b rukojeti<\/span><\/li>\n<li class=\"product-detail-rn21vn\"><span style=\"font-family: arial, helvetica, sans-serif; color: #000000;\">Trojit\u00e1 \u010depel dopln\u011bn\u00e1 hydrata\u010dn\u00edm p\u00e1skem s aloe a vitaminem E<\/span><\/li>\n<li class=\"product-detail-rn21vn\"><span style=\"font-family: arial, helvetica, sans-serif; color: #000000;\">Rukoje\u0165 vyu\u017e\u00edv\u00e1 50 % recyklovan\u00e9ho materi\u00e1lu<\/span><\/li>\n<\/ul>\n<div class=\"product-detail-lm0ek6\">\n<div class=\"product-detail-j7qwjs\" data-testid=\"Presentation-product-detail-shades\">\n<div class=\"product-detail-1idxkgf\" data-testid=\"Presentation-product-detail-details\">\n<div class=\"product-detail-m0ox15\"><span style=\"font-family: arial, helvetica, sans-serif; color: #000000;\">Rozm\u011br: 14 x 4.6 x 2.4 cm. <\/span><\/div>\n<div class=\"product-detail-m0ox15\"><span style=\"font-family: arial, helvetica, sans-serif; color: #000000;\">Rukoje\u0165: TPR, 50% recyklovan\u00e9 PS. <\/span><\/div>\n<div class=\"product-detail-m0ox15\"><span style=\"font-family: arial, helvetica, sans-serif; color: #000000;\">\u010cepel: PS a nerezav\u011bj\u00edc\u00ed ocel.<\/span><\/div>\n<div>\n<div class=\"woocommerce-product-details__short-description\">\n<div class=\"product-detail-yv4fe8\">\n<div class=\"product-detail-v4i4af\">\n<p><span style=\"font-family: arial, helvetica, sans-serif; font-size: 10pt;\">Nejni\u017e\u0161\u00ed cena platn\u00e1 ve 30 dnech p\u0159ed platnost\u00ed sou\u010dasn\u00e9 ceny byla 150 K\u010d<\/span><\/p>\n<\/div>\n<\/div>\n<\/div>\n<\/div>\n<\/div>\n<\/div>\n<\/div>\n<div class=\"product-detail-vdfylx\">\n<div class=\"product-detail-d0oxj1\">\n<div class=\"product-detail-1yhj3ra\">\n<div class=\"OriMuiSplitButton-content product-detail-ek14be\">\n<div class=\"OriMuiCounter-root OriMuiCounter-sizeLarge OriMuiCounter-colorDefault OriMuiCounter-variantText OriMuiCounter-textDefaultLarge OriMuiCounter-textDefault product-detail-1klbuux\" data-testid=\"Presentation-product-detail-buy-button-counter\"><\/div>\n<\/div>\n<\/div>\n<\/div>\n<\/div>\n<\/div>\n<\/div>\n","protected":false},"featured_media":4628,"comment_status":"closed","ping_status":"closed","template":"","meta":[],"pwb-brand":[27],"product_brand":[],"product_cat":[31,15],"product_tag":[],"class_list":{"0":"post-4627","1":"product","2":"type-product","3":"status-publish","4":"has-post-thumbnail","6":"pwb-brand-https-cz-oriflame-com-cataloguesstorebeautyobchod","7":"product_cat-nekosmeticke-vyrobky","8":"product_cat-nezarazene","10":"first","11":"instock","12":"sale","13":"taxable","14":"shipping-taxable","15":"purchasable","16":"product-type-simple"},"brands":[{"id":27,"name":"Oriflame","slug":"https-cz-oriflame-com-cataloguesstorebeautyobchod"}],"_links":{"self":[{"href":"https:\/\/priroda-uvadi.cz\/beauty\/wp-json\/wp\/v2\/product\/4627","targetHints":{"allow":["GET"]}}],"collection":[{"href":"https:\/\/priroda-uvadi.cz\/beauty\/wp-json\/wp\/v2\/product"}],"about":[{"href":"https:\/\/priroda-uvadi.cz\/beauty\/wp-json\/wp\/v2\/types\/product"}],"replies":[{"embeddable":true,"href":"https:\/\/priroda-uvadi.cz\/beauty\/wp-json\/wp\/v2\/comments?post=4627"}],"wp:featuredmedia":[{"embeddable":true,"href":"https:\/\/priroda-uvadi.cz\/beauty\/wp-json\/wp\/v2\/media\/4628"}],"wp:attachment":[{"href":"https:\/\/priroda-uvadi.cz\/beauty\/wp-json\/wp\/v2\/media?parent=4627"}],"wp:term":[{"taxonomy":"pwb-brand","embeddable":true,"href":"https:\/\/priroda-uvadi.cz\/beauty\/wp-json\/wp\/v2\/pwb-brand?post=4627"},{"taxonomy":"product_brand","embeddable":true,"href":"https:\/\/priroda-uvadi.cz\/beauty\/wp-json\/wp\/v2\/product_brand?post=4627"},{"taxonomy":"product_cat","embeddable":true,"href":"https:\/\/priroda-uvadi.cz\/beauty\/wp-json\/wp\/v2\/product_cat?post=4627"},{"taxonomy":"product_tag","embeddable":true,"href":"https:\/\/priroda-uvadi.cz\/beauty\/wp-json\/wp\/v2\/product_tag?post=4627"}],"curies":[{"name":"wp","href":"https:\/\/api.w.org\/{rel}","templated":true}]}}