{"id":4613,"date":"2023-07-13T15:43:45","date_gmt":"2023-07-13T13:43:45","guid":{"rendered":"https:\/\/priroda-uvadi.cz\/beauty\/?post_type=product&#038;p=4613"},"modified":"2025-06-30T16:38:35","modified_gmt":"2025-06-30T14:38:35","slug":"cistici-strojek-na-oblicej-beam","status":"publish","type":"product","link":"https:\/\/priroda-uvadi.cz\/beauty\/produkt\/cistici-strojek-na-oblicej-beam\/","title":{"rendered":"\u010cistic\u00ed strojek na obli\u010dej Beam"},"content":{"rendered":"<p><strong><span style=\"font-family: arial, helvetica, sans-serif; color: #000000;\">POU\u017dIT\u00cd<\/span><\/strong><\/p>\n<ol>\n<li><span style=\"font-family: arial, helvetica, sans-serif;\">Kompletn\u011b se odli\u010dte a naneste po\u017eadovan\u00e9 mno\u017estv\u00ed \u010distic\u00edho p\u0159\u00edpravku na vlhkou poko\u017eku nebo na navlh\u010den\u00fd p\u0159\u00edstroj. Zapn\u011bte p\u0159\u00edstroj stisknut\u00edm tla\u010d\u00edtka!<\/span><\/li>\n<li><span style=\"font-family: arial, helvetica, sans-serif;\">Krou\u017eiv\u00fdmi pohyby vy\u010dist\u011bte ple\u0165 na tv\u00e1\u0159\u00edch a pak pozvoln\u00fdmi tahy nahoru a dol\u016f \u010dist\u011bte poko\u017eku nosu, \u010dela a brady. Jemn\u011b a opatrn\u011b o\u010dist\u011bte ple\u0165 kolem o\u010dn\u00edho okol\u00ed a citliv\u00fdch oblast\u00ed. Intenzitu vibrac\u00ed upravte stla\u010den\u00edm \u0161ipek nahoru a dol\u016f.<\/span><\/li>\n<li><span style=\"font-family: arial, helvetica, sans-serif;\">Pokra\u010dujte v \u010di\u0161t\u011bn\u00ed po dobu jedn\u00e9 minuty, v\u011bnujte pozornost ka\u017ed\u00e9 \u010d\u00e1sti tv\u00e1\u0159e. D\u016fkladn\u011b tv\u00e1\u0159 opl\u00e1chn\u011bte a osu\u0161te poklep\u00e1n\u00edm ru\u010dn\u00edku. Vypn\u011bte stisknut\u00edm tla\u010d\u00edtka, p\u0159\u00edstroj se tak\u00e9 automaticky vypne po 3 minut\u00e1ch.<\/span><\/li>\n<\/ol>\n<p><span style=\"font-family: arial, helvetica, sans-serif;\"><strong>Nab\u00edjen\u00ed:<\/strong><\/span><\/p>\n<ol>\n<li><span style=\"font-family: arial, helvetica, sans-serif;\">Blikaj\u00edc\u00ed b\u00edl\u00e9 sv\u011btlo v\u00e1s upozorn\u00ed, \u017ee p\u0159\u00edstroji doch\u00e1z\u00ed energie. Zapojte kabel do nab\u00edjec\u00ed zd\u00ed\u0159ky a USB konektor p\u0159ipojte k adapt\u00e9ru nebo do USB portu po\u010d\u00edta\u010de.<\/span><\/li>\n<li><span style=\"font-family: arial, helvetica, sans-serif;\">B\u011bhem nab\u00edjen\u00ed bude b\u00edl\u00e9 sv\u011btlo d\u00e1l blikat; jakmile blikat p\u0159estane a bude sv\u00edtit bez p\u0159eru\u0161ov\u00e1n\u00ed, bude p\u0159\u00edstoj pln\u011b nabit\u00fd.<\/span><\/li>\n<\/ol>\n<p><span style=\"font-family: arial, helvetica, sans-serif; color: #000000;\">Nikdy strojek nenab\u00edjejte ihned po pou\u017eit\u00ed nebo kdy\u017e je nab\u00edjec\u00ed port mokr\u00fd \u010di vlhk\u00fd.<\/span><\/p>\n<p><strong><span style=\"font-family: arial, helvetica, sans-serif; color: #000000;\">POPIS<\/span><\/strong><\/p>\n<p><span style=\"font-family: arial, helvetica, sans-serif; color: #000000;\">\u010cistic\u00ed strojek na obli\u010dej BEAM s klinicky prok\u00e1zanou \u00fa\u010dinnost\u00ed \u010dist\u00ed va\u0161i poko\u017eku d\u00edky t\u0159em r\u016fzn\u00fdm oblastem silikonov\u00fdch \u0161t\u011btinek a sedmi \u00farovn\u00edm vibrac\u00ed, kter\u00e9 si p\u0159izp\u016fsob\u00edte podle pot\u0159eby. Pom\u00e1h\u00e1 odstra\u0148ovat p\u0159ebyte\u010dn\u00fd ko\u017en\u00ed maz, vyhlazuje poko\u017eku a podporuje jej\u00ed zdrav\u00fd, p\u0159irozen\u011b proz\u00e1\u0159en\u00fd vzhled. D\u00edky mas\u00e1\u017en\u00ed funkci si m\u016f\u017eete u\u017e\u00edt uvol\u0148uj\u00edc\u00ed obli\u010dejovou mas\u00e1\u017e.<\/span><\/p>\n<p><span style=\"font-family: arial, helvetica, sans-serif; color: #000000;\">Skv\u011bl\u00e9 pro pou\u017eit\u00ed ve spr\u0161e. <\/span><\/p>\n<p><span style=\"font-family: arial, helvetica, sans-serif; color: #000000;\">Vod\u011bvzdorn\u00e9 a\u017e do 1 metr\u016f na 30 minut.<\/span><\/p>\n<p>&nbsp;<\/p>\n","protected":false},"excerpt":{"rendered":"<div class=\"product-detail-n8g4sa\" data-testid=\"Presentation-product-detail-summary-info\"><span style=\"font-family: arial, helvetica, sans-serif; color: #000000;\">\u010cistic\u00ed strojek na obli\u010dej pro efektivn\u00ed \u010di\u0161t\u011bn\u00ed a vyhlazen\u00ed pleti s klinicky ov\u011b\u0159en\u00fdmi v\u00fdsledky. Vhodn\u00fd pro v\u0161echny typy pleti.<\/span><\/div>\n<div class=\"product-detail-yv4fe8\">\n<div class=\"product-detail-v4i4af\">\n<ul>\n<li class=\"product-detail-rn21vn\"><span style=\"font-family: arial, helvetica, sans-serif; color: #000000;\">\u00da\u010dinn\u011b \u010dist\u00ed poko\u017eku a odstra\u0148uje p\u0159ebyte\u010dn\u00fd ko\u017en\u00ed maz a ne\u010distoty.<\/span><\/li>\n<li class=\"product-detail-rn21vn\"><span style=\"font-family: arial, helvetica, sans-serif; color: #000000;\">Po vy\u010di\u0161t\u011bn\u00ed nab\u00edz\u00ed mo\u017enost zklid\u0148uj\u00edc\u00ed mas\u00e1\u017ee<\/span><\/li>\n<li class=\"product-detail-rn21vn\"><span style=\"font-family: arial, helvetica, sans-serif; color: #000000;\">Obsahuje \u00falo\u017en\u00fd s\u00e1\u010dek a nab\u00edjec\u00ed kabel s USB konektorem<\/span><\/li>\n<\/ul>\n<p><span style=\"font-family: arial, helvetica, sans-serif; color: #000000;\">Rozm\u011bry: 8.8 x 7.3 x 3.4 cm <\/span><\/p>\n<p><span style=\"font-family: arial, helvetica, sans-serif; color: #000000;\">Materi\u00e1l: ABS, silikon. <\/span><\/p>\n<p><span style=\"font-family: arial, helvetica, sans-serif; color: #000000;\">Nylonov\u00fd s\u00e1\u010dek.<\/span><\/p>\n<p><span style=\"font-family: arial, helvetica, sans-serif; color: #000000; font-size: 10pt;\">Nejni\u017e\u0161\u00ed cena platn\u00e1 ve 30 dnech p\u0159ed platnost\u00ed sou\u010dasn\u00e9 ceny byla 700 K\u010d<\/span><\/p>\n<\/div>\n<\/div>\n","protected":false},"featured_media":4614,"comment_status":"closed","ping_status":"closed","template":"","meta":[],"pwb-brand":[27],"product_brand":[91],"product_cat":[31,30],"product_tag":[],"class_list":{"0":"post-4613","1":"product","2":"type-product","3":"status-publish","4":"has-post-thumbnail","6":"pwb-brand-https-cz-oriflame-com-cataloguesstorebeautyobchod","7":"product_brand-oriflame","8":"product_cat-nekosmeticke-vyrobky","9":"product_cat-pece-o-plet","11":"first","12":"instock","13":"sale","14":"taxable","15":"shipping-taxable","16":"purchasable","17":"product-type-simple"},"brands":[{"id":27,"name":"Oriflame","slug":"https-cz-oriflame-com-cataloguesstorebeautyobchod"}],"_links":{"self":[{"href":"https:\/\/priroda-uvadi.cz\/beauty\/wp-json\/wp\/v2\/product\/4613","targetHints":{"allow":["GET"]}}],"collection":[{"href":"https:\/\/priroda-uvadi.cz\/beauty\/wp-json\/wp\/v2\/product"}],"about":[{"href":"https:\/\/priroda-uvadi.cz\/beauty\/wp-json\/wp\/v2\/types\/product"}],"replies":[{"embeddable":true,"href":"https:\/\/priroda-uvadi.cz\/beauty\/wp-json\/wp\/v2\/comments?post=4613"}],"wp:featuredmedia":[{"embeddable":true,"href":"https:\/\/priroda-uvadi.cz\/beauty\/wp-json\/wp\/v2\/media\/4614"}],"wp:attachment":[{"href":"https:\/\/priroda-uvadi.cz\/beauty\/wp-json\/wp\/v2\/media?parent=4613"}],"wp:term":[{"taxonomy":"pwb-brand","embeddable":true,"href":"https:\/\/priroda-uvadi.cz\/beauty\/wp-json\/wp\/v2\/pwb-brand?post=4613"},{"taxonomy":"product_brand","embeddable":true,"href":"https:\/\/priroda-uvadi.cz\/beauty\/wp-json\/wp\/v2\/product_brand?post=4613"},{"taxonomy":"product_cat","embeddable":true,"href":"https:\/\/priroda-uvadi.cz\/beauty\/wp-json\/wp\/v2\/product_cat?post=4613"},{"taxonomy":"product_tag","embeddable":true,"href":"https:\/\/priroda-uvadi.cz\/beauty\/wp-json\/wp\/v2\/product_tag?post=4613"}],"curies":[{"name":"wp","href":"https:\/\/api.w.org\/{rel}","templated":true}]}}